{"id":663,"date":"2018-12-01T18:07:34","date_gmt":"2018-12-01T16:07:34","guid":{"rendered":"http:\/\/vapaa-ajattelijat.fi\/turku\/?page_id=663"},"modified":"2023-02-18T13:57:43","modified_gmt":"2023-02-18T11:57:43","slug":"perheen-omat-juhlat-kirja","status":"publish","type":"page","link":"https:\/\/vapaa-ajattelijat.fi\/turku\/juhlaan\/perheen-omat-juhlat-kirja\/","title":{"rendered":"Perheen omat juhlat -kirja avuksi juhlien j\u00e4rjest\u00e4j\u00e4lle ja juhlavieraalle."},"content":{"rendered":"\r\n<p>&nbsp;<\/p>\r\n\r\n\r\n\r\n\r\n\r\n<p>Turun Vapaa-ajattelijat on ottanut myyntiin Anneli Aurej\u00e4rvi-Karjalaisen kirjaa Perheen omat juhlat. Kirja k\u00e4sittelee nykyjuhlintaa uskonnottoman n\u00e4k\u00f6kulmasta, mutta antaa tietoja my\u00f6s eri aikojen ja uskontokuntien tavoista.<\/p>\r\n\r\n\r\n\r\n\r\n\r\n\r\n\r\n<p>Kirja sis\u00e4lt\u00e4\u00e4 suuren m\u00e4\u00e4r\u00e4n k\u00e4yt\u00e4nn\u00f6llisi\u00e4 ohjeita ja ehdotuksia juhlien j\u00e4rjest\u00e4mist\u00e4 varten, sek\u00e4 paljon mielenkiintoista taustoittavaa tietoa historiasta. My\u00f6s juhliin kutsuttu saa paljon vinkkej\u00e4 mit\u00e4 tuleman pit\u00e4\u00e4.<br \/>Saatesanoissaan lukijalle Aurej\u00e4rvi-Karjalainen toteaa, ett\u00e4 \u201dsiviilijuhlilla ei ole tiukkaa kaavaa, vaan jokainen tilaisuus on yksil\u00f6llinen ja ainutkertainen. Silti papittoman juhlan j\u00e4rjest\u00e4minen ei ole sen vaivalloisempaa kuin papillisenkaan\u201d.<\/p>\r\n\r\n\r\n\r\n<div class=\"wp-block-image\">\r\n<figure class=\"aligncenter\">\r\n<figure id=\"attachment_337\" aria-describedby=\"caption-attachment-337\" style=\"width: 236px\" class=\"wp-caption alignleft\"><a href=\"https:\/\/vapaa-ajattelijat.fi\/turku\/wp-content\/uploads\/sites\/23\/2018\/01\/Perheenomatjuhlatkuva.jpg\"><img fetchpriority=\"high\" decoding=\"async\" class=\"wp-image-337\" src=\"https:\/\/vapaa-ajattelijat.fi\/turku\/wp-content\/uploads\/sites\/23\/2018\/01\/Perheenomatjuhlatkuva-246x300.jpg\" alt=\"\" width=\"246\" height=\"300\" srcset=\"https:\/\/vapaa-ajattelijat.fi\/turku\/wp-content\/uploads\/sites\/23\/2018\/01\/Perheenomatjuhlatkuva-246x300.jpg 246w, https:\/\/vapaa-ajattelijat.fi\/turku\/wp-content\/uploads\/sites\/23\/2018\/01\/Perheenomatjuhlatkuva-839x1024.jpg 839w, https:\/\/vapaa-ajattelijat.fi\/turku\/wp-content\/uploads\/sites\/23\/2018\/01\/Perheenomatjuhlatkuva.jpg 841w\" sizes=\"(max-width: 246px) 100vw, 246px\" \/><\/a><figcaption id=\"caption-attachment-337\" class=\"wp-caption-text\">H\u00e4\u00e4t, nimi\u00e4iset, aikuistuminen, hautajaiset. Vuodenkierron kohokohdat.<\/figcaption><\/figure>\r\n<\/figure>\r\n<\/div>\r\n\r\n\r\n\r\n<p>Kirjassa k\u00e4yd\u00e4\u00e4n l\u00e4pi h\u00e4\u00e4t, nimi\u00e4iset, aikuistuminen, hautajaiset ja vuodenkierron kohokohdat. Kustakin juhlasta kerrotaan sen historiasta, tapojen muutoksista ja nykyisten lakimuutosten vaikutuksista viralliseen puoleen. Erityisesti kannustetaan tekem\u00e4\u00e4n juhlista oman n\u00e4k\u00f6iset, ja annetaan k\u00e4yt\u00e4nn\u00f6llisi\u00e4 ideoita ja esimerkkej\u00e4 juhlien suunnitteluun ja toteutukseen. Juhlien budjetoinnissa otetaan huomioon my\u00f6s pienell\u00e4 summalla liikkeell\u00e4 olevat. Kirjoittajan kirpe\u00e4t mielipiteet v\u00e4ritt\u00e4v\u00e4t teksti\u00e4 ja kannustavat rohkeasti omiin valintoihin.<\/p>\r\n\r\n\r\n\r\n<p>Raskaimmat juhlista lienev\u00e4t hautajaiset. Hautajaisia k\u00e4sitell\u00e4\u00e4n yhteens\u00e4 38 sivun verran. Onpa lukija hautauksen j\u00e4rjest\u00e4j\u00e4 tai hautajaisiin kutsuttu, teksti auttaa h\u00e4nt\u00e4 suhtautumaan tilanteisiin levollisesti ja antaa voimia monien asioiden huomioimisessa.<br \/>Selkeiden ohjeiden lis\u00e4ksi kerrotaan mahdollisista toimista, mit\u00e4 vainajan omaiset ja l\u00e4heiset voivat tehd\u00e4, kuten ruumiin s\u00e4ilytys, katsominen, pesu ja pukeminen, kampaus ja ehostus sek\u00e4 suruliputus. Lis\u00e4ksi annetaan neuvoja omien hautajaisten suunnittelussa sek\u00e4 kerrotaan suruviestien symboliikasta. Esimerkiksi ristin k\u00e4yt\u00f6st\u00e4 opastetaan n\u00e4in:<\/p>\r\n\r\n\r\n\r\n<p>\u201dRisti\u00e4 ei tule koskaan k\u00e4ytt\u00e4\u00e4 uskonnottoman kuolinilmoituksessa, vaikka sit\u00e4 joskus pidet\u00e4\u00e4n ik\u00e4\u00e4n kuin vain vakiintuneena kuoleman vertauskuvana. Teloitusv\u00e4lineen\u00e4 risti toki viittaa kuolemaan, mutta idea on sen esitt\u00e4misess\u00e4 tyhj\u00e4n\u00e4 Jeesuksen yl\u00f6snousemuksen merkiksi. Risti siis periaatteessa symboloikin kristitylle el\u00e4m\u00e4\u00e4. Katsomusrajat ylitt\u00e4v\u00e4ksi symboliksi siit\u00e4 ei ole. T\u00e4m\u00e4n paljastaa esimerkiksi se, etteiv\u00e4t muut uskontokunnat hyv\u00e4ksy ristikuviota k\u00e4ytt\u00f6\u00f6ns\u00e4, eik\u00e4 niit\u00e4 yleens\u00e4 sallita el\u00e4inten hautausmailla.\u201d<\/p>\r\n\r\n\r\n\r\n<p>Kirjan takakansi mainostaa kirjan olevan \u201dmonipuolinen k\u00e4sikirja siviilijuhlien j\u00e4rjest\u00e4jille\u201d. Sit\u00e4 se ehdottomasti onkin, mutta sopii my\u00f6s k\u00e4sikirjaksi siviilijuhliin kutsutuille ja yleisesti juhlaperinteest\u00e4 kiinnostuneille. Kirjan mukana tulee p\u00e4ivityssivu, jossa uusien lakien ja asetusten tuomat muutokset kerrotaan.<\/p>\r\n\r\n\r\n\r\n<p>Anneli Aurej\u00e4rvi-Karjalainen: Perheen omat juhlat. Siviiliseremoniat h\u00e4ist\u00e4 hautajaisiin.<br \/>216 sivua.\u00a0\u00a0 WSOY Juva 1999.\u00a0 ISBN 951-0-23761-2<\/p>\r\n\r\n\r\n\r\n<p>Kirjan voi ostaa Turun Vapaa-ajattelijoiden kautta 15 euron hintaan.<\/p>\r\n\r\n\r\n\r\n<p>&nbsp;<\/p>\r\n","protected":false},"excerpt":{"rendered":"<p>&nbsp; Turun Vapaa-ajattelijat on ottanut myyntiin Anneli Aurej\u00e4rvi-Karjalaisen kirjaa Perheen omat juhlat. Kirja k\u00e4sittelee nykyjuhlintaa uskonnottoman n\u00e4k\u00f6kulmasta, mutta antaa tietoja my\u00f6s eri aikojen ja uskontokuntien tavoista. Kirja sis\u00e4lt\u00e4\u00e4 suuren m\u00e4\u00e4r\u00e4n &#8230; <a title=\"Perheen omat juhlat -kirja avuksi juhlien j\u00e4rjest\u00e4j\u00e4lle ja juhlavieraalle.\" class=\"read-more\" href=\"https:\/\/vapaa-ajattelijat.fi\/turku\/juhlaan\/perheen-omat-juhlat-kirja\/\" aria-label=\"Lue lis\u00e4\u00e4 aiheesta Perheen omat juhlat -kirja avuksi juhlien j\u00e4rjest\u00e4j\u00e4lle ja juhlavieraalle.\">Lue lis\u00e4\u00e4<\/a><\/p>\n","protected":false},"author":30,"featured_media":0,"parent":222,"menu_order":5,"comment_status":"closed","ping_status":"closed","template":"","meta":{"footnotes":"","_links_to":"","_links_to_target":""},"class_list":["post-663","page","type-page","status-publish"],"_links":{"self":[{"href":"https:\/\/vapaa-ajattelijat.fi\/turku\/wp-json\/wp\/v2\/pages\/663","targetHints":{"allow":["GET"]}}],"collection":[{"href":"https:\/\/vapaa-ajattelijat.fi\/turku\/wp-json\/wp\/v2\/pages"}],"about":[{"href":"https:\/\/vapaa-ajattelijat.fi\/turku\/wp-json\/wp\/v2\/types\/page"}],"author":[{"embeddable":true,"href":"https:\/\/vapaa-ajattelijat.fi\/turku\/wp-json\/wp\/v2\/users\/30"}],"replies":[{"embeddable":true,"href":"https:\/\/vapaa-ajattelijat.fi\/turku\/wp-json\/wp\/v2\/comments?post=663"}],"version-history":[{"count":7,"href":"https:\/\/vapaa-ajattelijat.fi\/turku\/wp-json\/wp\/v2\/pages\/663\/revisions"}],"predecessor-version":[{"id":2801,"href":"https:\/\/vapaa-ajattelijat.fi\/turku\/wp-json\/wp\/v2\/pages\/663\/revisions\/2801"}],"up":[{"embeddable":true,"href":"https:\/\/vapaa-ajattelijat.fi\/turku\/wp-json\/wp\/v2\/pages\/222"}],"wp:attachment":[{"href":"https:\/\/vapaa-ajattelijat.fi\/turku\/wp-json\/wp\/v2\/media?parent=663"}],"curies":[{"name":"wp","href":"https:\/\/api.w.org\/{rel}","templated":true}]}}