{"id":311,"date":"2017-11-30T10:10:32","date_gmt":"2017-11-30T08:10:32","guid":{"rendered":"http:\/\/vapaa-ajattelijat.fi\/turku\/?page_id=311"},"modified":"2026-05-11T10:06:31","modified_gmt":"2026-05-11T07:06:31","slug":"juhlatilaisuuksiin","status":"publish","type":"page","link":"https:\/\/vapaa-ajattelijat.fi\/turku\/juhlaan\/juhlatilaisuuksiin\/","title":{"rendered":"Esiintyj\u00e4 uskonnottomiin juhlatilaisuuksiin"},"content":{"rendered":"\t\t<div data-elementor-type=\"wp-page\" data-elementor-id=\"311\" class=\"elementor elementor-311\">\n\t\t\t\t\t\t<section class=\"elementor-section elementor-top-section elementor-element elementor-element-e5045b1 elementor-section-boxed elementor-section-height-default elementor-section-height-default\" data-id=\"e5045b1\" data-element_type=\"section\" data-e-type=\"section\">\n\t\t\t\t\t\t<div class=\"elementor-container elementor-column-gap-default\">\n\t\t\t\t\t<div class=\"elementor-column elementor-col-100 elementor-top-column elementor-element elementor-element-132c359\" data-id=\"132c359\" data-element_type=\"column\" data-e-type=\"column\">\n\t\t\t<div class=\"elementor-widget-wrap elementor-element-populated\">\n\t\t\t\t\t\t<div class=\"elementor-element elementor-element-a8ccb66 elementor-widget__width-initial elementor-widget elementor-widget-text-editor\" data-id=\"a8ccb66\" data-element_type=\"widget\" data-e-type=\"widget\" data-widget_type=\"text-editor.default\">\n\t\t\t\t<div class=\"elementor-widget-container\">\n\t\t\t\t\t\t\t\t\t<div><p dir=\"ltr\" style=\"line-height: 1.8;text-align: justify;background-color: #ffffff;margin-top: 0pt;margin-bottom: 0pt;padding: 0pt 0pt 19pt\"><span style=\"color: #333333\">Pro Seremoniat -palvelukeskus v\u00e4litt\u00e4\u00e4 puhujia uskonnollisesti sitoutumattomien perheiden juhlaseremonioihin: nimenanto- ja aikuistumisjuhliin, h\u00e4ihin ja hautajaisiin. Jokainen seremonia laaditaan yksil\u00f6llisesti tilaajan toiveiden mukaan.\u00a0<\/span><\/p><p><span style=\"color: #333333\">Turun seudulla toimii muutamia juhlapuhujia, joita voi tilata ensisijaisesti Pro Seremonioiden kautta.\u00a0<\/span><\/p><p><span style=\"color: #333333\"><a style=\"color: #333333\" href=\"https:\/\/pro-seremoniat.fi\/palvelut\/#post-118\">https:\/\/pro-seremoniat.fi\/palvelut\/#post-118<\/a><\/span><\/p><ul><li><span style=\"color: #333333\">Elsa Salonen on kouluttautunut Pro-Seremonioiden juhlapuhujaksi vuonna 2024. H\u00e4nen opiskelutaustansa ja ty\u00f6ns\u00e4 kuolemantutkimuksen kent\u00e4ll\u00e4 on kerrytt\u00e4nyt h\u00e4nelle tuntemusta uskonnottomista hautajaisista ja my\u00f6s laajemmin kuoleman kulttuureista. N\u00e4in ollen Elsa on kotonaan erityisesti hautajaispuhujana. Esiintymiskokemusta Elsalle on kertynyt juhlapuhumisen lis\u00e4ksi konferenssiesiintymisist\u00e4 ja opettajan ty\u00f6st\u00e4.<\/span><\/li><\/ul><ul><li><span style=\"color: #333333\">Johanna Savo on kouluttautunut Pro-Seremonioiden juhlapuhujaksi vuonna 2024, ja h\u00e4nell\u00e4 on pitk\u00e4aikaista aiempaa kokemusta yleis\u00f6tilaisuuksista sek\u00e4 puhujana ett\u00e4 soittajana. Johanna on my\u00f6s kirjoittamisen ja katsomusasioiden ammattilainen.<\/span><\/li><li>Erja Valtonen on Pro-Seremonioiden kouluttama juhlapuhuja. H\u00e4n toimii<br \/>Turun seudulla, mutta tarvittaessa\u00a0 h\u00e4n voi matkustaa my\u00f6s<br \/>kauemmaksi. H\u00e4nen p\u00e4\u00e4prioriteettinsa on luoda l\u00e4mminhenkinen, arvokas,<br \/>kaunis ja persoonallinen puhe uskonnottomiin tilaisuuksiin.<\/li><\/ul><\/div>\t\t\t\t\t\t\t\t<\/div>\n\t\t\t\t<\/div>\n\t\t\t\t\t<\/div>\n\t\t<\/div>\n\t\t\t\t\t<\/div>\n\t\t<\/section>\n\t\t\t\t<section class=\"elementor-section elementor-top-section elementor-element elementor-element-4d854fcf elementor-section-boxed elementor-section-height-default elementor-section-height-default\" data-id=\"4d854fcf\" data-element_type=\"section\" data-e-type=\"section\">\n\t\t\t\t\t\t<div class=\"elementor-container elementor-column-gap-default\">\n\t\t\t\t\t<div class=\"elementor-column elementor-col-100 elementor-top-column elementor-element elementor-element-58942766\" data-id=\"58942766\" data-element_type=\"column\" data-e-type=\"column\">\n\t\t\t<div class=\"elementor-widget-wrap elementor-element-populated\">\n\t\t\t\t\t\t<div class=\"elementor-element elementor-element-69058c5f elementor-widget elementor-widget-text-editor\" data-id=\"69058c5f\" data-element_type=\"widget\" data-e-type=\"widget\" data-widget_type=\"text-editor.default\">\n\t\t\t\t<div class=\"elementor-widget-container\">\n\t\t\t\t\t\t\t\t\t<span class=\"gmail-im\"><span class=\"gmail-im\"><img fetchpriority=\"high\" decoding=\"async\" class=\"size-medium wp-image-534 alignleft\" src=\"https:\/\/vapaa-ajattelijat.fi\/turku\/wp-content\/uploads\/sites\/23\/2018\/05\/OliverMuller-234x300.png\" alt=\"\" width=\"234\" height=\"300\" srcset=\"https:\/\/vapaa-ajattelijat.fi\/turku\/wp-content\/uploads\/sites\/23\/2018\/05\/OliverMuller-234x300.png 234w, https:\/\/vapaa-ajattelijat.fi\/turku\/wp-content\/uploads\/sites\/23\/2018\/05\/OliverMuller-798x1024.png 798w, https:\/\/vapaa-ajattelijat.fi\/turku\/wp-content\/uploads\/sites\/23\/2018\/05\/OliverMuller.png 1046w\" sizes=\"(max-width: 234px) 100vw, 234px\" \/>Musiikkia voi tilata sellisti <em>Oliver M\u00fcllerilt\u00e4<\/em>, joka soittaa mielell\u00e4\u00e4n uskonnottomissa(kin) juhlissa. T\u00e4m\u00e4 esiintyj\u00e4 l\u00f6ytyy <a href=\"http:\/\/pro-seremoniat.fi\/ota-yhteytta\/\">Pro-Seremonioiden esiintyj\u00e4palvelusta<\/a><\/span><\/span>\r\n\r\nOliver on opiskellut sellonsoittoa Tampereen ammattikorkeakoulussa ja G\u00f6teborgin yliopistossa ja omaa laajan esiintymiskokemuksen. H\u00e4n soittaa kaikenlaista musiikkia klassisesta kevyemp\u00e4\u00e4n (ja heviin!) ja pyyt\u00e4\u00e4 tarvittaessa muita muusikkokollegoja mukaan keikalle.\r\n\r\n&nbsp;\r\n\r\n&nbsp;\t\t\t\t\t\t\t\t<\/div>\n\t\t\t\t<\/div>\n\t\t\t\t\t<\/div>\n\t\t<\/div>\n\t\t\t\t\t<\/div>\n\t\t<\/section>\n\t\t\t\t<section class=\"elementor-section elementor-top-section elementor-element elementor-element-d132334 elementor-section-boxed elementor-section-height-default elementor-section-height-default\" data-id=\"d132334\" data-element_type=\"section\" data-e-type=\"section\">\n\t\t\t\t\t\t<div class=\"elementor-container elementor-column-gap-default\">\n\t\t\t\t\t<div class=\"elementor-column elementor-col-100 elementor-top-column elementor-element elementor-element-8826714\" data-id=\"8826714\" data-element_type=\"column\" data-e-type=\"column\">\n\t\t\t<div class=\"elementor-widget-wrap elementor-element-populated\">\n\t\t\t\t\t\t\t<\/div>\n\t\t<\/div>\n\t\t\t\t\t<\/div>\n\t\t<\/section>\n\t\t\t\t<\/div>\n\t\t","protected":false},"excerpt":{"rendered":"<p>Pro Seremoniat -palvelukeskus v\u00e4litt\u00e4\u00e4 puhujia uskonnollisesti sitoutumattomien perheiden juhlaseremonioihin: nimenanto- ja aikuistumisjuhliin, h\u00e4ihin ja hautajaisiin. Jokainen seremonia laaditaan yksil\u00f6llisesti tilaajan toiveiden mukaan.\u00a0 Turun seudulla toimii muutamia juhlapuhujia, joita voi tilata &#8230; <a title=\"Esiintyj\u00e4 uskonnottomiin juhlatilaisuuksiin\" class=\"read-more\" href=\"https:\/\/vapaa-ajattelijat.fi\/turku\/juhlaan\/juhlatilaisuuksiin\/\" aria-label=\"Lue lis\u00e4\u00e4 aiheesta Esiintyj\u00e4 uskonnottomiin juhlatilaisuuksiin\">Lue lis\u00e4\u00e4<\/a><\/p>\n","protected":false},"author":22,"featured_media":0,"parent":222,"menu_order":3,"comment_status":"closed","ping_status":"closed","template":"","meta":{"footnotes":"","_links_to":"","_links_to_target":""},"class_list":["post-311","page","type-page","status-publish"],"_links":{"self":[{"href":"https:\/\/vapaa-ajattelijat.fi\/turku\/wp-json\/wp\/v2\/pages\/311","targetHints":{"allow":["GET"]}}],"collection":[{"href":"https:\/\/vapaa-ajattelijat.fi\/turku\/wp-json\/wp\/v2\/pages"}],"about":[{"href":"https:\/\/vapaa-ajattelijat.fi\/turku\/wp-json\/wp\/v2\/types\/page"}],"author":[{"embeddable":true,"href":"https:\/\/vapaa-ajattelijat.fi\/turku\/wp-json\/wp\/v2\/users\/22"}],"replies":[{"embeddable":true,"href":"https:\/\/vapaa-ajattelijat.fi\/turku\/wp-json\/wp\/v2\/comments?post=311"}],"version-history":[{"count":28,"href":"https:\/\/vapaa-ajattelijat.fi\/turku\/wp-json\/wp\/v2\/pages\/311\/revisions"}],"predecessor-version":[{"id":3384,"href":"https:\/\/vapaa-ajattelijat.fi\/turku\/wp-json\/wp\/v2\/pages\/311\/revisions\/3384"}],"up":[{"embeddable":true,"href":"https:\/\/vapaa-ajattelijat.fi\/turku\/wp-json\/wp\/v2\/pages\/222"}],"wp:attachment":[{"href":"https:\/\/vapaa-ajattelijat.fi\/turku\/wp-json\/wp\/v2\/media?parent=311"}],"curies":[{"name":"wp","href":"https:\/\/api.w.org\/{rel}","templated":true}]}}