{"id":281,"date":"2017-09-09T05:20:20","date_gmt":"2017-09-09T02:20:20","guid":{"rendered":"http:\/\/vapaa-ajattelijat.fi\/turku\/?page_id=281"},"modified":"2023-05-04T17:40:12","modified_gmt":"2023-05-04T14:40:12","slug":"urlit","status":"publish","type":"page","link":"https:\/\/vapaa-ajattelijat.fi\/turku\/tietoa-yhdistyksesta-kirjasto\/urlit\/","title":{"rendered":"Linkkej\u00e4"},"content":{"rendered":"\r\n<p><br \/><a href=\"http:\/\/www.vapaa-ajattelijat.fi\/\">Vapaa-ajattelijat.fi<\/a> Uskonnottomien \u00e4\u00e4nenkannattaja Suomessa<\/p>\r\n\r\n\r\n\r\n<p><a href=\"http:\/\/www.eroakirkosta.fi\/\">Eroakirkosta.fi<\/a>\u00a0 Eroa kirkosta helposti nettisivun kautta.<\/p>\r\n\r\n\r\n\r\n<p><a href=\"http:\/\/uskonnonvapaus.fi\/\">Uskonnonvapaus.fi<\/a> Tietoa uskonnon- ja vakaumuksen vapaudesta.<\/p>\r\n\r\n\r\n\r\n<p><a href=\"http:\/\/www.et-opetus.fi\/\">Et-opetus.fi<\/a>\u00a0 on monipuolinen internet-sivusto el\u00e4m\u00e4nkatsomustietoa opiskeleville koululaisille, heid\u00e4n vanhemmilleen ja opettajille. ET-sivuston yll\u00e4pidosta vastaa VATA ry.<\/p>\r\n\r\n\r\n\r\n<p><a href=\"http:\/\/www.pro-seremoniat.fi\/\">Pro-seremoniat<\/a>\u00a0 tarjoaa seremoniapalveluita uskontokuntiin sitoutumattomien juhliin.<\/p>\r\n\r\n\r\n\r\n<p><br \/><a href=\"https:\/\/fi-fi.facebook.com\/turunvapaaajattelijat\/\">https:\/\/fi-fi.facebook.com\/turunvapaaajattelijat\/ <\/a> Facebookissa<\/p>\r\n","protected":false},"excerpt":{"rendered":"<p>Vapaa-ajattelijat.fi Uskonnottomien \u00e4\u00e4nenkannattaja Suomessa Eroakirkosta.fi\u00a0 Eroa kirkosta helposti nettisivun kautta. Uskonnonvapaus.fi Tietoa uskonnon- ja vakaumuksen vapaudesta. Et-opetus.fi\u00a0 on monipuolinen internet-sivusto el\u00e4m\u00e4nkatsomustietoa opiskeleville koululaisille, heid\u00e4n vanhemmilleen ja opettajille. ET-sivuston yll\u00e4pidosta vastaa &#8230; <a title=\"Linkkej\u00e4\" class=\"read-more\" href=\"https:\/\/vapaa-ajattelijat.fi\/turku\/tietoa-yhdistyksesta-kirjasto\/urlit\/\" aria-label=\"Lue lis\u00e4\u00e4 aiheesta Linkkej\u00e4\">Lue lis\u00e4\u00e4<\/a><\/p>\n","protected":false},"author":22,"featured_media":0,"parent":32,"menu_order":9,"comment_status":"closed","ping_status":"closed","template":"","meta":{"footnotes":"","_links_to":"","_links_to_target":""},"class_list":["post-281","page","type-page","status-publish"],"_links":{"self":[{"href":"https:\/\/vapaa-ajattelijat.fi\/turku\/wp-json\/wp\/v2\/pages\/281","targetHints":{"allow":["GET"]}}],"collection":[{"href":"https:\/\/vapaa-ajattelijat.fi\/turku\/wp-json\/wp\/v2\/pages"}],"about":[{"href":"https:\/\/vapaa-ajattelijat.fi\/turku\/wp-json\/wp\/v2\/types\/page"}],"author":[{"embeddable":true,"href":"https:\/\/vapaa-ajattelijat.fi\/turku\/wp-json\/wp\/v2\/users\/22"}],"replies":[{"embeddable":true,"href":"https:\/\/vapaa-ajattelijat.fi\/turku\/wp-json\/wp\/v2\/comments?post=281"}],"version-history":[{"count":20,"href":"https:\/\/vapaa-ajattelijat.fi\/turku\/wp-json\/wp\/v2\/pages\/281\/revisions"}],"predecessor-version":[{"id":2855,"href":"https:\/\/vapaa-ajattelijat.fi\/turku\/wp-json\/wp\/v2\/pages\/281\/revisions\/2855"}],"up":[{"embeddable":true,"href":"https:\/\/vapaa-ajattelijat.fi\/turku\/wp-json\/wp\/v2\/pages\/32"}],"wp:attachment":[{"href":"https:\/\/vapaa-ajattelijat.fi\/turku\/wp-json\/wp\/v2\/media?parent=281"}],"curies":[{"name":"wp","href":"https:\/\/api.w.org\/{rel}","templated":true}]}}