{"id":279,"date":"2017-09-09T05:17:49","date_gmt":"2017-09-09T02:17:49","guid":{"rendered":"http:\/\/vapaa-ajattelijat.fi\/turku\/?page_id=279"},"modified":"2025-01-12T18:03:09","modified_gmt":"2025-01-12T16:03:09","slug":"uusi-jasen","status":"publish","type":"page","link":"https:\/\/vapaa-ajattelijat.fi\/turku\/tietoa-yhdistyksesta-kirjasto\/uusi-jasen\/","title":{"rendered":"Liity J\u00e4seneksi"},"content":{"rendered":"<p>Liittym\u00e4ll\u00e4 Turun Vapaa-ajattelijoiden j\u00e4seneksi olet mukana rationalistisessa, humanistisessa ja vapaa-ajattelullisessa liikkeess\u00e4. J\u00e4senen\u00e4 saat kotiisi postitettuna liiton <em>Vapaa Ajattelija<\/em>-lehden. Aikaisemmin ilmestyneit\u00e4 lehti\u00e4 kannattaa k\u00e4yd\u00e4 lukemassa Vapaa-ajattelijoiden liiton nettisivuilla lehden\u00a0<a href=\"https:\/\/vapaa-ajattelijat.fi\/lehden-arkisto\">arkistossa<\/a>. <em>Vapaa Ajattelija<\/em> l\u00f6ytyy my\u00f6s mm. Turun kaupungin p\u00e4\u00e4kirjastosta ja Raision kirjastosta.<\/p>\r\n<div class=\"region region-content\">\r\n<div id=\"block-system-main\" class=\"block-system\">\r\n<div class=\"content\">\r\n<div id=\"node-12\" class=\"node node-page clearfix\">\r\n<div class=\"content clearfix\">\r\n<div class=\"field field-name-body field-type-text-with-summary field-label-hidden\">\r\n<div class=\"field-items\">\r\n<div>\r\n<p>J\u00e4senen\u00e4 saat:<\/p>\r\n<ul>\r\n<li>Postilaatikkoosi\u00a0<a href=\"http:\/\/vapaa-ajattelijat.fi\/va-lehti\">Vapaa Ajattelija -lehden<\/a><\/li>\r\n<li>Alennusta\u00a0<a href=\"http:\/\/pro-seremoniat.fi\/\">Pro-Seremonioiden<\/a> nimi\u00e4is-, h\u00e4\u00e4- ja hautapuheista<\/li>\r\n<li>Tukea lastesi osallistumiseen\u00a0<a href=\"https:\/\/protu.fi\/\">protuleireille<\/a><\/li>\r\n<li>Lis\u00e4\u00e4 vaikutuskanavia<\/li>\r\n<\/ul>\r\n<\/div>\r\n<div class=\"field-item even\">J\u00e4seneksi liityt helpoimmin t\u00e4ytt\u00e4m\u00e4ll\u00e4 Vapaa-ajattelijain liiton\u00a0<a href=\"https:\/\/vapaa-ajattelijat.fi\/liity-jaseneksi\/\">j\u00e4senhakemuslomakkeen<\/a>.\u00a0\u00a0<\/div>\r\n<div class=\"field-item even\"><br \/>J\u00e4senmaksu on 30 \u20ac vuodessa, opiskelijat, el\u00e4kel\u00e4iset ja ty\u00f6tt\u00f6m\u00e4t 20 \u20ac.\u00a0 <!-- \/wp:post-content -->\r\n\r\n<!-- wp:html \/-->\r\n\r\n<!-- wp:html \/-->\r\n\r\n<!-- wp:html \/-->\r\n\r\n<!-- wp:heading {\"level\":4} -->\r\n<p>&nbsp;<\/p>\r\n<\/div>\r\n<\/div>\r\n<\/div>\r\n<\/div>\r\n<\/div>\r\n<\/div>\r\n<\/div>\r\n<\/div>","protected":false},"excerpt":{"rendered":"<p>Liittym\u00e4ll\u00e4 Turun Vapaa-ajattelijoiden j\u00e4seneksi olet mukana rationalistisessa, humanistisessa ja vapaa-ajattelullisessa liikkeess\u00e4. J\u00e4senen\u00e4 saat kotiisi postitettuna liiton Vapaa Ajattelija-lehden. Aikaisemmin ilmestyneit\u00e4 lehti\u00e4 kannattaa k\u00e4yd\u00e4 lukemassa Vapaa-ajattelijoiden liiton nettisivuilla lehden\u00a0arkistossa. Vapaa Ajattelija &#8230; <a title=\"Liity J\u00e4seneksi\" class=\"read-more\" href=\"https:\/\/vapaa-ajattelijat.fi\/turku\/tietoa-yhdistyksesta-kirjasto\/uusi-jasen\/\" aria-label=\"Lue lis\u00e4\u00e4 aiheesta Liity J\u00e4seneksi\">Lue lis\u00e4\u00e4<\/a><\/p>\n","protected":false},"author":22,"featured_media":0,"parent":32,"menu_order":1,"comment_status":"closed","ping_status":"closed","template":"","meta":{"footnotes":"","_links_to":"","_links_to_target":""},"class_list":["post-279","page","type-page","status-publish"],"_links":{"self":[{"href":"https:\/\/vapaa-ajattelijat.fi\/turku\/wp-json\/wp\/v2\/pages\/279","targetHints":{"allow":["GET"]}}],"collection":[{"href":"https:\/\/vapaa-ajattelijat.fi\/turku\/wp-json\/wp\/v2\/pages"}],"about":[{"href":"https:\/\/vapaa-ajattelijat.fi\/turku\/wp-json\/wp\/v2\/types\/page"}],"author":[{"embeddable":true,"href":"https:\/\/vapaa-ajattelijat.fi\/turku\/wp-json\/wp\/v2\/users\/22"}],"replies":[{"embeddable":true,"href":"https:\/\/vapaa-ajattelijat.fi\/turku\/wp-json\/wp\/v2\/comments?post=279"}],"version-history":[{"count":19,"href":"https:\/\/vapaa-ajattelijat.fi\/turku\/wp-json\/wp\/v2\/pages\/279\/revisions"}],"predecessor-version":[{"id":3150,"href":"https:\/\/vapaa-ajattelijat.fi\/turku\/wp-json\/wp\/v2\/pages\/279\/revisions\/3150"}],"up":[{"embeddable":true,"href":"https:\/\/vapaa-ajattelijat.fi\/turku\/wp-json\/wp\/v2\/pages\/32"}],"wp:attachment":[{"href":"https:\/\/vapaa-ajattelijat.fi\/turku\/wp-json\/wp\/v2\/media?parent=279"}],"curies":[{"name":"wp","href":"https:\/\/api.w.org\/{rel}","templated":true}]}}