{"id":2685,"date":"2023-02-04T11:11:11","date_gmt":"2023-02-04T09:11:11","guid":{"rendered":"https:\/\/vapaa-ajattelijat.fi\/turku\/?page_id=2685"},"modified":"2023-02-04T11:41:47","modified_gmt":"2023-02-04T09:41:47","slug":"et-tietopankki2","status":"publish","type":"page","link":"https:\/\/vapaa-ajattelijat.fi\/turku\/et-tietopankki2\/","title":{"rendered":"ET-tietopankki"},"content":{"rendered":"\t\t<div data-elementor-type=\"wp-page\" data-elementor-id=\"2685\" class=\"elementor elementor-2685\">\n\t\t\t\t\t\t<section class=\"elementor-section elementor-top-section elementor-element elementor-element-0457f16 elementor-section-boxed elementor-section-height-default elementor-section-height-default\" data-id=\"0457f16\" data-element_type=\"section\" data-e-type=\"section\">\n\t\t\t\t\t\t<div class=\"elementor-container elementor-column-gap-default\">\n\t\t\t\t\t<div class=\"elementor-column elementor-col-100 elementor-top-column elementor-element elementor-element-8da55f7\" data-id=\"8da55f7\" data-element_type=\"column\" data-e-type=\"column\">\n\t\t\t<div class=\"elementor-widget-wrap elementor-element-populated\">\n\t\t\t\t\t\t<div class=\"elementor-element elementor-element-7ace0cc elementor-widget elementor-widget-toggle\" data-id=\"7ace0cc\" data-element_type=\"widget\" data-e-type=\"widget\" data-widget_type=\"toggle.default\">\n\t\t\t\t<div class=\"elementor-widget-container\">\n\t\t\t\t\t\t\t<div class=\"elementor-toggle\">\n\t\t\t\t\t\t\t<div class=\"elementor-toggle-item\">\n\t\t\t\t\t<h3 id=\"elementor-tab-title-1281\" class=\"elementor-tab-title\" data-tab=\"1\" role=\"button\" aria-controls=\"elementor-tab-content-1281\" aria-expanded=\"false\">\n\t\t\t\t\t\t\t\t\t\t\t\t<span class=\"elementor-toggle-icon elementor-toggle-icon-left\" aria-hidden=\"true\">\n\t\t\t\t\t\t\t\t\t\t\t\t\t\t\t<span class=\"elementor-toggle-icon-closed\"><i class=\"fas fa-caret-right\"><\/i><\/span>\n\t\t\t\t\t\t\t\t<span class=\"elementor-toggle-icon-opened\"><i class=\"elementor-toggle-icon-opened fas fa-caret-up\"><\/i><\/span>\n\t\t\t\t\t\t\t\t\t\t\t\t\t<\/span>\n\t\t\t\t\t\t\t\t\t\t\t\t<a class=\"elementor-toggle-title\" tabindex=\"0\">Perustuslaki uskonnonvapaudesta<\/a>\n\t\t\t\t\t<\/h3>\n\n\t\t\t\t\t<div id=\"elementor-tab-content-1281\" class=\"elementor-tab-content elementor-clearfix\" data-tab=\"1\" role=\"region\" aria-labelledby=\"elementor-tab-title-1281\"><ul><li><a href=\"https:\/\/uskonnonvapaus.fi\/lait\/perustuslaki.html\">Perustuslaki uskonnonvapaudesta<\/a><\/li><\/ul><\/div>\n\t\t\t\t<\/div>\n\t\t\t\t\t\t\t<div class=\"elementor-toggle-item\">\n\t\t\t\t\t<h3 id=\"elementor-tab-title-1282\" class=\"elementor-tab-title\" data-tab=\"2\" role=\"button\" aria-controls=\"elementor-tab-content-1282\" aria-expanded=\"false\">\n\t\t\t\t\t\t\t\t\t\t\t\t<span class=\"elementor-toggle-icon elementor-toggle-icon-left\" aria-hidden=\"true\">\n\t\t\t\t\t\t\t\t\t\t\t\t\t\t\t<span class=\"elementor-toggle-icon-closed\"><i class=\"fas fa-caret-right\"><\/i><\/span>\n\t\t\t\t\t\t\t\t<span class=\"elementor-toggle-icon-opened\"><i class=\"elementor-toggle-icon-opened fas fa-caret-up\"><\/i><\/span>\n\t\t\t\t\t\t\t\t\t\t\t\t\t<\/span>\n\t\t\t\t\t\t\t\t\t\t\t\t<a class=\"elementor-toggle-title\" tabindex=\"0\">Opetushallituksen ohjeet ET:n opetukseen<\/a>\n\t\t\t\t\t<\/h3>\n\n\t\t\t\t\t<div id=\"elementor-tab-content-1282\" class=\"elementor-tab-content elementor-clearfix\" data-tab=\"2\" role=\"region\" aria-labelledby=\"elementor-tab-title-1282\"><ul><li><a href=\"https:\/\/www.oph.fi\/fi\/koulutus-ja-tutkinnot\/perusopetus\/elamankatsomustieto-perusopetuksessa\">ET perusopetuksessa<\/a><\/li><li><a href=\"https:\/\/www.oph.fi\/sites\/default\/files\/documents\/189009_ohje_perusopetuksen_uskonnon_ja_elamankatsomustiedon_seka_esiopetuksen_katso_0.pdf\">Ohje perusopetuksen uskonnon ja el\u00e4m\u00e4nkatsomustiedon sek\u00e4 esiopetuksen katsomuskasvatuksen j\u00e4rjest\u00e4misest\u00e4 sek\u00e4 uskonnollisista tilaisuuksista esi- ja perusopetuksessa<\/a><\/li><li><a href=\"https:\/\/www.oph.fi\/fi\/koulutus-ja-tutkinnot\/elamankatsomustiedon-tukimateriaali\">ET-tukimateriaali<\/a><\/li><li><a href=\"https:\/\/www.oph.fi\/fi\/koulutus-ja-tutkinnot\/elamankatsomustiedon-opetus-kaytannossa\">El\u00e4m\u00e4nkatsomustiedon opetus k\u00e4yt\u00e4nn\u00f6ss\u00e4<\/a><\/li><\/ul><\/div>\n\t\t\t\t<\/div>\n\t\t\t\t\t\t\t<div class=\"elementor-toggle-item\">\n\t\t\t\t\t<h3 id=\"elementor-tab-title-1283\" class=\"elementor-tab-title\" data-tab=\"3\" role=\"button\" aria-controls=\"elementor-tab-content-1283\" aria-expanded=\"false\">\n\t\t\t\t\t\t\t\t\t\t\t\t<span class=\"elementor-toggle-icon elementor-toggle-icon-left\" aria-hidden=\"true\">\n\t\t\t\t\t\t\t\t\t\t\t\t\t\t\t<span class=\"elementor-toggle-icon-closed\"><i class=\"fas fa-caret-right\"><\/i><\/span>\n\t\t\t\t\t\t\t\t<span class=\"elementor-toggle-icon-opened\"><i class=\"elementor-toggle-icon-opened fas fa-caret-up\"><\/i><\/span>\n\t\t\t\t\t\t\t\t\t\t\t\t\t<\/span>\n\t\t\t\t\t\t\t\t\t\t\t\t<a class=\"elementor-toggle-title\" tabindex=\"0\">Turun kaupungin ohjeet ET:n opetukseen<\/a>\n\t\t\t\t\t<\/h3>\n\n\t\t\t\t\t<div id=\"elementor-tab-content-1283\" class=\"elementor-tab-content elementor-clearfix\" data-tab=\"3\" role=\"region\" aria-labelledby=\"elementor-tab-title-1283\"><ul><li><a href=\"https:\/\/www.turku.fi\/paivahoito-ja-koulutus\/perusopetus\/opetus\/katsomusaineet\">P\u00e4iv\u00e4hoito-ja-koulutus, varhaiskasvatus\/perusopetus\/opetus\/katsomusaineet<\/a><\/li><li><a href=\"https:\/\/www.turku.fi\/sites\/default\/files\/atoms\/files\/ops-luku7-12.pdf\">ET, peruskoulu, opetussuunnitelma<\/a><\/li><li><a href=\"https:\/\/www.turku.fi\/paivahoito-ja-koulutus\/perusopetus\/opetus\/koulun-uskonnolliset-tilaisuudet\">Koulun uskonnolliset tilaisuudet<\/a><\/li><li><a href=\"https:\/\/www.turku.fi\/organisaatio\/toimialat\/sivistystoimiala\">Turku, Sivistystoimiala, organisaatio<\/a><\/li><li><a href=\"https:\/\/www.turku.fi\/paatoksenteko\/lautakunnat\/kasvatus-ja-opetuslautakunta\">Turku, Kasvatus- ja opetuslautakunta<\/a><\/li><\/ul><\/div>\n\t\t\t\t<\/div>\n\t\t\t\t\t\t\t<div class=\"elementor-toggle-item\">\n\t\t\t\t\t<h3 id=\"elementor-tab-title-1284\" class=\"elementor-tab-title\" data-tab=\"4\" role=\"button\" aria-controls=\"elementor-tab-content-1284\" aria-expanded=\"false\">\n\t\t\t\t\t\t\t\t\t\t\t\t<span class=\"elementor-toggle-icon elementor-toggle-icon-left\" aria-hidden=\"true\">\n\t\t\t\t\t\t\t\t\t\t\t\t\t\t\t<span class=\"elementor-toggle-icon-closed\"><i class=\"fas fa-caret-right\"><\/i><\/span>\n\t\t\t\t\t\t\t\t<span class=\"elementor-toggle-icon-opened\"><i class=\"elementor-toggle-icon-opened fas fa-caret-up\"><\/i><\/span>\n\t\t\t\t\t\t\t\t\t\t\t\t\t<\/span>\n\t\t\t\t\t\t\t\t\t\t\t\t<a class=\"elementor-toggle-title\" tabindex=\"0\">Opetushallituksen puheenvuoro 26.2.2019<\/a>\n\t\t\t\t\t<\/h3>\n\n\t\t\t\t\t<div id=\"elementor-tab-content-1284\" class=\"elementor-tab-content elementor-clearfix\" data-tab=\"4\" role=\"region\" aria-labelledby=\"elementor-tab-title-1284\"><div style=\"margin-left: 4%\"><h5>My\u00f6s katsomusaineissa pit\u00e4\u00e4 noudattaa opetussuunnitelmaa<\/h5>\nOpetushallitus saa aika ajoin kyselyit\u00e4 uskontojen ja el\u00e4m\u00e4nkatsomustiedon paikallisista opetusj\u00e4rjestelyist\u00e4. Huolenaiheena ovat useimmin tilanteet, joissa uskonnon eri oppim\u00e4\u00e4ri\u00e4 ja el\u00e4m\u00e4nkatsomustietoa opetetaan samalla tunnilla.\n\nLue puheenvuoro, linkist\u00e4 voit my\u00f6s tilata OPH:n uutiskirjett\u00e4 s\u00e4hk\u00f6postiisi\n\n<a href=\"https:\/\/www.oph.fi\/fi\/blogi\/myos-katsomusaineissa-pitaa-noudattaa-opetussuunnitelmaa\">https:\/\/www.oph.fi\/fi\/blogi\/myos-katsomusaineissa-pitaa-noudattaa-opetussuunnitelmaa<\/a><\/div><\/div>\n\t\t\t\t<\/div>\n\t\t\t\t\t\t\t<div class=\"elementor-toggle-item\">\n\t\t\t\t\t<h3 id=\"elementor-tab-title-1285\" class=\"elementor-tab-title\" data-tab=\"5\" role=\"button\" aria-controls=\"elementor-tab-content-1285\" aria-expanded=\"false\">\n\t\t\t\t\t\t\t\t\t\t\t\t<span class=\"elementor-toggle-icon elementor-toggle-icon-left\" aria-hidden=\"true\">\n\t\t\t\t\t\t\t\t\t\t\t\t\t\t\t<span class=\"elementor-toggle-icon-closed\"><i class=\"fas fa-caret-right\"><\/i><\/span>\n\t\t\t\t\t\t\t\t<span class=\"elementor-toggle-icon-opened\"><i class=\"elementor-toggle-icon-opened fas fa-caret-up\"><\/i><\/span>\n\t\t\t\t\t\t\t\t\t\t\t\t\t<\/span>\n\t\t\t\t\t\t\t\t\t\t\t\t<a class=\"elementor-toggle-title\" tabindex=\"0\">Nettisivuja<\/a>\n\t\t\t\t\t<\/h3>\n\n\t\t\t\t\t<div id=\"elementor-tab-content-1285\" class=\"elementor-tab-content elementor-clearfix\" data-tab=\"5\" role=\"region\" aria-labelledby=\"elementor-tab-title-1285\"><ul><li><a href=\"https:\/\/uskonnonvapaus.fi\/\">Vapaa-ajattelijain liiton yll\u00e4pit\u00e4m\u00e4t uskonnonvapaus.fi-sivut<\/a><\/li><li><a href=\"https:\/\/kantelupukki.fi\/\">Kantelupukki.fi<\/a>\u00a0<\/li><li><a href=\"https:\/\/www.eroakirkosta.fi\/dynamic\/index.php\/eroakirkosta\">Eroa kirkosta.fi<\/a><\/li><li><a href=\"http:\/\/www.et-opetus.fi\/\">ET-opetus.fi -sivusto<\/a><\/li><\/ul><\/div>\n\t\t\t\t<\/div>\n\t\t\t\t\t\t\t\t<\/div>\n\t\t\t\t\t\t<\/div>\n\t\t\t\t<\/div>\n\t\t\t\t\t<\/div>\n\t\t<\/div>\n\t\t\t\t\t<\/div>\n\t\t<\/section>\n\t\t\t\t<section class=\"elementor-section elementor-top-section elementor-element elementor-element-128a3f9 elementor-section-boxed elementor-section-height-default elementor-section-height-default\" data-id=\"128a3f9\" data-element_type=\"section\" data-e-type=\"section\">\n\t\t\t\t\t\t<div class=\"elementor-container elementor-column-gap-default\">\n\t\t\t\t\t<div class=\"elementor-column elementor-col-100 elementor-top-column elementor-element elementor-element-f79c196\" data-id=\"f79c196\" data-element_type=\"column\" data-e-type=\"column\">\n\t\t\t<div class=\"elementor-widget-wrap elementor-element-populated\">\n\t\t\t\t\t\t<div class=\"elementor-element elementor-element-882a0e4 elementor-widget elementor-widget-spacer\" data-id=\"882a0e4\" data-element_type=\"widget\" data-e-type=\"widget\" data-widget_type=\"spacer.default\">\n\t\t\t\t<div class=\"elementor-widget-container\">\n\t\t\t\t\t\t\t<div class=\"elementor-spacer\">\n\t\t\t<div class=\"elementor-spacer-inner\"><\/div>\n\t\t<\/div>\n\t\t\t\t\t\t<\/div>\n\t\t\t\t<\/div>\n\t\t\t\t\t<\/div>\n\t\t<\/div>\n\t\t\t\t\t<\/div>\n\t\t<\/section>\n\t\t\t\t<\/div>\n\t\t","protected":false},"excerpt":{"rendered":"<p>\/*! elementor &#8211; v3.10.2 &#8211; 29-01-2023 *\/ .elementor-toggle{text-align:left}.elementor-toggle .elementor-tab-title{font-weight:700;line-height:1;margin:0;padding:15px;border-bottom:1px solid #d4d4d4;cursor:pointer;outline:none}.elementor-toggle .elementor-tab-title .elementor-toggle-icon{display:inline-block;width:1em}.elementor-toggle .elementor-tab-title .elementor-toggle-icon svg{-webkit-margin-start:-5px;margin-inline-start:-5px;width:1em;height:1em}.elementor-toggle .elementor-tab-title .elementor-toggle-icon.elementor-toggle-icon-right{float:right;text-align:right}.elementor-toggle .elementor-tab-title .elementor-toggle-icon.elementor-toggle-icon-left{float:left;text-align:left}.elementor-toggle .elementor-tab-title .elementor-toggle-icon .elementor-toggle-icon-closed{display:block}.elementor-toggle .elementor-tab-title .elementor-toggle-icon .elementor-toggle-icon-opened{display:none}.elementor-toggle .elementor-tab-title.elementor-active{border-bottom:none}.elementor-toggle .elementor-tab-title.elementor-active .elementor-toggle-icon-closed{display:none}.elementor-toggle .elementor-tab-title.elementor-active &#8230; <a title=\"ET-tietopankki\" class=\"read-more\" href=\"https:\/\/vapaa-ajattelijat.fi\/turku\/et-tietopankki2\/\" aria-label=\"Lue lis\u00e4\u00e4 aiheesta ET-tietopankki\">Lue lis\u00e4\u00e4<\/a><\/p>\n","protected":false},"author":50,"featured_media":0,"parent":0,"menu_order":0,"comment_status":"closed","ping_status":"closed","template":"","meta":{"footnotes":"","_links_to":"","_links_to_target":""},"class_list":["post-2685","page","type-page","status-publish"],"_links":{"self":[{"href":"https:\/\/vapaa-ajattelijat.fi\/turku\/wp-json\/wp\/v2\/pages\/2685","targetHints":{"allow":["GET"]}}],"collection":[{"href":"https:\/\/vapaa-ajattelijat.fi\/turku\/wp-json\/wp\/v2\/pages"}],"about":[{"href":"https:\/\/vapaa-ajattelijat.fi\/turku\/wp-json\/wp\/v2\/types\/page"}],"author":[{"embeddable":true,"href":"https:\/\/vapaa-ajattelijat.fi\/turku\/wp-json\/wp\/v2\/users\/50"}],"replies":[{"embeddable":true,"href":"https:\/\/vapaa-ajattelijat.fi\/turku\/wp-json\/wp\/v2\/comments?post=2685"}],"version-history":[{"count":5,"href":"https:\/\/vapaa-ajattelijat.fi\/turku\/wp-json\/wp\/v2\/pages\/2685\/revisions"}],"predecessor-version":[{"id":2697,"href":"https:\/\/vapaa-ajattelijat.fi\/turku\/wp-json\/wp\/v2\/pages\/2685\/revisions\/2697"}],"wp:attachment":[{"href":"https:\/\/vapaa-ajattelijat.fi\/turku\/wp-json\/wp\/v2\/media?parent=2685"}],"curies":[{"name":"wp","href":"https:\/\/api.w.org\/{rel}","templated":true}]}}