{"id":266,"date":"2017-09-09T04:49:09","date_gmt":"2017-09-09T01:49:09","guid":{"rendered":"http:\/\/vapaa-ajattelijat.fi\/turku\/?page_id=266"},"modified":"2023-02-04T14:14:32","modified_gmt":"2023-02-04T12:14:32","slug":"adresser-och-artist","status":"publish","type":"page","link":"https:\/\/vapaa-ajattelijat.fi\/turku\/svenska\/adresser-och-artist\/","title":{"rendered":"Adresser och artist"},"content":{"rendered":"<h2>Adresser<\/h2>\n<p>\u00c5bo frit\u00e4nkare s\u00e4ljer Frit\u00e4nkarnas f\u00f6rbunds sorgeadresser. Adresserna \u00e4r finskspr\u00e5kiga. Sorgeadressens storlek \u00e4r 30 x 21 cm och den pryds av ett tidsl\u00f6st ljus- och blomstermotiv med grafiska dekorationer.<\/p>\n<p><a href=\"https:\/\/vapaa-ajattelijat.fi\/turku\/wp-content\/uploads\/sites\/23\/2016\/04\/addressi-e1460234920470.jpg\"><img fetchpriority=\"high\" decoding=\"async\" class=\"size-medium wp-image-47 alignnone\" src=\"https:\/\/vapaa-ajattelijat.fi\/turku\/wp-content\/uploads\/sites\/23\/2016\/04\/addressi-e1460234920470-300x176.jpg\" alt=\"\" width=\"300\" height=\"176\" srcset=\"https:\/\/vapaa-ajattelijat.fi\/turku\/wp-content\/uploads\/sites\/23\/2016\/04\/addressi-e1460234920470-300x176.jpg 300w, https:\/\/vapaa-ajattelijat.fi\/turku\/wp-content\/uploads\/sites\/23\/2016\/04\/addressi-e1460234920470-768x449.jpg 768w, https:\/\/vapaa-ajattelijat.fi\/turku\/wp-content\/uploads\/sites\/23\/2016\/04\/addressi-e1460234920470.jpg 1000w\" sizes=\"(max-width: 300px) 100vw, 300px\" \/><\/a><\/p>\n<p>BEST\u00c4LLNING:<br \/>\nvia telefonnummer 044 0505721, g\u00e4rna per SMS med textmeddelandet: sorgeadress, ditt namn och din postadress.<br \/>\nBetala (g\u00e4rna samma dag) 15 euro till f\u00f6reningens bankkonto FI76 5542 4040 0263 75 och med ditt namn och postadress i meddelandef\u00e4ltet. Vi skickar adressen n\u00e4r vi f\u00e5tt betalningen. Adresser finns ocks\u00e5 att k\u00f6pa vid v\u00e5ra evenemang, d\u00e5 utan postkostnader till priset 13 euro.<\/p>\n<p>Nu finns ocks\u00e5 en gratulationsadress till f\u00f6rs\u00e4ljning.<\/p>\n<p><a href=\"https:\/\/vapaa-ajattelijat.fi\/turku\/wp-content\/uploads\/sites\/23\/2016\/04\/Picture-205.jpg\"><img decoding=\"async\" class=\"alignnone size-medium wp-image-201\" src=\"https:\/\/vapaa-ajattelijat.fi\/turku\/wp-content\/uploads\/sites\/23\/2016\/04\/Picture-205-225x300.jpg\" alt=\"\" width=\"225\" height=\"300\" srcset=\"https:\/\/vapaa-ajattelijat.fi\/turku\/wp-content\/uploads\/sites\/23\/2016\/04\/Picture-205-225x300.jpg 225w, https:\/\/vapaa-ajattelijat.fi\/turku\/wp-content\/uploads\/sites\/23\/2016\/04\/Picture-205-768x1024.jpg 768w\" sizes=\"(max-width: 225px) 100vw, 225px\" \/><\/a><\/p>\n<p>\u2014\u2014\u2014\u2014\u2014\u2014\u2014\u2014\u2014\u2014\u2014\u2014\u2014\u2014\u2014\u2014\u2014\u2014\u2014-<\/p>\n<h2>Artist\/talare\u00a0(finskspr\u00e5kig)<\/h2>\n<p>f\u00f6r fester och tillst\u00e4llningar<\/p>\n<p>Det \u00e4r nu m\u00f6jligt att via \u00c5bo frit\u00e4nkare best\u00e4lla en s\u00e5ngerska med ackompanjemang (ukulele) f\u00f6r icke-religi\u00f6sa familjetillst\u00e4llningar. F\u00f6rfr\u00e5gningar via f\u00f6reningens e-postadress turku (at) vapaa-ajattelijat.fi eller via sekreteraren per tel. 050 5361027<\/p>\n<p>Helsingforsbaserade Pro-ceremonier erbjuder i viss m\u00e5n svenskspr\u00e5kiga talare eller artister, se\u00a0\u00a0\u00a0\u00a0 <a href=\"http:\/\/pro-seremoniat.fi\/pro-ceremonier\/\">http:\/\/pro-seremoniat.fi\/pro-ceremonier\/<\/a><\/p>\n<p>\u2014\u2014\u2014\u2014\u2014\u2014\u2014\u2014\u2014\u2014\u2014\u2014\u2014\u2014\u2014\u2014\u2014\u2014\u2014\u2014\u2014\u2014\u2014\u2014\u2014\u2014\u2014<\/p>\n","protected":false},"excerpt":{"rendered":"<p>Adresser \u00c5bo frit\u00e4nkare s\u00e4ljer Frit\u00e4nkarnas f\u00f6rbunds sorgeadresser. Adresserna \u00e4r finskspr\u00e5kiga. Sorgeadressens storlek \u00e4r 30 x 21 cm och den pryds av ett tidsl\u00f6st ljus- och blomstermotiv med grafiska dekorationer. BEST\u00c4LLNING: &#8230; <a title=\"Adresser och artist\" class=\"read-more\" href=\"https:\/\/vapaa-ajattelijat.fi\/turku\/svenska\/adresser-och-artist\/\" aria-label=\"Lue lis\u00e4\u00e4 aiheesta Adresser och artist\">Lue lis\u00e4\u00e4<\/a><\/p>\n","protected":false},"author":22,"featured_media":0,"parent":1129,"menu_order":7,"comment_status":"closed","ping_status":"closed","template":"","meta":{"footnotes":"","_links_to":"","_links_to_target":""},"class_list":["post-266","page","type-page","status-publish"],"_links":{"self":[{"href":"https:\/\/vapaa-ajattelijat.fi\/turku\/wp-json\/wp\/v2\/pages\/266","targetHints":{"allow":["GET"]}}],"collection":[{"href":"https:\/\/vapaa-ajattelijat.fi\/turku\/wp-json\/wp\/v2\/pages"}],"about":[{"href":"https:\/\/vapaa-ajattelijat.fi\/turku\/wp-json\/wp\/v2\/types\/page"}],"author":[{"embeddable":true,"href":"https:\/\/vapaa-ajattelijat.fi\/turku\/wp-json\/wp\/v2\/users\/22"}],"replies":[{"embeddable":true,"href":"https:\/\/vapaa-ajattelijat.fi\/turku\/wp-json\/wp\/v2\/comments?post=266"}],"version-history":[{"count":6,"href":"https:\/\/vapaa-ajattelijat.fi\/turku\/wp-json\/wp\/v2\/pages\/266\/revisions"}],"predecessor-version":[{"id":2739,"href":"https:\/\/vapaa-ajattelijat.fi\/turku\/wp-json\/wp\/v2\/pages\/266\/revisions\/2739"}],"up":[{"embeddable":true,"href":"https:\/\/vapaa-ajattelijat.fi\/turku\/wp-json\/wp\/v2\/pages\/1129"}],"wp:attachment":[{"href":"https:\/\/vapaa-ajattelijat.fi\/turku\/wp-json\/wp\/v2\/media?parent=266"}],"curies":[{"name":"wp","href":"https:\/\/api.w.org\/{rel}","templated":true}]}}