{"id":262,"date":"2017-09-09T04:38:06","date_gmt":"2017-09-09T01:38:06","guid":{"rendered":"http:\/\/vapaa-ajattelijat.fi\/turku\/?page_id=262"},"modified":"2020-02-12T14:35:13","modified_gmt":"2020-02-12T12:35:13","slug":"tidigare-aktiviteter","status":"publish","type":"page","link":"https:\/\/vapaa-ajattelijat.fi\/turku\/svenska\/tidigare-aktiviteter\/","title":{"rendered":"Tidigare aktiviteter"},"content":{"rendered":"<h4><\/h4>\n<p>&nbsp;<\/p>\n<h2><span style=\"color: #0000ff\">Sekul\u00e4ra fester \u2013 fr\u00e5n dop till begravning, 18.4.2018<br \/>\n<\/span><\/h2>\n<p>\u00c5bo Frit\u00e4nkare arrangerade ett informations- och diskussionstillf\u00e4lle om olika s\u00e4tt att ordna religionsfria familjefester. Vi delade erfarenheter och ideer kring ordnandet av fester f\u00f6r namngivning, att bli vuxen (Prometheusl\u00e4gerfest), br\u00f6llop och begravning, utg\u00e5ende fr\u00e5n en religionsfri livs\u00e5sk\u00e5dning.<\/p>\n<p>Tillf\u00e4llet ordnades onsdagen den 18.4.2018 \u00a0kl 18.00 i Tuurintupa (Tureborgsgatan 14).\u00a0 Vi bj\u00f6d p\u00e5 kaffe.<\/p>\n<p>Antalet m\u00e4nniskor som inte tillh\u00f6r religi\u00f6sa samfund eller annars har en sekul\u00e4r livs\u00e5sk\u00e5dning v\u00e4xer snabbt. Behovet av att ordna sekul\u00e4ra familjefester \u00f6kar. Traditionella vanor som dop, konfirmation eller kyrkobr\u00f6llop kan k\u00e4nnas konstlade och fr\u00e4mmande f\u00f6r den egna v\u00e4rldsbilden. Det h\u00e4nder ocks\u00e5 att d\u00e5 en n\u00e4rst\u00e5ende, som \u00f6nskat sig en icke-religi\u00f6s begravning, d\u00f6r,\u00a0 saknar de s\u00f6rjande erfarenhet av en begravning utan pr\u00e4st.<\/p>\n<p>Vid anordnandet av en icke-religi\u00f6s fest kan dess m\u00f6jligheter till fria former och avsaknaden av f\u00e4rdiga rutiner k\u00e4nnas f\u00f6rvirrande. \u00a0Vid tillf\u00e4llet gick vi igenom lagbaserade fakta kring t.ex. namngivning och begravning, och\u00a0 gav vinkar om hur man kan anordna en familjefest fri fr\u00e5n religi\u00f6sa traditioner.<\/p>\n<p><em>Laura M\u00e4ntysalo<\/em> fr\u00e5n Pro-Ceremonier gav en \u00f6versikt om sekul\u00e4ra sedv\u00e4njor. <em>Venla Hannuksela <\/em>fr\u00e5n Prometheus-l\u00e4grens st\u00f6d ber\u00e4ttade om Prometheusfester. <em>Riitta Vehanen<\/em> fr\u00e5n begravningsbyr\u00e5 Pietet besvarade fr\u00e5gor om civilbegravningar i \u00c5bo. Anf\u00f6randena h\u00f6lls p\u00e5 finska.<\/p>\n<p>&nbsp;<\/p>\n<h4><\/h4>\n<h4><\/h4>\n<h2><span style=\"color: #0000ff\">Frit\u00e4nkarna p\u00e5 \u00c5bo bokm\u00e4ssa 6.-8.10.2017<\/span><\/h2>\n<p>Deltagarna i \u00c5bo Frit\u00e4nkares f\u00f6rfattarpanel var <em>Katriina J\u00e4rvinen<\/em> Tammerfors, <em>Mike Pohjola<\/em> Helsingfors,<em> Aini Linjakumpu<\/em> Rovaniemi och <em>Miki Liukkonen<\/em> Helsingfors. Diskussionen gick p\u00e5 finska.<br \/>\nFrit\u00e4nkarnas f\u00f6rbund presenterade sin verksamhet p\u00e5 en egen avdelning.<\/p>\n<p>&nbsp;<\/p>\n<h2><span style=\"color: #0000ff\">F\u00f6rel\u00e4sningen \u201dAtt tro \u2013 att veta\u201d vid \u00c5bo Universitet 19.9.2017<\/span><\/h2>\n<div class=\"vapari-post-content-single\">\n<p>Ett f\u00f6rel\u00e4snings- och diskussionstillf\u00e4lle med rubriken <strong>Uskomisen usvaa \u2013 tiet\u00e4misen tuskaa (\u201dAtt tro \u2013 att veta\u201d)<\/strong> om utbildningens och det vetenskapliga arbetets framtid\u00a0\u00e4gde rum i \u00c5bo universitets Janus-sal, Brunnsgatan 12, tisdagen den 19.9.2017 kl. 16-19.\u00a0Tillf\u00e4llet var \u00f6ppet.Inledande f\u00f6redrag h\u00f6lls av docent <em>Eero Salmenkivi<\/em>, professor emeritus <em>Ilkka Niiniluoto<\/em> fr\u00e5n Helsingfors universitet och l\u00e4raren i filosofi och livs\u00e5sk\u00e5dningsl\u00e4ra <em>Jaakko Lindfors<\/em>. F\u00f6redragen h\u00e5lls p\u00e5 finska. Publiken inbjuds att st\u00e4lla fr\u00e5gor och delta i diskussionen.<em>Eero Salmenkivi<\/em>: \u201dUsvaa ja tuskaa el\u00e4m\u00e4nkatsomustiedossa\u201d<em>Ilkka Niiniluoto<\/em>: \u201dTiede, totuus ja el\u00e4m\u00e4\u201d<em>Jaakko Lindfors<\/em>:\u00a0\u201dFilosofian opetus uskonnon kahleissa\u201dDet nya begreppet \u201calternativ sanning\u201d har introducerats f\u00f6r v\u00e4rlden, invandrare demoniseras och p\u00e5 vissa h\u00e5ll \u00f6verger man evolutionsl\u00e4rans grunder. Vad \u00e4r sanning ? \u00c4r det gammalmodigt att str\u00e4va efter sanning?<\/p>\n<p>Efter f\u00f6redragen diskuterades skolornas och universitetens roller som f\u00f6rsvarare av en vetenskapligt baserad v\u00e4rlds\u00e5sk\u00e5dning, och behovet av att frig\u00f6ra oss fr\u00e5n religioner, myter och trosf\u00f6rest\u00e4llningar. Samtidigt kastades en blick p\u00e5 utvecklingen under de n\u00e4rmast g\u00e5ngna 100 \u00e5ren.<\/p>\n<\/div>\n<div class=\"vapari-post-content-single\">\n<p>Arrang\u00f6rer vafr \u00c5bo frit\u00e4nkare r.f. och Feto r.f. Frit\u00e4nkarna verkar f\u00f6r att befr\u00e4mja de religionsl\u00f6sas r\u00e4ttigheter. Feto \u00e4r filosofie- och livs\u00e5sk\u00e5dningsl\u00e4rarnas f\u00f6rening.Till\u00e4ggsinformation:<em>Ritva Ahonen,<\/em> \u00c5bo frit\u00e4nkare<\/p>\n<p>sutiritva <em>a<\/em> gmail.com<em>Jaakko Lindfors<\/em>, Feto ry<\/p>\n<p>jaakko.lindfors<em> a<\/em> turku.fi<\/p>\n<\/div>\n<div class=\"vapari-title-single\"><\/div>\n<h4><\/h4>\n<h2 class=\"vapari-post-single\"><span style=\"color: #0000ff\">Stipendierna i livs\u00e5sk\u00e5dningsl\u00e4ra delades ut, maj 2017<\/span><\/h2>\n<div><\/div>\n<div class=\"vapari-post-single\">V\u00e5r f\u00f6rening delade vid skolavslutningen ut tv\u00e5 stipendier i livs\u00e5sk\u00e5dningsl\u00e4ra. Grunden f\u00f6r stipendierna var framg\u00e5ngsrika studier i och intresse f\u00f6r \u00e4mnet.<br \/>\nGymnasiestipendiet gick till Katedralskolan och h\u00f6gstadiestipendiet till S:t Olofsskolan.<br \/>\nVi gratulerar !<\/div>\n","protected":false},"excerpt":{"rendered":"<p>&nbsp; Sekul\u00e4ra fester \u2013 fr\u00e5n dop till begravning, 18.4.2018 \u00c5bo Frit\u00e4nkare arrangerade ett informations- och diskussionstillf\u00e4lle om olika s\u00e4tt att ordna religionsfria familjefester. Vi delade erfarenheter och ideer kring ordnandet &#8230; <a title=\"Tidigare aktiviteter\" class=\"read-more\" href=\"https:\/\/vapaa-ajattelijat.fi\/turku\/svenska\/tidigare-aktiviteter\/\" aria-label=\"Lue lis\u00e4\u00e4 aiheesta Tidigare aktiviteter\">Lue lis\u00e4\u00e4<\/a><\/p>\n","protected":false},"author":22,"featured_media":0,"parent":1129,"menu_order":8,"comment_status":"closed","ping_status":"closed","template":"","meta":{"footnotes":"","_links_to":"","_links_to_target":""},"class_list":["post-262","page","type-page","status-publish"],"_links":{"self":[{"href":"https:\/\/vapaa-ajattelijat.fi\/turku\/wp-json\/wp\/v2\/pages\/262","targetHints":{"allow":["GET"]}}],"collection":[{"href":"https:\/\/vapaa-ajattelijat.fi\/turku\/wp-json\/wp\/v2\/pages"}],"about":[{"href":"https:\/\/vapaa-ajattelijat.fi\/turku\/wp-json\/wp\/v2\/types\/page"}],"author":[{"embeddable":true,"href":"https:\/\/vapaa-ajattelijat.fi\/turku\/wp-json\/wp\/v2\/users\/22"}],"replies":[{"embeddable":true,"href":"https:\/\/vapaa-ajattelijat.fi\/turku\/wp-json\/wp\/v2\/comments?post=262"}],"version-history":[{"count":12,"href":"https:\/\/vapaa-ajattelijat.fi\/turku\/wp-json\/wp\/v2\/pages\/262\/revisions"}],"predecessor-version":[{"id":419,"href":"https:\/\/vapaa-ajattelijat.fi\/turku\/wp-json\/wp\/v2\/pages\/262\/revisions\/419"}],"up":[{"embeddable":true,"href":"https:\/\/vapaa-ajattelijat.fi\/turku\/wp-json\/wp\/v2\/pages\/1129"}],"wp:attachment":[{"href":"https:\/\/vapaa-ajattelijat.fi\/turku\/wp-json\/wp\/v2\/media?parent=262"}],"curies":[{"name":"wp","href":"https:\/\/api.w.org\/{rel}","templated":true}]}}