{"id":2383,"date":"2021-07-11T17:58:26","date_gmt":"2021-07-11T14:58:26","guid":{"rendered":"https:\/\/vapaa-ajattelijat.fi\/turku\/?page_id=2383"},"modified":"2023-05-04T17:56:59","modified_gmt":"2023-05-04T14:56:59","slug":"yhdistyksen-historia","status":"publish","type":"page","link":"https:\/\/vapaa-ajattelijat.fi\/turku\/tietoa-yhdistyksesta-kirjasto\/yhdistyksen-historia\/","title":{"rendered":"Yhdistyksen historiaa"},"content":{"rendered":"<p>KIRKKO IRTI VALTIOSTA! Runsaat 80 vuotta toimintaa uskonnottomien hyv\u00e4ksi<\/p>\n<p>Yhdistyksemme perustettiin vuonna 1936 Turun ja l\u00e4hiseudun siviilirekisteriin kuuluvien yhdistys -nimisen\u00e4. Sotien j\u00e4lkeen nimi muuttui Vapaa-ajattelijain liiton Turun yhdistykseksi. Nykyisin nimi on lyhentynyt Turun vapaa-ajattelijat ry:ksi.<\/p>\n<p>S\u00e4\u00e4nt\u00f6ihin kirjattiin, ett\u00e4 yhdistys on luonteeltaan ateistinen ja tekee ty\u00f6t\u00e4 kehitysopillisen maailmankatsomuksen hyv\u00e4ksi. My\u00f6hemmin painotettiin pyrkimyst\u00e4 yhteiskunnallisen ja oikeudellisen aseman parantamiseen sek\u00e4 tieteellisen maailmankatsomuksen levitt\u00e4mist\u00e4.<\/p>\n<p>Toiminnan alkuvaiheessa valistus- ja opintotoiminta olivat t\u00e4rkeit\u00e4. Lukuisat esitelm\u00e4tilaisuudet ker\u00e4siv\u00e4t v\u00e4ke\u00e4 nimekk\u00e4iden esitelm\u00f6itsij\u00f6iden kuten tohtori V\u00e4in\u00f6 Krohnin ja kansanedustaja Sylvi-Kyllikki Kilven innoittamina.\u00a0 Monet turkulaiset kansanedustajat ottivat osaa toimintaan.<\/p>\n<p>Uskonnottomien lasten katsomusaineopetukseen pyrittiin vaikuttamaan ensin kehitt\u00e4m\u00e4ll\u00e4 uskonnon historia ja siveysoppi -oppiainetta, ja 1980-luvulta l\u00e4htien vahvistamalla el\u00e4m\u00e4nkatsomustieto -aineen asemaa. Vaadittiin my\u00f6s aamuhartauksien lopettamista kouluissa.<\/p>\n<p>Uskonnottomilla hautajaisilla kunnioitettiin vainajan el\u00e4m\u00e4nty\u00f6t\u00e4 ja yhdistyksen hautapuhujat olivat kysyttyj\u00e4. Ajan mukaisesti perustettiin my\u00f6s lausunta- ja lauluryhmi\u00e4. Ne esiintyiv\u00e4t sek\u00e4 yhdistyksen juhlatilaisuuksissa ett\u00e4 hautajaisissa. Hautapuhujatoiminta onkin ollut yhdistyksemme t\u00e4rkeimpi\u00e4 palveluja j\u00e4senillemme vuosikymmenten ajan.<\/p>\n<p>Nykyiset s\u00e4\u00e4nt\u00f6mme kertovat yhdistyksen ajavan tunnustuksetonta julkista valtaa ja maallista yhteiskuntaa sek\u00e4 mm. edist\u00e4v\u00e4n uskontoihin sitoutumattoman etiikan muotoutumista ja kriittisyyden lis\u00e4\u00e4mist\u00e4 uskontoja kohtaan.<\/p>\n<p>Valistus- ja opintotoiminnan perillisen\u00e4 jatkuvat kaikille avoimet keskustelutilaisuudet ajankohtaisista aiheista. Viime vuosina olemme k\u00e4sitelleet mm. eutanasiaa, maahanmuuttoa ja uskonnottomien toimijoiden maailmankuvaa asiantuntijoiden johdolla.<\/p>\n<p>El\u00e4m\u00e4nkatsomustiedon puolustaminen ja kehitt\u00e4minen on toiminnassamme ajankohtaista. Olemme usean vuoden ajan my\u00f6s jakaneet stipendej\u00e4 el\u00e4m\u00e4nkatsomustiedossa menestyneille oppilaille Turun alueella.<\/p>\n<p>Esiintyji\u00e4 uskonnottomiin juhliin l\u00f6ytyy nyt Pro-Seremoniat -palvelukeskuksesta, joka v\u00e4litt\u00e4\u00e4 sek\u00e4 puhujia ett\u00e4 muusikkoja erityisesti Etel\u00e4-Suomeen. Maksuttomia neuvoja esim. hautajaisten j\u00e4rjest\u00e4miseen saa sek\u00e4 Pro-Seremonioista ett\u00e4 yhdistyksest\u00e4mme.<\/p>\n<p>Yhteiskunta maallistuu kovaa vauhtia ja kirkko on menett\u00e4nyt otteensa sen ylimp\u00e4n\u00e4 auktoriteettina. Olemme mukana t\u00e4t\u00e4 kehityst\u00e4 jouduttamassa.<\/p>\n<p>Ritva Ahonen<\/p>\n<p>&nbsp;<\/p>\n<p>&nbsp;<\/p>\n<p>&nbsp;<\/p>\n<p>&nbsp;<\/p>\n","protected":false},"excerpt":{"rendered":"<p>KIRKKO IRTI VALTIOSTA! Runsaat 80 vuotta toimintaa uskonnottomien hyv\u00e4ksi Yhdistyksemme perustettiin vuonna 1936 Turun ja l\u00e4hiseudun siviilirekisteriin kuuluvien yhdistys -nimisen\u00e4. Sotien j\u00e4lkeen nimi muuttui Vapaa-ajattelijain liiton Turun yhdistykseksi. Nykyisin nimi &#8230; <a title=\"Yhdistyksen historiaa\" class=\"read-more\" href=\"https:\/\/vapaa-ajattelijat.fi\/turku\/tietoa-yhdistyksesta-kirjasto\/yhdistyksen-historia\/\" aria-label=\"Lue lis\u00e4\u00e4 aiheesta Yhdistyksen historiaa\">Lue lis\u00e4\u00e4<\/a><\/p>\n","protected":false},"author":30,"featured_media":0,"parent":32,"menu_order":16,"comment_status":"closed","ping_status":"closed","template":"","meta":{"footnotes":"","_links_to":"","_links_to_target":""},"class_list":["post-2383","page","type-page","status-publish"],"_links":{"self":[{"href":"https:\/\/vapaa-ajattelijat.fi\/turku\/wp-json\/wp\/v2\/pages\/2383","targetHints":{"allow":["GET"]}}],"collection":[{"href":"https:\/\/vapaa-ajattelijat.fi\/turku\/wp-json\/wp\/v2\/pages"}],"about":[{"href":"https:\/\/vapaa-ajattelijat.fi\/turku\/wp-json\/wp\/v2\/types\/page"}],"author":[{"embeddable":true,"href":"https:\/\/vapaa-ajattelijat.fi\/turku\/wp-json\/wp\/v2\/users\/30"}],"replies":[{"embeddable":true,"href":"https:\/\/vapaa-ajattelijat.fi\/turku\/wp-json\/wp\/v2\/comments?post=2383"}],"version-history":[{"count":9,"href":"https:\/\/vapaa-ajattelijat.fi\/turku\/wp-json\/wp\/v2\/pages\/2383\/revisions"}],"predecessor-version":[{"id":2866,"href":"https:\/\/vapaa-ajattelijat.fi\/turku\/wp-json\/wp\/v2\/pages\/2383\/revisions\/2866"}],"up":[{"embeddable":true,"href":"https:\/\/vapaa-ajattelijat.fi\/turku\/wp-json\/wp\/v2\/pages\/32"}],"wp:attachment":[{"href":"https:\/\/vapaa-ajattelijat.fi\/turku\/wp-json\/wp\/v2\/media?parent=2383"}],"curies":[{"name":"wp","href":"https:\/\/api.w.org\/{rel}","templated":true}]}}