{"id":2368,"date":"2021-07-11T16:20:00","date_gmt":"2021-07-11T13:20:00","guid":{"rendered":"https:\/\/vapaa-ajattelijat.fi\/turku\/?page_id=2368"},"modified":"2025-02-09T11:10:33","modified_gmt":"2025-02-09T09:10:33","slug":"kirjasto","status":"publish","type":"page","link":"https:\/\/vapaa-ajattelijat.fi\/turku\/tietoa-yhdistyksesta-kirjasto\/kirjasto\/","title":{"rendered":"Turun vapareiden kirjasto"},"content":{"rendered":"<p>Olemme avanneet Turun Vapaa-ajattelijoiden kirjaston j\u00e4sentemme k\u00e4ytt\u00f6\u00f6n.\u00a0 Kirjasto on tarkoitettu p\u00e4\u00e4s\u00e4\u00e4nt\u00f6isesti TVA:n j\u00e4senille.<\/p>\n<p>Kirjan lainausaika on yksi kuukausi.<\/p>\n<p>Kirjaluettelon l\u00f6yd\u00e4t t\u00e4st\u00e4 linkist\u00e4 (PDF):<\/p>\n<p><a href=\"https:\/\/vapaa-ajattelijat.fi\/turku\/wp-content\/uploads\/sites\/23\/2025\/02\/VA-kirjasto.pdf\">Kirjaluettelo pdf<\/a><\/p>\n<p>(luettelo p\u00e4ivitetty 9.2.2025)<\/p>\n<p>Jos haluat lainata kirjan, ota s\u00e4hk\u00f6postitse yhteytt\u00e4 <a href=\"mailto:puheenjohtaja.turku@vapaa-ajattelijat.fi\">Stigoon<\/a><\/p>\n<p>Kirjojen lis\u00e4ksi luettelossa on paljon pienpainotuotetta, kuvia, vihkoja, lyhyit\u00e4 artikkeleita, C-kasetteja\u00a0 y.m.\u00a0 Osa n\u00e4ist\u00e4 ei ole lainattavissa.<\/p>\n<p>Hyvi\u00e4 lukuhetki\u00e4 toivovat <em>Ritva<\/em> ja <em>Stigo<\/em><\/p>\n","protected":false},"excerpt":{"rendered":"<p>Olemme avanneet Turun Vapaa-ajattelijoiden kirjaston j\u00e4sentemme k\u00e4ytt\u00f6\u00f6n.\u00a0 Kirjasto on tarkoitettu p\u00e4\u00e4s\u00e4\u00e4nt\u00f6isesti TVA:n j\u00e4senille. Kirjan lainausaika on yksi kuukausi. Kirjaluettelon l\u00f6yd\u00e4t t\u00e4st\u00e4 linkist\u00e4 (PDF): Kirjaluettelo pdf (luettelo p\u00e4ivitetty 9.2.2025) Jos haluat &#8230; <a title=\"Turun vapareiden kirjasto\" class=\"read-more\" href=\"https:\/\/vapaa-ajattelijat.fi\/turku\/tietoa-yhdistyksesta-kirjasto\/kirjasto\/\" aria-label=\"Lue lis\u00e4\u00e4 aiheesta Turun vapareiden kirjasto\">Lue lis\u00e4\u00e4<\/a><\/p>\n","protected":false},"author":30,"featured_media":0,"parent":32,"menu_order":5,"comment_status":"closed","ping_status":"closed","template":"","meta":{"footnotes":"","_links_to":"","_links_to_target":""},"class_list":["post-2368","page","type-page","status-publish"],"_links":{"self":[{"href":"https:\/\/vapaa-ajattelijat.fi\/turku\/wp-json\/wp\/v2\/pages\/2368","targetHints":{"allow":["GET"]}}],"collection":[{"href":"https:\/\/vapaa-ajattelijat.fi\/turku\/wp-json\/wp\/v2\/pages"}],"about":[{"href":"https:\/\/vapaa-ajattelijat.fi\/turku\/wp-json\/wp\/v2\/types\/page"}],"author":[{"embeddable":true,"href":"https:\/\/vapaa-ajattelijat.fi\/turku\/wp-json\/wp\/v2\/users\/30"}],"replies":[{"embeddable":true,"href":"https:\/\/vapaa-ajattelijat.fi\/turku\/wp-json\/wp\/v2\/comments?post=2368"}],"version-history":[{"count":12,"href":"https:\/\/vapaa-ajattelijat.fi\/turku\/wp-json\/wp\/v2\/pages\/2368\/revisions"}],"predecessor-version":[{"id":3162,"href":"https:\/\/vapaa-ajattelijat.fi\/turku\/wp-json\/wp\/v2\/pages\/2368\/revisions\/3162"}],"up":[{"embeddable":true,"href":"https:\/\/vapaa-ajattelijat.fi\/turku\/wp-json\/wp\/v2\/pages\/32"}],"wp:attachment":[{"href":"https:\/\/vapaa-ajattelijat.fi\/turku\/wp-json\/wp\/v2\/media?parent=2368"}],"curies":[{"name":"wp","href":"https:\/\/api.w.org\/{rel}","templated":true}]}}