{"id":2241,"date":"2021-02-25T22:28:25","date_gmt":"2021-02-25T20:28:25","guid":{"rendered":"https:\/\/vapaa-ajattelijat.fi\/turku\/?page_id=2241"},"modified":"2025-06-27T11:04:17","modified_gmt":"2025-06-27T08:04:17","slug":"avi-moitteita","status":"publish","type":"page","link":"https:\/\/vapaa-ajattelijat.fi\/turku\/ektieto\/avi-moitteita\/","title":{"rendered":"Moitteita kouluille ET-opetuksesta (AVI:t ja oikeusasiamies)"},"content":{"rendered":"\t\t<div data-elementor-type=\"wp-page\" data-elementor-id=\"2241\" class=\"elementor elementor-2241\">\n\t\t\t\t\t\t<section class=\"elementor-section elementor-top-section elementor-element elementor-element-547e661 elementor-section-boxed elementor-section-height-default elementor-section-height-default\" data-id=\"547e661\" data-element_type=\"section\" data-e-type=\"section\">\n\t\t\t\t\t\t<div class=\"elementor-container elementor-column-gap-default\">\n\t\t\t\t\t<div class=\"elementor-column elementor-col-100 elementor-top-column elementor-element elementor-element-3836788\" data-id=\"3836788\" data-element_type=\"column\" data-e-type=\"column\">\n\t\t\t<div class=\"elementor-widget-wrap elementor-element-populated\">\n\t\t\t\t\t\t<div class=\"elementor-element elementor-element-507457e elementor-widget elementor-widget-toggle\" data-id=\"507457e\" data-element_type=\"widget\" data-e-type=\"widget\" data-widget_type=\"toggle.default\">\n\t\t\t\t<div class=\"elementor-widget-container\">\n\t\t\t\t\t\t\t<div class=\"elementor-toggle\">\n\t\t\t\t\t\t\t<div class=\"elementor-toggle-item\">\n\t\t\t\t\t<h3 id=\"elementor-tab-title-8431\" class=\"elementor-tab-title\" data-tab=\"1\" role=\"button\" aria-controls=\"elementor-tab-content-8431\" aria-expanded=\"false\">\n\t\t\t\t\t\t\t\t\t\t\t\t<span class=\"elementor-toggle-icon elementor-toggle-icon-left\" aria-hidden=\"true\">\n\t\t\t\t\t\t\t\t\t\t\t\t\t\t\t<span class=\"elementor-toggle-icon-closed\"><i class=\"fas fa-caret-right\"><\/i><\/span>\n\t\t\t\t\t\t\t\t<span class=\"elementor-toggle-icon-opened\"><i class=\"elementor-toggle-icon-opened fas fa-caret-up\"><\/i><\/span>\n\t\t\t\t\t\t\t\t\t\t\t\t\t<\/span>\n\t\t\t\t\t\t\t\t\t\t\t\t<a class=\"elementor-toggle-title\" tabindex=\"0\">Lounais-Suomen AVI:n p\u00e4\u00e4t\u00f6kset 2024 ja 2025<\/a>\n\t\t\t\t\t<\/h3>\n\n\t\t\t\t\t<div id=\"elementor-tab-content-8431\" class=\"elementor-tab-content elementor-clearfix\" data-tab=\"1\" role=\"region\" aria-labelledby=\"elementor-tab-title-8431\"><p><a href=\"https:\/\/vapaa-ajattelijat.fi\/turku\/wp-content\/uploads\/sites\/23\/2025\/06\/2367300-katsomusaineopetuksen-avi-kantelu-Turussa.pdf\">AVI:n p\u00e4\u00e4t\u00f6s Turun yhteisopetuksesta 2024<\/a><\/p><p><a href=\"https:\/\/vapaa-ajattelijat.fi\/turku\/wp-content\/uploads\/sites\/23\/2025\/06\/LSAVI-21710-2024-kantelupaatos.pdf\">AVI:n p\u00e4\u00e4t\u00f6s Turun yhteisopetuksesta 2025<\/a><\/p><\/div>\n\t\t\t\t<\/div>\n\t\t\t\t\t\t\t<div class=\"elementor-toggle-item\">\n\t\t\t\t\t<h3 id=\"elementor-tab-title-8432\" class=\"elementor-tab-title\" data-tab=\"2\" role=\"button\" aria-controls=\"elementor-tab-content-8432\" aria-expanded=\"false\">\n\t\t\t\t\t\t\t\t\t\t\t\t<span class=\"elementor-toggle-icon elementor-toggle-icon-left\" aria-hidden=\"true\">\n\t\t\t\t\t\t\t\t\t\t\t\t\t\t\t<span class=\"elementor-toggle-icon-closed\"><i class=\"fas fa-caret-right\"><\/i><\/span>\n\t\t\t\t\t\t\t\t<span class=\"elementor-toggle-icon-opened\"><i class=\"elementor-toggle-icon-opened fas fa-caret-up\"><\/i><\/span>\n\t\t\t\t\t\t\t\t\t\t\t\t\t<\/span>\n\t\t\t\t\t\t\t\t\t\t\t\t<a class=\"elementor-toggle-title\" tabindex=\"0\">L\u00e4nsi- ja Sis\u00e4-Suomen AVI:n p\u00e4\u00e4t\u00f6s 2020<\/a>\n\t\t\t\t\t<\/h3>\n\n\t\t\t\t\t<div id=\"elementor-tab-content-8432\" class=\"elementor-tab-content elementor-clearfix\" data-tab=\"2\" role=\"region\" aria-labelledby=\"elementor-tab-title-8432\"><ul><li>Asia: Kaupunki Y:n koulukeskus, ET:n opetuksen j\u00e4rjest\u00e4misest\u00e4, luokka 3<\/li><\/ul><p>El\u00e4m\u00e4nkatsomustietoa opiskelevilla oppilailla on oikeus saada el\u00e4m\u00e4nkatsomustiedon opetusta opetussuunnitelman mukaisesti. \u201dAluehallintovirasto katsoo, ett\u00e4 oppilaan oikeus saada opetusta opetussuunnitelman mukaisesti el\u00e4m\u00e4nkatsomustiedossa ei voi toteutua, kun opetus on yhdistetty kolmannella vuosiluokalla t\u00e4ysin uskonnon opetukseen ilman, ett\u00e4 opetusta on eriytetty milt\u00e4\u00e4n osin. Lis\u00e4ksi oppimateriaalina k\u00e4ytet\u00e4\u00e4n uskonnon oppikirjaa sek\u00e4 moraalisia ja eettisi\u00e4 kysymyksi\u00e4 pohditaan esimerkiksi Vanhan Testamentin kertomusten avulla. Saatujen selvitysten perusteella opetuksen sis\u00e4lt\u00f6 on vastannut nimenomaan uskonnon opetukselle opetussuunnitelmassa m\u00e4\u00e4r\u00e4ttyj\u00e4 sis\u00e4lt\u00f6j\u00e4, mink\u00e4 vuoksi el\u00e4m\u00e4nkatsomustietoa opiskelleet oppilaat ovat k\u00e4yt\u00e4nn\u00f6ss\u00e4 osallistuneet uskonnon opetukseen. Aluehallintovirasto katsoo, ett\u00e4 kaupungin koulukeskus on laiminly\u00f6nyt velvollisuutensa j\u00e4rjest\u00e4\u00e4 el\u00e4m\u00e4nkatsomustietoa opiskeleville oppilaille opetussuunnitelman mukaista opetusta. AVI:n moitteet (23.11.2020) koskevat ep\u00e4suorasti koko Etel\u00e4-Pohjanmaan aluetta, jonka mallia kaupunki on sitoutunut noudattamaan.<\/p><p>L\u00e4hde: Vapaa-Ajattelija 4\/2020<\/p><\/div>\n\t\t\t\t<\/div>\n\t\t\t\t\t\t\t<div class=\"elementor-toggle-item\">\n\t\t\t\t\t<h3 id=\"elementor-tab-title-8433\" class=\"elementor-tab-title\" data-tab=\"3\" role=\"button\" aria-controls=\"elementor-tab-content-8433\" aria-expanded=\"false\">\n\t\t\t\t\t\t\t\t\t\t\t\t<span class=\"elementor-toggle-icon elementor-toggle-icon-left\" aria-hidden=\"true\">\n\t\t\t\t\t\t\t\t\t\t\t\t\t\t\t<span class=\"elementor-toggle-icon-closed\"><i class=\"fas fa-caret-right\"><\/i><\/span>\n\t\t\t\t\t\t\t\t<span class=\"elementor-toggle-icon-opened\"><i class=\"elementor-toggle-icon-opened fas fa-caret-up\"><\/i><\/span>\n\t\t\t\t\t\t\t\t\t\t\t\t\t<\/span>\n\t\t\t\t\t\t\t\t\t\t\t\t<a class=\"elementor-toggle-title\" tabindex=\"0\">Lounais-Suomen AVI:n p\u00e4\u00e4t\u00f6s 2019<\/a>\n\t\t\t\t\t<\/h3>\n\n\t\t\t\t\t<div id=\"elementor-tab-content-8433\" class=\"elementor-tab-content elementor-clearfix\" data-tab=\"3\" role=\"region\" aria-labelledby=\"elementor-tab-title-8433\"><ul><li>Asia: Uskonnon opetussuunnitelman toteutuminen koulussa X, 2017-2018, luokka 7<\/li><li>L\u00e4ht\u00f6kohta: Koulun kaikki 7-luokkalaiset opiskelivat yhteisryhm\u00e4ss\u00e4 sek\u00e4 uskontoa ett\u00e4 el\u00e4m\u00e4nkatsomustietoa. Opetusta antava evankelis-luterilaisen uskonnon opettaja eriytti opetusta omalla materiaalillaan. Oppilaat eiv\u00e4t tunnistaneet eriytyst\u00e4 oman uskonnon oppiaineeksi. Huoltajan n\u00e4kemyst\u00e4 ei kuultu.<\/li><li>P\u00e4\u00e4t\u00f6s<strong>:<\/strong>\u00a0AVI edellytt\u00e4\u00e4, ett\u00e4 eriytt\u00e4v\u00e4n aineksen opettajalla on opetettavan aineen kelpoisuus. Yhdenvertaisuuslain s\u00e4\u00e4d\u00f6ksien n\u00e4k\u00f6kulmasta huoltajalla tulee olla tosiasiallinen mahdollisuus ilmoittaa oppilas oman uskonnon opetukseen tai el\u00e4m\u00e4nkatsomustiedon opetukseen valitusta ilmoitustavasta riippumatta.\u201d<\/li><\/ul><p>\u2003L\u00e4hde: Uskot-Foorumin opas 2020<\/p><\/div>\n\t\t\t\t<\/div>\n\t\t\t\t\t\t\t<div class=\"elementor-toggle-item\">\n\t\t\t\t\t<h3 id=\"elementor-tab-title-8434\" class=\"elementor-tab-title\" data-tab=\"4\" role=\"button\" aria-controls=\"elementor-tab-content-8434\" aria-expanded=\"false\">\n\t\t\t\t\t\t\t\t\t\t\t\t<span class=\"elementor-toggle-icon elementor-toggle-icon-left\" aria-hidden=\"true\">\n\t\t\t\t\t\t\t\t\t\t\t\t\t\t\t<span class=\"elementor-toggle-icon-closed\"><i class=\"fas fa-caret-right\"><\/i><\/span>\n\t\t\t\t\t\t\t\t<span class=\"elementor-toggle-icon-opened\"><i class=\"elementor-toggle-icon-opened fas fa-caret-up\"><\/i><\/span>\n\t\t\t\t\t\t\t\t\t\t\t\t\t<\/span>\n\t\t\t\t\t\t\t\t\t\t\t\t<a class=\"elementor-toggle-title\" tabindex=\"0\">L\u00e4nsi-ja Sis\u00e4-Suomen aluehallintoviraston sivistystoimen ruotsinkielisen yksik\u00f6n p\u00e4\u00e4t\u00f6s 2017<\/a>\n\t\t\t\t\t<\/h3>\n\n\t\t\t\t\t<div id=\"elementor-tab-content-8434\" class=\"elementor-tab-content elementor-clearfix\" data-tab=\"4\" role=\"region\" aria-labelledby=\"elementor-tab-title-8434\"><ul><li>Asia: Hallintokantelu ortodoksisen uskonnon opetuksen j\u00e4rjest\u00e4misest\u00e4 kunnassa X<\/li><li>L\u00e4ht\u00f6kohta: Ruotsinkielinen ortodoksisen uskonnon opetus j\u00e4rjestet\u00e4\u00e4n yhteisopetuksena, jota antaa evankelis-luterilainen luokanopettaja. Kunnan opetustoimen mukaan 70% opetuksesta on yhteist\u00e4. Opetushallituksen mukaan vain pieni osa on yhteist\u00e4 oppiainesta. Opetuksessa v\u00e4ltell\u00e4\u00e4n uskonnollista sanastoa eik\u00e4 opetus ole kantelun tekij\u00e4n mukaan en\u00e4\u00e4 oman uskonnon opetusta.<\/li><li>P\u00e4\u00e4t\u00f6s: Yhteist\u00e4 oppiainesta voidaan opettaa vain kun ne ovat kaikille uskonnoille yhteisi\u00e4. Merkitt\u00e4v\u00e4 osa ei ole sit\u00e4. Uskonnonvapauden mukaan opetusta ei voi oman aineksen osalta opettaa yhteinen opettaja. V\u00e4hemmist\u00f6oppilas on lis\u00e4ksi muita haavoittuvammassa asemassa. Kunnan opetussuunnitelmaan on selke\u00e4sti merkitt\u00e4v\u00e4 yhteiset ja erilliset osuudet (kunnassa eiv\u00e4t erotu).<\/li><\/ul><p>Edell\u00e4 olevien seikkojen perusteella EAO toteaa, ettei uskonnon ja el\u00e4m\u00e4nkatsomustiedon opetus kunnan ruotsinkielisess\u00e4 opetustoimessa ole voimassa olevan lains\u00e4\u00e4d\u00e4nn\u00f6n ja opetussuunnitelman mukaista.<\/p><p>L\u00e4hde: Uskot-Foorumin opas 2020<\/p><\/div>\n\t\t\t\t<\/div>\n\t\t\t\t\t\t\t<div class=\"elementor-toggle-item\">\n\t\t\t\t\t<h3 id=\"elementor-tab-title-8435\" class=\"elementor-tab-title\" data-tab=\"5\" role=\"button\" aria-controls=\"elementor-tab-content-8435\" aria-expanded=\"false\">\n\t\t\t\t\t\t\t\t\t\t\t\t<span class=\"elementor-toggle-icon elementor-toggle-icon-left\" aria-hidden=\"true\">\n\t\t\t\t\t\t\t\t\t\t\t\t\t\t\t<span class=\"elementor-toggle-icon-closed\"><i class=\"fas fa-caret-right\"><\/i><\/span>\n\t\t\t\t\t\t\t\t<span class=\"elementor-toggle-icon-opened\"><i class=\"elementor-toggle-icon-opened fas fa-caret-up\"><\/i><\/span>\n\t\t\t\t\t\t\t\t\t\t\t\t\t<\/span>\n\t\t\t\t\t\t\t\t\t\t\t\t<a class=\"elementor-toggle-title\" tabindex=\"0\">Eduskunnan apulaisoikeusasiamiehen p\u00e4\u00e4t\u00f6s 11.9.2017<\/a>\n\t\t\t\t\t<\/h3>\n\n\t\t\t\t\t<div id=\"elementor-tab-content-8435\" class=\"elementor-tab-content elementor-clearfix\" data-tab=\"5\" role=\"region\" aria-labelledby=\"elementor-tab-title-8435\"><ul><li>Asia: Kaupungin X menettely uskonnon opetuksen j\u00e4rjestelyss\u00e4<\/li><li>L\u00e4ht\u00f6kohta: Kaupungin sivistyslautakunnan p\u00e4\u00e4t\u00f6ksen mukaan kaupungin 4. luokkien uskonnon ja el\u00e4m\u00e4nkatsomustiedon toinen oppitunti annetaan kaikille yhteisen\u00e4 oppiaineena.<\/li><li>P\u00e4\u00e4t\u00f6s: Opetushallituksen arvioon nojaten, etenk\u00e4\u00e4n el\u00e4m\u00e4nkatsomustiedon opetussuunnitelma ei toteudu. Oppilaalla on oikeus saada opetusta p\u00e4tev\u00e4n opettajan johdolla. Kelpoisuuss\u00e4\u00e4d\u00f6kset ovat sitovia. Kelpoisuuss\u00e4\u00e4d\u00f6kset sis\u00e4ltyv\u00e4t ortodoksisen uskonnon kohdalta sek\u00e4 yhdess\u00e4 ett\u00e4 erikseen annettavaan opetukseen.<\/li><\/ul><p>\u2003L\u00e4hde: Uskot-Foorumin opas 2020<\/p><\/div>\n\t\t\t\t<\/div>\n\t\t\t\t\t\t\t\t<\/div>\n\t\t\t\t\t\t<\/div>\n\t\t\t\t<\/div>\n\t\t\t\t\t<\/div>\n\t\t<\/div>\n\t\t\t\t\t<\/div>\n\t\t<\/section>\n\t\t\t\t<section class=\"elementor-section elementor-top-section elementor-element elementor-element-07fe2d4 elementor-section-boxed elementor-section-height-default elementor-section-height-default\" data-id=\"07fe2d4\" data-element_type=\"section\" data-e-type=\"section\">\n\t\t\t\t\t\t<div class=\"elementor-container elementor-column-gap-default\">\n\t\t\t\t\t<div class=\"elementor-column elementor-col-100 elementor-top-column elementor-element elementor-element-effbcdc\" data-id=\"effbcdc\" data-element_type=\"column\" data-e-type=\"column\">\n\t\t\t<div class=\"elementor-widget-wrap elementor-element-populated\">\n\t\t\t\t\t\t<div class=\"elementor-element elementor-element-07bd15a elementor-widget elementor-widget-spacer\" data-id=\"07bd15a\" data-element_type=\"widget\" data-e-type=\"widget\" data-widget_type=\"spacer.default\">\n\t\t\t\t<div class=\"elementor-widget-container\">\n\t\t\t\t\t\t\t<div class=\"elementor-spacer\">\n\t\t\t<div class=\"elementor-spacer-inner\"><\/div>\n\t\t<\/div>\n\t\t\t\t\t\t<\/div>\n\t\t\t\t<\/div>\n\t\t\t\t\t<\/div>\n\t\t<\/div>\n\t\t\t\t\t<\/div>\n\t\t<\/section>\n\t\t\t\t<\/div>\n\t\t","protected":false},"excerpt":{"rendered":"<p>Lounais-Suomen AVI:n p\u00e4\u00e4t\u00f6kset 2024 ja 2025 AVI:n p\u00e4\u00e4t\u00f6s Turun yhteisopetuksesta 2024 AVI:n p\u00e4\u00e4t\u00f6s Turun yhteisopetuksesta 2025 L\u00e4nsi- ja Sis\u00e4-Suomen AVI:n p\u00e4\u00e4t\u00f6s 2020 Asia: Kaupunki Y:n koulukeskus, ET:n opetuksen j\u00e4rjest\u00e4misest\u00e4, luokka &#8230; <a title=\"Moitteita kouluille ET-opetuksesta (AVI:t ja oikeusasiamies)\" class=\"read-more\" href=\"https:\/\/vapaa-ajattelijat.fi\/turku\/ektieto\/avi-moitteita\/\" aria-label=\"Lue lis\u00e4\u00e4 aiheesta Moitteita kouluille ET-opetuksesta (AVI:t ja oikeusasiamies)\">Lue lis\u00e4\u00e4<\/a><\/p>\n","protected":false},"author":30,"featured_media":0,"parent":2112,"menu_order":9,"comment_status":"closed","ping_status":"closed","template":"","meta":{"footnotes":"","_links_to":"","_links_to_target":""},"class_list":["post-2241","page","type-page","status-publish"],"_links":{"self":[{"href":"https:\/\/vapaa-ajattelijat.fi\/turku\/wp-json\/wp\/v2\/pages\/2241","targetHints":{"allow":["GET"]}}],"collection":[{"href":"https:\/\/vapaa-ajattelijat.fi\/turku\/wp-json\/wp\/v2\/pages"}],"about":[{"href":"https:\/\/vapaa-ajattelijat.fi\/turku\/wp-json\/wp\/v2\/types\/page"}],"author":[{"embeddable":true,"href":"https:\/\/vapaa-ajattelijat.fi\/turku\/wp-json\/wp\/v2\/users\/30"}],"replies":[{"embeddable":true,"href":"https:\/\/vapaa-ajattelijat.fi\/turku\/wp-json\/wp\/v2\/comments?post=2241"}],"version-history":[{"count":29,"href":"https:\/\/vapaa-ajattelijat.fi\/turku\/wp-json\/wp\/v2\/pages\/2241\/revisions"}],"predecessor-version":[{"id":3249,"href":"https:\/\/vapaa-ajattelijat.fi\/turku\/wp-json\/wp\/v2\/pages\/2241\/revisions\/3249"}],"up":[{"embeddable":true,"href":"https:\/\/vapaa-ajattelijat.fi\/turku\/wp-json\/wp\/v2\/pages\/2112"}],"wp:attachment":[{"href":"https:\/\/vapaa-ajattelijat.fi\/turku\/wp-json\/wp\/v2\/media?parent=2241"}],"curies":[{"name":"wp","href":"https:\/\/api.w.org\/{rel}","templated":true}]}}