{"id":2204,"date":"2021-02-24T19:19:46","date_gmt":"2021-02-24T17:19:46","guid":{"rendered":"https:\/\/vapaa-ajattelijat.fi\/turku\/?page_id=2204"},"modified":"2023-02-04T11:37:18","modified_gmt":"2023-02-04T09:37:18","slug":"et-oppikirjoja","status":"publish","type":"page","link":"https:\/\/vapaa-ajattelijat.fi\/turku\/ektieto\/et-oppikirjoja\/","title":{"rendered":"ET-oppikirjoja"},"content":{"rendered":"\t\t<div data-elementor-type=\"wp-page\" data-elementor-id=\"2204\" class=\"elementor elementor-2204\">\n\t\t\t\t\t\t<section class=\"elementor-section elementor-top-section elementor-element elementor-element-fcdd2f7 elementor-section-boxed elementor-section-height-default elementor-section-height-default\" data-id=\"fcdd2f7\" data-element_type=\"section\" data-e-type=\"section\">\n\t\t\t\t\t\t<div class=\"elementor-container elementor-column-gap-default\">\n\t\t\t\t\t<div class=\"elementor-column elementor-col-100 elementor-top-column elementor-element elementor-element-634e82cc\" data-id=\"634e82cc\" data-element_type=\"column\" data-e-type=\"column\">\n\t\t\t<div class=\"elementor-widget-wrap elementor-element-populated\">\n\t\t\t\t\t\t<section class=\"elementor-section elementor-inner-section elementor-element elementor-element-a1fce8a elementor-section-boxed elementor-section-height-default elementor-section-height-default\" data-id=\"a1fce8a\" data-element_type=\"section\" data-e-type=\"section\">\n\t\t\t\t\t\t<div class=\"elementor-container elementor-column-gap-default\">\n\t\t\t\t\t<div class=\"elementor-column elementor-col-50 elementor-inner-column elementor-element elementor-element-af27926\" data-id=\"af27926\" data-element_type=\"column\" data-e-type=\"column\">\n\t\t\t<div class=\"elementor-widget-wrap elementor-element-populated\">\n\t\t\t\t\t\t<div class=\"elementor-element elementor-element-af0555b elementor-widget elementor-widget-image\" data-id=\"af0555b\" data-element_type=\"widget\" data-e-type=\"widget\" data-widget_type=\"image.default\">\n\t\t\t\t<div class=\"elementor-widget-container\">\n\t\t\t\t\t\t\t\t\t\t\t\t\t\t\t<img fetchpriority=\"high\" decoding=\"async\" width=\"299\" height=\"388\" src=\"https:\/\/vapaa-ajattelijat.fi\/turku\/wp-content\/uploads\/sites\/23\/2023\/02\/1845f0e72e4b10a9642389d93a4345f4_https3-eu-west-1.amazonaws.comspro-trinity-elvis-dam-product-assetspimprdproduct_assetsoutcover_image9789526351742_1.jpg\" class=\"attachment-large size-large wp-image-2690\" alt=\"\" \/>\t\t\t\t\t\t\t\t\t\t\t\t\t\t\t<\/div>\n\t\t\t\t<\/div>\n\t\t\t\t\t<\/div>\n\t\t<\/div>\n\t\t\t\t<div class=\"elementor-column elementor-col-50 elementor-inner-column elementor-element elementor-element-a9eb2b4\" data-id=\"a9eb2b4\" data-element_type=\"column\" data-e-type=\"column\">\n\t\t\t<div class=\"elementor-widget-wrap elementor-element-populated\">\n\t\t\t\t\t\t<div class=\"elementor-element elementor-element-f919d9f elementor-widget elementor-widget-text-editor\" data-id=\"f919d9f\" data-element_type=\"widget\" data-e-type=\"widget\" data-widget_type=\"text-editor.default\">\n\t\t\t\t<div class=\"elementor-widget-container\">\n\t\t\t\t\t\t\t\t\t<h4><strong>Aatos<\/strong><\/h4><p>Aatos on perusopetuksen 1.-6. luokille tarkoitettu digiopetusmateriaali, lis\u00e4n\u00e4 muokattavat kokeet.<\/p><p>Tekij\u00f6in\u00e4 Kristiina L\u00e4nsi\u00f6, Niina Vitikainen ja kuvittaja Harri Tarkka.<\/p><p>Kustantajana Sanomapro.<\/p><p>Linkist\u00e4 p\u00e4\u00e4set my\u00f6s demoon, jossa voit tutustua sis\u00e4lt\u00f6\u00f6n ja kokeilla teht\u00e4vien tekemist\u00e4:<\/p><p><a href=\"https:\/\/tuotteet.sanomapro.fi\/tuotteet\/alakoulu\/elamankatsomustieto\/bu581410-aatos-1-6-elamankatsomustieto-digiopetusmateriaali.html\">Linkki Sanomapron sivulle<\/a><\/p>\t\t\t\t\t\t\t\t<\/div>\n\t\t\t\t<\/div>\n\t\t\t\t\t<\/div>\n\t\t<\/div>\n\t\t\t\t\t<\/div>\n\t\t<\/section>\n\t\t\t\t\t<\/div>\n\t\t<\/div>\n\t\t\t\t\t<\/div>\n\t\t<\/section>\n\t\t\t\t<section class=\"elementor-section elementor-top-section elementor-element elementor-element-2f61011 elementor-section-boxed elementor-section-height-default elementor-section-height-default\" data-id=\"2f61011\" data-element_type=\"section\" data-e-type=\"section\">\n\t\t\t\t\t\t<div class=\"elementor-container elementor-column-gap-default\">\n\t\t\t\t\t<div class=\"elementor-column elementor-col-100 elementor-top-column elementor-element elementor-element-8845647\" data-id=\"8845647\" data-element_type=\"column\" data-e-type=\"column\">\n\t\t\t<div class=\"elementor-widget-wrap elementor-element-populated\">\n\t\t\t\t\t\t<section class=\"elementor-section elementor-inner-section elementor-element elementor-element-9533946 elementor-section-boxed elementor-section-height-default elementor-section-height-default\" data-id=\"9533946\" data-element_type=\"section\" data-e-type=\"section\">\n\t\t\t\t\t\t<div class=\"elementor-container elementor-column-gap-default\">\n\t\t\t\t\t<div class=\"elementor-column elementor-col-50 elementor-inner-column elementor-element elementor-element-ec8775e\" data-id=\"ec8775e\" data-element_type=\"column\" data-e-type=\"column\">\n\t\t\t<div class=\"elementor-widget-wrap elementor-element-populated\">\n\t\t\t\t\t\t<div class=\"elementor-element elementor-element-aed203a elementor-widget elementor-widget-image\" data-id=\"aed203a\" data-element_type=\"widget\" data-e-type=\"widget\" data-widget_type=\"image.default\">\n\t\t\t\t<div class=\"elementor-widget-container\">\n\t\t\t\t\t\t\t\t\t\t\t\t\t\t\t<img decoding=\"async\" width=\"480\" height=\"270\" src=\"https:\/\/vapaa-ajattelijat.fi\/turku\/wp-content\/uploads\/sites\/23\/2023\/02\/peili-opeopas-kirjan-kannet.jpg\" class=\"attachment-large size-large wp-image-2691\" alt=\"\" \/>\t\t\t\t\t\t\t\t\t\t\t\t\t\t\t<\/div>\n\t\t\t\t<\/div>\n\t\t\t\t\t<\/div>\n\t\t<\/div>\n\t\t\t\t<div class=\"elementor-column elementor-col-50 elementor-inner-column elementor-element elementor-element-8e2b519\" data-id=\"8e2b519\" data-element_type=\"column\" data-e-type=\"column\">\n\t\t\t<div class=\"elementor-widget-wrap elementor-element-populated\">\n\t\t\t\t\t\t<div class=\"elementor-element elementor-element-20f02a0 elementor-widget elementor-widget-text-editor\" data-id=\"20f02a0\" data-element_type=\"widget\" data-e-type=\"widget\" data-widget_type=\"text-editor.default\">\n\t\t\t\t<div class=\"elementor-widget-container\">\n\t\t\t\t\t\t\t\t\t<h4><strong>Peili<\/strong><\/h4><p>Peili on perusopetuksen 3.-6. luokille tarkoitettu kokonaisuus, jossa on kaksi oppikirjaa, Hyv\u00e4n el\u00e4m\u00e4n peili ja Maailman peili, sek\u00e4 opettajan materiaali.<\/p><p>Kirjojen tekij\u00f6in\u00e4 Lauri Calonius, Emilia Lehtinen, Jaakko Lindfors, Ritva Tuominen ja kuvittaja Jussi Kaakinen.<\/p><p>Kustantajana Opetushallitus.<\/p><p>Linkist\u00e4 voi kuunnella joitain kirjan kappaleita luettuna:<\/p><p><a href=\"https:\/\/www.oph.fi\/fi\/oppimateriaali\/peili\">https:\/\/www.oph.fi\/fi\/oppimateriaali\/peili<\/a><\/p>\t\t\t\t\t\t\t\t<\/div>\n\t\t\t\t<\/div>\n\t\t\t\t\t<\/div>\n\t\t<\/div>\n\t\t\t\t\t<\/div>\n\t\t<\/section>\n\t\t\t\t\t<\/div>\n\t\t<\/div>\n\t\t\t\t\t<\/div>\n\t\t<\/section>\n\t\t\t\t<section class=\"elementor-section elementor-top-section elementor-element elementor-element-39ebc13 elementor-section-boxed elementor-section-height-default elementor-section-height-default\" data-id=\"39ebc13\" data-element_type=\"section\" data-e-type=\"section\">\n\t\t\t\t\t\t<div class=\"elementor-container elementor-column-gap-default\">\n\t\t\t\t\t<div class=\"elementor-column elementor-col-100 elementor-top-column elementor-element elementor-element-d26e6ed\" data-id=\"d26e6ed\" data-element_type=\"column\" data-e-type=\"column\">\n\t\t\t<div class=\"elementor-widget-wrap elementor-element-populated\">\n\t\t\t\t\t\t<section class=\"elementor-section elementor-inner-section elementor-element elementor-element-5a57db6 elementor-section-boxed elementor-section-height-default elementor-section-height-default\" data-id=\"5a57db6\" data-element_type=\"section\" data-e-type=\"section\">\n\t\t\t\t\t\t<div class=\"elementor-container elementor-column-gap-default\">\n\t\t\t\t\t<div class=\"elementor-column elementor-col-50 elementor-inner-column elementor-element elementor-element-20d3ef5\" data-id=\"20d3ef5\" data-element_type=\"column\" data-e-type=\"column\">\n\t\t\t<div class=\"elementor-widget-wrap elementor-element-populated\">\n\t\t\t\t\t\t<div class=\"elementor-element elementor-element-f245f51 elementor-widget elementor-widget-image\" data-id=\"f245f51\" data-element_type=\"widget\" data-e-type=\"widget\" data-widget_type=\"image.default\">\n\t\t\t\t<div class=\"elementor-widget-container\">\n\t\t\t\t\t\t\t\t\t\t\t\t\t\t\t<img decoding=\"async\" width=\"390\" height=\"500\" src=\"https:\/\/vapaa-ajattelijat.fi\/turku\/wp-content\/uploads\/sites\/23\/2023\/02\/978-951-1-31984-9.jpg\" class=\"attachment-large size-large wp-image-2692\" alt=\"\" \/>\t\t\t\t\t\t\t\t\t\t\t\t\t\t\t<\/div>\n\t\t\t\t<\/div>\n\t\t\t\t\t<\/div>\n\t\t<\/div>\n\t\t\t\t<div class=\"elementor-column elementor-col-50 elementor-inner-column elementor-element elementor-element-a2f0e2e\" data-id=\"a2f0e2e\" data-element_type=\"column\" data-e-type=\"column\">\n\t\t\t<div class=\"elementor-widget-wrap elementor-element-populated\">\n\t\t\t\t\t\t<div class=\"elementor-element elementor-element-0dd3eeb elementor-widget elementor-widget-text-editor\" data-id=\"0dd3eeb\" data-element_type=\"widget\" data-e-type=\"widget\" data-widget_type=\"text-editor.default\">\n\t\t\t\t<div class=\"elementor-widget-container\">\n\t\t\t\t\t\t\t\t\t<h4><strong>Kompassi<\/strong><\/h4><p>Kompassi on perusopetuksen 7.-9. luokille tarkoitettu oppimateriaali. Yksi kirja kattaa koko yl\u00e4koulun sis\u00e4lt\u00f6alueen. Opettajien materiaali on s\u00e4hk\u00f6inen.<\/p><p>Tekij\u00f6in\u00e4 Filosofian ja el\u00e4m\u00e4nkatsomustiedon opettajat ry:n ty\u00f6ryhm\u00e4 Lauri Calonius, Olli Hakala, Ilmari Hirvonen, Eino Huotari, Katri H\u00e4meenniemi, Jaakko Lindfors, Vesa Korkkula, Matti M\u00e4kikangas, Ukri Pulliainen, Johanna Salonen, Matti Taneli, Hanna Vanhanen ja Minna-Kerttu Vienola.<\/p><p>Kustantajana Otava<\/p><p>Linkist\u00e4 voit selata kirjan alkuosaa:<\/p><p><a href=\"https:\/\/digikirja.otava.fi\/digikirja\/kompassi-7-9\/kansi-352\">https:\/\/digikirja.otava.fi\/digikirja\/kompassi-7-9\/kansi-352<\/a><\/p>\t\t\t\t\t\t\t\t<\/div>\n\t\t\t\t<\/div>\n\t\t\t\t\t<\/div>\n\t\t<\/div>\n\t\t\t\t\t<\/div>\n\t\t<\/section>\n\t\t\t\t\t<\/div>\n\t\t<\/div>\n\t\t\t\t\t<\/div>\n\t\t<\/section>\n\t\t\t\t<\/div>\n\t\t","protected":false},"excerpt":{"rendered":"<p>\/*! elementor &#8211; v3.10.2 &#8211; 29-01-2023 *\/ .elementor-widget-image{text-align:center}.elementor-widget-image a{display:inline-block}.elementor-widget-image a img[src$=&#8221;.svg&#8221;]{width:48px}.elementor-widget-image img{vertical-align:middle;display:inline-block} Aatos Aatos on perusopetuksen 1.-6. luokille tarkoitettu digiopetusmateriaali, lis\u00e4n\u00e4 muokattavat kokeet. Tekij\u00f6in\u00e4 Kristiina L\u00e4nsi\u00f6, Niina Vitikainen ja kuvittaja &#8230; <a title=\"ET-oppikirjoja\" class=\"read-more\" href=\"https:\/\/vapaa-ajattelijat.fi\/turku\/ektieto\/et-oppikirjoja\/\" aria-label=\"Lue lis\u00e4\u00e4 aiheesta ET-oppikirjoja\">Lue lis\u00e4\u00e4<\/a><\/p>\n","protected":false},"author":30,"featured_media":0,"parent":2112,"menu_order":7,"comment_status":"closed","ping_status":"closed","template":"","meta":{"footnotes":"","_links_to":"","_links_to_target":""},"class_list":["post-2204","page","type-page","status-publish"],"_links":{"self":[{"href":"https:\/\/vapaa-ajattelijat.fi\/turku\/wp-json\/wp\/v2\/pages\/2204","targetHints":{"allow":["GET"]}}],"collection":[{"href":"https:\/\/vapaa-ajattelijat.fi\/turku\/wp-json\/wp\/v2\/pages"}],"about":[{"href":"https:\/\/vapaa-ajattelijat.fi\/turku\/wp-json\/wp\/v2\/types\/page"}],"author":[{"embeddable":true,"href":"https:\/\/vapaa-ajattelijat.fi\/turku\/wp-json\/wp\/v2\/users\/30"}],"replies":[{"embeddable":true,"href":"https:\/\/vapaa-ajattelijat.fi\/turku\/wp-json\/wp\/v2\/comments?post=2204"}],"version-history":[{"count":28,"href":"https:\/\/vapaa-ajattelijat.fi\/turku\/wp-json\/wp\/v2\/pages\/2204\/revisions"}],"predecessor-version":[{"id":2695,"href":"https:\/\/vapaa-ajattelijat.fi\/turku\/wp-json\/wp\/v2\/pages\/2204\/revisions\/2695"}],"up":[{"embeddable":true,"href":"https:\/\/vapaa-ajattelijat.fi\/turku\/wp-json\/wp\/v2\/pages\/2112"}],"wp:attachment":[{"href":"https:\/\/vapaa-ajattelijat.fi\/turku\/wp-json\/wp\/v2\/media?parent=2204"}],"curies":[{"name":"wp","href":"https:\/\/api.w.org\/{rel}","templated":true}]}}