{"id":2119,"date":"2021-01-20T13:35:57","date_gmt":"2021-01-20T11:35:57","guid":{"rendered":"https:\/\/vapaa-ajattelijat.fi\/turku\/?page_id=2119"},"modified":"2023-05-04T17:49:32","modified_gmt":"2023-05-04T14:49:32","slug":"et-ystavat","status":"publish","type":"page","link":"https:\/\/vapaa-ajattelijat.fi\/turku\/ektieto\/et-ystavat\/","title":{"rendered":"ET:n yst\u00e4v\u00e4t"},"content":{"rendered":"<p>Yhdistyksemme on perustanut paikallisen tukiryhm\u00e4n el\u00e4m\u00e4nkatsomustieto-oppiaineen tunnetuksi tekemiseksi ja tietopankin ker\u00e4\u00e4miseksi. Pyrimme olemaan my\u00f6s vertaistukiryhm\u00e4 silloin, kun aineen valinnassa tai oppituntien j\u00e4rjest\u00e4misess\u00e4 kaikki ei mene niin kuin Str\u00f6ms\u00f6ss\u00e4. Lis\u00e4ksi tiedotamme yhdistyksemme jakamista el\u00e4m\u00e4nkatsomustiedon stipendeist\u00e4.<\/p>\n<p>El\u00e4m\u00e4nkatsomustieto eli ET on uskonnottomien perheiden lapsille tarkoitettu katsomusaine, jota opetetaan peruskoulussa ja lukiossa. Sen voi valita lapselle, joka ei kuulu luterilaiseen tai ortodoksiseen kirkkoon. Oppiaine on oppilasl\u00e4ht\u00f6inen ja monitieteinen, ja k\u00e4sittelee nykyp\u00e4iv\u00e4n ilmi\u00f6it\u00e4 ja haasteita sitoutumatta mihink\u00e4\u00e4n yksitt\u00e4iseen katsomukseen. El\u00e4m\u00e4nkatsomustietoa on opetettu vuodesta 1985.<\/p>\n<p>ET:n tuntematon yst\u00e4v\u00e4, olet tervetullut joukkoon!<\/p>\n<p>Terveisin kokoonkutsuja<\/p>\n<p>Ritva Ahonen<\/p>\n<p>ritva.ahonen@vapaa-ajattelijat.fi<\/p>\n<p>&nbsp;<\/p>\n<p>&nbsp;<\/p>\n","protected":false},"excerpt":{"rendered":"<p>Yhdistyksemme on perustanut paikallisen tukiryhm\u00e4n el\u00e4m\u00e4nkatsomustieto-oppiaineen tunnetuksi tekemiseksi ja tietopankin ker\u00e4\u00e4miseksi. Pyrimme olemaan my\u00f6s vertaistukiryhm\u00e4 silloin, kun aineen valinnassa tai oppituntien j\u00e4rjest\u00e4misess\u00e4 kaikki ei mene niin kuin Str\u00f6ms\u00f6ss\u00e4. Lis\u00e4ksi tiedotamme &#8230; <a title=\"ET:n yst\u00e4v\u00e4t\" class=\"read-more\" href=\"https:\/\/vapaa-ajattelijat.fi\/turku\/ektieto\/et-ystavat\/\" aria-label=\"Lue lis\u00e4\u00e4 aiheesta ET:n yst\u00e4v\u00e4t\">Lue lis\u00e4\u00e4<\/a><\/p>\n","protected":false},"author":30,"featured_media":0,"parent":2112,"menu_order":2,"comment_status":"closed","ping_status":"closed","template":"","meta":{"footnotes":"","_links_to":"","_links_to_target":""},"class_list":["post-2119","page","type-page","status-publish"],"_links":{"self":[{"href":"https:\/\/vapaa-ajattelijat.fi\/turku\/wp-json\/wp\/v2\/pages\/2119","targetHints":{"allow":["GET"]}}],"collection":[{"href":"https:\/\/vapaa-ajattelijat.fi\/turku\/wp-json\/wp\/v2\/pages"}],"about":[{"href":"https:\/\/vapaa-ajattelijat.fi\/turku\/wp-json\/wp\/v2\/types\/page"}],"author":[{"embeddable":true,"href":"https:\/\/vapaa-ajattelijat.fi\/turku\/wp-json\/wp\/v2\/users\/30"}],"replies":[{"embeddable":true,"href":"https:\/\/vapaa-ajattelijat.fi\/turku\/wp-json\/wp\/v2\/comments?post=2119"}],"version-history":[{"count":16,"href":"https:\/\/vapaa-ajattelijat.fi\/turku\/wp-json\/wp\/v2\/pages\/2119\/revisions"}],"predecessor-version":[{"id":2864,"href":"https:\/\/vapaa-ajattelijat.fi\/turku\/wp-json\/wp\/v2\/pages\/2119\/revisions\/2864"}],"up":[{"embeddable":true,"href":"https:\/\/vapaa-ajattelijat.fi\/turku\/wp-json\/wp\/v2\/pages\/2112"}],"wp:attachment":[{"href":"https:\/\/vapaa-ajattelijat.fi\/turku\/wp-json\/wp\/v2\/media?parent=2119"}],"curies":[{"name":"wp","href":"https:\/\/api.w.org\/{rel}","templated":true}]}}