{"id":208,"date":"2017-04-05T21:18:13","date_gmt":"2017-04-05T18:18:13","guid":{"rendered":"http:\/\/vapaa-ajattelijat.fi\/turku\/?page_id=208"},"modified":"2022-03-06T18:10:26","modified_gmt":"2022-03-06T16:10:26","slug":"aktuellt","status":"publish","type":"page","link":"https:\/\/vapaa-ajattelijat.fi\/turku\/svenska\/aktuellt\/","title":{"rendered":"Aktuellt"},"content":{"rendered":"\r\n<h3><span style=\"color: #0000ff\">Nytt medborgarinitiativ:<\/span>\u00a0 <span style=\"color: #0000ff\">Stat och kyrka b\u00f6r \u00e5tskiljas\u00a0<\/span> <span style=\"color: #0000ff\">(Valtion ero kirkosta)<\/span><\/h3>\r\n<h3><span style=\"color: #0000ff\">1.3.2022<\/span><\/h3>\r\n<p>Du kan l\u00e4sa om motiveringarna till initiativet och skriva under det via l\u00e4nken<\/p>\r\n<p><a href=\"https:\/\/www.kansalaisaloite.fi\/sv\/initiativ\/9926\">https:\/\/www.kansalaisaloite.fi\/sv\/initiativ\/9926<\/a><\/p>\r\n<p>Texten \u00e4r tillsvidare tyv\u00e4rr endast till mindre delar \u00f6versatt till svenska.<\/p>\r\n<p>Initiativet skulle inneb\u00e4ra att ev.lut.kyrkans och den ortodoxa kyrkans juridiska s\u00e4rst\u00e4llning skulle nedmonteras. Kyrkorna skulle omvandlas till vanliga religi\u00f6sa samfund.\u00a0 De skulle bl.a. sj\u00e4lva sk\u00f6ta indrivningen av sin kyrkoskatt.<\/p>\r\n<p>Ditt godk\u00e4nnande av initiativet kr\u00e4ver stark identifiering med dina bankkoder. L\u00e4nken ovan leder dig direkt till justitieministeriets sidor vilket \u00e4r det s\u00e4kraste s\u00e4ttet.\u00a0 (I offentligheten f\u00f6resl\u00e5s ocks\u00e5 ibland en s.k. f\u00f6rkortad kod, t.ex. av typen is.gd.\u00a0 En dylik kod inneb\u00e4r att f\u00f6rbindelsen g\u00e5r via en utl\u00e4ndsk tredje parts datorservice)<\/p>\r\n<h3>\u00a0<\/h3>\r\n<h3><span style=\"color: #0000ff\">N\u00e4sta sommars (jo, en s\u00e5dan \u00e4r p\u00e5 kommande \u2026) Prometheusl\u00e4ger<\/span><\/h3>\r\n<p><span style=\"color: #0000ff\">16.10.2020<\/span><\/p>\r\n<p>Oscar Slotte har valts till ny ordf\u00f6rande f\u00f6r Prometheus-l\u00e4grens st\u00f6d r.f. \u00a0Slotte \u00e4r finlandssvensk och studerar till sj\u00f6kapten i \u00c5bo<\/p>\r\n<p>\u201dProtu \u00e4r ett av de viktigaste sakerna i mitt liv och jag kan inte f\u00f6rest\u00e4lla mig livet utan allt det goda som Protu har medf\u00f6rt. Som ordf\u00f6rande vill jag att Protu \u00e4ven i framtiden kan ge unga stabilitet och v\u00e4nner\u201d, ber\u00e4ttar Slotte.<\/p>\r\n<p>Anm\u00e4lan till Prometheus-l\u00e4gren sommaren 2021 \u00f6ppnar 1.11.2020. Protu ordnar under sommaren sammanlagt 61 protul\u00e4ger runtom i Finland. Tre svenskspr\u00e5kiga l\u00e4ger ordnas i Nyland och Egentliga Finland. L\u00e4gerplatserna och -tiderna publiceras p\u00e5 Protus webbsidor den 25.10.2020.<\/p>\r\n<p>Prometheus-l\u00e4gren, allts\u00e5 protul\u00e4gren, \u00e4r livs\u00e5sk\u00e5dningsl\u00e4ger som alla \u00e4r v\u00e4lkomna med p\u00e5 f\u00f6r f\u00e5 verktyg till livet, utveckla sin egna v\u00e4rldsbild och sj\u00e4lvst\u00e4ndigt t\u00e4nkande. Id\u00e9n bakom l\u00e4gren \u00e4r att m\u00e4nniskor sj\u00e4lv skall kunna best\u00e4mma \u00f6ver sitt liv och ta ansvar \u00f6ver v\u00e4rlden. De unga erbjuds inte f\u00e4rdiga svar utan man funderar och diskuterar kring de olika teman i grupp. Deltagarna \u00e4r oftast \u00e5ttonde- eller nionde klassister, men det ordnas \u00e4ven l\u00e4ger f\u00f6r 16\u201320 \u00e5ringar och \u00e4ven f\u00f6r vuxna. Verksamheten drivs i huvudsak av frivilligarbete och \u00e4r religi\u00f6st och politiskt obunden.<\/p>\r\n<p><a href=\"https:\/\/www.protu.fi\/svenska\">https:\/\/www.protu.fi\/svenska<\/a><\/p>\r\n<p>&nbsp;<\/p>\r\n\r\n\r\n\r\n<h3 class=\"wp-block-heading\"><span style=\"color: #0000ff\">\u00c5bo frit\u00e4nkares skolstipendier har delats ut (30.5.2020)<\/span><\/h3>\r\n\r\n\r\n\r\n<p>\u00c5bo frit\u00e4nkare delar \u00e5rligen ut skolstipendier f\u00f6r framg\u00e5ngsrika studier i livs\u00e5sk\u00e5dningsl\u00e4ra. I \u00e5r beviljades gymnasiestipendiet \u00e5t en ny student fr\u00e5n Turun Klassillinen Lyseo. H\u00f6gstadiestipendierna beviljades \u00e5t tv\u00e5 elever fr\u00e5n nionde klassen i Puolalaskolan respektive Turun Lyseo.<\/p>\r\n\r\n\r\n\r\n<p>Vi gratulerar stipendiaterna !<\/p>\r\n\r\n\r\n\r\n<p><em>Stig-G\u00f6ran Lindqvist<\/em><\/p>\r\n\r\n\r\n\r\n\r\n\r\n\r\n\r\n\r\n\r\n<p>&nbsp;<\/p>\r\n\r\n\r\n\r\n<h3 class=\"wp-block-heading\"><span style=\"color: #0000ff\">N\u00e4sta sommars Prometheusl\u00e4ger<\/span><\/h3>\r\n\r\n\r\n\r\n<p>N\u00e4sta sommars l\u00e4ger bokas som b\u00e4st. Svenska l\u00e4ger arrangeras i Sagu Halslax och i Esbo Noux. Det finns lediga platser !<\/p>\r\n\r\n\r\n\r\n<p>Se <a href=\"https:\/\/www.protu.fi\/svenska\/skolningar\">https:\/\/www.protu.fi\/svenska\/skolningar<\/a><\/p>\r\n\r\n\r\n\r\n<p>Det erbjuds olika temal\u00e4ger. Principerna f\u00f6r l\u00e4gren hittar man p\u00e5<\/p>\r\n\r\n\r\n\r\n<p><a href=\"https:\/\/www.protu.fi\/svenska\/principerna\">https:\/\/www.protu.fi\/svenska\/principerna<\/a><\/p>\r\n\r\n\r\n\r\n<p>L\u00e4gren har varit synnerligen popul\u00e4ra. Avgifterna varierar mellan 295 och 390 \u20ac. Om man har sv\u00e5righeter med finsieringen kan man ans\u00f6ka om rabatt.<\/p>\r\n\r\n<h3>\u00a0<\/h3>\r\n<h3>\u00a0<\/h3>\r\n<h3><span style=\"color: #0000ff\"><strong>\u00c5bo frit\u00e4nkare deltar i \u00c5bo Pride-veckan 19-25.8.2019<\/strong><\/span><\/h3>\r\n\r\n<p><strong>1\/ Vi arrangerar en Bar- och diskussionskv\u00e4ll torsdagen 22.8<\/strong>. Vi har varit tvungna att i sista stund byta platsen f\u00f6r diskussionskv\u00e4llen till <strong>Restaurang Fontti, K\u00f6pmansgatan 5, restaurangens bakre del. <\/strong>V\u00e4lkommen !<\/p>\r\n\r\n\r\n\r\n<p>Diskussionstemat \u00e4r <strong>\u201dPassionerat mot heteronormen fr\u00e5n antiken till idag<\/strong>&#8221;. Vid tillf\u00e4llet diskuterar den finska f\u00f6rfattaren <em>Gerry Birgit Ilvesheimo<\/em> och pol.mag. <em>Eero Suorsa <\/em>s\u00e5dana former av passion och k\u00e4rlek i filosofins historia och sk\u00f6nlitteraturen som inte rymts inom tr\u00e5nga ramar. V\u00e4lkommen med !<\/p>\r\n\r\n\r\n\r\n<p><em>Ilvesheimo<\/em> har en bakgrund som forskare i filosofins historia och \u00e4r idag en fri f\u00f6rfattare som har publicerat fyra b\u00f6cker. Den nyaste, \u201dIlmestyskirja\u201d utkom f\u00f6rra \u00e5ret. I b\u00f6ckerna behandlas med ett filosofiskt och samh\u00e4llskritiskt grepp livets m\u00e5ngfald utanf\u00f6r normerna, s\u00e4v\u00e4l historiskt som i modern tid, fr\u00e5n f\u00f6rkrigstidens Berlin till queer-kretsarna i Helsingfors!<\/p>\r\n\r\n\r\n\r\n<p>En aktiv och fr\u00e5gest\u00e4llande publik \u00e4r en del av diskussionen. \u00c5bo frit\u00e4nkares <em>Eero Suorsa<\/em> leder och modererar diskussionen.<\/p>\r\n\r\n\r\n\r\n<p><strong>2\/ Vi deltar i Pridet\u00e5get l\u00f6rdagen 24.8 kl 12<\/strong><\/p>\r\n\r\n\r\n\r\n<p>\u00c5bo frit\u00e4nkare deltar under egen banderoll <a><em>&#8221;Yhdenvertaisuuden puolesta &#8211; vapaa-ajattelijat&#8221;<\/em><\/a>. \u00a0Du \u00e4r v\u00e4lkommen att delta. Anm\u00e4l dig i god tid till <em>Ritva Ahonen<\/em> (<a href=\"mailto:sutiritva@gmail.com\">sutiritva@gmail.com<\/a>) eller till mig.<\/p>\r\n\r\n\r\n\r\n<p>T\u00e5get organiserar sig kl 12 p\u00e5 Lilltorget, startar kl 13 och avslutas i Puolalaparken.<\/p>\r\n\r\n\r\n\r\n<p><strong>3\/ Parkfesten l\u00f6rdagen 24.8 kl 14-16<\/strong><\/p>\r\n\r\n\r\n\r\n<p>Vi har ett eget bord med informationsmaterial i Puolalaparken.<\/p>\r\n\r\n\r\n\r\n<p><strong>4\/ Kv\u00e4llsfesten h\u00e5lls i Sk\u00e4rg\u00e5rdsbaren p\u00e5 Auragatan 24.8 kl 19-04 <\/strong><\/p>\r\n\r\n\r\n\r\n<p>Se \u00c5bo Prides webbsidor<\/p>\r\n\r\n\r\n\r\n<p><a href=\"https:\/\/turkupride.fi\/\">https:\/\/turkupride.fi\/<\/a><\/p>\r\n\r\n\r\n\r\n<p><a href=\"https:\/\/www.turku.fi\/sv\/nyhet\/2018-07-05_abo-pride-pryder-staden-med-regnbagens-farger\">https:\/\/www.turku.fi\/sv\/nyhet\/2018-07-05_abo-pride-pryder-staden-med-regnbagens-farger<\/a><\/p>\r\n\r\n\r\n\r\n\r\n\r\n\r\n\r\n\r\n\r\n<p>&nbsp;<\/p>\r\n\r\n<h3>\u00a0<\/h3>\r\n<h3><span style=\"color: #0000ff\"><span style=\"color: #3366ff\">\u00c5bo frit\u00e4nkares stipendier f\u00f6r framg\u00e5ngsrika studier i livs\u00e5sk\u00e5dningsl\u00e4ra utdelades 1.6.2019<\/span><\/span><\/h3>\r\n\r\n\r\n\r\n<p>&nbsp;<\/p>\r\n<p>Frit\u00e4nkarna delar \u00e5rligen ut stipendier. De gick i \u00e5r till \u00c5bo Normalskola. Tv\u00e5 stipendier gick till h\u00f6gstadiet\u00a0 och ett till IB-gymnasiet (1 st.).<\/p>\r\n<h2>\r\n\r\n<\/h2>\r\n<p>Vi gratulerar stipendiaterna!<\/p>\r\n<h2>\r\n\r\n<\/h2>\r\n<p><em>Stig-G\u00f6ran Lindqvist<\/em><\/p>\r\n<h2>\r\n\r\n<\/h2>\r\n<p>&nbsp;<\/p>\r\n<h2>\r\n\r\n<\/h2>\r\n<p>&nbsp;<\/p>\r\n<h2>\r\n\r\n<\/h2>\r\n<h3 class=\"wp-block-heading\">\u00a0<\/h3>\r\n<h2><\/h2>","protected":false},"excerpt":{"rendered":"<p>Nytt medborgarinitiativ:\u00a0 Stat och kyrka b\u00f6r \u00e5tskiljas\u00a0 (Valtion ero kirkosta) 1.3.2022 Du kan l\u00e4sa om motiveringarna till initiativet och skriva under det via l\u00e4nken https:\/\/www.kansalaisaloite.fi\/sv\/initiativ\/9926 Texten \u00e4r tillsvidare tyv\u00e4rr endast &#8230; <a title=\"Aktuellt\" class=\"read-more\" href=\"https:\/\/vapaa-ajattelijat.fi\/turku\/svenska\/aktuellt\/\" aria-label=\"Lue lis\u00e4\u00e4 aiheesta Aktuellt\">Lue lis\u00e4\u00e4<\/a><\/p>\n","protected":false},"author":22,"featured_media":0,"parent":1129,"menu_order":2,"comment_status":"open","ping_status":"closed","template":"","meta":{"footnotes":"","_links_to":"","_links_to_target":""},"class_list":["post-208","page","type-page","status-publish"],"_links":{"self":[{"href":"https:\/\/vapaa-ajattelijat.fi\/turku\/wp-json\/wp\/v2\/pages\/208","targetHints":{"allow":["GET"]}}],"collection":[{"href":"https:\/\/vapaa-ajattelijat.fi\/turku\/wp-json\/wp\/v2\/pages"}],"about":[{"href":"https:\/\/vapaa-ajattelijat.fi\/turku\/wp-json\/wp\/v2\/types\/page"}],"author":[{"embeddable":true,"href":"https:\/\/vapaa-ajattelijat.fi\/turku\/wp-json\/wp\/v2\/users\/22"}],"replies":[{"embeddable":true,"href":"https:\/\/vapaa-ajattelijat.fi\/turku\/wp-json\/wp\/v2\/comments?post=208"}],"version-history":[{"count":58,"href":"https:\/\/vapaa-ajattelijat.fi\/turku\/wp-json\/wp\/v2\/pages\/208\/revisions"}],"predecessor-version":[{"id":2460,"href":"https:\/\/vapaa-ajattelijat.fi\/turku\/wp-json\/wp\/v2\/pages\/208\/revisions\/2460"}],"up":[{"embeddable":true,"href":"https:\/\/vapaa-ajattelijat.fi\/turku\/wp-json\/wp\/v2\/pages\/1129"}],"wp:attachment":[{"href":"https:\/\/vapaa-ajattelijat.fi\/turku\/wp-json\/wp\/v2\/media?parent=208"}],"curies":[{"name":"wp","href":"https:\/\/api.w.org\/{rel}","templated":true}]}}