{"id":1851,"date":"2020-02-20T13:13:22","date_gmt":"2020-02-20T11:13:22","guid":{"rendered":"http:\/\/vapaa-ajattelijat.fi\/turku\/?page_id=1851"},"modified":"2025-08-08T10:38:34","modified_gmt":"2025-08-08T07:38:34","slug":"civilvigsel","status":"publish","type":"page","link":"https:\/\/vapaa-ajattelijat.fi\/turku\/svenska\/civilvigsel\/","title":{"rendered":"Civil vigsel i \u00c5bo och Sydv\u00e4stra Finland, samt p\u00e5 \u00c5land"},"content":{"rendered":"\n<p><strong>\u00c5bo frit\u00e4nkares informationsbank<\/strong><\/p>\n\n\n\n<p>Ett civilt \u00e4ktenskap \u00e4r ett juridiskt avtal mellan tv\u00e5 vuxna samlevande personer. Vigseltillf\u00e4llet \u00e4r samtidigt ett s\u00e4tt att st\u00e4rka parf\u00f6rh\u00e5llandet och fira parets k\u00e4rlek.&nbsp; Idag v\u00e4ljer majoriteten av de finl\u00e4ndska paren en civil vigsel, som vanligen f\u00f6rr\u00e4ttas av <em>Myndigheten f\u00f6r digitalisering och befolkningsdata<\/em> (den tidigare Magistraten). Den finska ben\u00e4mningen \u00e4r <em>Digi- ja v\u00e4est\u00f6tietovirasto<\/em> (DVV).&nbsp; Vigseln kan f\u00f6rr\u00e4ttas av den lokala DVV-byr\u00e5ns chef, h\u00e4radsskrivare eller notarie. Alternativt kan vigseln f\u00f6rr\u00e4ttas vid en tingsr\u00e4tt av lagman, tingsdomare, \u00e5klagare eller notarie.<\/p>\n\n\n\n<p>I sydv\u00e4stra Finland kan en civil vigsel sk\u00f6tas p\u00e5 tre st\u00e4llen:&nbsp; vid tingsr\u00e4tten i \u00c5bo eller vid DVV:s lokala kontor i \u00c5bo eller Bj\u00f6rneborg.<\/p>\n\n\n\n<p>F\u00f6re vigseln beh\u00f6vs det en utredning av eventuella hinder f\u00f6r ett \u00e4ktenskap. Utredningen tar sju dagar. Vid vigseltillf\u00e4llet beh\u00f6vs det tv\u00e5 15 \u00e5r fyllda vittnen. DVV:s anst\u00e4llda kan fungera som vittnen, men man b\u00f6r d\u00e5 komma \u00f6verens om det p\u00e5 f\u00f6rhand.<\/p>\n\n\n\n<p>Vigseln \u00e4r gratis om den sker i vigself\u00f6rr\u00e4ttarens rum under tj\u00e4nstetid. DVV:s vigselutrymmen \u00e4r st\u00f6rre och trivsammare \u00e4n ett vanligt tj\u00e4nsterum och l\u00e4mpliga ocks\u00e5 f\u00f6r ett antal g\u00e4ster (typiskt 10-20).<\/p>\n\n\n\n<p>M\u00e5nga par gifter sig inf\u00f6r ett mindre antal vittnen och ordnar d\u00e4refter en br\u00f6llopsfest enligt egen smak f\u00f6r ett eventuellt st\u00f6rre antal g\u00e4ster. F\u00f6r festen kan man best\u00e4lla en talare t.ex. fr\u00e5n <a href=\"http:\/\/pro-seremoniat.fi\/pro-ceremonier\/\">Pro Seremonier<\/a> . Man kan \u00e4ven s\u00f6ka festst\u00e4mning med tal av g\u00e4ster eller av paret sj\u00e4lvt.<\/p>\n\n\n\n<p>Festen kan lika v\u00e4l vara liten och informell, endast det korta vigselformul\u00e4ret \u00e4r n\u00f6dv\u00e4ndigt.<\/p>\n\n\n\n<p>Vigself\u00f6rr\u00e4ttaren kan \u00e4ven bjudas in till festen, varvid alla g\u00e4sterna kan ta del av sj\u00e4lva akten.<\/p>\n\n\n\n<p>Om vigseln sker utanf\u00f6r \u00e4mbetsverket och utanf\u00f6r arbetstid fakturerar DVV&nbsp; 250\u20ac + eventuella resekostnader enligt statliga tariffer.<\/p>\n\n\n\n<p>Lediga tider och platser kan man kolla och boka p\u00e5 <a href=\"https:\/\/secure.vihta.com\/public-ng\/dvv\/#\/home\">https:\/\/secure.vihta.com\/public-ng\/dvv\/#\/home<\/a><\/p>\n\n\n\n<p>Fr\u00e5gor kan st\u00e4llas via e-postadressen <a href=\"mailto:vihkiminen@dvv.fi\"><em>vihkiminen@dvv.fi<\/em><\/a>&nbsp;&nbsp; eller per telefon.<\/p>\n\n\n\n<p>Civila vigslar ordnas gratis p\u00e5 f\u00f6ljande adresser i sydv\u00e4stra Finland och p\u00e5 \u00c5land:<\/p>\n\n\n\n<ul class=\"wp-block-list\">\n<li>DVV, \u00c5bo: vigslar huvudsakligen p\u00e5 torsdagar och fredagar. Sj\u00e4lvst\u00e4ndighetsplan 2, 20800 \u00c5bo<\/li>\n\n\n\n<li>DVV, Bj\u00f6rneborg: vigslar huvudsakligen p\u00e5 tisdagar och fredagar. Pohjoisranta 11 E, 28100 Bj\u00f6rneborg<\/li>\n\n\n\n<li>Egentliga Finlands tingsr\u00e4tt: Lasarettsgatan 2-4, 20100 \u00c5bo<\/li>\n<\/ul>\n\n\n\n<p>P\u00e5 \u00c5land kan en civil vigsel sk\u00f6tas gratis antingen p\u00e5 Statens \u00e4mbetsverk p\u00e5 \u00c5land av h\u00e4radsskrivaren eller notarien, eller p\u00e5 \u00c5lands tingsr\u00e4tt av lagman, tingsdomare eller tingsnotarie. B\u00e5da myndigheterna finns i Statens \u00e4mbetshus i Mariehamn. Se&nbsp;&nbsp; <a href=\"https:\/\/www.ambetsverket.ax\/arenden\/vigsel\">https:\/\/www.ambetsverket.ax\/arenden\/vigsel<\/a><\/p>\n\n\n\n<p><\/p>\n\n\n\n<h2 class=\"wp-block-heading\"><\/h2>\n\n\n\n<p><\/p>\n\n\n\n<p><\/p>\n","protected":false},"excerpt":{"rendered":"<p>\u00c5bo frit\u00e4nkares informationsbank Ett civilt \u00e4ktenskap \u00e4r ett juridiskt avtal mellan tv\u00e5 vuxna samlevande personer. Vigseltillf\u00e4llet \u00e4r samtidigt ett s\u00e4tt att st\u00e4rka parf\u00f6rh\u00e5llandet och fira parets k\u00e4rlek.&nbsp; Idag v\u00e4ljer majoriteten &#8230; <a title=\"Civil vigsel i \u00c5bo och Sydv\u00e4stra Finland, samt p\u00e5 \u00c5land\" class=\"read-more\" href=\"https:\/\/vapaa-ajattelijat.fi\/turku\/svenska\/civilvigsel\/\" aria-label=\"Lue lis\u00e4\u00e4 aiheesta Civil vigsel i \u00c5bo och Sydv\u00e4stra Finland, samt p\u00e5 \u00c5land\">Lue lis\u00e4\u00e4<\/a><\/p>\n","protected":false},"author":30,"featured_media":0,"parent":1129,"menu_order":6,"comment_status":"closed","ping_status":"closed","template":"","meta":{"footnotes":"","_links_to":"","_links_to_target":""},"class_list":["post-1851","page","type-page","status-publish"],"_links":{"self":[{"href":"https:\/\/vapaa-ajattelijat.fi\/turku\/wp-json\/wp\/v2\/pages\/1851","targetHints":{"allow":["GET"]}}],"collection":[{"href":"https:\/\/vapaa-ajattelijat.fi\/turku\/wp-json\/wp\/v2\/pages"}],"about":[{"href":"https:\/\/vapaa-ajattelijat.fi\/turku\/wp-json\/wp\/v2\/types\/page"}],"author":[{"embeddable":true,"href":"https:\/\/vapaa-ajattelijat.fi\/turku\/wp-json\/wp\/v2\/users\/30"}],"replies":[{"embeddable":true,"href":"https:\/\/vapaa-ajattelijat.fi\/turku\/wp-json\/wp\/v2\/comments?post=1851"}],"version-history":[{"count":7,"href":"https:\/\/vapaa-ajattelijat.fi\/turku\/wp-json\/wp\/v2\/pages\/1851\/revisions"}],"predecessor-version":[{"id":3256,"href":"https:\/\/vapaa-ajattelijat.fi\/turku\/wp-json\/wp\/v2\/pages\/1851\/revisions\/3256"}],"up":[{"embeddable":true,"href":"https:\/\/vapaa-ajattelijat.fi\/turku\/wp-json\/wp\/v2\/pages\/1129"}],"wp:attachment":[{"href":"https:\/\/vapaa-ajattelijat.fi\/turku\/wp-json\/wp\/v2\/media?parent=1851"}],"curies":[{"name":"wp","href":"https:\/\/api.w.org\/{rel}","templated":true}]}}