{"id":1795,"date":"2020-02-10T18:39:19","date_gmt":"2020-02-10T16:39:19","guid":{"rendered":"http:\/\/vapaa-ajattelijat.fi\/turku\/?page_id=1795"},"modified":"2025-08-08T11:49:01","modified_gmt":"2025-08-08T08:49:01","slug":"info-siviilivihkiminen","status":"publish","type":"page","link":"https:\/\/vapaa-ajattelijat.fi\/turku\/juhlaan\/info-siviilivihkiminen\/","title":{"rendered":"Tietopankki,  siviilivihkiminen"},"content":{"rendered":"\n<p>Avioliitto on laillinen sopimus kahden aikuisen ihmisen v\u00e4lill\u00e4, mutta my\u00f6s tilaisuus vahvistaa parisuhdetta ja juhlia yhteist\u00e4 rakkautta. Nyky\u00e4\u00e4n valtaosa suomalaisista pareista valitsee siviilivihkimisen, joka suoritetaan yleens\u00e4 digi- ja v\u00e4est\u00f6tietovirastossa (ent. maistraatti) tai k\u00e4r\u00e4j\u00e4oikeuden tiloissa. Vihkij\u00e4n\u00e4 voi toimia DVV:ss\u00e4 maistraatin p\u00e4\u00e4llikk\u00f6, henkikirjoittaja tai julkinen notaari. K\u00e4r\u00e4j\u00e4oikeudessa vihkimisen voi toimittaa laamanni, k\u00e4r\u00e4j\u00e4tuomari, k\u00e4r\u00e4j\u00e4viskaali tai julkinen notaari.<\/p>\n\n\n\n<p>Siviilivihkiminen Turussa ja l\u00e4hiseudulla onnistuu virka-aikaan kolmessa toimipisteess\u00e4: Varsinais-Suomen k\u00e4r\u00e4j\u00e4oikeudessa tai Digi- ja v\u00e4est\u00f6tietoviraston palvelupaikoissa Turussa tai Porissa. Valitettavasti Salon ja Rauman palvelupaikat on suljettu pysyv\u00e4sti vuonna 2025. Vihkimisen yhteydess\u00e4 vanha maistraatti-sana on edelleen k\u00e4yt\u00f6ss\u00e4, ja esimerkiksi palvelupaikoissa on edelleen maistraatti-opasteen nimenomaan vihkimisi\u00e4 ajatellen. Vihkitodistukseen merkit\u00e4\u00e4n kuitenkin DVV:n leima.<\/p>\n\n\n\n<p>Ennen vihille suuntaamista tarvitaan aina avioliiton esteiden tutkinta, jonka suorittaminen kest\u00e4\u00e4 seitsem\u00e4n p\u00e4iv\u00e4\u00e4. Vihkitilaisuudessa tulee olla l\u00e4sn\u00e4 kaksi v\u00e4hint\u00e4\u00e4n 15 vuotta t\u00e4ytt\u00e4nytt\u00e4 todistajaa. Digi- ja v\u00e4est\u00f6tietoviraston henkil\u00f6kunta voi toimia tarvittaessa todistajina, mutta siit\u00e4 tulee sopia etuk\u00e4teen.<\/p>\n\n\n\n<p>Vihkiminen on maksutonta silloin, kun se tapahtuu vihkij\u00e4n virkahuoneessa virka-aikana. Digi- ja v\u00e4est\u00f6tietovirastojen vihkipaikat ovat tavallista toimistohuonetta suurempia ja juhlallisempia, joten niihin voi kutsua mukaan my\u00f6s vieraita. Varsinais-Suomen alueen vihkitiloihin mahtuu paikasta riippuen mukavasti noin 10\u201320 vierasta.<\/p>\n\n\n\n<p>Monet parit menev\u00e4t naimisiin pienen todistajam\u00e4\u00e4r\u00e4n edess\u00e4 ja j\u00e4rjest\u00e4v\u00e4t erikseen h\u00e4\u00e4juhlan suuremmalle joukolle. T\u00e4ll\u00f6in h\u00e4\u00e4tilaisuuteen voi halutessaan kutsua esimerkiksi Pro-Seremonioiden puhujan tilaisuutta juhlistamaan. Juhlavaa tunnelmaa voi yht\u00e4 hyvin hakea my\u00f6s vieraiden tai h\u00e4\u00e4parin itsens\u00e4 pit\u00e4m\u00e4st\u00e4 puheesta, symbolisista seremonioista tai h\u00e4\u00e4parin sis\u00e4\u00e4ntulosta musiikin soidessa. H\u00e4\u00e4juhlan voi kuitenkin j\u00e4rjest\u00e4\u00e4 niin ep\u00e4muodollisesti kuin haluaa tai j\u00e4tt\u00e4\u00e4 sen vaikka kokonaan j\u00e4rjest\u00e4m\u00e4tt\u00e4: ainoa pakollinen kaava on vihkikaava, joka on siviilivihkimisiss\u00e4 hyvin lyhyt ja ytimek\u00e4s.<\/p>\n\n\n\n<p>Vihkij\u00e4n voi pyyt\u00e4\u00e4 my\u00f6s osaksi h\u00e4\u00e4juhlaa, jolloin kaikki vieraat p\u00e4\u00e4sev\u00e4t todistamaan suurta tapahtumaa. Jos vihkiminen tapahtuu virkapaikan ja virka-ajan ulkopuolella, siit\u00e4 veloitetaan 250 euroa ja matkakustannukset valtion matkustuss\u00e4\u00e4nn\u00f6n mukaan (tilanne 1.1.2020). Useimmissa digi- ja v\u00e4est\u00f6tietovirastoissa on ty\u00f6ntekij\u00f6it\u00e4, jotka ovat valmiita vihkim\u00e4\u00e4n my\u00f6s h\u00e4\u00e4parin toivomassa paikassa. Lis\u00e4ksi on olemassa vapaita siviilivihkij\u00f6it\u00e4, jotka eiv\u00e4t ole viraston ty\u00f6ntekij\u00f6it\u00e4, mutta joilla on vihkimisoikeus. Tiedustelut n\u00e4ist\u00e4 vihkij\u00f6ist\u00e4 kannattaa esitt\u00e4\u00e4 t\u00e4ll\u00f6in suoraan s\u00e4hk\u00f6postitse osoitteeseen vihkiminen@dvv.fi.<\/p>\n\n\n\n<p>Digi- v\u00e4est\u00f6tietoviraston sivulta <a href=\"https:\/\/dvv.fi\/vihkiminen\">https:\/\/dvv.fi\/vihkiminen<\/a> l\u00f6ytyy linkki ajanvarausj\u00e4rjestelm\u00e4\u00e4n, yhteystiedot sek\u00e4 paljon muuta tarpeellista tietoa. Vihkiajan voi valita vapaasti haluamastaan palvelupaikasta miss\u00e4 tahansa Suomessa. <\/p>\n\n\n\n<p>Siviilivihkiminen Turussa tai l\u00e4hialueilla on maksutta mahdollista n\u00e4iss\u00e4 toimipisteiss\u00e4:<\/p>\n\n\n\n<p><strong>Turun palvelupaikka<\/strong>: vihkimiset p\u00e4\u00e4s\u00e4\u00e4nt\u00f6isesti torstaisin ja perjantaisin. Itsen\u00e4isyydenaukio 2, 20800 Turku<\/p>\n\n\n\n<p><strong>Porin palvelupaikka<\/strong>: vihkimiset p\u00e4\u00e4s\u00e4\u00e4nt\u00f6isesti tiistaisin ja perjantaisin. Pohjoisranta 11 E, 28100 Pori<\/p>\n\n\n\n<p><strong>Varsinais-Suomen k\u00e4r\u00e4j\u00e4oikeus<\/strong>: Sairashuoneenkatu 2-4, 20100 Turku<\/p>\n\n\n\n<p><\/p>\n\n\n\n<p><\/p>\n\n\n\n<p><\/p>\n","protected":false},"excerpt":{"rendered":"<p>Avioliitto on laillinen sopimus kahden aikuisen ihmisen v\u00e4lill\u00e4, mutta my\u00f6s tilaisuus vahvistaa parisuhdetta ja juhlia yhteist\u00e4 rakkautta. Nyky\u00e4\u00e4n valtaosa suomalaisista pareista valitsee siviilivihkimisen, joka suoritetaan yleens\u00e4 digi- ja v\u00e4est\u00f6tietovirastossa (ent. &#8230; <a title=\"Tietopankki,  siviilivihkiminen\" class=\"read-more\" href=\"https:\/\/vapaa-ajattelijat.fi\/turku\/juhlaan\/info-siviilivihkiminen\/\" aria-label=\"Lue lis\u00e4\u00e4 aiheesta Tietopankki,  siviilivihkiminen\">Lue lis\u00e4\u00e4<\/a><\/p>\n","protected":false},"author":30,"featured_media":0,"parent":222,"menu_order":2,"comment_status":"closed","ping_status":"closed","template":"","meta":{"footnotes":"","_links_to":"","_links_to_target":""},"class_list":["post-1795","page","type-page","status-publish"],"_links":{"self":[{"href":"https:\/\/vapaa-ajattelijat.fi\/turku\/wp-json\/wp\/v2\/pages\/1795","targetHints":{"allow":["GET"]}}],"collection":[{"href":"https:\/\/vapaa-ajattelijat.fi\/turku\/wp-json\/wp\/v2\/pages"}],"about":[{"href":"https:\/\/vapaa-ajattelijat.fi\/turku\/wp-json\/wp\/v2\/types\/page"}],"author":[{"embeddable":true,"href":"https:\/\/vapaa-ajattelijat.fi\/turku\/wp-json\/wp\/v2\/users\/30"}],"replies":[{"embeddable":true,"href":"https:\/\/vapaa-ajattelijat.fi\/turku\/wp-json\/wp\/v2\/comments?post=1795"}],"version-history":[{"count":12,"href":"https:\/\/vapaa-ajattelijat.fi\/turku\/wp-json\/wp\/v2\/pages\/1795\/revisions"}],"predecessor-version":[{"id":3260,"href":"https:\/\/vapaa-ajattelijat.fi\/turku\/wp-json\/wp\/v2\/pages\/1795\/revisions\/3260"}],"up":[{"embeddable":true,"href":"https:\/\/vapaa-ajattelijat.fi\/turku\/wp-json\/wp\/v2\/pages\/222"}],"wp:attachment":[{"href":"https:\/\/vapaa-ajattelijat.fi\/turku\/wp-json\/wp\/v2\/media?parent=1795"}],"curies":[{"name":"wp","href":"https:\/\/api.w.org\/{rel}","templated":true}]}}