{"id":1462,"date":"2025-05-13T10:54:49","date_gmt":"2025-05-13T07:54:49","guid":{"rendered":"https:\/\/vapaa-ajattelijat.fi\/tampere\/?post_type=product&#038;p=1462"},"modified":"2025-10-23T14:33:46","modified_gmt":"2025-10-23T11:33:46","slug":"tampereen-vapaa-ajattelijat-80-vuotta","status":"publish","type":"product","link":"https:\/\/vapaa-ajattelijat.fi\/tampere\/tuote\/tampereen-vapaa-ajattelijat-80-vuotta\/","title":{"rendered":"Tampereen vapaa-ajattelijat 80 vuotta 25.10.2025"},"content":{"rendered":"<p><strong>Virallinen ohjelma:<\/strong><\/p>\n<p>15.00 Ovet aukeavat<br \/>\n16.00 Maljapuhe ja tervetuliassanat: Riku B\u00e4hr. Yhdistysten ja muiden tahojen onnittelupuheita.<br \/>\n17.00 <strong>Olivera<\/strong> esiintyy<br \/>\n17.30 Kahvia, skumppaa ja pient\u00e4 purtavaa tarjolla<br \/>\n18.30 Mentalisti <strong>Jose Ahonen\u00a0<\/strong>esiintyy<br \/>\n19.00 <strong>Tietovisa<\/strong> &#8221;80 vuotta vapaata ajattelua Pirkanmaalla&#8221;<br \/>\n20.00 Virallinen ohjelma p\u00e4\u00e4ttyy<\/p>\n<p><strong>Jatkojen ohjelma:<\/strong><br \/>\n20.00 Vapaaklubin ovet avautuvat: Karaokea ja virvokkeita<br \/>\n20.00 &#8211; 23.00 Sauna l\u00e4mpim\u00e4n\u00e4 Pii-klubilla<\/p>\n<p>&nbsp;<\/p>\n","protected":false},"excerpt":{"rendered":"<h1><span style=\"color: #ff0000;\">Ilmoittautuminen suljettu<\/span><\/h1>\n<p><strong>Aika: 25.10.2025<br \/>\nPaikka: Pii-klubi, Yliopistonkatu 58B<\/strong><\/p>\n<p><strong>N\u00e4m\u00e4 juhlat eiv\u00e4 ole p\u00f6n\u00f6tyst\u00e4 vaan 80-vuotiaan Tampereen vapaa-ajattelijat ry:n juhlintaa!<\/strong><br \/>\nPukukoodi on rento, ei siis kravattia kaulaan, jos se ei sitten ole niin olennainen osa tyyli\u00e4si, ettet voi siit\u00e4 luopua.<\/p>\n<p>Viralliseen osuuteen, klo 16.00 alkaen kuuluu minimaalinen m\u00e4\u00e4r\u00e4 puheita. Sen sijaan tarjoamme teille <a href=\"https:\/\/vapaa-ajattelijat.fi\/blog\/lehti\/olivera-thank-god-im-an-atheist\/\">Oliveran<\/a> keikan ja\u00a0 <a href=\"https:\/\/mielentaikuutta.com\/\">Mentalisti Jose Ahosen<\/a> shown, muistelemme menneit\u00e4 vuosikymmeni\u00e4 tietovisan merkeiss\u00e4 ja nautimme kuohuvaa.<\/p>\n<p>Ep\u00e4virallisessa osuudessa, klo 20.00 alkaen l\u00e4mpe\u00e4\u00e4 Pii-klubin sauna ja Vapaaklubilla p\u00e4\u00e4set mm. laulamaan karaokea. P\u00e4\u00e4paino on viihtymisell\u00e4 ja seurustelulla!<\/p>\n<p><strong>Tervetuloa!<\/strong><\/p>\n<p><em>Muista ilmoittaa jokainen osallistuja erikseen, ett\u00e4 osaamme varata tarjoilut oikein.<\/em><\/p>\n","protected":false},"featured_media":1465,"comment_status":"closed","ping_status":"closed","template":"","meta":[],"product_brand":[],"product_cat":[43],"product_tag":[],"class_list":{"0":"post-1462","1":"product","2":"type-product","3":"status-publish","4":"has-post-thumbnail","6":"product_cat-tapahtumat","8":"first","9":"outofstock","10":"featured","11":"sold-individually","12":"shipping-taxable","13":"purchasable","14":"product-type-variable"},"yoast_head":"<!-- This site is optimized with the Yoast SEO plugin v27.4 - https:\/\/yoast.com\/product\/yoast-seo-wordpress\/ -->\n<title>Tampereen vapaa-ajattelijat 80 vuotta 25.10.2025 - Tampereen vapaa-ajattelijat<\/title>\n<meta name=\"robots\" content=\"index, follow, max-snippet:-1, max-image-preview:large, max-video-preview:-1\" \/>\n<link rel=\"canonical\" href=\"https:\/\/vapaa-ajattelijat.fi\/tampere\/tuote\/tampereen-vapaa-ajattelijat-80-vuotta\/\" \/>\n<meta property=\"og:locale\" content=\"fi_FI\" \/>\n<meta property=\"og:type\" content=\"article\" \/>\n<meta property=\"og:title\" content=\"Tampereen vapaa-ajattelijat 80 vuotta 25.10.2025 - Tampereen vapaa-ajattelijat\" \/>\n<meta property=\"og:description\" content=\"Ilmoittautuminen suljettu Aika: 25.10.2025 Paikka: Pii-klubi, Yliopistonkatu 58B  N\u00e4m\u00e4 juhlat eiv\u00e4 ole p\u00f6n\u00f6tyst\u00e4 vaan 80-vuotiaan Tampereen vapaa-ajattelijat ry:n juhlintaa! Pukukoodi on rento, ei siis kravattia kaulaan, jos se ei sitten ole niin olennainen osa tyyli\u00e4si, ettet voi siit\u00e4 luopua.  Viralliseen osuuteen, klo 16.00 alkaen kuuluu minimaalinen m\u00e4\u00e4r\u00e4 puheita. Sen sijaan tarjoamme teille Oliveran keikan ja\u00a0 Mentalisti Jose Ahosen shown, muistelemme menneit\u00e4 vuosikymmeni\u00e4 tietovisan merkeiss\u00e4 ja nautimme kuohuvaa.  Ep\u00e4virallisessa osuudessa, klo 20.00 alkaen l\u00e4mpe\u00e4\u00e4 Pii-klubin sauna ja Vapaaklubilla p\u00e4\u00e4set mm. laulamaan karaokea. P\u00e4\u00e4paino on viihtymisell\u00e4 ja seurustelulla!  Tervetuloa!  Muista ilmoittaa jokainen osallistuja erikseen, ett\u00e4 osaamme varata tarjoilut oikein.\" \/>\n<meta property=\"og:url\" content=\"https:\/\/vapaa-ajattelijat.fi\/tampere\/tuote\/tampereen-vapaa-ajattelijat-80-vuotta\/\" \/>\n<meta property=\"og:site_name\" content=\"Tampereen vapaa-ajattelijat\" \/>\n<meta property=\"article:modified_time\" content=\"2025-10-23T11:33:46+00:00\" \/>\n<meta property=\"og:image\" content=\"https:\/\/vapaa-ajattelijat.fi\/tampere\/wp-content\/uploads\/sites\/16\/2025\/05\/A-cozy-dimly-lit-club-with-people-of-all-ages-gathered-around-small-tables-watching-a-magician-per.jpeg\" \/>\n\t<meta property=\"og:image:width\" content=\"1024\" \/>\n\t<meta property=\"og:image:height\" content=\"1024\" \/>\n\t<meta property=\"og:image:type\" content=\"image\/jpeg\" \/>\n<meta name=\"twitter:card\" content=\"summary_large_image\" \/>\n<meta name=\"twitter:label1\" content=\"Arvioitu lukuaika\" \/>\n\t<meta name=\"twitter:data1\" content=\"1 minuutti\" \/>\n<script type=\"application\/ld+json\" class=\"yoast-schema-graph\">{\"@context\":\"https:\\\/\\\/schema.org\",\"@graph\":[{\"@type\":\"WebPage\",\"@id\":\"https:\\\/\\\/vapaa-ajattelijat.fi\\\/tampere\\\/tuote\\\/tampereen-vapaa-ajattelijat-80-vuotta\\\/\",\"url\":\"https:\\\/\\\/vapaa-ajattelijat.fi\\\/tampere\\\/tuote\\\/tampereen-vapaa-ajattelijat-80-vuotta\\\/\",\"name\":\"Tampereen vapaa-ajattelijat 80 vuotta 25.10.2025 - Tampereen vapaa-ajattelijat\",\"isPartOf\":{\"@id\":\"https:\\\/\\\/vapaa-ajattelijat.fi\\\/tampere\\\/#website\"},\"primaryImageOfPage\":{\"@id\":\"https:\\\/\\\/vapaa-ajattelijat.fi\\\/tampere\\\/tuote\\\/tampereen-vapaa-ajattelijat-80-vuotta\\\/#primaryimage\"},\"image\":{\"@id\":\"https:\\\/\\\/vapaa-ajattelijat.fi\\\/tampere\\\/tuote\\\/tampereen-vapaa-ajattelijat-80-vuotta\\\/#primaryimage\"},\"thumbnailUrl\":\"https:\\\/\\\/vapaa-ajattelijat.fi\\\/tampere\\\/wp-content\\\/uploads\\\/sites\\\/16\\\/2025\\\/05\\\/A-cozy-dimly-lit-club-with-people-of-all-ages-gathered-around-small-tables-watching-a-magician-per.jpeg\",\"datePublished\":\"2025-05-13T07:54:49+00:00\",\"dateModified\":\"2025-10-23T11:33:46+00:00\",\"breadcrumb\":{\"@id\":\"https:\\\/\\\/vapaa-ajattelijat.fi\\\/tampere\\\/tuote\\\/tampereen-vapaa-ajattelijat-80-vuotta\\\/#breadcrumb\"},\"inLanguage\":\"fi\",\"potentialAction\":[{\"@type\":\"ReadAction\",\"target\":[\"https:\\\/\\\/vapaa-ajattelijat.fi\\\/tampere\\\/tuote\\\/tampereen-vapaa-ajattelijat-80-vuotta\\\/\"]}]},{\"@type\":\"ImageObject\",\"inLanguage\":\"fi\",\"@id\":\"https:\\\/\\\/vapaa-ajattelijat.fi\\\/tampere\\\/tuote\\\/tampereen-vapaa-ajattelijat-80-vuotta\\\/#primaryimage\",\"url\":\"https:\\\/\\\/vapaa-ajattelijat.fi\\\/tampere\\\/wp-content\\\/uploads\\\/sites\\\/16\\\/2025\\\/05\\\/A-cozy-dimly-lit-club-with-people-of-all-ages-gathered-around-small-tables-watching-a-magician-per.jpeg\",\"contentUrl\":\"https:\\\/\\\/vapaa-ajattelijat.fi\\\/tampere\\\/wp-content\\\/uploads\\\/sites\\\/16\\\/2025\\\/05\\\/A-cozy-dimly-lit-club-with-people-of-all-ages-gathered-around-small-tables-watching-a-magician-per.jpeg\",\"width\":1024,\"height\":1024},{\"@type\":\"BreadcrumbList\",\"@id\":\"https:\\\/\\\/vapaa-ajattelijat.fi\\\/tampere\\\/tuote\\\/tampereen-vapaa-ajattelijat-80-vuotta\\\/#breadcrumb\",\"itemListElement\":[{\"@type\":\"ListItem\",\"position\":1,\"name\":\"Etusivu\",\"item\":\"https:\\\/\\\/vapaa-ajattelijat.fi\\\/tampere\\\/\"},{\"@type\":\"ListItem\",\"position\":2,\"name\":\"Tuotteet\",\"item\":\"https:\\\/\\\/vapaa-ajattelijat.fi\\\/tampere\\\/kauppa\\\/\"},{\"@type\":\"ListItem\",\"position\":3,\"name\":\"Tampereen vapaa-ajattelijat 80 vuotta 25.10.2025\"}]},{\"@type\":\"WebSite\",\"@id\":\"https:\\\/\\\/vapaa-ajattelijat.fi\\\/tampere\\\/#website\",\"url\":\"https:\\\/\\\/vapaa-ajattelijat.fi\\\/tampere\\\/\",\"name\":\"Tampereen vapaa-ajattelijat\",\"description\":\"\",\"publisher\":{\"@id\":\"https:\\\/\\\/vapaa-ajattelijat.fi\\\/tampere\\\/#organization\"},\"potentialAction\":[{\"@type\":\"SearchAction\",\"target\":{\"@type\":\"EntryPoint\",\"urlTemplate\":\"https:\\\/\\\/vapaa-ajattelijat.fi\\\/tampere\\\/?s={search_term_string}\"},\"query-input\":{\"@type\":\"PropertyValueSpecification\",\"valueRequired\":true,\"valueName\":\"search_term_string\"}}],\"inLanguage\":\"fi\"},{\"@type\":\"Organization\",\"@id\":\"https:\\\/\\\/vapaa-ajattelijat.fi\\\/tampere\\\/#organization\",\"name\":\"Tampereen vapaa-ajattelijat\",\"url\":\"https:\\\/\\\/vapaa-ajattelijat.fi\\\/tampere\\\/\",\"logo\":{\"@type\":\"ImageObject\",\"inLanguage\":\"fi\",\"@id\":\"https:\\\/\\\/vapaa-ajattelijat.fi\\\/tampere\\\/#\\\/schema\\\/logo\\\/image\\\/\",\"url\":\"https:\\\/\\\/vapaa-ajattelijat.fi\\\/tampere\\\/wp-content\\\/uploads\\\/sites\\\/16\\\/2020\\\/10\\\/tava_logo2.jpg\",\"contentUrl\":\"https:\\\/\\\/vapaa-ajattelijat.fi\\\/tampere\\\/wp-content\\\/uploads\\\/sites\\\/16\\\/2020\\\/10\\\/tava_logo2.jpg\",\"width\":965,\"height\":180,\"caption\":\"Tampereen vapaa-ajattelijat\"},\"image\":{\"@id\":\"https:\\\/\\\/vapaa-ajattelijat.fi\\\/tampere\\\/#\\\/schema\\\/logo\\\/image\\\/\"}}]}<\/script>\n<!-- \/ Yoast SEO plugin. -->","yoast_head_json":{"title":"Tampereen vapaa-ajattelijat 80 vuotta 25.10.2025 - Tampereen vapaa-ajattelijat","robots":{"index":"index","follow":"follow","max-snippet":"max-snippet:-1","max-image-preview":"max-image-preview:large","max-video-preview":"max-video-preview:-1"},"canonical":"https:\/\/vapaa-ajattelijat.fi\/tampere\/tuote\/tampereen-vapaa-ajattelijat-80-vuotta\/","og_locale":"fi_FI","og_type":"article","og_title":"Tampereen vapaa-ajattelijat 80 vuotta 25.10.2025 - Tampereen vapaa-ajattelijat","og_description":"Ilmoittautuminen suljettu Aika: 25.10.2025 Paikka: Pii-klubi, Yliopistonkatu 58B  N\u00e4m\u00e4 juhlat eiv\u00e4 ole p\u00f6n\u00f6tyst\u00e4 vaan 80-vuotiaan Tampereen vapaa-ajattelijat ry:n juhlintaa! Pukukoodi on rento, ei siis kravattia kaulaan, jos se ei sitten ole niin olennainen osa tyyli\u00e4si, ettet voi siit\u00e4 luopua.  Viralliseen osuuteen, klo 16.00 alkaen kuuluu minimaalinen m\u00e4\u00e4r\u00e4 puheita. Sen sijaan tarjoamme teille Oliveran keikan ja\u00a0 Mentalisti Jose Ahosen shown, muistelemme menneit\u00e4 vuosikymmeni\u00e4 tietovisan merkeiss\u00e4 ja nautimme kuohuvaa.  Ep\u00e4virallisessa osuudessa, klo 20.00 alkaen l\u00e4mpe\u00e4\u00e4 Pii-klubin sauna ja Vapaaklubilla p\u00e4\u00e4set mm. laulamaan karaokea. P\u00e4\u00e4paino on viihtymisell\u00e4 ja seurustelulla!  Tervetuloa!  Muista ilmoittaa jokainen osallistuja erikseen, ett\u00e4 osaamme varata tarjoilut oikein.","og_url":"https:\/\/vapaa-ajattelijat.fi\/tampere\/tuote\/tampereen-vapaa-ajattelijat-80-vuotta\/","og_site_name":"Tampereen vapaa-ajattelijat","article_modified_time":"2025-10-23T11:33:46+00:00","og_image":[{"width":1024,"height":1024,"url":"https:\/\/vapaa-ajattelijat.fi\/tampere\/wp-content\/uploads\/sites\/16\/2025\/05\/A-cozy-dimly-lit-club-with-people-of-all-ages-gathered-around-small-tables-watching-a-magician-per.jpeg","type":"image\/jpeg"}],"twitter_card":"summary_large_image","twitter_misc":{"Arvioitu lukuaika":"1 minuutti"},"schema":{"@context":"https:\/\/schema.org","@graph":[{"@type":"WebPage","@id":"https:\/\/vapaa-ajattelijat.fi\/tampere\/tuote\/tampereen-vapaa-ajattelijat-80-vuotta\/","url":"https:\/\/vapaa-ajattelijat.fi\/tampere\/tuote\/tampereen-vapaa-ajattelijat-80-vuotta\/","name":"Tampereen vapaa-ajattelijat 80 vuotta 25.10.2025 - Tampereen vapaa-ajattelijat","isPartOf":{"@id":"https:\/\/vapaa-ajattelijat.fi\/tampere\/#website"},"primaryImageOfPage":{"@id":"https:\/\/vapaa-ajattelijat.fi\/tampere\/tuote\/tampereen-vapaa-ajattelijat-80-vuotta\/#primaryimage"},"image":{"@id":"https:\/\/vapaa-ajattelijat.fi\/tampere\/tuote\/tampereen-vapaa-ajattelijat-80-vuotta\/#primaryimage"},"thumbnailUrl":"https:\/\/vapaa-ajattelijat.fi\/tampere\/wp-content\/uploads\/sites\/16\/2025\/05\/A-cozy-dimly-lit-club-with-people-of-all-ages-gathered-around-small-tables-watching-a-magician-per.jpeg","datePublished":"2025-05-13T07:54:49+00:00","dateModified":"2025-10-23T11:33:46+00:00","breadcrumb":{"@id":"https:\/\/vapaa-ajattelijat.fi\/tampere\/tuote\/tampereen-vapaa-ajattelijat-80-vuotta\/#breadcrumb"},"inLanguage":"fi","potentialAction":[{"@type":"ReadAction","target":["https:\/\/vapaa-ajattelijat.fi\/tampere\/tuote\/tampereen-vapaa-ajattelijat-80-vuotta\/"]}]},{"@type":"ImageObject","inLanguage":"fi","@id":"https:\/\/vapaa-ajattelijat.fi\/tampere\/tuote\/tampereen-vapaa-ajattelijat-80-vuotta\/#primaryimage","url":"https:\/\/vapaa-ajattelijat.fi\/tampere\/wp-content\/uploads\/sites\/16\/2025\/05\/A-cozy-dimly-lit-club-with-people-of-all-ages-gathered-around-small-tables-watching-a-magician-per.jpeg","contentUrl":"https:\/\/vapaa-ajattelijat.fi\/tampere\/wp-content\/uploads\/sites\/16\/2025\/05\/A-cozy-dimly-lit-club-with-people-of-all-ages-gathered-around-small-tables-watching-a-magician-per.jpeg","width":1024,"height":1024},{"@type":"BreadcrumbList","@id":"https:\/\/vapaa-ajattelijat.fi\/tampere\/tuote\/tampereen-vapaa-ajattelijat-80-vuotta\/#breadcrumb","itemListElement":[{"@type":"ListItem","position":1,"name":"Etusivu","item":"https:\/\/vapaa-ajattelijat.fi\/tampere\/"},{"@type":"ListItem","position":2,"name":"Tuotteet","item":"https:\/\/vapaa-ajattelijat.fi\/tampere\/kauppa\/"},{"@type":"ListItem","position":3,"name":"Tampereen vapaa-ajattelijat 80 vuotta 25.10.2025"}]},{"@type":"WebSite","@id":"https:\/\/vapaa-ajattelijat.fi\/tampere\/#website","url":"https:\/\/vapaa-ajattelijat.fi\/tampere\/","name":"Tampereen vapaa-ajattelijat","description":"","publisher":{"@id":"https:\/\/vapaa-ajattelijat.fi\/tampere\/#organization"},"potentialAction":[{"@type":"SearchAction","target":{"@type":"EntryPoint","urlTemplate":"https:\/\/vapaa-ajattelijat.fi\/tampere\/?s={search_term_string}"},"query-input":{"@type":"PropertyValueSpecification","valueRequired":true,"valueName":"search_term_string"}}],"inLanguage":"fi"},{"@type":"Organization","@id":"https:\/\/vapaa-ajattelijat.fi\/tampere\/#organization","name":"Tampereen vapaa-ajattelijat","url":"https:\/\/vapaa-ajattelijat.fi\/tampere\/","logo":{"@type":"ImageObject","inLanguage":"fi","@id":"https:\/\/vapaa-ajattelijat.fi\/tampere\/#\/schema\/logo\/image\/","url":"https:\/\/vapaa-ajattelijat.fi\/tampere\/wp-content\/uploads\/sites\/16\/2020\/10\/tava_logo2.jpg","contentUrl":"https:\/\/vapaa-ajattelijat.fi\/tampere\/wp-content\/uploads\/sites\/16\/2020\/10\/tava_logo2.jpg","width":965,"height":180,"caption":"Tampereen vapaa-ajattelijat"},"image":{"@id":"https:\/\/vapaa-ajattelijat.fi\/tampere\/#\/schema\/logo\/image\/"}}]}},"_links":{"self":[{"href":"https:\/\/vapaa-ajattelijat.fi\/tampere\/wp-json\/wp\/v2\/product\/1462","targetHints":{"allow":["GET"]}}],"collection":[{"href":"https:\/\/vapaa-ajattelijat.fi\/tampere\/wp-json\/wp\/v2\/product"}],"about":[{"href":"https:\/\/vapaa-ajattelijat.fi\/tampere\/wp-json\/wp\/v2\/types\/product"}],"replies":[{"embeddable":true,"href":"https:\/\/vapaa-ajattelijat.fi\/tampere\/wp-json\/wp\/v2\/comments?post=1462"}],"wp:featuredmedia":[{"embeddable":true,"href":"https:\/\/vapaa-ajattelijat.fi\/tampere\/wp-json\/wp\/v2\/media\/1465"}],"wp:attachment":[{"href":"https:\/\/vapaa-ajattelijat.fi\/tampere\/wp-json\/wp\/v2\/media?parent=1462"}],"wp:term":[{"taxonomy":"product_brand","embeddable":true,"href":"https:\/\/vapaa-ajattelijat.fi\/tampere\/wp-json\/wp\/v2\/product_brand?post=1462"},{"taxonomy":"product_cat","embeddable":true,"href":"https:\/\/vapaa-ajattelijat.fi\/tampere\/wp-json\/wp\/v2\/product_cat?post=1462"},{"taxonomy":"product_tag","embeddable":true,"href":"https:\/\/vapaa-ajattelijat.fi\/tampere\/wp-json\/wp\/v2\/product_tag?post=1462"}],"curies":[{"name":"wp","href":"https:\/\/api.w.org\/{rel}","templated":true}]}}