{"id":1344,"date":"2025-04-25T12:14:41","date_gmt":"2025-04-25T09:14:41","guid":{"rendered":"https:\/\/vapaa-ajattelijat.fi\/tampere\/?post_type=product&#038;p=1344"},"modified":"2025-08-19T11:18:40","modified_gmt":"2025-08-19T08:18:40","slug":"jumalaton-viikonloppu-23-24-8-2025","status":"publish","type":"product","link":"https:\/\/vapaa-ajattelijat.fi\/tampere\/tuote\/jumalaton-viikonloppu-23-24-8-2025\/","title":{"rendered":"Jumalaton viikonloppu 23.-24.8.2025 T\u00c4YNN\u00c4"},"content":{"rendered":"<h2>Alustava ohjelma<\/h2>\n<p><strong>La 23.8.<\/strong><\/p>\n<p>10.00 Vastaanotto avautuu, huoneiden jakoa ja paikan esittely\u00e4<\/p>\n<p>12.00 Lounas katettuna<\/p>\n<p>13.00 Paneelikeskustelu ja ryhm\u00e4t\u00f6it\u00e4<\/p>\n<p>16.00 Tietokilpailu<\/p>\n<p>17.00 P\u00e4iv\u00e4llinen katettuna<\/p>\n<p>18.00 Saunomista ja uimista, sek\u00e4 muuta kivaa<\/p>\n<p>20.00 Iltaohjelmaa<\/p>\n<p><strong>Su 24.8.<\/strong><\/p>\n<p>8.00 &#8211; 10.00 Aamiainen noutop\u00f6yd\u00e4st\u00e4<\/p>\n<p>11.00 Edellisen p\u00e4iv\u00e4n ryhm\u00e4t\u00f6iden purku ja l\u00e4ht\u00f6sanat<\/p>\n<p>13.00 Huoneiden tyhjennys ja kotiinl\u00e4hd\u00f6n aika<\/p>\n<p><em>(Ohjelma t\u00e4ydentyy tapahtuman l\u00e4hentyess\u00e4)<\/em><\/p>\n","protected":false},"excerpt":{"rendered":"<p>Tapahtumapaikkana <a href=\"https:\/\/www.tampereenkisatoverit.fi\/ensila\/\">Ensil\u00e4 Tampereella, N\u00e4sij\u00e4rven rannassa [klikkaa t\u00e4st\u00e4]<\/a><\/p>\n<p>Kaikki majoituspaikat on nyt t\u00e4ytetty. Pelk\u00e4lle lauantaille mahtuu viel\u00e4 mukaan. Jos olet kiinnostunut soita Rikulle: <a href=\"http:\/\/tel+3580504821270\">050 482 1270<\/a><\/p>\n","protected":false},"featured_media":1342,"comment_status":"closed","ping_status":"closed","template":"","meta":[],"product_brand":[],"product_cat":[43],"product_tag":[],"class_list":{"0":"post-1344","1":"product","2":"type-product","3":"status-publish","4":"has-post-thumbnail","6":"product_cat-tapahtumat","8":"first","9":"outofstock","10":"shipping-taxable","11":"product-type-simple"},"yoast_head":"<!-- This site is optimized with the Yoast SEO plugin v27.4 - https:\/\/yoast.com\/product\/yoast-seo-wordpress\/ -->\n<title>Jumalaton viikonloppu 23.-24.8.2025 T\u00c4YNN\u00c4 - Tampereen vapaa-ajattelijat<\/title>\n<meta name=\"robots\" content=\"index, follow, max-snippet:-1, max-image-preview:large, max-video-preview:-1\" \/>\n<link rel=\"canonical\" href=\"https:\/\/vapaa-ajattelijat.fi\/tampere\/tuote\/jumalaton-viikonloppu-23-24-8-2025\/\" \/>\n<meta property=\"og:locale\" content=\"fi_FI\" \/>\n<meta property=\"og:type\" content=\"article\" \/>\n<meta property=\"og:title\" content=\"Jumalaton viikonloppu 23.-24.8.2025 T\u00c4YNN\u00c4 - Tampereen vapaa-ajattelijat\" \/>\n<meta property=\"og:description\" content=\"Tapahtumapaikkana Ensil\u00e4 Tampereella, N\u00e4sij\u00e4rven rannassa [klikkaa t\u00e4st\u00e4]  Kaikki majoituspaikat on nyt t\u00e4ytetty. Pelk\u00e4lle lauantaille mahtuu viel\u00e4 mukaan. Jos olet kiinnostunut soita Rikulle: 050 482 1270\" \/>\n<meta property=\"og:url\" content=\"https:\/\/vapaa-ajattelijat.fi\/tampere\/tuote\/jumalaton-viikonloppu-23-24-8-2025\/\" \/>\n<meta property=\"og:site_name\" content=\"Tampereen vapaa-ajattelijat\" \/>\n<meta property=\"article:modified_time\" content=\"2025-08-19T08:18:40+00:00\" \/>\n<meta property=\"og:image\" content=\"https:\/\/vapaa-ajattelijat.fi\/tampere\/wp-content\/uploads\/sites\/16\/2025\/01\/Kesapaiva-01-Petra-Packalen-scaled.jpg\" \/>\n\t<meta property=\"og:image:width\" content=\"2560\" \/>\n\t<meta property=\"og:image:height\" content=\"1629\" \/>\n\t<meta property=\"og:image:type\" content=\"image\/jpeg\" \/>\n<meta name=\"twitter:card\" content=\"summary_large_image\" \/>\n<meta name=\"twitter:label1\" content=\"Arvioitu lukuaika\" \/>\n\t<meta name=\"twitter:data1\" content=\"1 minuutti\" \/>\n<script type=\"application\/ld+json\" class=\"yoast-schema-graph\">{\"@context\":\"https:\\\/\\\/schema.org\",\"@graph\":[{\"@type\":\"WebPage\",\"@id\":\"https:\\\/\\\/vapaa-ajattelijat.fi\\\/tampere\\\/tuote\\\/jumalaton-viikonloppu-23-24-8-2025\\\/\",\"url\":\"https:\\\/\\\/vapaa-ajattelijat.fi\\\/tampere\\\/tuote\\\/jumalaton-viikonloppu-23-24-8-2025\\\/\",\"name\":\"Jumalaton viikonloppu 23.-24.8.2025 T\u00c4YNN\u00c4 - Tampereen vapaa-ajattelijat\",\"isPartOf\":{\"@id\":\"https:\\\/\\\/vapaa-ajattelijat.fi\\\/tampere\\\/#website\"},\"primaryImageOfPage\":{\"@id\":\"https:\\\/\\\/vapaa-ajattelijat.fi\\\/tampere\\\/tuote\\\/jumalaton-viikonloppu-23-24-8-2025\\\/#primaryimage\"},\"image\":{\"@id\":\"https:\\\/\\\/vapaa-ajattelijat.fi\\\/tampere\\\/tuote\\\/jumalaton-viikonloppu-23-24-8-2025\\\/#primaryimage\"},\"thumbnailUrl\":\"https:\\\/\\\/vapaa-ajattelijat.fi\\\/tampere\\\/wp-content\\\/uploads\\\/sites\\\/16\\\/2025\\\/01\\\/Kesapaiva-01-Petra-Packalen-scaled.jpg\",\"datePublished\":\"2025-04-25T09:14:41+00:00\",\"dateModified\":\"2025-08-19T08:18:40+00:00\",\"breadcrumb\":{\"@id\":\"https:\\\/\\\/vapaa-ajattelijat.fi\\\/tampere\\\/tuote\\\/jumalaton-viikonloppu-23-24-8-2025\\\/#breadcrumb\"},\"inLanguage\":\"fi\",\"potentialAction\":[{\"@type\":\"ReadAction\",\"target\":[\"https:\\\/\\\/vapaa-ajattelijat.fi\\\/tampere\\\/tuote\\\/jumalaton-viikonloppu-23-24-8-2025\\\/\"]}]},{\"@type\":\"ImageObject\",\"inLanguage\":\"fi\",\"@id\":\"https:\\\/\\\/vapaa-ajattelijat.fi\\\/tampere\\\/tuote\\\/jumalaton-viikonloppu-23-24-8-2025\\\/#primaryimage\",\"url\":\"https:\\\/\\\/vapaa-ajattelijat.fi\\\/tampere\\\/wp-content\\\/uploads\\\/sites\\\/16\\\/2025\\\/01\\\/Kesapaiva-01-Petra-Packalen-scaled.jpg\",\"contentUrl\":\"https:\\\/\\\/vapaa-ajattelijat.fi\\\/tampere\\\/wp-content\\\/uploads\\\/sites\\\/16\\\/2025\\\/01\\\/Kesapaiva-01-Petra-Packalen-scaled.jpg\",\"width\":2560,\"height\":1629},{\"@type\":\"BreadcrumbList\",\"@id\":\"https:\\\/\\\/vapaa-ajattelijat.fi\\\/tampere\\\/tuote\\\/jumalaton-viikonloppu-23-24-8-2025\\\/#breadcrumb\",\"itemListElement\":[{\"@type\":\"ListItem\",\"position\":1,\"name\":\"Etusivu\",\"item\":\"https:\\\/\\\/vapaa-ajattelijat.fi\\\/tampere\\\/\"},{\"@type\":\"ListItem\",\"position\":2,\"name\":\"Tuotteet\",\"item\":\"https:\\\/\\\/vapaa-ajattelijat.fi\\\/tampere\\\/kauppa\\\/\"},{\"@type\":\"ListItem\",\"position\":3,\"name\":\"Jumalaton viikonloppu 23.-24.8.2025 T\u00c4YNN\u00c4\"}]},{\"@type\":\"WebSite\",\"@id\":\"https:\\\/\\\/vapaa-ajattelijat.fi\\\/tampere\\\/#website\",\"url\":\"https:\\\/\\\/vapaa-ajattelijat.fi\\\/tampere\\\/\",\"name\":\"Tampereen vapaa-ajattelijat\",\"description\":\"\",\"publisher\":{\"@id\":\"https:\\\/\\\/vapaa-ajattelijat.fi\\\/tampere\\\/#organization\"},\"potentialAction\":[{\"@type\":\"SearchAction\",\"target\":{\"@type\":\"EntryPoint\",\"urlTemplate\":\"https:\\\/\\\/vapaa-ajattelijat.fi\\\/tampere\\\/?s={search_term_string}\"},\"query-input\":{\"@type\":\"PropertyValueSpecification\",\"valueRequired\":true,\"valueName\":\"search_term_string\"}}],\"inLanguage\":\"fi\"},{\"@type\":\"Organization\",\"@id\":\"https:\\\/\\\/vapaa-ajattelijat.fi\\\/tampere\\\/#organization\",\"name\":\"Tampereen vapaa-ajattelijat\",\"url\":\"https:\\\/\\\/vapaa-ajattelijat.fi\\\/tampere\\\/\",\"logo\":{\"@type\":\"ImageObject\",\"inLanguage\":\"fi\",\"@id\":\"https:\\\/\\\/vapaa-ajattelijat.fi\\\/tampere\\\/#\\\/schema\\\/logo\\\/image\\\/\",\"url\":\"https:\\\/\\\/vapaa-ajattelijat.fi\\\/tampere\\\/wp-content\\\/uploads\\\/sites\\\/16\\\/2020\\\/10\\\/tava_logo2.jpg\",\"contentUrl\":\"https:\\\/\\\/vapaa-ajattelijat.fi\\\/tampere\\\/wp-content\\\/uploads\\\/sites\\\/16\\\/2020\\\/10\\\/tava_logo2.jpg\",\"width\":965,\"height\":180,\"caption\":\"Tampereen vapaa-ajattelijat\"},\"image\":{\"@id\":\"https:\\\/\\\/vapaa-ajattelijat.fi\\\/tampere\\\/#\\\/schema\\\/logo\\\/image\\\/\"}}]}<\/script>\n<!-- \/ Yoast SEO plugin. -->","yoast_head_json":{"title":"Jumalaton viikonloppu 23.-24.8.2025 T\u00c4YNN\u00c4 - Tampereen vapaa-ajattelijat","robots":{"index":"index","follow":"follow","max-snippet":"max-snippet:-1","max-image-preview":"max-image-preview:large","max-video-preview":"max-video-preview:-1"},"canonical":"https:\/\/vapaa-ajattelijat.fi\/tampere\/tuote\/jumalaton-viikonloppu-23-24-8-2025\/","og_locale":"fi_FI","og_type":"article","og_title":"Jumalaton viikonloppu 23.-24.8.2025 T\u00c4YNN\u00c4 - Tampereen vapaa-ajattelijat","og_description":"Tapahtumapaikkana Ensil\u00e4 Tampereella, N\u00e4sij\u00e4rven rannassa [klikkaa t\u00e4st\u00e4]  Kaikki majoituspaikat on nyt t\u00e4ytetty. Pelk\u00e4lle lauantaille mahtuu viel\u00e4 mukaan. Jos olet kiinnostunut soita Rikulle: 050 482 1270","og_url":"https:\/\/vapaa-ajattelijat.fi\/tampere\/tuote\/jumalaton-viikonloppu-23-24-8-2025\/","og_site_name":"Tampereen vapaa-ajattelijat","article_modified_time":"2025-08-19T08:18:40+00:00","og_image":[{"width":2560,"height":1629,"url":"https:\/\/vapaa-ajattelijat.fi\/tampere\/wp-content\/uploads\/sites\/16\/2025\/01\/Kesapaiva-01-Petra-Packalen-scaled.jpg","type":"image\/jpeg"}],"twitter_card":"summary_large_image","twitter_misc":{"Arvioitu lukuaika":"1 minuutti"},"schema":{"@context":"https:\/\/schema.org","@graph":[{"@type":"WebPage","@id":"https:\/\/vapaa-ajattelijat.fi\/tampere\/tuote\/jumalaton-viikonloppu-23-24-8-2025\/","url":"https:\/\/vapaa-ajattelijat.fi\/tampere\/tuote\/jumalaton-viikonloppu-23-24-8-2025\/","name":"Jumalaton viikonloppu 23.-24.8.2025 T\u00c4YNN\u00c4 - Tampereen vapaa-ajattelijat","isPartOf":{"@id":"https:\/\/vapaa-ajattelijat.fi\/tampere\/#website"},"primaryImageOfPage":{"@id":"https:\/\/vapaa-ajattelijat.fi\/tampere\/tuote\/jumalaton-viikonloppu-23-24-8-2025\/#primaryimage"},"image":{"@id":"https:\/\/vapaa-ajattelijat.fi\/tampere\/tuote\/jumalaton-viikonloppu-23-24-8-2025\/#primaryimage"},"thumbnailUrl":"https:\/\/vapaa-ajattelijat.fi\/tampere\/wp-content\/uploads\/sites\/16\/2025\/01\/Kesapaiva-01-Petra-Packalen-scaled.jpg","datePublished":"2025-04-25T09:14:41+00:00","dateModified":"2025-08-19T08:18:40+00:00","breadcrumb":{"@id":"https:\/\/vapaa-ajattelijat.fi\/tampere\/tuote\/jumalaton-viikonloppu-23-24-8-2025\/#breadcrumb"},"inLanguage":"fi","potentialAction":[{"@type":"ReadAction","target":["https:\/\/vapaa-ajattelijat.fi\/tampere\/tuote\/jumalaton-viikonloppu-23-24-8-2025\/"]}]},{"@type":"ImageObject","inLanguage":"fi","@id":"https:\/\/vapaa-ajattelijat.fi\/tampere\/tuote\/jumalaton-viikonloppu-23-24-8-2025\/#primaryimage","url":"https:\/\/vapaa-ajattelijat.fi\/tampere\/wp-content\/uploads\/sites\/16\/2025\/01\/Kesapaiva-01-Petra-Packalen-scaled.jpg","contentUrl":"https:\/\/vapaa-ajattelijat.fi\/tampere\/wp-content\/uploads\/sites\/16\/2025\/01\/Kesapaiva-01-Petra-Packalen-scaled.jpg","width":2560,"height":1629},{"@type":"BreadcrumbList","@id":"https:\/\/vapaa-ajattelijat.fi\/tampere\/tuote\/jumalaton-viikonloppu-23-24-8-2025\/#breadcrumb","itemListElement":[{"@type":"ListItem","position":1,"name":"Etusivu","item":"https:\/\/vapaa-ajattelijat.fi\/tampere\/"},{"@type":"ListItem","position":2,"name":"Tuotteet","item":"https:\/\/vapaa-ajattelijat.fi\/tampere\/kauppa\/"},{"@type":"ListItem","position":3,"name":"Jumalaton viikonloppu 23.-24.8.2025 T\u00c4YNN\u00c4"}]},{"@type":"WebSite","@id":"https:\/\/vapaa-ajattelijat.fi\/tampere\/#website","url":"https:\/\/vapaa-ajattelijat.fi\/tampere\/","name":"Tampereen vapaa-ajattelijat","description":"","publisher":{"@id":"https:\/\/vapaa-ajattelijat.fi\/tampere\/#organization"},"potentialAction":[{"@type":"SearchAction","target":{"@type":"EntryPoint","urlTemplate":"https:\/\/vapaa-ajattelijat.fi\/tampere\/?s={search_term_string}"},"query-input":{"@type":"PropertyValueSpecification","valueRequired":true,"valueName":"search_term_string"}}],"inLanguage":"fi"},{"@type":"Organization","@id":"https:\/\/vapaa-ajattelijat.fi\/tampere\/#organization","name":"Tampereen vapaa-ajattelijat","url":"https:\/\/vapaa-ajattelijat.fi\/tampere\/","logo":{"@type":"ImageObject","inLanguage":"fi","@id":"https:\/\/vapaa-ajattelijat.fi\/tampere\/#\/schema\/logo\/image\/","url":"https:\/\/vapaa-ajattelijat.fi\/tampere\/wp-content\/uploads\/sites\/16\/2020\/10\/tava_logo2.jpg","contentUrl":"https:\/\/vapaa-ajattelijat.fi\/tampere\/wp-content\/uploads\/sites\/16\/2020\/10\/tava_logo2.jpg","width":965,"height":180,"caption":"Tampereen vapaa-ajattelijat"},"image":{"@id":"https:\/\/vapaa-ajattelijat.fi\/tampere\/#\/schema\/logo\/image\/"}}]}},"_links":{"self":[{"href":"https:\/\/vapaa-ajattelijat.fi\/tampere\/wp-json\/wp\/v2\/product\/1344","targetHints":{"allow":["GET"]}}],"collection":[{"href":"https:\/\/vapaa-ajattelijat.fi\/tampere\/wp-json\/wp\/v2\/product"}],"about":[{"href":"https:\/\/vapaa-ajattelijat.fi\/tampere\/wp-json\/wp\/v2\/types\/product"}],"replies":[{"embeddable":true,"href":"https:\/\/vapaa-ajattelijat.fi\/tampere\/wp-json\/wp\/v2\/comments?post=1344"}],"wp:featuredmedia":[{"embeddable":true,"href":"https:\/\/vapaa-ajattelijat.fi\/tampere\/wp-json\/wp\/v2\/media\/1342"}],"wp:attachment":[{"href":"https:\/\/vapaa-ajattelijat.fi\/tampere\/wp-json\/wp\/v2\/media?parent=1344"}],"wp:term":[{"taxonomy":"product_brand","embeddable":true,"href":"https:\/\/vapaa-ajattelijat.fi\/tampere\/wp-json\/wp\/v2\/product_brand?post=1344"},{"taxonomy":"product_cat","embeddable":true,"href":"https:\/\/vapaa-ajattelijat.fi\/tampere\/wp-json\/wp\/v2\/product_cat?post=1344"},{"taxonomy":"product_tag","embeddable":true,"href":"https:\/\/vapaa-ajattelijat.fi\/tampere\/wp-json\/wp\/v2\/product_tag?post=1344"}],"curies":[{"name":"wp","href":"https:\/\/api.w.org\/{rel}","templated":true}]}}