{"id":1326,"date":"2025-04-23T20:27:53","date_gmt":"2025-04-23T17:27:53","guid":{"rendered":"https:\/\/vapaa-ajattelijat.fi\/tampere\/?post_type=product&#038;p=1326"},"modified":"2025-11-14T22:47:21","modified_gmt":"2025-11-14T20:47:21","slug":"uskomatonta-elamaa-suomessa-kirja","status":"publish","type":"product","link":"https:\/\/vapaa-ajattelijat.fi\/tampere\/tuote\/uskomatonta-elamaa-suomessa-kirja\/","title":{"rendered":"Uskomatonta el\u00e4m\u00e4\u00e4 Suomessa -kirja"},"content":{"rendered":"<p>&#8221;Uskomatonta el\u00e4m\u00e4\u00e4 Suomessa&#8221; kuvaa uskonnottoman suomalaisen tavanomaista elinkaarta syntym\u00e4st\u00e4 kuolemaan hyvin konkreettisesti ja maanl\u00e4heisesti. Kirja n\u00e4ytt\u00e4\u00e4, millaisia haasteita uskonnottomat ja heid\u00e4n l\u00e4heisens\u00e4 kohtaavat uskonnottomuuden t\u00e4hden ja millaisia valintavaihtoehtoja n\u00e4iss\u00e4 tilanteissa on. Suomi on kehittynyt viimeisen sadan vuoden eli uskonnonvapauslain aikaan uskonnottomien kannalta selv\u00e4sti vapaampaan suuntaan. Uskonnottomuus on my\u00f6s yh\u00e4 yleisemp\u00e4\u00e4. Silti valtion neutraalius eri katsomuksia kohtaan ei viel\u00e4 t\u00e4ysin toteudu, vaan uskonnottomat voivat joutua ep\u00e4oikeudenmukaisesti kohdelluiksi. Esimerkiksi uskonnottomien hautajaisten j\u00e4rjest\u00e4minen voi edelleen olla vaikeampaa kuin uskonnollisten.<\/p>\n<p>T\u00e4m\u00e4 kirja toimii k\u00e4yt\u00e4nn\u00f6nl\u00e4heisen\u00e4 ja rohkaisevana oppaana my\u00f6s erilaisten tilaisuuksien j\u00e4rjest\u00e4miseen, esimerkiksi siihen, miten hautajaiset ja muistotilaisuus voidaan toteuttaa arvokkaasti uskonnottomana kuolleen l\u00e4heisen arvoja kunnioittavalla tavalla. Luokanopettajana toiminut Risto Puumalainen huomasi, ett\u00e4 vaikka uskonnottomia on Suomessa selv\u00e4sti yli miljoona, t\u00e4llaista kirjaa ei ole ollut olemassa. On puuttunut kirja, jossa tavalliset uskonnottomat suomalaiset kertoisivat arkikielell\u00e4, mit\u00e4 ovat kokeneet ja ajatelleet erilaisissa el\u00e4m\u00e4ntilanteissa ja p\u00e4\u00e4t\u00f6ksiss\u00e4. Kirjassa kuuluukin Puumalaisen oman \u00e4\u00e4nen lis\u00e4ksi h\u00e4nen haastattelemiensa 39 muun suomalaisen \u00e4\u00e4ni.<\/p>\n<p>Kustantaja: <a href=\"https:\/\/warelia.fi\/\">Warelia<\/a><\/p>\n","protected":false},"excerpt":{"rendered":"<p>&#8221;Uskomatonta el\u00e4m\u00e4\u00e4 Suomessa&#8221; kuvaa uskonnottoman suomalaisen tavanomaista elinkaarta syntym\u00e4st\u00e4 kuolemaan hyvin konkreettisesti ja maanl\u00e4heisesti. Kirja n\u00e4ytt\u00e4\u00e4, millaisia haasteita uskonnottomat ja heid\u00e4n l\u00e4heisens\u00e4 kohtaavat uskonnottomuuden t\u00e4hden ja millaisia valintavaihtoehtoja n\u00e4iss\u00e4 tilanteissa &#8230; <a title=\"Uskomatonta el\u00e4m\u00e4\u00e4 Suomessa -kirja\" class=\"read-more\" href=\"https:\/\/vapaa-ajattelijat.fi\/tampere\/tuote\/uskomatonta-elamaa-suomessa-kirja\/\" aria-label=\"Lue lis\u00e4\u00e4 aiheesta Uskomatonta el\u00e4m\u00e4\u00e4 Suomessa -kirja\">Lue lis\u00e4\u00e4<\/a><\/p>\n","protected":false},"featured_media":1327,"comment_status":"closed","ping_status":"closed","template":"","meta":[],"product_brand":[],"product_cat":[40],"product_tag":[],"class_list":{"0":"post-1326","1":"product","2":"type-product","3":"status-publish","4":"has-post-thumbnail","6":"product_cat-kirjat","8":"first","9":"instock","10":"shipping-taxable","11":"purchasable","12":"product-type-simple"},"yoast_head":"<!-- This site is optimized with the Yoast SEO plugin v27.4 - https:\/\/yoast.com\/product\/yoast-seo-wordpress\/ -->\n<title>Uskomatonta el\u00e4m\u00e4\u00e4 Suomessa -kirja - Tampereen vapaa-ajattelijat<\/title>\n<meta name=\"robots\" content=\"index, follow, max-snippet:-1, max-image-preview:large, max-video-preview:-1\" \/>\n<link rel=\"canonical\" href=\"https:\/\/vapaa-ajattelijat.fi\/tampere\/tuote\/uskomatonta-elamaa-suomessa-kirja\/\" \/>\n<meta property=\"og:locale\" content=\"fi_FI\" \/>\n<meta property=\"og:type\" content=\"article\" \/>\n<meta property=\"og:title\" content=\"Uskomatonta el\u00e4m\u00e4\u00e4 Suomessa -kirja - Tampereen vapaa-ajattelijat\" \/>\n<meta property=\"og:description\" content=\"&#8221;Uskomatonta el\u00e4m\u00e4\u00e4 Suomessa&#8221; kuvaa uskonnottoman suomalaisen tavanomaista elinkaarta syntym\u00e4st\u00e4 kuolemaan hyvin konkreettisesti ja maanl\u00e4heisesti. Kirja n\u00e4ytt\u00e4\u00e4, millaisia haasteita uskonnottomat ja heid\u00e4n l\u00e4heisens\u00e4 kohtaavat uskonnottomuuden t\u00e4hden ja millaisia valintavaihtoehtoja n\u00e4iss\u00e4 tilanteissa ... Lue lis\u00e4\u00e4\" \/>\n<meta property=\"og:url\" content=\"https:\/\/vapaa-ajattelijat.fi\/tampere\/tuote\/uskomatonta-elamaa-suomessa-kirja\/\" \/>\n<meta property=\"og:site_name\" content=\"Tampereen vapaa-ajattelijat\" \/>\n<meta property=\"article:modified_time\" content=\"2025-11-14T20:47:21+00:00\" \/>\n<meta property=\"og:image\" content=\"https:\/\/vapaa-ajattelijat.fi\/tampere\/wp-content\/uploads\/sites\/16\/2025\/04\/IMG_1500.jpeg\" \/>\n\t<meta property=\"og:image:width\" content=\"1500\" \/>\n\t<meta property=\"og:image:height\" content=\"1500\" \/>\n\t<meta property=\"og:image:type\" content=\"image\/jpeg\" \/>\n<meta name=\"twitter:card\" content=\"summary_large_image\" \/>\n<meta name=\"twitter:label1\" content=\"Arvioitu lukuaika\" \/>\n\t<meta name=\"twitter:data1\" content=\"2 minuuttia\" \/>\n<script type=\"application\/ld+json\" class=\"yoast-schema-graph\">{\"@context\":\"https:\\\/\\\/schema.org\",\"@graph\":[{\"@type\":\"WebPage\",\"@id\":\"https:\\\/\\\/vapaa-ajattelijat.fi\\\/tampere\\\/tuote\\\/uskomatonta-elamaa-suomessa-kirja\\\/\",\"url\":\"https:\\\/\\\/vapaa-ajattelijat.fi\\\/tampere\\\/tuote\\\/uskomatonta-elamaa-suomessa-kirja\\\/\",\"name\":\"Uskomatonta el\u00e4m\u00e4\u00e4 Suomessa -kirja - Tampereen vapaa-ajattelijat\",\"isPartOf\":{\"@id\":\"https:\\\/\\\/vapaa-ajattelijat.fi\\\/tampere\\\/#website\"},\"primaryImageOfPage\":{\"@id\":\"https:\\\/\\\/vapaa-ajattelijat.fi\\\/tampere\\\/tuote\\\/uskomatonta-elamaa-suomessa-kirja\\\/#primaryimage\"},\"image\":{\"@id\":\"https:\\\/\\\/vapaa-ajattelijat.fi\\\/tampere\\\/tuote\\\/uskomatonta-elamaa-suomessa-kirja\\\/#primaryimage\"},\"thumbnailUrl\":\"https:\\\/\\\/vapaa-ajattelijat.fi\\\/tampere\\\/wp-content\\\/uploads\\\/sites\\\/16\\\/2025\\\/04\\\/IMG_1500.jpeg\",\"datePublished\":\"2025-04-23T17:27:53+00:00\",\"dateModified\":\"2025-11-14T20:47:21+00:00\",\"breadcrumb\":{\"@id\":\"https:\\\/\\\/vapaa-ajattelijat.fi\\\/tampere\\\/tuote\\\/uskomatonta-elamaa-suomessa-kirja\\\/#breadcrumb\"},\"inLanguage\":\"fi\",\"potentialAction\":[{\"@type\":\"ReadAction\",\"target\":[\"https:\\\/\\\/vapaa-ajattelijat.fi\\\/tampere\\\/tuote\\\/uskomatonta-elamaa-suomessa-kirja\\\/\"]}]},{\"@type\":\"ImageObject\",\"inLanguage\":\"fi\",\"@id\":\"https:\\\/\\\/vapaa-ajattelijat.fi\\\/tampere\\\/tuote\\\/uskomatonta-elamaa-suomessa-kirja\\\/#primaryimage\",\"url\":\"https:\\\/\\\/vapaa-ajattelijat.fi\\\/tampere\\\/wp-content\\\/uploads\\\/sites\\\/16\\\/2025\\\/04\\\/IMG_1500.jpeg\",\"contentUrl\":\"https:\\\/\\\/vapaa-ajattelijat.fi\\\/tampere\\\/wp-content\\\/uploads\\\/sites\\\/16\\\/2025\\\/04\\\/IMG_1500.jpeg\",\"width\":1500,\"height\":1500},{\"@type\":\"BreadcrumbList\",\"@id\":\"https:\\\/\\\/vapaa-ajattelijat.fi\\\/tampere\\\/tuote\\\/uskomatonta-elamaa-suomessa-kirja\\\/#breadcrumb\",\"itemListElement\":[{\"@type\":\"ListItem\",\"position\":1,\"name\":\"Etusivu\",\"item\":\"https:\\\/\\\/vapaa-ajattelijat.fi\\\/tampere\\\/\"},{\"@type\":\"ListItem\",\"position\":2,\"name\":\"Tuotteet\",\"item\":\"https:\\\/\\\/vapaa-ajattelijat.fi\\\/tampere\\\/kauppa\\\/\"},{\"@type\":\"ListItem\",\"position\":3,\"name\":\"Uskomatonta el\u00e4m\u00e4\u00e4 Suomessa -kirja\"}]},{\"@type\":\"WebSite\",\"@id\":\"https:\\\/\\\/vapaa-ajattelijat.fi\\\/tampere\\\/#website\",\"url\":\"https:\\\/\\\/vapaa-ajattelijat.fi\\\/tampere\\\/\",\"name\":\"Tampereen vapaa-ajattelijat\",\"description\":\"\",\"publisher\":{\"@id\":\"https:\\\/\\\/vapaa-ajattelijat.fi\\\/tampere\\\/#organization\"},\"potentialAction\":[{\"@type\":\"SearchAction\",\"target\":{\"@type\":\"EntryPoint\",\"urlTemplate\":\"https:\\\/\\\/vapaa-ajattelijat.fi\\\/tampere\\\/?s={search_term_string}\"},\"query-input\":{\"@type\":\"PropertyValueSpecification\",\"valueRequired\":true,\"valueName\":\"search_term_string\"}}],\"inLanguage\":\"fi\"},{\"@type\":\"Organization\",\"@id\":\"https:\\\/\\\/vapaa-ajattelijat.fi\\\/tampere\\\/#organization\",\"name\":\"Tampereen vapaa-ajattelijat\",\"url\":\"https:\\\/\\\/vapaa-ajattelijat.fi\\\/tampere\\\/\",\"logo\":{\"@type\":\"ImageObject\",\"inLanguage\":\"fi\",\"@id\":\"https:\\\/\\\/vapaa-ajattelijat.fi\\\/tampere\\\/#\\\/schema\\\/logo\\\/image\\\/\",\"url\":\"https:\\\/\\\/vapaa-ajattelijat.fi\\\/tampere\\\/wp-content\\\/uploads\\\/sites\\\/16\\\/2020\\\/10\\\/tava_logo2.jpg\",\"contentUrl\":\"https:\\\/\\\/vapaa-ajattelijat.fi\\\/tampere\\\/wp-content\\\/uploads\\\/sites\\\/16\\\/2020\\\/10\\\/tava_logo2.jpg\",\"width\":965,\"height\":180,\"caption\":\"Tampereen vapaa-ajattelijat\"},\"image\":{\"@id\":\"https:\\\/\\\/vapaa-ajattelijat.fi\\\/tampere\\\/#\\\/schema\\\/logo\\\/image\\\/\"}}]}<\/script>\n<!-- \/ Yoast SEO plugin. -->","yoast_head_json":{"title":"Uskomatonta el\u00e4m\u00e4\u00e4 Suomessa -kirja - Tampereen vapaa-ajattelijat","robots":{"index":"index","follow":"follow","max-snippet":"max-snippet:-1","max-image-preview":"max-image-preview:large","max-video-preview":"max-video-preview:-1"},"canonical":"https:\/\/vapaa-ajattelijat.fi\/tampere\/tuote\/uskomatonta-elamaa-suomessa-kirja\/","og_locale":"fi_FI","og_type":"article","og_title":"Uskomatonta el\u00e4m\u00e4\u00e4 Suomessa -kirja - Tampereen vapaa-ajattelijat","og_description":"&#8221;Uskomatonta el\u00e4m\u00e4\u00e4 Suomessa&#8221; kuvaa uskonnottoman suomalaisen tavanomaista elinkaarta syntym\u00e4st\u00e4 kuolemaan hyvin konkreettisesti ja maanl\u00e4heisesti. Kirja n\u00e4ytt\u00e4\u00e4, millaisia haasteita uskonnottomat ja heid\u00e4n l\u00e4heisens\u00e4 kohtaavat uskonnottomuuden t\u00e4hden ja millaisia valintavaihtoehtoja n\u00e4iss\u00e4 tilanteissa ... Lue lis\u00e4\u00e4","og_url":"https:\/\/vapaa-ajattelijat.fi\/tampere\/tuote\/uskomatonta-elamaa-suomessa-kirja\/","og_site_name":"Tampereen vapaa-ajattelijat","article_modified_time":"2025-11-14T20:47:21+00:00","og_image":[{"width":1500,"height":1500,"url":"https:\/\/vapaa-ajattelijat.fi\/tampere\/wp-content\/uploads\/sites\/16\/2025\/04\/IMG_1500.jpeg","type":"image\/jpeg"}],"twitter_card":"summary_large_image","twitter_misc":{"Arvioitu lukuaika":"2 minuuttia"},"schema":{"@context":"https:\/\/schema.org","@graph":[{"@type":"WebPage","@id":"https:\/\/vapaa-ajattelijat.fi\/tampere\/tuote\/uskomatonta-elamaa-suomessa-kirja\/","url":"https:\/\/vapaa-ajattelijat.fi\/tampere\/tuote\/uskomatonta-elamaa-suomessa-kirja\/","name":"Uskomatonta el\u00e4m\u00e4\u00e4 Suomessa -kirja - Tampereen vapaa-ajattelijat","isPartOf":{"@id":"https:\/\/vapaa-ajattelijat.fi\/tampere\/#website"},"primaryImageOfPage":{"@id":"https:\/\/vapaa-ajattelijat.fi\/tampere\/tuote\/uskomatonta-elamaa-suomessa-kirja\/#primaryimage"},"image":{"@id":"https:\/\/vapaa-ajattelijat.fi\/tampere\/tuote\/uskomatonta-elamaa-suomessa-kirja\/#primaryimage"},"thumbnailUrl":"https:\/\/vapaa-ajattelijat.fi\/tampere\/wp-content\/uploads\/sites\/16\/2025\/04\/IMG_1500.jpeg","datePublished":"2025-04-23T17:27:53+00:00","dateModified":"2025-11-14T20:47:21+00:00","breadcrumb":{"@id":"https:\/\/vapaa-ajattelijat.fi\/tampere\/tuote\/uskomatonta-elamaa-suomessa-kirja\/#breadcrumb"},"inLanguage":"fi","potentialAction":[{"@type":"ReadAction","target":["https:\/\/vapaa-ajattelijat.fi\/tampere\/tuote\/uskomatonta-elamaa-suomessa-kirja\/"]}]},{"@type":"ImageObject","inLanguage":"fi","@id":"https:\/\/vapaa-ajattelijat.fi\/tampere\/tuote\/uskomatonta-elamaa-suomessa-kirja\/#primaryimage","url":"https:\/\/vapaa-ajattelijat.fi\/tampere\/wp-content\/uploads\/sites\/16\/2025\/04\/IMG_1500.jpeg","contentUrl":"https:\/\/vapaa-ajattelijat.fi\/tampere\/wp-content\/uploads\/sites\/16\/2025\/04\/IMG_1500.jpeg","width":1500,"height":1500},{"@type":"BreadcrumbList","@id":"https:\/\/vapaa-ajattelijat.fi\/tampere\/tuote\/uskomatonta-elamaa-suomessa-kirja\/#breadcrumb","itemListElement":[{"@type":"ListItem","position":1,"name":"Etusivu","item":"https:\/\/vapaa-ajattelijat.fi\/tampere\/"},{"@type":"ListItem","position":2,"name":"Tuotteet","item":"https:\/\/vapaa-ajattelijat.fi\/tampere\/kauppa\/"},{"@type":"ListItem","position":3,"name":"Uskomatonta el\u00e4m\u00e4\u00e4 Suomessa -kirja"}]},{"@type":"WebSite","@id":"https:\/\/vapaa-ajattelijat.fi\/tampere\/#website","url":"https:\/\/vapaa-ajattelijat.fi\/tampere\/","name":"Tampereen vapaa-ajattelijat","description":"","publisher":{"@id":"https:\/\/vapaa-ajattelijat.fi\/tampere\/#organization"},"potentialAction":[{"@type":"SearchAction","target":{"@type":"EntryPoint","urlTemplate":"https:\/\/vapaa-ajattelijat.fi\/tampere\/?s={search_term_string}"},"query-input":{"@type":"PropertyValueSpecification","valueRequired":true,"valueName":"search_term_string"}}],"inLanguage":"fi"},{"@type":"Organization","@id":"https:\/\/vapaa-ajattelijat.fi\/tampere\/#organization","name":"Tampereen vapaa-ajattelijat","url":"https:\/\/vapaa-ajattelijat.fi\/tampere\/","logo":{"@type":"ImageObject","inLanguage":"fi","@id":"https:\/\/vapaa-ajattelijat.fi\/tampere\/#\/schema\/logo\/image\/","url":"https:\/\/vapaa-ajattelijat.fi\/tampere\/wp-content\/uploads\/sites\/16\/2020\/10\/tava_logo2.jpg","contentUrl":"https:\/\/vapaa-ajattelijat.fi\/tampere\/wp-content\/uploads\/sites\/16\/2020\/10\/tava_logo2.jpg","width":965,"height":180,"caption":"Tampereen vapaa-ajattelijat"},"image":{"@id":"https:\/\/vapaa-ajattelijat.fi\/tampere\/#\/schema\/logo\/image\/"}}]}},"_links":{"self":[{"href":"https:\/\/vapaa-ajattelijat.fi\/tampere\/wp-json\/wp\/v2\/product\/1326","targetHints":{"allow":["GET"]}}],"collection":[{"href":"https:\/\/vapaa-ajattelijat.fi\/tampere\/wp-json\/wp\/v2\/product"}],"about":[{"href":"https:\/\/vapaa-ajattelijat.fi\/tampere\/wp-json\/wp\/v2\/types\/product"}],"replies":[{"embeddable":true,"href":"https:\/\/vapaa-ajattelijat.fi\/tampere\/wp-json\/wp\/v2\/comments?post=1326"}],"wp:featuredmedia":[{"embeddable":true,"href":"https:\/\/vapaa-ajattelijat.fi\/tampere\/wp-json\/wp\/v2\/media\/1327"}],"wp:attachment":[{"href":"https:\/\/vapaa-ajattelijat.fi\/tampere\/wp-json\/wp\/v2\/media?parent=1326"}],"wp:term":[{"taxonomy":"product_brand","embeddable":true,"href":"https:\/\/vapaa-ajattelijat.fi\/tampere\/wp-json\/wp\/v2\/product_brand?post=1326"},{"taxonomy":"product_cat","embeddable":true,"href":"https:\/\/vapaa-ajattelijat.fi\/tampere\/wp-json\/wp\/v2\/product_cat?post=1326"},{"taxonomy":"product_tag","embeddable":true,"href":"https:\/\/vapaa-ajattelijat.fi\/tampere\/wp-json\/wp\/v2\/product_tag?post=1326"}],"curies":[{"name":"wp","href":"https:\/\/api.w.org\/{rel}","templated":true}]}}