{"id":1213,"date":"2025-01-15T23:12:36","date_gmt":"2025-01-15T21:12:36","guid":{"rendered":"https:\/\/vapaa-ajattelijat.fi\/tampere\/?post_type=product&#038;p=1213"},"modified":"2025-09-21T17:12:51","modified_gmt":"2025-09-21T14:12:51","slug":"liekkiriipus","status":"publish","type":"product","link":"https:\/\/vapaa-ajattelijat.fi\/tampere\/tuote\/liekkiriipus\/","title":{"rendered":"Liekkiriipus"},"content":{"rendered":"","protected":false},"excerpt":{"rendered":"<p><a href=\"https:\/\/www.ingeborg.fi\/\">Kultasepp\u00e4 Ingeborgin<\/a> toteuttama Vapaa-ajattelijoiden liekkitunnus tyylikk\u00e4\u00e4n\u00e4 hopeariipuksena. V\u00e4rin\u00e4 kirkas hopea tai patinoitu. Ketjulla kolme pituutta.<\/p>\n","protected":false},"featured_media":1239,"comment_status":"closed","ping_status":"closed","template":"","meta":[],"product_brand":[],"product_cat":[39],"product_tag":[],"class_list":{"0":"post-1213","1":"product","2":"type-product","3":"status-publish","4":"has-post-thumbnail","6":"product_cat-korut","8":"first","9":"instock","10":"shipping-taxable","11":"purchasable","12":"product-type-variable"},"yoast_head":"<!-- This site is optimized with the Yoast SEO plugin v27.4 - https:\/\/yoast.com\/product\/yoast-seo-wordpress\/ -->\n<title>Liekkiriipus - Tampereen vapaa-ajattelijat<\/title>\n<meta name=\"robots\" content=\"index, follow, max-snippet:-1, max-image-preview:large, max-video-preview:-1\" \/>\n<link rel=\"canonical\" href=\"https:\/\/vapaa-ajattelijat.fi\/tampere\/tuote\/liekkiriipus\/\" \/>\n<meta property=\"og:locale\" content=\"fi_FI\" \/>\n<meta property=\"og:type\" content=\"article\" \/>\n<meta property=\"og:title\" content=\"Liekkiriipus - Tampereen vapaa-ajattelijat\" \/>\n<meta property=\"og:description\" content=\"Kultasepp\u00e4 Ingeborgin toteuttama Vapaa-ajattelijoiden liekkitunnus tyylikk\u00e4\u00e4n\u00e4 hopeariipuksena. V\u00e4rin\u00e4 kirkas hopea tai patinoitu. Ketjulla kolme pituutta.\" \/>\n<meta property=\"og:url\" content=\"https:\/\/vapaa-ajattelijat.fi\/tampere\/tuote\/liekkiriipus\/\" \/>\n<meta property=\"og:site_name\" content=\"Tampereen vapaa-ajattelijat\" \/>\n<meta property=\"article:modified_time\" content=\"2025-09-21T14:12:51+00:00\" \/>\n<meta property=\"og:image\" content=\"https:\/\/vapaa-ajattelijat.fi\/tampere\/wp-content\/uploads\/sites\/16\/2025\/01\/20250214_135545.webp\" \/>\n\t<meta property=\"og:image:width\" content=\"795\" \/>\n\t<meta property=\"og:image:height\" content=\"594\" \/>\n\t<meta property=\"og:image:type\" content=\"image\/webp\" \/>\n<meta name=\"twitter:card\" content=\"summary_large_image\" \/>\n<meta name=\"twitter:label1\" content=\"Arvioitu lukuaika\" \/>\n\t<meta name=\"twitter:data1\" content=\"1 minuutti\" \/>\n<script type=\"application\/ld+json\" class=\"yoast-schema-graph\">{\"@context\":\"https:\\\/\\\/schema.org\",\"@graph\":[{\"@type\":\"WebPage\",\"@id\":\"https:\\\/\\\/vapaa-ajattelijat.fi\\\/tampere\\\/tuote\\\/liekkiriipus\\\/\",\"url\":\"https:\\\/\\\/vapaa-ajattelijat.fi\\\/tampere\\\/tuote\\\/liekkiriipus\\\/\",\"name\":\"Liekkiriipus - Tampereen vapaa-ajattelijat\",\"isPartOf\":{\"@id\":\"https:\\\/\\\/vapaa-ajattelijat.fi\\\/tampere\\\/#website\"},\"primaryImageOfPage\":{\"@id\":\"https:\\\/\\\/vapaa-ajattelijat.fi\\\/tampere\\\/tuote\\\/liekkiriipus\\\/#primaryimage\"},\"image\":{\"@id\":\"https:\\\/\\\/vapaa-ajattelijat.fi\\\/tampere\\\/tuote\\\/liekkiriipus\\\/#primaryimage\"},\"thumbnailUrl\":\"https:\\\/\\\/vapaa-ajattelijat.fi\\\/tampere\\\/wp-content\\\/uploads\\\/sites\\\/16\\\/2025\\\/01\\\/20250214_135545.webp\",\"datePublished\":\"2025-01-15T21:12:36+00:00\",\"dateModified\":\"2025-09-21T14:12:51+00:00\",\"breadcrumb\":{\"@id\":\"https:\\\/\\\/vapaa-ajattelijat.fi\\\/tampere\\\/tuote\\\/liekkiriipus\\\/#breadcrumb\"},\"inLanguage\":\"fi\",\"potentialAction\":[{\"@type\":\"ReadAction\",\"target\":[\"https:\\\/\\\/vapaa-ajattelijat.fi\\\/tampere\\\/tuote\\\/liekkiriipus\\\/\"]}]},{\"@type\":\"ImageObject\",\"inLanguage\":\"fi\",\"@id\":\"https:\\\/\\\/vapaa-ajattelijat.fi\\\/tampere\\\/tuote\\\/liekkiriipus\\\/#primaryimage\",\"url\":\"https:\\\/\\\/vapaa-ajattelijat.fi\\\/tampere\\\/wp-content\\\/uploads\\\/sites\\\/16\\\/2025\\\/01\\\/20250214_135545.webp\",\"contentUrl\":\"https:\\\/\\\/vapaa-ajattelijat.fi\\\/tampere\\\/wp-content\\\/uploads\\\/sites\\\/16\\\/2025\\\/01\\\/20250214_135545.webp\",\"width\":795,\"height\":594},{\"@type\":\"BreadcrumbList\",\"@id\":\"https:\\\/\\\/vapaa-ajattelijat.fi\\\/tampere\\\/tuote\\\/liekkiriipus\\\/#breadcrumb\",\"itemListElement\":[{\"@type\":\"ListItem\",\"position\":1,\"name\":\"Etusivu\",\"item\":\"https:\\\/\\\/vapaa-ajattelijat.fi\\\/tampere\\\/\"},{\"@type\":\"ListItem\",\"position\":2,\"name\":\"Tuotteet\",\"item\":\"https:\\\/\\\/vapaa-ajattelijat.fi\\\/tampere\\\/kauppa\\\/\"},{\"@type\":\"ListItem\",\"position\":3,\"name\":\"Liekkiriipus\"}]},{\"@type\":\"WebSite\",\"@id\":\"https:\\\/\\\/vapaa-ajattelijat.fi\\\/tampere\\\/#website\",\"url\":\"https:\\\/\\\/vapaa-ajattelijat.fi\\\/tampere\\\/\",\"name\":\"Tampereen vapaa-ajattelijat\",\"description\":\"\",\"publisher\":{\"@id\":\"https:\\\/\\\/vapaa-ajattelijat.fi\\\/tampere\\\/#organization\"},\"potentialAction\":[{\"@type\":\"SearchAction\",\"target\":{\"@type\":\"EntryPoint\",\"urlTemplate\":\"https:\\\/\\\/vapaa-ajattelijat.fi\\\/tampere\\\/?s={search_term_string}\"},\"query-input\":{\"@type\":\"PropertyValueSpecification\",\"valueRequired\":true,\"valueName\":\"search_term_string\"}}],\"inLanguage\":\"fi\"},{\"@type\":\"Organization\",\"@id\":\"https:\\\/\\\/vapaa-ajattelijat.fi\\\/tampere\\\/#organization\",\"name\":\"Tampereen vapaa-ajattelijat\",\"url\":\"https:\\\/\\\/vapaa-ajattelijat.fi\\\/tampere\\\/\",\"logo\":{\"@type\":\"ImageObject\",\"inLanguage\":\"fi\",\"@id\":\"https:\\\/\\\/vapaa-ajattelijat.fi\\\/tampere\\\/#\\\/schema\\\/logo\\\/image\\\/\",\"url\":\"https:\\\/\\\/vapaa-ajattelijat.fi\\\/tampere\\\/wp-content\\\/uploads\\\/sites\\\/16\\\/2020\\\/10\\\/tava_logo2.jpg\",\"contentUrl\":\"https:\\\/\\\/vapaa-ajattelijat.fi\\\/tampere\\\/wp-content\\\/uploads\\\/sites\\\/16\\\/2020\\\/10\\\/tava_logo2.jpg\",\"width\":965,\"height\":180,\"caption\":\"Tampereen vapaa-ajattelijat\"},\"image\":{\"@id\":\"https:\\\/\\\/vapaa-ajattelijat.fi\\\/tampere\\\/#\\\/schema\\\/logo\\\/image\\\/\"}}]}<\/script>\n<!-- \/ Yoast SEO plugin. -->","yoast_head_json":{"title":"Liekkiriipus - Tampereen vapaa-ajattelijat","robots":{"index":"index","follow":"follow","max-snippet":"max-snippet:-1","max-image-preview":"max-image-preview:large","max-video-preview":"max-video-preview:-1"},"canonical":"https:\/\/vapaa-ajattelijat.fi\/tampere\/tuote\/liekkiriipus\/","og_locale":"fi_FI","og_type":"article","og_title":"Liekkiriipus - Tampereen vapaa-ajattelijat","og_description":"Kultasepp\u00e4 Ingeborgin toteuttama Vapaa-ajattelijoiden liekkitunnus tyylikk\u00e4\u00e4n\u00e4 hopeariipuksena. V\u00e4rin\u00e4 kirkas hopea tai patinoitu. Ketjulla kolme pituutta.","og_url":"https:\/\/vapaa-ajattelijat.fi\/tampere\/tuote\/liekkiriipus\/","og_site_name":"Tampereen vapaa-ajattelijat","article_modified_time":"2025-09-21T14:12:51+00:00","og_image":[{"width":795,"height":594,"url":"https:\/\/vapaa-ajattelijat.fi\/tampere\/wp-content\/uploads\/sites\/16\/2025\/01\/20250214_135545.webp","type":"image\/webp"}],"twitter_card":"summary_large_image","twitter_misc":{"Arvioitu lukuaika":"1 minuutti"},"schema":{"@context":"https:\/\/schema.org","@graph":[{"@type":"WebPage","@id":"https:\/\/vapaa-ajattelijat.fi\/tampere\/tuote\/liekkiriipus\/","url":"https:\/\/vapaa-ajattelijat.fi\/tampere\/tuote\/liekkiriipus\/","name":"Liekkiriipus - Tampereen vapaa-ajattelijat","isPartOf":{"@id":"https:\/\/vapaa-ajattelijat.fi\/tampere\/#website"},"primaryImageOfPage":{"@id":"https:\/\/vapaa-ajattelijat.fi\/tampere\/tuote\/liekkiriipus\/#primaryimage"},"image":{"@id":"https:\/\/vapaa-ajattelijat.fi\/tampere\/tuote\/liekkiriipus\/#primaryimage"},"thumbnailUrl":"https:\/\/vapaa-ajattelijat.fi\/tampere\/wp-content\/uploads\/sites\/16\/2025\/01\/20250214_135545.webp","datePublished":"2025-01-15T21:12:36+00:00","dateModified":"2025-09-21T14:12:51+00:00","breadcrumb":{"@id":"https:\/\/vapaa-ajattelijat.fi\/tampere\/tuote\/liekkiriipus\/#breadcrumb"},"inLanguage":"fi","potentialAction":[{"@type":"ReadAction","target":["https:\/\/vapaa-ajattelijat.fi\/tampere\/tuote\/liekkiriipus\/"]}]},{"@type":"ImageObject","inLanguage":"fi","@id":"https:\/\/vapaa-ajattelijat.fi\/tampere\/tuote\/liekkiriipus\/#primaryimage","url":"https:\/\/vapaa-ajattelijat.fi\/tampere\/wp-content\/uploads\/sites\/16\/2025\/01\/20250214_135545.webp","contentUrl":"https:\/\/vapaa-ajattelijat.fi\/tampere\/wp-content\/uploads\/sites\/16\/2025\/01\/20250214_135545.webp","width":795,"height":594},{"@type":"BreadcrumbList","@id":"https:\/\/vapaa-ajattelijat.fi\/tampere\/tuote\/liekkiriipus\/#breadcrumb","itemListElement":[{"@type":"ListItem","position":1,"name":"Etusivu","item":"https:\/\/vapaa-ajattelijat.fi\/tampere\/"},{"@type":"ListItem","position":2,"name":"Tuotteet","item":"https:\/\/vapaa-ajattelijat.fi\/tampere\/kauppa\/"},{"@type":"ListItem","position":3,"name":"Liekkiriipus"}]},{"@type":"WebSite","@id":"https:\/\/vapaa-ajattelijat.fi\/tampere\/#website","url":"https:\/\/vapaa-ajattelijat.fi\/tampere\/","name":"Tampereen vapaa-ajattelijat","description":"","publisher":{"@id":"https:\/\/vapaa-ajattelijat.fi\/tampere\/#organization"},"potentialAction":[{"@type":"SearchAction","target":{"@type":"EntryPoint","urlTemplate":"https:\/\/vapaa-ajattelijat.fi\/tampere\/?s={search_term_string}"},"query-input":{"@type":"PropertyValueSpecification","valueRequired":true,"valueName":"search_term_string"}}],"inLanguage":"fi"},{"@type":"Organization","@id":"https:\/\/vapaa-ajattelijat.fi\/tampere\/#organization","name":"Tampereen vapaa-ajattelijat","url":"https:\/\/vapaa-ajattelijat.fi\/tampere\/","logo":{"@type":"ImageObject","inLanguage":"fi","@id":"https:\/\/vapaa-ajattelijat.fi\/tampere\/#\/schema\/logo\/image\/","url":"https:\/\/vapaa-ajattelijat.fi\/tampere\/wp-content\/uploads\/sites\/16\/2020\/10\/tava_logo2.jpg","contentUrl":"https:\/\/vapaa-ajattelijat.fi\/tampere\/wp-content\/uploads\/sites\/16\/2020\/10\/tava_logo2.jpg","width":965,"height":180,"caption":"Tampereen vapaa-ajattelijat"},"image":{"@id":"https:\/\/vapaa-ajattelijat.fi\/tampere\/#\/schema\/logo\/image\/"}}]}},"_links":{"self":[{"href":"https:\/\/vapaa-ajattelijat.fi\/tampere\/wp-json\/wp\/v2\/product\/1213","targetHints":{"allow":["GET"]}}],"collection":[{"href":"https:\/\/vapaa-ajattelijat.fi\/tampere\/wp-json\/wp\/v2\/product"}],"about":[{"href":"https:\/\/vapaa-ajattelijat.fi\/tampere\/wp-json\/wp\/v2\/types\/product"}],"replies":[{"embeddable":true,"href":"https:\/\/vapaa-ajattelijat.fi\/tampere\/wp-json\/wp\/v2\/comments?post=1213"}],"wp:featuredmedia":[{"embeddable":true,"href":"https:\/\/vapaa-ajattelijat.fi\/tampere\/wp-json\/wp\/v2\/media\/1239"}],"wp:attachment":[{"href":"https:\/\/vapaa-ajattelijat.fi\/tampere\/wp-json\/wp\/v2\/media?parent=1213"}],"wp:term":[{"taxonomy":"product_brand","embeddable":true,"href":"https:\/\/vapaa-ajattelijat.fi\/tampere\/wp-json\/wp\/v2\/product_brand?post=1213"},{"taxonomy":"product_cat","embeddable":true,"href":"https:\/\/vapaa-ajattelijat.fi\/tampere\/wp-json\/wp\/v2\/product_cat?post=1213"},{"taxonomy":"product_tag","embeddable":true,"href":"https:\/\/vapaa-ajattelijat.fi\/tampere\/wp-json\/wp\/v2\/product_tag?post=1213"}],"curies":[{"name":"wp","href":"https:\/\/api.w.org\/{rel}","templated":true}]}}