{"id":65,"date":"2020-10-09T21:04:49","date_gmt":"2020-10-09T19:04:49","guid":{"rendered":"http:\/\/vapaa-ajattelijat.fi\/tampere\/?page_id=65"},"modified":"2023-12-13T22:35:00","modified_gmt":"2023-12-13T20:35:00","slug":"liity","status":"publish","type":"page","link":"https:\/\/vapaa-ajattelijat.fi\/tampere\/liity\/","title":{"rendered":"Liity j\u00e4seneksi"},"content":{"rendered":"<p>Voit liitty\u00e4 j\u00e4seneksemme <a href=\"http:\/\/vapaa-ajattelijat.fi\/liity-jaseneksi\">liiton lomakkeella<\/a>.<\/p>\n<p>J\u00e4senmaksu p\u00e4\u00e4tet\u00e4\u00e4n vuosittain, vuodelle 2024 se on 25 euroa. Jos samassa taloudessa asuu useampia j\u00e4seni\u00e4, muilta perheenj\u00e4senilt\u00e4 maksu on 12 euroa (eli perhej\u00e4sen ilman omaa Vapaa Ajattelija -lehte\u00e4).<\/p>\n<p>J\u00e4senen\u00e4 annat tukesi kirkon ja valtion erottamiselle ja muillekin uskontojen etuoikeuksien poistolle. J\u00e4senyys on kannanotto j\u00e4rjen puolesta uskoa vastaan.<\/p>\n<p>J\u00e4senen\u00e4 saat<\/p>\n<ul>\n<li>Postilaatikkoosi <a href=\"http:\/\/vapaa-ajattelijat.fi\/va-lehti\">Vapaa Ajattelija -lehden<\/a>.<\/li>\n<li>Alennusta <a href=\"http:\/\/pro-seremoniat.fi\">Pro-Seremonioiden<\/a> nimi\u00e4is-, h\u00e4\u00e4- ja hautapuheista.<\/li>\n<li>Tukea lastesi osallistumiseen <a href=\"https:\/\/protu.fi\">protuleireille<\/a>.<\/li>\n<\/ul>\n<p>&nbsp;<\/p>\n","protected":false},"excerpt":{"rendered":"<p>Voit liitty\u00e4 j\u00e4seneksemme liiton lomakkeella. J\u00e4senmaksu p\u00e4\u00e4tet\u00e4\u00e4n vuosittain, vuodelle 2024 se on 25 euroa. Jos samassa taloudessa asuu useampia j\u00e4seni\u00e4, muilta perheenj\u00e4senilt\u00e4 maksu on 12 euroa (eli perhej\u00e4sen ilman omaa &#8230; <a title=\"Liity j\u00e4seneksi\" class=\"read-more\" href=\"https:\/\/vapaa-ajattelijat.fi\/tampere\/liity\/\" aria-label=\"Lue lis\u00e4\u00e4 aiheesta Liity j\u00e4seneksi\">Lue lis\u00e4\u00e4<\/a><\/p>\n","protected":false},"author":13,"featured_media":0,"parent":0,"menu_order":0,"comment_status":"closed","ping_status":"closed","template":"","meta":{"footnotes":""},"class_list":["post-65","page","type-page","status-publish"],"yoast_head":"<!-- This site is optimized with the Yoast SEO plugin v27.3 - https:\/\/yoast.com\/product\/yoast-seo-wordpress\/ -->\n<title>Liity j\u00e4seneksi - Tampereen vapaa-ajattelijat<\/title>\n<meta name=\"robots\" content=\"index, follow, max-snippet:-1, max-image-preview:large, max-video-preview:-1\" \/>\n<link rel=\"canonical\" href=\"https:\/\/vapaa-ajattelijat.fi\/tampere\/liity\/\" \/>\n<meta property=\"og:locale\" content=\"fi_FI\" \/>\n<meta property=\"og:type\" content=\"article\" \/>\n<meta property=\"og:title\" content=\"Liity j\u00e4seneksi - Tampereen vapaa-ajattelijat\" \/>\n<meta property=\"og:description\" content=\"Voit liitty\u00e4 j\u00e4seneksemme liiton lomakkeella. J\u00e4senmaksu p\u00e4\u00e4tet\u00e4\u00e4n vuosittain, vuodelle 2024 se on 25 euroa. Jos samassa taloudessa asuu useampia j\u00e4seni\u00e4, muilta perheenj\u00e4senilt\u00e4 maksu on 12 euroa (eli perhej\u00e4sen ilman omaa ... Lue lis\u00e4\u00e4\" \/>\n<meta property=\"og:url\" content=\"https:\/\/vapaa-ajattelijat.fi\/tampere\/liity\/\" \/>\n<meta property=\"og:site_name\" content=\"Tampereen vapaa-ajattelijat\" \/>\n<meta property=\"article:modified_time\" content=\"2023-12-13T20:35:00+00:00\" \/>\n<meta property=\"og:image\" content=\"https:\/\/vapaa-ajattelijat.fi\/tampere\/wp-content\/uploads\/sites\/16\/2020\/10\/tampereen-vaparit.png\" \/>\n\t<meta property=\"og:image:width\" content=\"600\" \/>\n\t<meta property=\"og:image:height\" content=\"600\" \/>\n\t<meta property=\"og:image:type\" content=\"image\/png\" \/>\n<meta name=\"twitter:card\" content=\"summary_large_image\" \/>\n<meta name=\"twitter:label1\" content=\"Arvioitu lukuaika\" \/>\n\t<meta name=\"twitter:data1\" content=\"1 minuutti\" \/>\n<script type=\"application\/ld+json\" class=\"yoast-schema-graph\">{\"@context\":\"https:\\\/\\\/schema.org\",\"@graph\":[{\"@type\":\"WebPage\",\"@id\":\"https:\\\/\\\/vapaa-ajattelijat.fi\\\/tampere\\\/liity\\\/\",\"url\":\"https:\\\/\\\/vapaa-ajattelijat.fi\\\/tampere\\\/liity\\\/\",\"name\":\"Liity j\u00e4seneksi - Tampereen vapaa-ajattelijat\",\"isPartOf\":{\"@id\":\"https:\\\/\\\/vapaa-ajattelijat.fi\\\/tampere\\\/#website\"},\"datePublished\":\"2020-10-09T19:04:49+00:00\",\"dateModified\":\"2023-12-13T20:35:00+00:00\",\"breadcrumb\":{\"@id\":\"https:\\\/\\\/vapaa-ajattelijat.fi\\\/tampere\\\/liity\\\/#breadcrumb\"},\"inLanguage\":\"fi\",\"potentialAction\":[{\"@type\":\"ReadAction\",\"target\":[\"https:\\\/\\\/vapaa-ajattelijat.fi\\\/tampere\\\/liity\\\/\"]}]},{\"@type\":\"BreadcrumbList\",\"@id\":\"https:\\\/\\\/vapaa-ajattelijat.fi\\\/tampere\\\/liity\\\/#breadcrumb\",\"itemListElement\":[{\"@type\":\"ListItem\",\"position\":1,\"name\":\"Etusivu\",\"item\":\"https:\\\/\\\/vapaa-ajattelijat.fi\\\/tampere\\\/\"},{\"@type\":\"ListItem\",\"position\":2,\"name\":\"Liity j\u00e4seneksi\"}]},{\"@type\":\"WebSite\",\"@id\":\"https:\\\/\\\/vapaa-ajattelijat.fi\\\/tampere\\\/#website\",\"url\":\"https:\\\/\\\/vapaa-ajattelijat.fi\\\/tampere\\\/\",\"name\":\"Tampereen vapaa-ajattelijat\",\"description\":\"\",\"publisher\":{\"@id\":\"https:\\\/\\\/vapaa-ajattelijat.fi\\\/tampere\\\/#organization\"},\"potentialAction\":[{\"@type\":\"SearchAction\",\"target\":{\"@type\":\"EntryPoint\",\"urlTemplate\":\"https:\\\/\\\/vapaa-ajattelijat.fi\\\/tampere\\\/?s={search_term_string}\"},\"query-input\":{\"@type\":\"PropertyValueSpecification\",\"valueRequired\":true,\"valueName\":\"search_term_string\"}}],\"inLanguage\":\"fi\"},{\"@type\":\"Organization\",\"@id\":\"https:\\\/\\\/vapaa-ajattelijat.fi\\\/tampere\\\/#organization\",\"name\":\"Tampereen vapaa-ajattelijat\",\"url\":\"https:\\\/\\\/vapaa-ajattelijat.fi\\\/tampere\\\/\",\"logo\":{\"@type\":\"ImageObject\",\"inLanguage\":\"fi\",\"@id\":\"https:\\\/\\\/vapaa-ajattelijat.fi\\\/tampere\\\/#\\\/schema\\\/logo\\\/image\\\/\",\"url\":\"https:\\\/\\\/vapaa-ajattelijat.fi\\\/tampere\\\/wp-content\\\/uploads\\\/sites\\\/16\\\/2020\\\/10\\\/tava_logo2.jpg\",\"contentUrl\":\"https:\\\/\\\/vapaa-ajattelijat.fi\\\/tampere\\\/wp-content\\\/uploads\\\/sites\\\/16\\\/2020\\\/10\\\/tava_logo2.jpg\",\"width\":965,\"height\":180,\"caption\":\"Tampereen vapaa-ajattelijat\"},\"image\":{\"@id\":\"https:\\\/\\\/vapaa-ajattelijat.fi\\\/tampere\\\/#\\\/schema\\\/logo\\\/image\\\/\"}}]}<\/script>\n<!-- \/ Yoast SEO plugin. -->","yoast_head_json":{"title":"Liity j\u00e4seneksi - Tampereen vapaa-ajattelijat","robots":{"index":"index","follow":"follow","max-snippet":"max-snippet:-1","max-image-preview":"max-image-preview:large","max-video-preview":"max-video-preview:-1"},"canonical":"https:\/\/vapaa-ajattelijat.fi\/tampere\/liity\/","og_locale":"fi_FI","og_type":"article","og_title":"Liity j\u00e4seneksi - Tampereen vapaa-ajattelijat","og_description":"Voit liitty\u00e4 j\u00e4seneksemme liiton lomakkeella. J\u00e4senmaksu p\u00e4\u00e4tet\u00e4\u00e4n vuosittain, vuodelle 2024 se on 25 euroa. Jos samassa taloudessa asuu useampia j\u00e4seni\u00e4, muilta perheenj\u00e4senilt\u00e4 maksu on 12 euroa (eli perhej\u00e4sen ilman omaa ... Lue lis\u00e4\u00e4","og_url":"https:\/\/vapaa-ajattelijat.fi\/tampere\/liity\/","og_site_name":"Tampereen vapaa-ajattelijat","article_modified_time":"2023-12-13T20:35:00+00:00","og_image":[{"width":600,"height":600,"url":"https:\/\/vapaa-ajattelijat.fi\/tampere\/wp-content\/uploads\/sites\/16\/2020\/10\/tampereen-vaparit.png","type":"image\/png"}],"twitter_card":"summary_large_image","twitter_misc":{"Arvioitu lukuaika":"1 minuutti"},"schema":{"@context":"https:\/\/schema.org","@graph":[{"@type":"WebPage","@id":"https:\/\/vapaa-ajattelijat.fi\/tampere\/liity\/","url":"https:\/\/vapaa-ajattelijat.fi\/tampere\/liity\/","name":"Liity j\u00e4seneksi - Tampereen vapaa-ajattelijat","isPartOf":{"@id":"https:\/\/vapaa-ajattelijat.fi\/tampere\/#website"},"datePublished":"2020-10-09T19:04:49+00:00","dateModified":"2023-12-13T20:35:00+00:00","breadcrumb":{"@id":"https:\/\/vapaa-ajattelijat.fi\/tampere\/liity\/#breadcrumb"},"inLanguage":"fi","potentialAction":[{"@type":"ReadAction","target":["https:\/\/vapaa-ajattelijat.fi\/tampere\/liity\/"]}]},{"@type":"BreadcrumbList","@id":"https:\/\/vapaa-ajattelijat.fi\/tampere\/liity\/#breadcrumb","itemListElement":[{"@type":"ListItem","position":1,"name":"Etusivu","item":"https:\/\/vapaa-ajattelijat.fi\/tampere\/"},{"@type":"ListItem","position":2,"name":"Liity j\u00e4seneksi"}]},{"@type":"WebSite","@id":"https:\/\/vapaa-ajattelijat.fi\/tampere\/#website","url":"https:\/\/vapaa-ajattelijat.fi\/tampere\/","name":"Tampereen vapaa-ajattelijat","description":"","publisher":{"@id":"https:\/\/vapaa-ajattelijat.fi\/tampere\/#organization"},"potentialAction":[{"@type":"SearchAction","target":{"@type":"EntryPoint","urlTemplate":"https:\/\/vapaa-ajattelijat.fi\/tampere\/?s={search_term_string}"},"query-input":{"@type":"PropertyValueSpecification","valueRequired":true,"valueName":"search_term_string"}}],"inLanguage":"fi"},{"@type":"Organization","@id":"https:\/\/vapaa-ajattelijat.fi\/tampere\/#organization","name":"Tampereen vapaa-ajattelijat","url":"https:\/\/vapaa-ajattelijat.fi\/tampere\/","logo":{"@type":"ImageObject","inLanguage":"fi","@id":"https:\/\/vapaa-ajattelijat.fi\/tampere\/#\/schema\/logo\/image\/","url":"https:\/\/vapaa-ajattelijat.fi\/tampere\/wp-content\/uploads\/sites\/16\/2020\/10\/tava_logo2.jpg","contentUrl":"https:\/\/vapaa-ajattelijat.fi\/tampere\/wp-content\/uploads\/sites\/16\/2020\/10\/tava_logo2.jpg","width":965,"height":180,"caption":"Tampereen vapaa-ajattelijat"},"image":{"@id":"https:\/\/vapaa-ajattelijat.fi\/tampere\/#\/schema\/logo\/image\/"}}]}},"_links":{"self":[{"href":"https:\/\/vapaa-ajattelijat.fi\/tampere\/wp-json\/wp\/v2\/pages\/65","targetHints":{"allow":["GET"]}}],"collection":[{"href":"https:\/\/vapaa-ajattelijat.fi\/tampere\/wp-json\/wp\/v2\/pages"}],"about":[{"href":"https:\/\/vapaa-ajattelijat.fi\/tampere\/wp-json\/wp\/v2\/types\/page"}],"author":[{"embeddable":true,"href":"https:\/\/vapaa-ajattelijat.fi\/tampere\/wp-json\/wp\/v2\/users\/13"}],"replies":[{"embeddable":true,"href":"https:\/\/vapaa-ajattelijat.fi\/tampere\/wp-json\/wp\/v2\/comments?post=65"}],"version-history":[{"count":11,"href":"https:\/\/vapaa-ajattelijat.fi\/tampere\/wp-json\/wp\/v2\/pages\/65\/revisions"}],"predecessor-version":[{"id":1045,"href":"https:\/\/vapaa-ajattelijat.fi\/tampere\/wp-json\/wp\/v2\/pages\/65\/revisions\/1045"}],"wp:attachment":[{"href":"https:\/\/vapaa-ajattelijat.fi\/tampere\/wp-json\/wp\/v2\/media?parent=65"}],"curies":[{"name":"wp","href":"https:\/\/api.w.org\/{rel}","templated":true}]}}