{"id":5,"date":"2020-10-08T08:36:31","date_gmt":"2020-10-08T08:36:31","guid":{"rendered":"http:\/\/vapaa-ajattelijat.fi\/tampere\/?page_id=5"},"modified":"2022-11-01T10:46:10","modified_gmt":"2022-11-01T08:46:10","slug":"yleista","status":"publish","type":"page","link":"https:\/\/vapaa-ajattelijat.fi\/tampere\/","title":{"rendered":"Yleist\u00e4"},"content":{"rendered":"<p>Olemme <a href=\"https:\/\/vapaa-ajattelijat.fi\">Vapaa-ajattelijain liiton<\/a> Pirkanmaalla toimiva j\u00e4senyhdistys. Tavoitteemme on maallisempi yhteiskunta, jossa valtio ei anna etuoikeuksia uskonnoille.<\/p>\n<h2>Tavoitteet<\/h2>\n<p>Uskonnonvapauteen kuuluu my\u00f6s valtion neutraali suhde uskontoihin. Evankelis-luterilaisen ja Ortodoksisen valtionkirkon verotusoikeus ja muu erityisasema tulee purkaa.<\/p>\n<p>Pienempi\u00e4 korjauskohteita on paljon: el\u00e4m\u00e4nkatsomustiedon opiskelu pit\u00e4\u00e4 sallia my\u00f6s kirkkoon kuuluville lapsille, eik\u00e4 koulun teht\u00e4v\u00e4 ole vied\u00e4 lapsia hartaustilaisuuksiin. Jumalanpilkkalaki on kumottava, uskonnollinen vala ei kuulu valtion laitoksiin ja j\u00e4ljelle olevat uskontokuntia koskevat poikkeukset verotuksessa on poistettava.<\/p>\n<p>Uskonnonvapaus tarkoittaa toisaalta, ett\u00e4 jokaisella on vapaus uskoa ja lupa omilla rahoillaan rakentaa kirkkoja, painaa Koraaneja ja niin edelleen.<\/p>\n<p>Itse emme usko jumaliin ja pid\u00e4mme aina j\u00e4rke\u00e4 parempana oppaana el\u00e4m\u00e4ss\u00e4 kuin uskoa. Jotain uskontoa tunnustavien m\u00e4\u00e4r\u00e4 Suomessa v\u00e4henee, ja toivomme t\u00e4m\u00e4n kehityksen jatkuvan yh\u00e4 nopeammin.<\/p>\n<h2>Toiminta<\/h2>\n<p>Paikallisesti kokoonnumme kerran kuussa omaan toimitilaamme vapaaklubille kuuntelemaan alustusta ja keskustelemaan. Aiheina ovat olleet esimerkiksi eutanasia, median etiikka sek\u00e4 partion suhde uskontoon. Alustajina on sek\u00e4 j\u00e4seni\u00e4mme ett\u00e4 ulkopuolisia asiantuntijoita, ja joskus on kutsuttu my\u00f6s pappi tai muu aatteellinen kilpailija keskustelemaan.<\/p>\n<p>Luontoretki\u00e4 ja k\u00e4velyit\u00e4 j\u00e4rjest\u00e4mme muutaman kerran vuodessa, purjehtimassakin on tullut yhdess\u00e4 k\u00e4yty\u00e4. Satunnaisesti k\u00e4ymme yhdess\u00e4 aihetta sivuavissa n\u00e4yttelyiss\u00e4 tai katsomassa jonkin n\u00e4ytelm\u00e4n.<\/p>\n<p>Tunnetuin yhdistys on <a href=\"https:\/\/eroakirkosta.fi\">Eroakirkosta.fi-palvelusta<\/a> joka syntyi alkuaan tamperelaisten voimin. T\u00e4m\u00e4n j\u00e4lkeen olemme olleet mukana muutamia <a href=\"https:\/\/vapaa-ajattelijat.fi\/tampere\/www\/\">muita www-sivuja<\/a> tekem\u00e4ss\u00e4.<\/p>\n<p>Toimitilastamme l\u00f6ytyy satakunta aiheitamme sivuavaa kirjaa.<\/p>\n<h2>Yhdistyksest\u00e4<\/h2>\n<p>Yhdistys on perustettu vuonna 1936 tai 1945 n\u00e4k\u00f6kulmasta riippuen &#8211; edelt\u00e4j\u00e4mme lakkautettiin juuri ennen talvisotaa. <a href=\"https:\/\/vapaa-ajattelijat.fi\/tampere\/historia\/\">Lis\u00e4\u00e4 historiasta<\/a>.<\/p>\n<p>J\u00e4seni\u00e4 on noin 200. Yhdistys on poliittisesti sitoutumaton ja k\u00e4yt\u00e4nn\u00f6ss\u00e4 j\u00e4senten puoluepoliittinen kirjo on hyvin laaja.<\/p>\n<p>J\u00e4senyys on avoin kaikille, jotka kiitt\u00e4v\u00e4t ruuasta mieluummin kokkia kuin Jeesusta. <a href=\"https:\/\/vapaa-ajattelijat.fi\/tampere\/liity\/\">Liity joukkoon!<\/a><\/p>\n","protected":false},"excerpt":{"rendered":"<p>Olemme Vapaa-ajattelijain liiton Pirkanmaalla toimiva j\u00e4senyhdistys. Tavoitteemme on maallisempi yhteiskunta, jossa valtio ei anna etuoikeuksia uskonnoille. Tavoitteet Uskonnonvapauteen kuuluu my\u00f6s valtion neutraali suhde uskontoihin. Evankelis-luterilaisen ja Ortodoksisen valtionkirkon verotusoikeus ja &#8230; <a title=\"Yleist\u00e4\" class=\"read-more\" href=\"https:\/\/vapaa-ajattelijat.fi\/tampere\/\" aria-label=\"Lue lis\u00e4\u00e4 aiheesta Yleist\u00e4\">Lue lis\u00e4\u00e4<\/a><\/p>\n","protected":false},"author":13,"featured_media":245,"parent":0,"menu_order":0,"comment_status":"closed","ping_status":"closed","template":"","meta":{"footnotes":""},"class_list":["post-5","page","type-page","status-publish","has-post-thumbnail"],"yoast_head":"<!-- This site is optimized with the Yoast SEO plugin v27.4 - https:\/\/yoast.com\/product\/yoast-seo-wordpress\/ -->\n<title>Tampereen Vapaa-ajattelijat<\/title>\n<meta name=\"description\" content=\"Olemme Vapaa-ajattelijain liiton Pirkanmaalla toimiva j\u00e4senyhdistys. Tavoitteemme on maallisempi yhteiskunta, jossa valtio ei anna etuoikeuksia uskonnoille.\" \/>\n<meta name=\"robots\" content=\"index, follow, max-snippet:-1, max-image-preview:large, max-video-preview:-1\" \/>\n<link rel=\"canonical\" href=\"https:\/\/vapaa-ajattelijat.fi\/tampere\/\" \/>\n<meta property=\"og:locale\" content=\"fi_FI\" \/>\n<meta property=\"og:type\" content=\"article\" \/>\n<meta property=\"og:title\" content=\"Tampereen Vapaa-ajattelijat\" \/>\n<meta property=\"og:description\" content=\"Olemme Vapaa-ajattelijain liiton Pirkanmaalla toimiva j\u00e4senyhdistys. Tavoitteemme on maallisempi yhteiskunta, jossa valtio ei anna etuoikeuksia uskonnoille.\" \/>\n<meta property=\"og:url\" content=\"https:\/\/vapaa-ajattelijat.fi\/tampere\/\" \/>\n<meta property=\"og:site_name\" content=\"Tampereen vapaa-ajattelijat\" \/>\n<meta property=\"article:modified_time\" content=\"2022-11-01T08:46:10+00:00\" \/>\n<meta property=\"og:image\" content=\"https:\/\/vapaa-ajattelijat.fi\/tampere\/wp-content\/uploads\/sites\/16\/2020\/10\/tampereen-vaparit.png\" \/>\n\t<meta property=\"og:image:width\" content=\"600\" \/>\n\t<meta property=\"og:image:height\" content=\"600\" \/>\n\t<meta property=\"og:image:type\" content=\"image\/png\" \/>\n<meta name=\"twitter:card\" content=\"summary_large_image\" \/>\n<meta name=\"twitter:title\" content=\"Tampereen Vapaa-ajattelijat\" \/>\n<meta name=\"twitter:description\" content=\"Olemme Vapaa-ajattelijain liiton Pirkanmaalla toimiva j\u00e4senyhdistys. Tavoitteemme on maallisempi yhteiskunta, jossa valtio ei anna etuoikeuksia uskonnoille.\" \/>\n<meta name=\"twitter:image\" content=\"https:\/\/vapaa-ajattelijat.fi\/tampere\/wp-content\/uploads\/sites\/16\/2020\/10\/tampereen-vaparit.png\" \/>\n<meta name=\"twitter:label1\" content=\"Arvioitu lukuaika\" \/>\n\t<meta name=\"twitter:data1\" content=\"2 minuuttia\" \/>\n<script type=\"application\/ld+json\" class=\"yoast-schema-graph\">{\"@context\":\"https:\\\/\\\/schema.org\",\"@graph\":[{\"@type\":\"WebPage\",\"@id\":\"https:\\\/\\\/vapaa-ajattelijat.fi\\\/tampere\\\/\",\"url\":\"https:\\\/\\\/vapaa-ajattelijat.fi\\\/tampere\\\/\",\"name\":\"Tampereen Vapaa-ajattelijat\",\"isPartOf\":{\"@id\":\"https:\\\/\\\/vapaa-ajattelijat.fi\\\/tampere\\\/#website\"},\"primaryImageOfPage\":{\"@id\":\"https:\\\/\\\/vapaa-ajattelijat.fi\\\/tampere\\\/#primaryimage\"},\"image\":{\"@id\":\"https:\\\/\\\/vapaa-ajattelijat.fi\\\/tampere\\\/#primaryimage\"},\"thumbnailUrl\":\"https:\\\/\\\/vapaa-ajattelijat.fi\\\/tampere\\\/wp-content\\\/uploads\\\/sites\\\/16\\\/2020\\\/10\\\/tampereen-vaparit.png\",\"datePublished\":\"2020-10-08T08:36:31+00:00\",\"dateModified\":\"2022-11-01T08:46:10+00:00\",\"description\":\"Olemme Vapaa-ajattelijain liiton Pirkanmaalla toimiva j\u00e4senyhdistys. Tavoitteemme on maallisempi yhteiskunta, jossa valtio ei anna etuoikeuksia uskonnoille.\",\"breadcrumb\":{\"@id\":\"https:\\\/\\\/vapaa-ajattelijat.fi\\\/tampere\\\/#breadcrumb\"},\"inLanguage\":\"fi\",\"potentialAction\":[{\"@type\":\"ReadAction\",\"target\":[\"https:\\\/\\\/vapaa-ajattelijat.fi\\\/tampere\\\/\"]}]},{\"@type\":\"ImageObject\",\"inLanguage\":\"fi\",\"@id\":\"https:\\\/\\\/vapaa-ajattelijat.fi\\\/tampere\\\/#primaryimage\",\"url\":\"https:\\\/\\\/vapaa-ajattelijat.fi\\\/tampere\\\/wp-content\\\/uploads\\\/sites\\\/16\\\/2020\\\/10\\\/tampereen-vaparit.png\",\"contentUrl\":\"https:\\\/\\\/vapaa-ajattelijat.fi\\\/tampere\\\/wp-content\\\/uploads\\\/sites\\\/16\\\/2020\\\/10\\\/tampereen-vaparit.png\",\"width\":600,\"height\":600},{\"@type\":\"BreadcrumbList\",\"@id\":\"https:\\\/\\\/vapaa-ajattelijat.fi\\\/tampere\\\/#breadcrumb\",\"itemListElement\":[{\"@type\":\"ListItem\",\"position\":1,\"name\":\"Etusivu\",\"item\":\"https:\\\/\\\/vapaa-ajattelijat.fi\\\/tampere\\\/\"},{\"@type\":\"ListItem\",\"position\":2,\"name\":\"Yleist\u00e4\"}]},{\"@type\":\"WebSite\",\"@id\":\"https:\\\/\\\/vapaa-ajattelijat.fi\\\/tampere\\\/#website\",\"url\":\"https:\\\/\\\/vapaa-ajattelijat.fi\\\/tampere\\\/\",\"name\":\"Tampereen vapaa-ajattelijat\",\"description\":\"\",\"publisher\":{\"@id\":\"https:\\\/\\\/vapaa-ajattelijat.fi\\\/tampere\\\/#organization\"},\"potentialAction\":[{\"@type\":\"SearchAction\",\"target\":{\"@type\":\"EntryPoint\",\"urlTemplate\":\"https:\\\/\\\/vapaa-ajattelijat.fi\\\/tampere\\\/?s={search_term_string}\"},\"query-input\":{\"@type\":\"PropertyValueSpecification\",\"valueRequired\":true,\"valueName\":\"search_term_string\"}}],\"inLanguage\":\"fi\"},{\"@type\":\"Organization\",\"@id\":\"https:\\\/\\\/vapaa-ajattelijat.fi\\\/tampere\\\/#organization\",\"name\":\"Tampereen vapaa-ajattelijat\",\"url\":\"https:\\\/\\\/vapaa-ajattelijat.fi\\\/tampere\\\/\",\"logo\":{\"@type\":\"ImageObject\",\"inLanguage\":\"fi\",\"@id\":\"https:\\\/\\\/vapaa-ajattelijat.fi\\\/tampere\\\/#\\\/schema\\\/logo\\\/image\\\/\",\"url\":\"https:\\\/\\\/vapaa-ajattelijat.fi\\\/tampere\\\/wp-content\\\/uploads\\\/sites\\\/16\\\/2020\\\/10\\\/tava_logo2.jpg\",\"contentUrl\":\"https:\\\/\\\/vapaa-ajattelijat.fi\\\/tampere\\\/wp-content\\\/uploads\\\/sites\\\/16\\\/2020\\\/10\\\/tava_logo2.jpg\",\"width\":965,\"height\":180,\"caption\":\"Tampereen vapaa-ajattelijat\"},\"image\":{\"@id\":\"https:\\\/\\\/vapaa-ajattelijat.fi\\\/tampere\\\/#\\\/schema\\\/logo\\\/image\\\/\"}}]}<\/script>\n<!-- \/ Yoast SEO plugin. -->","yoast_head_json":{"title":"Tampereen Vapaa-ajattelijat","description":"Olemme Vapaa-ajattelijain liiton Pirkanmaalla toimiva j\u00e4senyhdistys. Tavoitteemme on maallisempi yhteiskunta, jossa valtio ei anna etuoikeuksia uskonnoille.","robots":{"index":"index","follow":"follow","max-snippet":"max-snippet:-1","max-image-preview":"max-image-preview:large","max-video-preview":"max-video-preview:-1"},"canonical":"https:\/\/vapaa-ajattelijat.fi\/tampere\/","og_locale":"fi_FI","og_type":"article","og_title":"Tampereen Vapaa-ajattelijat","og_description":"Olemme Vapaa-ajattelijain liiton Pirkanmaalla toimiva j\u00e4senyhdistys. Tavoitteemme on maallisempi yhteiskunta, jossa valtio ei anna etuoikeuksia uskonnoille.","og_url":"https:\/\/vapaa-ajattelijat.fi\/tampere\/","og_site_name":"Tampereen vapaa-ajattelijat","article_modified_time":"2022-11-01T08:46:10+00:00","og_image":[{"width":600,"height":600,"url":"https:\/\/vapaa-ajattelijat.fi\/tampere\/wp-content\/uploads\/sites\/16\/2020\/10\/tampereen-vaparit.png","type":"image\/png"}],"twitter_card":"summary_large_image","twitter_title":"Tampereen Vapaa-ajattelijat","twitter_description":"Olemme Vapaa-ajattelijain liiton Pirkanmaalla toimiva j\u00e4senyhdistys. Tavoitteemme on maallisempi yhteiskunta, jossa valtio ei anna etuoikeuksia uskonnoille.","twitter_image":"https:\/\/vapaa-ajattelijat.fi\/tampere\/wp-content\/uploads\/sites\/16\/2020\/10\/tampereen-vaparit.png","twitter_misc":{"Arvioitu lukuaika":"2 minuuttia"},"schema":{"@context":"https:\/\/schema.org","@graph":[{"@type":"WebPage","@id":"https:\/\/vapaa-ajattelijat.fi\/tampere\/","url":"https:\/\/vapaa-ajattelijat.fi\/tampere\/","name":"Tampereen Vapaa-ajattelijat","isPartOf":{"@id":"https:\/\/vapaa-ajattelijat.fi\/tampere\/#website"},"primaryImageOfPage":{"@id":"https:\/\/vapaa-ajattelijat.fi\/tampere\/#primaryimage"},"image":{"@id":"https:\/\/vapaa-ajattelijat.fi\/tampere\/#primaryimage"},"thumbnailUrl":"https:\/\/vapaa-ajattelijat.fi\/tampere\/wp-content\/uploads\/sites\/16\/2020\/10\/tampereen-vaparit.png","datePublished":"2020-10-08T08:36:31+00:00","dateModified":"2022-11-01T08:46:10+00:00","description":"Olemme Vapaa-ajattelijain liiton Pirkanmaalla toimiva j\u00e4senyhdistys. Tavoitteemme on maallisempi yhteiskunta, jossa valtio ei anna etuoikeuksia uskonnoille.","breadcrumb":{"@id":"https:\/\/vapaa-ajattelijat.fi\/tampere\/#breadcrumb"},"inLanguage":"fi","potentialAction":[{"@type":"ReadAction","target":["https:\/\/vapaa-ajattelijat.fi\/tampere\/"]}]},{"@type":"ImageObject","inLanguage":"fi","@id":"https:\/\/vapaa-ajattelijat.fi\/tampere\/#primaryimage","url":"https:\/\/vapaa-ajattelijat.fi\/tampere\/wp-content\/uploads\/sites\/16\/2020\/10\/tampereen-vaparit.png","contentUrl":"https:\/\/vapaa-ajattelijat.fi\/tampere\/wp-content\/uploads\/sites\/16\/2020\/10\/tampereen-vaparit.png","width":600,"height":600},{"@type":"BreadcrumbList","@id":"https:\/\/vapaa-ajattelijat.fi\/tampere\/#breadcrumb","itemListElement":[{"@type":"ListItem","position":1,"name":"Etusivu","item":"https:\/\/vapaa-ajattelijat.fi\/tampere\/"},{"@type":"ListItem","position":2,"name":"Yleist\u00e4"}]},{"@type":"WebSite","@id":"https:\/\/vapaa-ajattelijat.fi\/tampere\/#website","url":"https:\/\/vapaa-ajattelijat.fi\/tampere\/","name":"Tampereen vapaa-ajattelijat","description":"","publisher":{"@id":"https:\/\/vapaa-ajattelijat.fi\/tampere\/#organization"},"potentialAction":[{"@type":"SearchAction","target":{"@type":"EntryPoint","urlTemplate":"https:\/\/vapaa-ajattelijat.fi\/tampere\/?s={search_term_string}"},"query-input":{"@type":"PropertyValueSpecification","valueRequired":true,"valueName":"search_term_string"}}],"inLanguage":"fi"},{"@type":"Organization","@id":"https:\/\/vapaa-ajattelijat.fi\/tampere\/#organization","name":"Tampereen vapaa-ajattelijat","url":"https:\/\/vapaa-ajattelijat.fi\/tampere\/","logo":{"@type":"ImageObject","inLanguage":"fi","@id":"https:\/\/vapaa-ajattelijat.fi\/tampere\/#\/schema\/logo\/image\/","url":"https:\/\/vapaa-ajattelijat.fi\/tampere\/wp-content\/uploads\/sites\/16\/2020\/10\/tava_logo2.jpg","contentUrl":"https:\/\/vapaa-ajattelijat.fi\/tampere\/wp-content\/uploads\/sites\/16\/2020\/10\/tava_logo2.jpg","width":965,"height":180,"caption":"Tampereen vapaa-ajattelijat"},"image":{"@id":"https:\/\/vapaa-ajattelijat.fi\/tampere\/#\/schema\/logo\/image\/"}}]}},"_links":{"self":[{"href":"https:\/\/vapaa-ajattelijat.fi\/tampere\/wp-json\/wp\/v2\/pages\/5","targetHints":{"allow":["GET"]}}],"collection":[{"href":"https:\/\/vapaa-ajattelijat.fi\/tampere\/wp-json\/wp\/v2\/pages"}],"about":[{"href":"https:\/\/vapaa-ajattelijat.fi\/tampere\/wp-json\/wp\/v2\/types\/page"}],"author":[{"embeddable":true,"href":"https:\/\/vapaa-ajattelijat.fi\/tampere\/wp-json\/wp\/v2\/users\/13"}],"replies":[{"embeddable":true,"href":"https:\/\/vapaa-ajattelijat.fi\/tampere\/wp-json\/wp\/v2\/comments?post=5"}],"version-history":[{"count":19,"href":"https:\/\/vapaa-ajattelijat.fi\/tampere\/wp-json\/wp\/v2\/pages\/5\/revisions"}],"predecessor-version":[{"id":768,"href":"https:\/\/vapaa-ajattelijat.fi\/tampere\/wp-json\/wp\/v2\/pages\/5\/revisions\/768"}],"wp:featuredmedia":[{"embeddable":true,"href":"https:\/\/vapaa-ajattelijat.fi\/tampere\/wp-json\/wp\/v2\/media\/245"}],"wp:attachment":[{"href":"https:\/\/vapaa-ajattelijat.fi\/tampere\/wp-json\/wp\/v2\/media?parent=5"}],"curies":[{"name":"wp","href":"https:\/\/api.w.org\/{rel}","templated":true}]}}