{"id":189,"date":"2020-10-18T11:41:33","date_gmt":"2020-10-18T09:41:33","guid":{"rendered":"http:\/\/vapaa-ajattelijat.fi\/tampere\/?page_id=189"},"modified":"2021-07-04T00:38:36","modified_gmt":"2021-07-03T21:38:36","slug":"1950-1959","status":"publish","type":"page","link":"https:\/\/vapaa-ajattelijat.fi\/tampere\/historia\/1950-1959\/","title":{"rendered":"1950-1959: Toimii, ei toimi, toimii&#8230;"},"content":{"rendered":"<p>Vuosikymmen alkoi heikosti, vuonna 1950 hoidettiin oikeastaan vain hallintorutiinit. Kokouksiin kyll\u00e4 osallistui noin 40 ihmist\u00e4, mutta tuloksia niist\u00e4 ei saatu.<\/p>\n<p>Jo seuraavana vuonna toiminta virkosi, ja yhdistys mm. j\u00e4rjesti liiton retkeilyp\u00e4iv\u00e4t, joista &#8221;sateli meille ihastuneita kiitoksia kaikilta tahoilta&#8221;. Vuonna 1952 toiminta vilkastui entisest\u00e4\u00e4n ja pidettiin uskonnonvapauslain 30-vuotisjuhla. Todettiin my\u00f6s miten on n\u00e4ytetty ett\u00e4 &#8221;vainajat saadaan haudan tyyneen lepoon ilman pappien ynn\u00e4 muiden katekeettojen loitsujakin&#8221;.<\/p>\n<p>Vuonna 1953 autettiin Nokialla asuvia vapaa-ajattelijoita perustamaan <a href=\"https:\/\/vapaa-ajattelijat.fi\/nokia\/\">oma yhdistyksens\u00e4<\/a>, mutta oma toiminta notkahti alasp\u00e4in. Seuraavana vuonna kirjoittikin liiton puheenjohtaja miten &#8221;Tampere, joka aikoinaan oli koko liikkeen p\u00e4\u00e4paikkana, on sittemmin kasvanut alasp\u00e4in kuin lehm\u00e4nh\u00e4nt\u00e4&#8221;.<\/p>\n<p>Toiminta aktivoitui kuitenkin taas, ja 1954 yhdistys j\u00e4rjesti mm. kaksi onnistunutta v\u00e4ittelytilaisuutta pappien kanssa. Tuloja yhdistys sai j\u00e4rjest\u00e4m\u00e4ll\u00e4 kahteen kertaan tanssit. Seuraava vuosi jatkui samanlaisena.<\/p>\n<p>T\u00e4ss\u00e4 vaiheessa seurasi tekninen uudistus: yhdistykselle ostettiin kirjoituskone. Aikansa kuva t\u00e4m\u00e4kin.<\/p>\n<p>Vuosikymmenen loppupuolen asiakirjat ovat valitettavasti kadonneet. Poikkeuksena on vuosikertomus 1958, jossa mainitaan ajankohdan &#8221;rahankireyden&#8221; haitanneen toimintaa ja mm. tanssit ovat tuottaneet tappiota. J\u00e4rjestty\u00e4 saatiin ainakin vaalipaneeli ennen kes\u00e4n eduskuntavaaleja.<\/p>\n<p>Toiminta-aktiivisuuden vaihtelu on ilmeisesti ollut kiinni henkil\u00f6ist\u00e4, eli k\u00e4yt\u00e4nn\u00f6ss\u00e4 toiminta on ollut melko v\u00e4h\u00e4isen v\u00e4kim\u00e4\u00e4r\u00e4n harteilla. Lis\u00e4ksi johtokunta joutui useasti pohtimaan toimitilakysymyst\u00e4 saamatta kuitenkaan asiaa kuntoon.<\/p>\n<p>Maksaneiden j\u00e4senten m\u00e4\u00e4r\u00e4 vuonna 1952 oli en\u00e4\u00e4 86, siihen saakka pienin m\u00e4\u00e4r\u00e4. 1955 j\u00e4seni\u00e4 oli 216, siis enemm\u00e4n kuin vuonna 1948. Jyrkk\u00e4\u00e4 heittely\u00e4 oli siis my\u00f6s j\u00e4senmaksujen kannossa aivan kuten muussakin toiminnassa.<\/p>\n","protected":false},"excerpt":{"rendered":"<p>Vuosikymmen alkoi heikosti, vuonna 1950 hoidettiin oikeastaan vain hallintorutiinit. Kokouksiin kyll\u00e4 osallistui noin 40 ihmist\u00e4, mutta tuloksia niist\u00e4 ei saatu. Jo seuraavana vuonna toiminta virkosi, ja yhdistys mm. j\u00e4rjesti liiton &#8230; <a title=\"1950-1959: Toimii, ei toimi, toimii&#8230;\" class=\"read-more\" href=\"https:\/\/vapaa-ajattelijat.fi\/tampere\/historia\/1950-1959\/\" aria-label=\"Lue lis\u00e4\u00e4 aiheesta 1950-1959: Toimii, ei toimi, toimii&#8230;\">Lue lis\u00e4\u00e4<\/a><\/p>\n","protected":false},"author":13,"featured_media":0,"parent":100,"menu_order":0,"comment_status":"closed","ping_status":"closed","template":"","meta":{"footnotes":""},"class_list":["post-189","page","type-page","status-publish"],"yoast_head":"<!-- This site is optimized with the Yoast SEO plugin v27.3 - https:\/\/yoast.com\/product\/yoast-seo-wordpress\/ -->\n<title>1950-1959: Toimii, ei toimi, toimii... - Tampereen vapaa-ajattelijat<\/title>\n<meta name=\"robots\" content=\"index, follow, max-snippet:-1, max-image-preview:large, max-video-preview:-1\" \/>\n<link rel=\"canonical\" href=\"https:\/\/vapaa-ajattelijat.fi\/tampere\/historia\/1950-1959\/\" \/>\n<meta property=\"og:locale\" content=\"fi_FI\" \/>\n<meta property=\"og:type\" content=\"article\" \/>\n<meta property=\"og:title\" content=\"1950-1959: Toimii, ei toimi, toimii... - Tampereen vapaa-ajattelijat\" \/>\n<meta property=\"og:description\" content=\"Vuosikymmen alkoi heikosti, vuonna 1950 hoidettiin oikeastaan vain hallintorutiinit. Kokouksiin kyll\u00e4 osallistui noin 40 ihmist\u00e4, mutta tuloksia niist\u00e4 ei saatu. Jo seuraavana vuonna toiminta virkosi, ja yhdistys mm. j\u00e4rjesti liiton ... Lue lis\u00e4\u00e4\" \/>\n<meta property=\"og:url\" content=\"https:\/\/vapaa-ajattelijat.fi\/tampere\/historia\/1950-1959\/\" \/>\n<meta property=\"og:site_name\" content=\"Tampereen vapaa-ajattelijat\" \/>\n<meta property=\"article:modified_time\" content=\"2021-07-03T21:38:36+00:00\" \/>\n<meta property=\"og:image\" content=\"https:\/\/vapaa-ajattelijat.fi\/tampere\/wp-content\/uploads\/sites\/16\/2020\/10\/tampereen-vaparit.png\" \/>\n\t<meta property=\"og:image:width\" content=\"600\" \/>\n\t<meta property=\"og:image:height\" content=\"600\" \/>\n\t<meta property=\"og:image:type\" content=\"image\/png\" \/>\n<meta name=\"twitter:card\" content=\"summary_large_image\" \/>\n<meta name=\"twitter:label1\" content=\"Arvioitu lukuaika\" \/>\n\t<meta name=\"twitter:data1\" content=\"1 minuutti\" \/>\n<script type=\"application\/ld+json\" class=\"yoast-schema-graph\">{\"@context\":\"https:\\\/\\\/schema.org\",\"@graph\":[{\"@type\":\"WebPage\",\"@id\":\"https:\\\/\\\/vapaa-ajattelijat.fi\\\/tampere\\\/historia\\\/1950-1959\\\/\",\"url\":\"https:\\\/\\\/vapaa-ajattelijat.fi\\\/tampere\\\/historia\\\/1950-1959\\\/\",\"name\":\"1950-1959: Toimii, ei toimi, toimii... - Tampereen vapaa-ajattelijat\",\"isPartOf\":{\"@id\":\"https:\\\/\\\/vapaa-ajattelijat.fi\\\/tampere\\\/#website\"},\"datePublished\":\"2020-10-18T09:41:33+00:00\",\"dateModified\":\"2021-07-03T21:38:36+00:00\",\"breadcrumb\":{\"@id\":\"https:\\\/\\\/vapaa-ajattelijat.fi\\\/tampere\\\/historia\\\/1950-1959\\\/#breadcrumb\"},\"inLanguage\":\"fi\",\"potentialAction\":[{\"@type\":\"ReadAction\",\"target\":[\"https:\\\/\\\/vapaa-ajattelijat.fi\\\/tampere\\\/historia\\\/1950-1959\\\/\"]}]},{\"@type\":\"BreadcrumbList\",\"@id\":\"https:\\\/\\\/vapaa-ajattelijat.fi\\\/tampere\\\/historia\\\/1950-1959\\\/#breadcrumb\",\"itemListElement\":[{\"@type\":\"ListItem\",\"position\":1,\"name\":\"Etusivu\",\"item\":\"https:\\\/\\\/vapaa-ajattelijat.fi\\\/tampere\\\/\"},{\"@type\":\"ListItem\",\"position\":2,\"name\":\"Yli 80 vuotta historiaa\",\"item\":\"https:\\\/\\\/vapaa-ajattelijat.fi\\\/tampere\\\/historia\\\/\"},{\"@type\":\"ListItem\",\"position\":3,\"name\":\"1950-1959: Toimii, ei toimi, toimii&#8230;\"}]},{\"@type\":\"WebSite\",\"@id\":\"https:\\\/\\\/vapaa-ajattelijat.fi\\\/tampere\\\/#website\",\"url\":\"https:\\\/\\\/vapaa-ajattelijat.fi\\\/tampere\\\/\",\"name\":\"Tampereen vapaa-ajattelijat\",\"description\":\"\",\"publisher\":{\"@id\":\"https:\\\/\\\/vapaa-ajattelijat.fi\\\/tampere\\\/#organization\"},\"potentialAction\":[{\"@type\":\"SearchAction\",\"target\":{\"@type\":\"EntryPoint\",\"urlTemplate\":\"https:\\\/\\\/vapaa-ajattelijat.fi\\\/tampere\\\/?s={search_term_string}\"},\"query-input\":{\"@type\":\"PropertyValueSpecification\",\"valueRequired\":true,\"valueName\":\"search_term_string\"}}],\"inLanguage\":\"fi\"},{\"@type\":\"Organization\",\"@id\":\"https:\\\/\\\/vapaa-ajattelijat.fi\\\/tampere\\\/#organization\",\"name\":\"Tampereen vapaa-ajattelijat\",\"url\":\"https:\\\/\\\/vapaa-ajattelijat.fi\\\/tampere\\\/\",\"logo\":{\"@type\":\"ImageObject\",\"inLanguage\":\"fi\",\"@id\":\"https:\\\/\\\/vapaa-ajattelijat.fi\\\/tampere\\\/#\\\/schema\\\/logo\\\/image\\\/\",\"url\":\"https:\\\/\\\/vapaa-ajattelijat.fi\\\/tampere\\\/wp-content\\\/uploads\\\/sites\\\/16\\\/2020\\\/10\\\/tava_logo2.jpg\",\"contentUrl\":\"https:\\\/\\\/vapaa-ajattelijat.fi\\\/tampere\\\/wp-content\\\/uploads\\\/sites\\\/16\\\/2020\\\/10\\\/tava_logo2.jpg\",\"width\":965,\"height\":180,\"caption\":\"Tampereen vapaa-ajattelijat\"},\"image\":{\"@id\":\"https:\\\/\\\/vapaa-ajattelijat.fi\\\/tampere\\\/#\\\/schema\\\/logo\\\/image\\\/\"}}]}<\/script>\n<!-- \/ Yoast SEO plugin. -->","yoast_head_json":{"title":"1950-1959: Toimii, ei toimi, toimii... - Tampereen vapaa-ajattelijat","robots":{"index":"index","follow":"follow","max-snippet":"max-snippet:-1","max-image-preview":"max-image-preview:large","max-video-preview":"max-video-preview:-1"},"canonical":"https:\/\/vapaa-ajattelijat.fi\/tampere\/historia\/1950-1959\/","og_locale":"fi_FI","og_type":"article","og_title":"1950-1959: Toimii, ei toimi, toimii... - Tampereen vapaa-ajattelijat","og_description":"Vuosikymmen alkoi heikosti, vuonna 1950 hoidettiin oikeastaan vain hallintorutiinit. Kokouksiin kyll\u00e4 osallistui noin 40 ihmist\u00e4, mutta tuloksia niist\u00e4 ei saatu. Jo seuraavana vuonna toiminta virkosi, ja yhdistys mm. j\u00e4rjesti liiton ... Lue lis\u00e4\u00e4","og_url":"https:\/\/vapaa-ajattelijat.fi\/tampere\/historia\/1950-1959\/","og_site_name":"Tampereen vapaa-ajattelijat","article_modified_time":"2021-07-03T21:38:36+00:00","og_image":[{"width":600,"height":600,"url":"https:\/\/vapaa-ajattelijat.fi\/tampere\/wp-content\/uploads\/sites\/16\/2020\/10\/tampereen-vaparit.png","type":"image\/png"}],"twitter_card":"summary_large_image","twitter_misc":{"Arvioitu lukuaika":"1 minuutti"},"schema":{"@context":"https:\/\/schema.org","@graph":[{"@type":"WebPage","@id":"https:\/\/vapaa-ajattelijat.fi\/tampere\/historia\/1950-1959\/","url":"https:\/\/vapaa-ajattelijat.fi\/tampere\/historia\/1950-1959\/","name":"1950-1959: Toimii, ei toimi, toimii... - Tampereen vapaa-ajattelijat","isPartOf":{"@id":"https:\/\/vapaa-ajattelijat.fi\/tampere\/#website"},"datePublished":"2020-10-18T09:41:33+00:00","dateModified":"2021-07-03T21:38:36+00:00","breadcrumb":{"@id":"https:\/\/vapaa-ajattelijat.fi\/tampere\/historia\/1950-1959\/#breadcrumb"},"inLanguage":"fi","potentialAction":[{"@type":"ReadAction","target":["https:\/\/vapaa-ajattelijat.fi\/tampere\/historia\/1950-1959\/"]}]},{"@type":"BreadcrumbList","@id":"https:\/\/vapaa-ajattelijat.fi\/tampere\/historia\/1950-1959\/#breadcrumb","itemListElement":[{"@type":"ListItem","position":1,"name":"Etusivu","item":"https:\/\/vapaa-ajattelijat.fi\/tampere\/"},{"@type":"ListItem","position":2,"name":"Yli 80 vuotta historiaa","item":"https:\/\/vapaa-ajattelijat.fi\/tampere\/historia\/"},{"@type":"ListItem","position":3,"name":"1950-1959: Toimii, ei toimi, toimii&#8230;"}]},{"@type":"WebSite","@id":"https:\/\/vapaa-ajattelijat.fi\/tampere\/#website","url":"https:\/\/vapaa-ajattelijat.fi\/tampere\/","name":"Tampereen vapaa-ajattelijat","description":"","publisher":{"@id":"https:\/\/vapaa-ajattelijat.fi\/tampere\/#organization"},"potentialAction":[{"@type":"SearchAction","target":{"@type":"EntryPoint","urlTemplate":"https:\/\/vapaa-ajattelijat.fi\/tampere\/?s={search_term_string}"},"query-input":{"@type":"PropertyValueSpecification","valueRequired":true,"valueName":"search_term_string"}}],"inLanguage":"fi"},{"@type":"Organization","@id":"https:\/\/vapaa-ajattelijat.fi\/tampere\/#organization","name":"Tampereen vapaa-ajattelijat","url":"https:\/\/vapaa-ajattelijat.fi\/tampere\/","logo":{"@type":"ImageObject","inLanguage":"fi","@id":"https:\/\/vapaa-ajattelijat.fi\/tampere\/#\/schema\/logo\/image\/","url":"https:\/\/vapaa-ajattelijat.fi\/tampere\/wp-content\/uploads\/sites\/16\/2020\/10\/tava_logo2.jpg","contentUrl":"https:\/\/vapaa-ajattelijat.fi\/tampere\/wp-content\/uploads\/sites\/16\/2020\/10\/tava_logo2.jpg","width":965,"height":180,"caption":"Tampereen vapaa-ajattelijat"},"image":{"@id":"https:\/\/vapaa-ajattelijat.fi\/tampere\/#\/schema\/logo\/image\/"}}]}},"_links":{"self":[{"href":"https:\/\/vapaa-ajattelijat.fi\/tampere\/wp-json\/wp\/v2\/pages\/189","targetHints":{"allow":["GET"]}}],"collection":[{"href":"https:\/\/vapaa-ajattelijat.fi\/tampere\/wp-json\/wp\/v2\/pages"}],"about":[{"href":"https:\/\/vapaa-ajattelijat.fi\/tampere\/wp-json\/wp\/v2\/types\/page"}],"author":[{"embeddable":true,"href":"https:\/\/vapaa-ajattelijat.fi\/tampere\/wp-json\/wp\/v2\/users\/13"}],"replies":[{"embeddable":true,"href":"https:\/\/vapaa-ajattelijat.fi\/tampere\/wp-json\/wp\/v2\/comments?post=189"}],"version-history":[{"count":7,"href":"https:\/\/vapaa-ajattelijat.fi\/tampere\/wp-json\/wp\/v2\/pages\/189\/revisions"}],"predecessor-version":[{"id":515,"href":"https:\/\/vapaa-ajattelijat.fi\/tampere\/wp-json\/wp\/v2\/pages\/189\/revisions\/515"}],"up":[{"embeddable":true,"href":"https:\/\/vapaa-ajattelijat.fi\/tampere\/wp-json\/wp\/v2\/pages\/100"}],"wp:attachment":[{"href":"https:\/\/vapaa-ajattelijat.fi\/tampere\/wp-json\/wp\/v2\/media?parent=189"}],"curies":[{"name":"wp","href":"https:\/\/api.w.org\/{rel}","templated":true}]}}