{"id":156,"date":"2020-10-17T21:29:08","date_gmt":"2020-10-17T19:29:08","guid":{"rendered":"http:\/\/vapaa-ajattelijat.fi\/tampere\/?page_id=156"},"modified":"2021-12-05T12:31:17","modified_gmt":"2021-12-05T10:31:17","slug":"2000-2009","status":"publish","type":"page","link":"https:\/\/vapaa-ajattelijat.fi\/tampere\/historia\/2000-2009\/","title":{"rendered":"2000-2009: Kuohuntaa ja eroakirkosta.fi"},"content":{"rendered":"<p>Uuden vuosituhannen ensimm\u00e4inen vuosikymmen alkoi internetin nopealla levi\u00e4misell\u00e4. T\u00e4m\u00e4 n\u00e4kyi yhdistyksess\u00e4kin. Tunnetuimpana esimerkkin\u00e4 perustettiin eroakirkosta.fi, ja toisaalta Pakanasanomat lopetettiin viestinn\u00e4n siirrytty\u00e4 nettiin. Yhdistys my\u00f6s vaurastui ja sai uusia j\u00e4seni\u00e4. T\u00e4m\u00e4 johti kuohuntavaiheeseen jonka huipentumana vuonna 2002 puolet johtokunnan j\u00e4senist\u00e4 erosi.<\/p>\n<h2>Testamentteja ja uusi toimisto<\/h2>\n<p>Yhdistyksen talous koheni merkitt\u00e4v\u00e4sti kun sattumalta saimme vuosituhannen vaihteessa useamman testamentin l\u00e4hes per\u00e4kk\u00e4in.<\/p>\n<p>Kun perint\u00f6ihin toisaalta kuului asuntoja, t\u00e4st\u00e4 seurasi my\u00f6s valtava ty\u00f6m\u00e4\u00e4r\u00e4. Enimmill\u00e4\u00e4n er\u00e4\u00e4ss\u00e4 talossa pidettiin yli kymmenen tunnin talkoita yli kymmenen\u00e4 p\u00e4iv\u00e4n\u00e4 yli kymmenell\u00e4 osallistujalla! Samaan aikaan onneksi nuoria ja innokkaita j\u00e4seni\u00e4 tuli lis\u00e4\u00e4 ja tekij\u00f6it\u00e4 l\u00f6ytyi.<\/p>\n<p>N\u00e4kyvin tulos parantuneesta taloudesta oli uusi toimisto. Vanha, alle 20 neli\u00f6n tila olikin jo melkoisen pieni kun reilut kymmenen henke\u00e4 pakkautui ideoimaan.<\/p>\n<h2>Pakanasanomat<\/h2>\n<p>Yhdistyksen oma lehti, Pakanasanomat, oli vuonna 1999 julkaistu ensimm\u00e4ist\u00e4 kertaa nelj\u00e4sti vuodessa. T\u00e4t\u00e4 tahtia jatkettiin monia vuosia. Lehti postitettiin j\u00e4senille, jonka lis\u00e4ksi sit\u00e4 jaettiin erilaisissa tilaisuuksissa ja levitettiin esimerkiksi kirjastojen ilmoitustauluille.<\/p>\n<p>Lehti tehtiin alkuaan yhdistyksen toimistolla omalla kopiokoneella suurissa talkoissa. Ulkoasu riippui kulloisenkin k\u00e4ytettyn\u00e4 ostetun koneen hinnasta. Petri Karisman tultua mukaan toimintaan tuli t\u00e4h\u00e4nkin muutos, ja lehden teko siirtyi painotalolle. Kussakin lehdess\u00e4 oli kymmenkunta erilasta artikkelia.<\/p>\n<p>Toiminnan siirtyess\u00e4 yh\u00e4 enemm\u00e4n verkkoon lehti p\u00e4\u00e4tettiin siirt\u00e4\u00e4 ilmestym\u00e4\u00e4n kahdesti vuodessa. N\u00e4in tapahtui vain 2007, sen j\u00e4lkeen lehti loppui kokonaan.<\/p>\n<h2>Kriisivuosi 2002<\/h2>\n<p>Alkuvuodesta toimittiin uudessa toimistossa ja vanhaan etsittiin vuokralaista. Sellaisen lopulta l\u00f6ydytty\u00e4 syntyi vuokrausp\u00e4\u00e4t\u00f6ksest\u00e4 vakavia erimielisyyksi\u00e4, ja ne johtivat kes\u00e4ll\u00e4 useamman johtokunnan j\u00e4senen eroon koko yhdistyksest\u00e4. Hiukan my\u00f6hemmin erosi viel\u00e4 yksi j\u00e4sen t\u00e4st\u00e4 riippumatta eik\u00e4 syy koskaan selvinnyt. Lopulta viel\u00e4 loppuvuodesta er\u00e4\u00e4sen kirjekampanjaan osallistumisesta syntyi kiista jonka tuloksena puheenjohtaja irtisanoutui kesken kauden sek\u00e4 teht\u00e4v\u00e4st\u00e4\u00e4n ett\u00e4 j\u00e4senyydest\u00e4.<\/p>\n<p>T\u00e4m\u00e4n ohella oli jo kev\u00e4\u00e4ll\u00e4 tehty vuosikokoukselle ehdotusta liitosta eroamisesta; \u00e4\u00e4nestyksess\u00e4 kuitenkin selv\u00e4 enemmist\u00f6 kannatti j\u00e4senyyden jatkamista. Muutamista muistakin asioista \u00e4\u00e4nestettiin niin vuosikokouksissa kuin johtokunnankin kokoontuessa.<\/p>\n<p>Erojen j\u00e4lkeen j\u00e4ljelle j\u00e4i harventunut, nuorentunut ja suurelta osin melko tuore ydinryhm\u00e4. Ryhm\u00e4ss\u00e4 painottui tietotekninen osaaminen, mik\u00e4 ep\u00e4ilem\u00e4tt\u00e4 n\u00e4kyi my\u00f6s toiminnan suuntautumisessa. Viimeinen yksitt\u00e4inen \u00e4\u00e4nestys p\u00f6yt\u00e4kirjaan merkittiin vuonna 2006, sen j\u00e4lkeen p\u00e4\u00e4t\u00f6kset on tehty keskustellen.<\/p>\n<h2>Eroakirkosta.fi<\/h2>\n<p>Uskonnonvapauslaki muuttui 2003, ja erityisesti sen j\u00e4lkeen uskontokunnista sai erota kirjeell\u00e4 maistraattiin. Kes\u00e4ll\u00e4 Petri Karisma sai idean: jaetaan erokaavakkeita, joissa on postimaksu valmiiksi maksettu. N\u00e4in tehtiin, mutta tulos ei viel\u00e4 ollut merkitt\u00e4v\u00e4. V\u00e4h\u00e4n my\u00f6hemmin Jori M\u00e4ntysalo ehdotti laadittavaksi www-sivun, joka loisi erokirjeen valmiiksi. Eroakirkosta.fi-palvelu avattiin 21.11.2003.<\/p>\n<p>Loppuvuoden aikana kirjeit\u00e4 ehti l\u00e4hte\u00e4 liki tuhat. Seuraavana vuonna m\u00e4\u00e4r\u00e4 oli jo kymmenen tuhatta, noin 40 % kaikista eroista tehtiin palvelumme kautta.<\/p>\n<p>Varsinainen erovy\u00f6ry l\u00e4hti pari vuotta perustamisen j\u00e4lkeen, kun eroaminen erin\u00e4isten kiistojen j\u00e4lkeen saatiin hoitumaan s\u00e4hk\u00f6isesti. Samalla opeteltiin laatimaan lehdist\u00f6tiedotteita. Ensimm\u00e4isen kerran niiden voima n\u00e4htiin kunnolla vuonna 2008: palvelu saavutti 100\u00a0000 eroajan rajan, t\u00e4st\u00e4 tiedotettiin ja saatiin yhten\u00e4 p\u00e4iv\u00e4n\u00e4 l\u00e4hes tuhat eroa. Sittemmin usein rikottu enn\u00e4tys tuntui silloin valtavalta.<\/p>\n<p>Palvelu lis\u00e4si my\u00f6s tunnettuvuuttamme, ja antoi itseluottamusta: me pystymme vaikuttamaan. Samoin uusia aktiiveja tuli palvelun innostamana mukaan.<\/p>\n<h2>Muita sivuja<\/h2>\n<p>Loppuvuodesta 2004 avattiin er\u00e4\u00e4n aktiivij\u00e4senen toimesta uskonnonvapaus.fi. Se oli heti aluksi maan laajin uskonnon ja katsomuksen vapautta esitt\u00e4v\u00e4 ja puolustava sivu. Olennainen teht\u00e4v\u00e4 oli muistuttaa, ett\u00e4 uskonnonvapauteen kuuluu paitsi vapaus uskoa, my\u00f6s olla uskomatta sek\u00e4 valtion neutraali suhde uskontoihin. Tunnetuksi sivu tuli viimeist\u00e4\u00e4n tehdess\u00e4\u00e4n vaalikoneen vuoden 2007 eduskuntavaaleihin.<\/p>\n<p>Vuonna 2006 oli vuorossa el\u00e4m\u00e4nkatsomustiedon esittelyyn ja mainostamiseen suunnattu et-opetus.fi. T\u00e4h\u00e4n aikaan alkoi nousta yh\u00e4 enemm\u00e4n kritiikki\u00e4 koulujen uskonnollista toimintaa kohtaan. P\u00e4\u00e4osin koululaisjumalanpalveluksia pidettiin viel\u00e4 itsest\u00e4\u00e4nselvyyten\u00e4, mutta muutos oli alkanut. Osaltaan et-opetus.fi edisti my\u00f6s t\u00e4t\u00e4 levitt\u00e4m\u00e4ll\u00e4 tietoa.<\/p>\n<p>Viel\u00e4 kokeiltiin laajempaa uskonnottomuutta k\u00e4sittelev\u00e4\u00e4 sivua uskomaton.fi. Sekin toimi aikansa ja ker\u00e4sin jonkin verran kirjoituksia, mutta ei saavuttanut vastaavaa nousukiitoa kuin muut sivut.<\/p>\n<p>Yhdistyksen oma www-sivu oli koko ajan toiminnassa, ja erityisesti siell\u00e4 julkaistiin Pakanasanomat s\u00e4hk\u00f6isen\u00e4.<\/p>\n<h2>Muuta toimintaa<\/h2>\n<p>Toimistolla kokoonnuttiin l\u00e4pi koko vuosikymmenen joteensakin joka viikko. P\u00e4\u00e4osin joka toinen viikko oli johtokunnan kokous, niiden v\u00e4lill\u00e4 vapaamuotoisempi ideariihi. Toimisto oli my\u00f6s auki s\u00e4\u00e4nn\u00f6llisesti, usein tukity\u00f6llistetyn, ty\u00f6kokeilijan tms. ansioista ja v\u00e4lill\u00e4 vapaaehtoisten p\u00e4ivyst\u00e4jien pit\u00e4m\u00e4n\u00e4. Aukioloa kuitenkin supistettiin hiljalleen viidest\u00e4 p\u00e4iv\u00e4st\u00e4 viikossa pariin tuntiin viikossa.<\/p>\n<p>Paneelikeskusteluja pidettiin ainakin 2000 otsikolla &#8221;Uskonnonvapauslaki ja kirkon ja valtion suhde&#8221;, 2001 eutanasiasta ja 2002 p\u00e4iv\u00e4kodeista. Yhdistyst\u00e4 esiteltiin monissa erilaisissa tapahtumissa, kuten Mahdollisuuksien torilla ja yliopiston Aatemarkkinoilla. Aina saatiin hyvi\u00e4 keskusteluja, v\u00e4lill\u00e4 my\u00f6s j\u00e4senhakemuksia.<\/p>\n<p>Yhdistyksen j\u00e4seni\u00e4 k\u00e4vi Nuorten filosofiatapahtumaa seuraamassa, puolin ja toisin tehtiin vierailuja mm. Pohjois-Kymin yhdistyksen kanssa, jaettiin kirkostaeroamislenn\u00e4kkej\u00e4, j\u00e4senille pidettiin kaamoskarkelot ja 60-vuotisjuhlat, kokeiltiin uskonnottomien lasten kerhoa&#8230; Erityisesti vuosikymmenen alkupuolella ennen internetin t\u00e4ydellist\u00e4 l\u00e4pily\u00f6nti\u00e4 oli suorastaan heng\u00e4stytt\u00e4v\u00e4n paljon toimintaa.<\/p>\n<p>Erikoisuutena yhdistys jakoi Euroopan unionin ruoka-apua vuosikymmenen alkupuolella. Esimerkiksi 2003 raportti kertoo jaetun 282 kassia. Jaosta luovuttiin kun sen ei katsottu kuuluvan yhdistyksen ydintoimintaan<\/p>\n<p>Vuosikymmenen lopuksi kes\u00e4ll\u00e4 2009 kolmessa kaupungissa kiersi busseja mainostekstill\u00e4 &#8221;Jumalaa tuskin on olemassa.&#8221; T\u00e4m\u00e4 Iso-Britanniasta l\u00e4hteneen kampanjan ideoi Suomeen er\u00e4s j\u00e4senemme. Julkisuutta saatiin mukavasti mm. koska osa kaupungeista ei hyv\u00e4ksynyt mainosteksti\u00e4 sellaisenaan busseihin.<\/p>\n<p><a href=\"https:\/\/vapaa-ajattelijat.fi\/tampere\/historia\/2010-2019\/\">&gt;&gt; Vuodet 2010-2019<\/a><\/p>\n","protected":false},"excerpt":{"rendered":"<p>Uuden vuosituhannen ensimm\u00e4inen vuosikymmen alkoi internetin nopealla levi\u00e4misell\u00e4. T\u00e4m\u00e4 n\u00e4kyi yhdistyksess\u00e4kin. Tunnetuimpana esimerkkin\u00e4 perustettiin eroakirkosta.fi, ja toisaalta Pakanasanomat lopetettiin viestinn\u00e4n siirrytty\u00e4 nettiin. Yhdistys my\u00f6s vaurastui ja sai uusia j\u00e4seni\u00e4. T\u00e4m\u00e4 &#8230; <a title=\"2000-2009: Kuohuntaa ja eroakirkosta.fi\" class=\"read-more\" href=\"https:\/\/vapaa-ajattelijat.fi\/tampere\/historia\/2000-2009\/\" aria-label=\"Lue lis\u00e4\u00e4 aiheesta 2000-2009: Kuohuntaa ja eroakirkosta.fi\">Lue lis\u00e4\u00e4<\/a><\/p>\n","protected":false},"author":13,"featured_media":0,"parent":100,"menu_order":0,"comment_status":"closed","ping_status":"closed","template":"","meta":{"footnotes":""},"class_list":["post-156","page","type-page","status-publish"],"yoast_head":"<!-- This site is optimized with the Yoast SEO plugin v27.4 - https:\/\/yoast.com\/product\/yoast-seo-wordpress\/ -->\n<title>2000-2009: Kuohuntaa ja eroakirkosta.fi - Tampereen vapaa-ajattelijat<\/title>\n<meta name=\"robots\" content=\"index, follow, max-snippet:-1, max-image-preview:large, max-video-preview:-1\" \/>\n<link rel=\"canonical\" href=\"https:\/\/vapaa-ajattelijat.fi\/tampere\/historia\/2000-2009\/\" \/>\n<meta property=\"og:locale\" content=\"fi_FI\" \/>\n<meta property=\"og:type\" content=\"article\" \/>\n<meta property=\"og:title\" content=\"2000-2009: Kuohuntaa ja eroakirkosta.fi - Tampereen vapaa-ajattelijat\" \/>\n<meta property=\"og:description\" content=\"Uuden vuosituhannen ensimm\u00e4inen vuosikymmen alkoi internetin nopealla levi\u00e4misell\u00e4. T\u00e4m\u00e4 n\u00e4kyi yhdistyksess\u00e4kin. Tunnetuimpana esimerkkin\u00e4 perustettiin eroakirkosta.fi, ja toisaalta Pakanasanomat lopetettiin viestinn\u00e4n siirrytty\u00e4 nettiin. Yhdistys my\u00f6s vaurastui ja sai uusia j\u00e4seni\u00e4. T\u00e4m\u00e4 ... Lue lis\u00e4\u00e4\" \/>\n<meta property=\"og:url\" content=\"https:\/\/vapaa-ajattelijat.fi\/tampere\/historia\/2000-2009\/\" \/>\n<meta property=\"og:site_name\" content=\"Tampereen vapaa-ajattelijat\" \/>\n<meta property=\"article:modified_time\" content=\"2021-12-05T10:31:17+00:00\" \/>\n<meta property=\"og:image\" content=\"https:\/\/vapaa-ajattelijat.fi\/tampere\/wp-content\/uploads\/sites\/16\/2020\/10\/tampereen-vaparit.png\" \/>\n\t<meta property=\"og:image:width\" content=\"600\" \/>\n\t<meta property=\"og:image:height\" content=\"600\" \/>\n\t<meta property=\"og:image:type\" content=\"image\/png\" \/>\n<meta name=\"twitter:card\" content=\"summary_large_image\" \/>\n<meta name=\"twitter:label1\" content=\"Arvioitu lukuaika\" \/>\n\t<meta name=\"twitter:data1\" content=\"5 minuuttia\" \/>\n<script type=\"application\/ld+json\" class=\"yoast-schema-graph\">{\"@context\":\"https:\\\/\\\/schema.org\",\"@graph\":[{\"@type\":\"WebPage\",\"@id\":\"https:\\\/\\\/vapaa-ajattelijat.fi\\\/tampere\\\/historia\\\/2000-2009\\\/\",\"url\":\"https:\\\/\\\/vapaa-ajattelijat.fi\\\/tampere\\\/historia\\\/2000-2009\\\/\",\"name\":\"2000-2009: Kuohuntaa ja eroakirkosta.fi - Tampereen vapaa-ajattelijat\",\"isPartOf\":{\"@id\":\"https:\\\/\\\/vapaa-ajattelijat.fi\\\/tampere\\\/#website\"},\"datePublished\":\"2020-10-17T19:29:08+00:00\",\"dateModified\":\"2021-12-05T10:31:17+00:00\",\"breadcrumb\":{\"@id\":\"https:\\\/\\\/vapaa-ajattelijat.fi\\\/tampere\\\/historia\\\/2000-2009\\\/#breadcrumb\"},\"inLanguage\":\"fi\",\"potentialAction\":[{\"@type\":\"ReadAction\",\"target\":[\"https:\\\/\\\/vapaa-ajattelijat.fi\\\/tampere\\\/historia\\\/2000-2009\\\/\"]}]},{\"@type\":\"BreadcrumbList\",\"@id\":\"https:\\\/\\\/vapaa-ajattelijat.fi\\\/tampere\\\/historia\\\/2000-2009\\\/#breadcrumb\",\"itemListElement\":[{\"@type\":\"ListItem\",\"position\":1,\"name\":\"Etusivu\",\"item\":\"https:\\\/\\\/vapaa-ajattelijat.fi\\\/tampere\\\/\"},{\"@type\":\"ListItem\",\"position\":2,\"name\":\"Yli 80 vuotta historiaa\",\"item\":\"https:\\\/\\\/vapaa-ajattelijat.fi\\\/tampere\\\/historia\\\/\"},{\"@type\":\"ListItem\",\"position\":3,\"name\":\"2000-2009: Kuohuntaa ja eroakirkosta.fi\"}]},{\"@type\":\"WebSite\",\"@id\":\"https:\\\/\\\/vapaa-ajattelijat.fi\\\/tampere\\\/#website\",\"url\":\"https:\\\/\\\/vapaa-ajattelijat.fi\\\/tampere\\\/\",\"name\":\"Tampereen vapaa-ajattelijat\",\"description\":\"\",\"publisher\":{\"@id\":\"https:\\\/\\\/vapaa-ajattelijat.fi\\\/tampere\\\/#organization\"},\"potentialAction\":[{\"@type\":\"SearchAction\",\"target\":{\"@type\":\"EntryPoint\",\"urlTemplate\":\"https:\\\/\\\/vapaa-ajattelijat.fi\\\/tampere\\\/?s={search_term_string}\"},\"query-input\":{\"@type\":\"PropertyValueSpecification\",\"valueRequired\":true,\"valueName\":\"search_term_string\"}}],\"inLanguage\":\"fi\"},{\"@type\":\"Organization\",\"@id\":\"https:\\\/\\\/vapaa-ajattelijat.fi\\\/tampere\\\/#organization\",\"name\":\"Tampereen vapaa-ajattelijat\",\"url\":\"https:\\\/\\\/vapaa-ajattelijat.fi\\\/tampere\\\/\",\"logo\":{\"@type\":\"ImageObject\",\"inLanguage\":\"fi\",\"@id\":\"https:\\\/\\\/vapaa-ajattelijat.fi\\\/tampere\\\/#\\\/schema\\\/logo\\\/image\\\/\",\"url\":\"https:\\\/\\\/vapaa-ajattelijat.fi\\\/tampere\\\/wp-content\\\/uploads\\\/sites\\\/16\\\/2020\\\/10\\\/tava_logo2.jpg\",\"contentUrl\":\"https:\\\/\\\/vapaa-ajattelijat.fi\\\/tampere\\\/wp-content\\\/uploads\\\/sites\\\/16\\\/2020\\\/10\\\/tava_logo2.jpg\",\"width\":965,\"height\":180,\"caption\":\"Tampereen vapaa-ajattelijat\"},\"image\":{\"@id\":\"https:\\\/\\\/vapaa-ajattelijat.fi\\\/tampere\\\/#\\\/schema\\\/logo\\\/image\\\/\"}}]}<\/script>\n<!-- \/ Yoast SEO plugin. -->","yoast_head_json":{"title":"2000-2009: Kuohuntaa ja eroakirkosta.fi - Tampereen vapaa-ajattelijat","robots":{"index":"index","follow":"follow","max-snippet":"max-snippet:-1","max-image-preview":"max-image-preview:large","max-video-preview":"max-video-preview:-1"},"canonical":"https:\/\/vapaa-ajattelijat.fi\/tampere\/historia\/2000-2009\/","og_locale":"fi_FI","og_type":"article","og_title":"2000-2009: Kuohuntaa ja eroakirkosta.fi - Tampereen vapaa-ajattelijat","og_description":"Uuden vuosituhannen ensimm\u00e4inen vuosikymmen alkoi internetin nopealla levi\u00e4misell\u00e4. T\u00e4m\u00e4 n\u00e4kyi yhdistyksess\u00e4kin. Tunnetuimpana esimerkkin\u00e4 perustettiin eroakirkosta.fi, ja toisaalta Pakanasanomat lopetettiin viestinn\u00e4n siirrytty\u00e4 nettiin. Yhdistys my\u00f6s vaurastui ja sai uusia j\u00e4seni\u00e4. T\u00e4m\u00e4 ... Lue lis\u00e4\u00e4","og_url":"https:\/\/vapaa-ajattelijat.fi\/tampere\/historia\/2000-2009\/","og_site_name":"Tampereen vapaa-ajattelijat","article_modified_time":"2021-12-05T10:31:17+00:00","og_image":[{"width":600,"height":600,"url":"https:\/\/vapaa-ajattelijat.fi\/tampere\/wp-content\/uploads\/sites\/16\/2020\/10\/tampereen-vaparit.png","type":"image\/png"}],"twitter_card":"summary_large_image","twitter_misc":{"Arvioitu lukuaika":"5 minuuttia"},"schema":{"@context":"https:\/\/schema.org","@graph":[{"@type":"WebPage","@id":"https:\/\/vapaa-ajattelijat.fi\/tampere\/historia\/2000-2009\/","url":"https:\/\/vapaa-ajattelijat.fi\/tampere\/historia\/2000-2009\/","name":"2000-2009: Kuohuntaa ja eroakirkosta.fi - Tampereen vapaa-ajattelijat","isPartOf":{"@id":"https:\/\/vapaa-ajattelijat.fi\/tampere\/#website"},"datePublished":"2020-10-17T19:29:08+00:00","dateModified":"2021-12-05T10:31:17+00:00","breadcrumb":{"@id":"https:\/\/vapaa-ajattelijat.fi\/tampere\/historia\/2000-2009\/#breadcrumb"},"inLanguage":"fi","potentialAction":[{"@type":"ReadAction","target":["https:\/\/vapaa-ajattelijat.fi\/tampere\/historia\/2000-2009\/"]}]},{"@type":"BreadcrumbList","@id":"https:\/\/vapaa-ajattelijat.fi\/tampere\/historia\/2000-2009\/#breadcrumb","itemListElement":[{"@type":"ListItem","position":1,"name":"Etusivu","item":"https:\/\/vapaa-ajattelijat.fi\/tampere\/"},{"@type":"ListItem","position":2,"name":"Yli 80 vuotta historiaa","item":"https:\/\/vapaa-ajattelijat.fi\/tampere\/historia\/"},{"@type":"ListItem","position":3,"name":"2000-2009: Kuohuntaa ja eroakirkosta.fi"}]},{"@type":"WebSite","@id":"https:\/\/vapaa-ajattelijat.fi\/tampere\/#website","url":"https:\/\/vapaa-ajattelijat.fi\/tampere\/","name":"Tampereen vapaa-ajattelijat","description":"","publisher":{"@id":"https:\/\/vapaa-ajattelijat.fi\/tampere\/#organization"},"potentialAction":[{"@type":"SearchAction","target":{"@type":"EntryPoint","urlTemplate":"https:\/\/vapaa-ajattelijat.fi\/tampere\/?s={search_term_string}"},"query-input":{"@type":"PropertyValueSpecification","valueRequired":true,"valueName":"search_term_string"}}],"inLanguage":"fi"},{"@type":"Organization","@id":"https:\/\/vapaa-ajattelijat.fi\/tampere\/#organization","name":"Tampereen vapaa-ajattelijat","url":"https:\/\/vapaa-ajattelijat.fi\/tampere\/","logo":{"@type":"ImageObject","inLanguage":"fi","@id":"https:\/\/vapaa-ajattelijat.fi\/tampere\/#\/schema\/logo\/image\/","url":"https:\/\/vapaa-ajattelijat.fi\/tampere\/wp-content\/uploads\/sites\/16\/2020\/10\/tava_logo2.jpg","contentUrl":"https:\/\/vapaa-ajattelijat.fi\/tampere\/wp-content\/uploads\/sites\/16\/2020\/10\/tava_logo2.jpg","width":965,"height":180,"caption":"Tampereen vapaa-ajattelijat"},"image":{"@id":"https:\/\/vapaa-ajattelijat.fi\/tampere\/#\/schema\/logo\/image\/"}}]}},"_links":{"self":[{"href":"https:\/\/vapaa-ajattelijat.fi\/tampere\/wp-json\/wp\/v2\/pages\/156","targetHints":{"allow":["GET"]}}],"collection":[{"href":"https:\/\/vapaa-ajattelijat.fi\/tampere\/wp-json\/wp\/v2\/pages"}],"about":[{"href":"https:\/\/vapaa-ajattelijat.fi\/tampere\/wp-json\/wp\/v2\/types\/page"}],"author":[{"embeddable":true,"href":"https:\/\/vapaa-ajattelijat.fi\/tampere\/wp-json\/wp\/v2\/users\/13"}],"replies":[{"embeddable":true,"href":"https:\/\/vapaa-ajattelijat.fi\/tampere\/wp-json\/wp\/v2\/comments?post=156"}],"version-history":[{"count":12,"href":"https:\/\/vapaa-ajattelijat.fi\/tampere\/wp-json\/wp\/v2\/pages\/156\/revisions"}],"predecessor-version":[{"id":612,"href":"https:\/\/vapaa-ajattelijat.fi\/tampere\/wp-json\/wp\/v2\/pages\/156\/revisions\/612"}],"up":[{"embeddable":true,"href":"https:\/\/vapaa-ajattelijat.fi\/tampere\/wp-json\/wp\/v2\/pages\/100"}],"wp:attachment":[{"href":"https:\/\/vapaa-ajattelijat.fi\/tampere\/wp-json\/wp\/v2\/media?parent=156"}],"curies":[{"name":"wp","href":"https:\/\/api.w.org\/{rel}","templated":true}]}}