{"id":144,"date":"2020-10-17T12:41:06","date_gmt":"2020-10-17T10:41:06","guid":{"rendered":"http:\/\/vapaa-ajattelijat.fi\/tampere\/?page_id=144"},"modified":"2022-08-30T06:24:09","modified_gmt":"2022-08-30T03:24:09","slug":"2010-2019","status":"publish","type":"page","link":"https:\/\/vapaa-ajattelijat.fi\/tampere\/historia\/2010-2019\/","title":{"rendered":"2010-2019: Tasaista toimintaa"},"content":{"rendered":"<h2>Eroakirkosta.fi<\/h2>\n<p>Vuosikymmenen suurin yksitt\u00e4inen tapaus oli lokakuussa 2010 televisiosta tullut Homoilta-ohjelma. Sen antamaa alkusys\u00e4yst\u00e4 k\u00e4ytt\u00e4en eroakirkosta.fi-palvelu sai tiedotuksellaan aikaan positiivisen kierteen niin, ett\u00e4 eroluvuista uutisoiminen tuotti lis\u00e4\u00e4 eroja. Kaikkiaan saatiin tavallisen erovirran lis\u00e4ksi noin 40 000 &#8221;ylim\u00e4\u00e4r\u00e4ist\u00e4&#8221; eroa eli lukema suunnilleen kaksinkertaistui.<\/p>\n<p>Vuosikymmenen alkupuolen palvelu l\u00e4hetti tiedotteita tihe\u00e4sti, keskim\u00e4\u00e4rin enemm\u00e4n kuin kerran kuussa, ja useimmiten tiedote johti ainakin jonkinlaisiin uutisiin ja uutiset lis\u00e4eroihin. Vuoden 2015 j\u00e4lkeen samaan aikaan tasainen erovirta kasvoi ja eropiikit vaimenivat. Tiedotteiden l\u00e4pimenokin l\u00e4hes romahti melko \u00e4killisesti. Palvelu supisti tiedottamista niin, ett\u00e4 lopulta vuosina 2017-2019 julkaistiin yhteens\u00e4 vain yhdeks\u00e4n tiedotetta.<\/p>\n<p>Kaikkiaan kymmenen vuoden aikana valtionkirkoista erosi vuosikymmenen aikana noin 620 000 j\u00e4sent\u00e4, joista yli 550 000 k\u00e4ytti eroakirkosta-palvelua.<\/p>\n<h2>Muita www-sivuja<\/h2>\n<p>Vuonna 2013 julkaistun pakkouskonto.fi-sivun tarkoituksena oli nostaa &#8217;pakkouskonto&#8217;-termi pakkoruotsi-sanan rinnalle. Sivusto ei koskaan l\u00e4htenyt laajemmin toimintaan, ja se p\u00e4\u00e4tettiin j\u00e4\u00e4dytt\u00e4\u00e4 kolme vuotta my\u00f6hemmin. Vastaavalla tavalla my\u00f6s uskomaton.fi toimi aikansa, mutta ajatus laajasta uskonnottomuuta esittelev\u00e4st\u00e4 sivusta ei lopulta kantanut.<\/p>\n<p>Et-opetus.fi-sivun toiminta hiljeni, ja vastaava aktiivisuus k\u00e4\u00e4ntyi pitk\u00e4lti uuteen Kantelupukki-palveluun. Muodollisesti molemmilla oli haltijana muu j\u00e4rjest\u00f6, mutta k\u00e4yt\u00e4nn\u00f6ss\u00e4 molemmissa tamperelaisten osuus oli v\u00e4hint\u00e4\u00e4n t\u00e4rke\u00e4 ellei ratkaiseva.<\/p>\n<p>Uskonnonvapaus.fi jatkoi toimintaansa l\u00e4pi koko vuosikymmenen, ja sivulla oli mm. vaalikone kolmissa eduskuntavaaleissa.<\/p>\n<h2>Kansalaisaloitteet<\/h2>\n<p>Yhdistys organisoi ensimm\u00e4ist\u00e4 kertaa kansalaisaloitteen vuonna 2014. Yhdenvertainen Suomi oli laaja aloite kirkon ja valtion erottamisesta ja muista tavoitteistamme. T\u00e4t\u00e4 aloitetta mainostettiin mm. rintamerkeill\u00e4, Youtube-mainoksilla yms.<\/p>\n<p>Aloite ker\u00e4si noin 8000 allekirjoitusta. M\u00e4\u00e4r\u00e4 j\u00e4i siis kauas vaaditusta, mutta toisaalta sivuvaikutuksena j\u00e4senhakemusten m\u00e4\u00e4r\u00e4 kasvoi merkitt\u00e4v\u00e4sti.<\/p>\n<p>Toinen yritys oli vuonna 2019 ja aiheena silloin suppeasti vain jumalanpilkkalain kumoaminen. Aloitetta mainostettiin kokeilumieless\u00e4 my\u00f6s paperisilla mainoksilla, mutta muutamaan tuhanteen postiluukkuun jaetut mainokset eiv\u00e4t tuottaneet ilmeisesti mit\u00e4\u00e4n. Verkossa tieto levisi jonkin verran, ja tuloksena oli 4300 allekirjoitusta.<\/p>\n<h2>Baari-illat<\/h2>\n<p>Vapaamuotoisempana toimintana yhdistys piti baari-iltoja vuodesta 2011 alkaen. Niit\u00e4 oli alkuaan noin kerran kuussa vaihdellen eri paikoissa ilman erityist\u00e4 sovittua aihetta. K\u00e4vij\u00e4m\u00e4\u00e4r\u00e4 oli usein noin 15 hengen luokkaa. Into kuitenkin hiipui, sek\u00e4 k\u00e4vij\u00e4m\u00e4\u00e4r\u00e4 putosi ett\u00e4 illat harvenivat. Lopulta en\u00e4\u00e4 kourallinen j\u00e4seni\u00e4 kokoontui satunnaisesti.<\/p>\n<p>Vuonna 2018 t\u00e4h\u00e4n otettiin systemaattisempi ote. Aikataulu sovittiin puoleksi vuodeksi kerralla eteenp\u00e4in ja paikka varattiin joka nelj\u00e4nneksi viikoksi. L\u00e4hes jokaiselle illalle sovittiin teema ja alustaja. Useimmiten alustaja oli yhdistyksen ulkopuolinen.<\/p>\n<p>Yliopiston tutkijoita k\u00e4vi kertomassa median etiikasta, uskonnosta sota-ajan kirjeiss\u00e4, bioetiikasta, uskonnosta Aleksis Kiven teoksissa jne. OPH:n virkamies alusti koulujen uskonnollisista tilaisuuksia ja niiden vaihtoehtotilaisuuksista. Eroakirkosta.fi ja uskonnonvapaus.fi olivat molemmat aiheena, muista j\u00e4rjest\u00f6ist\u00e4 kuultiin Exituksen, Protun ja Uskontojen uhrien tuen toiminnasta. Eduskuntavaaleja ennen oli puolueiden edustajia er\u00e4\u00e4nlaisessa vaalipaneelissa. K\u00e4vij\u00e4m\u00e4\u00e4r\u00e4 vaihteli, mediaanin ollessa noin kymmenen.<\/p>\n<h2>Muuta toimintaa<\/h2>\n<p>Vuosikymmenen alussa yhdistyksen toimistolle kokoonnuttiin viel\u00e4 joka viikko, ja ellei ollut hallituksen kokousta oli vapaamuotoinen ideariihi joko yleisen\u00e4 tai nimetyll\u00e4 aiheella. T\u00e4st\u00e4 luovuttiin 2013 toiminnan siirtyess\u00e4 yh\u00e4 enemm\u00e4n verkkoon ja vuosikymmenen lopulla toimisto oli omassa k\u00e4yt\u00f6ss\u00e4 en\u00e4\u00e4 15-20 kertaa vuodessa.<\/p>\n<p>Vuosina 2013 ja 2014 yhdistys j\u00e4rjesti seminaarin. Varsinkin ensimm\u00e4inen, &#8221;Uskomatonta mutta totta&#8221; -nimell\u00e4 yliopiston juhlasalissa ollut tilaisuus ker\u00e4si kymmeni\u00e4 ulkopuolisia kuuntelijoita. Toisella kerralla aiheena olivat erityisesti kouluasiat, eik\u00e4 menestys ollut aivan yht\u00e4 hyv\u00e4. N\u00e4m\u00e4 my\u00f6s videoitiin my\u00f6hemmin Youtubesta katsottavaksi.<\/p>\n<p>Luontoretki\u00e4 ja muita k\u00e4velyit\u00e4 yhdistys j\u00e4rjesti varsinkin kauden loppupuolella. Suosio vaihteli: parhaimmillaan mukana oli tusinan verran, heikoimmillaan tapahtuman j\u00e4rjest\u00e4j\u00e4t kulkivat kaksin.<\/p>\n<p>Muina j\u00e4sentapatumina k\u00e4ytiin mm. t\u00e4htitornilla er\u00e4\u00e4n j\u00e4senemme vieraana, ja H\u00e4meenlinnassa mentiin Pyh\u00e4t ja pakanat -n\u00e4yttelyn kautta saunomaan. Pariin otteeseen kokeiltiin my\u00f6s uusien j\u00e4senten iltaa vaihtelevalla menestyksell\u00e4.<\/p>\n<p>Yhdistyksen puheenjohtajana toimi alkupuolen Petri Karisma, puoliv\u00e4liss\u00e4 vuosikymment\u00e4 teht\u00e4v\u00e4\u00e4n astui Jori M\u00e4ntysalo. Karisma valittiin 2011 my\u00f6s liiton puheenjohtajaksi, jossa teht\u00e4v\u00e4ss\u00e4 h\u00e4n olikin puoli vuosikymment\u00e4. H\u00e4nen j\u00e4lkeens\u00e4 puheenjohtajana oli Kaj Torrkulla, joten kaikkiaan selv\u00e4sti suurimman osan 2010-lukua liiton johdossa oli tamperelainen.<\/p>\n","protected":false},"excerpt":{"rendered":"<p>Eroakirkosta.fi Vuosikymmenen suurin yksitt\u00e4inen tapaus oli lokakuussa 2010 televisiosta tullut Homoilta-ohjelma. Sen antamaa alkusys\u00e4yst\u00e4 k\u00e4ytt\u00e4en eroakirkosta.fi-palvelu sai tiedotuksellaan aikaan positiivisen kierteen niin, ett\u00e4 eroluvuista uutisoiminen tuotti lis\u00e4\u00e4 eroja. Kaikkiaan saatiin &#8230; <a title=\"2010-2019: Tasaista toimintaa\" class=\"read-more\" href=\"https:\/\/vapaa-ajattelijat.fi\/tampere\/historia\/2010-2019\/\" aria-label=\"Lue lis\u00e4\u00e4 aiheesta 2010-2019: Tasaista toimintaa\">Lue lis\u00e4\u00e4<\/a><\/p>\n","protected":false},"author":13,"featured_media":0,"parent":100,"menu_order":0,"comment_status":"closed","ping_status":"closed","template":"","meta":{"footnotes":""},"class_list":["post-144","page","type-page","status-publish"],"yoast_head":"<!-- This site is optimized with the Yoast SEO plugin v27.3 - https:\/\/yoast.com\/product\/yoast-seo-wordpress\/ -->\n<title>2010-2019: Tasaista toimintaa - Tampereen vapaa-ajattelijat<\/title>\n<meta name=\"robots\" content=\"index, follow, max-snippet:-1, max-image-preview:large, max-video-preview:-1\" \/>\n<link rel=\"canonical\" href=\"https:\/\/vapaa-ajattelijat.fi\/tampere\/historia\/2010-2019\/\" \/>\n<meta property=\"og:locale\" content=\"fi_FI\" \/>\n<meta property=\"og:type\" content=\"article\" \/>\n<meta property=\"og:title\" content=\"2010-2019: Tasaista toimintaa - Tampereen vapaa-ajattelijat\" \/>\n<meta property=\"og:description\" content=\"Eroakirkosta.fi Vuosikymmenen suurin yksitt\u00e4inen tapaus oli lokakuussa 2010 televisiosta tullut Homoilta-ohjelma. Sen antamaa alkusys\u00e4yst\u00e4 k\u00e4ytt\u00e4en eroakirkosta.fi-palvelu sai tiedotuksellaan aikaan positiivisen kierteen niin, ett\u00e4 eroluvuista uutisoiminen tuotti lis\u00e4\u00e4 eroja. Kaikkiaan saatiin ... Lue lis\u00e4\u00e4\" \/>\n<meta property=\"og:url\" content=\"https:\/\/vapaa-ajattelijat.fi\/tampere\/historia\/2010-2019\/\" \/>\n<meta property=\"og:site_name\" content=\"Tampereen vapaa-ajattelijat\" \/>\n<meta property=\"article:modified_time\" content=\"2022-08-30T03:24:09+00:00\" \/>\n<meta property=\"og:image\" content=\"https:\/\/vapaa-ajattelijat.fi\/tampere\/wp-content\/uploads\/sites\/16\/2020\/10\/tampereen-vaparit.png\" \/>\n\t<meta property=\"og:image:width\" content=\"600\" \/>\n\t<meta property=\"og:image:height\" content=\"600\" \/>\n\t<meta property=\"og:image:type\" content=\"image\/png\" \/>\n<meta name=\"twitter:card\" content=\"summary_large_image\" \/>\n<meta name=\"twitter:label1\" content=\"Arvioitu lukuaika\" \/>\n\t<meta name=\"twitter:data1\" content=\"3 minuuttia\" \/>\n<script type=\"application\/ld+json\" class=\"yoast-schema-graph\">{\"@context\":\"https:\\\/\\\/schema.org\",\"@graph\":[{\"@type\":\"WebPage\",\"@id\":\"https:\\\/\\\/vapaa-ajattelijat.fi\\\/tampere\\\/historia\\\/2010-2019\\\/\",\"url\":\"https:\\\/\\\/vapaa-ajattelijat.fi\\\/tampere\\\/historia\\\/2010-2019\\\/\",\"name\":\"2010-2019: Tasaista toimintaa - Tampereen vapaa-ajattelijat\",\"isPartOf\":{\"@id\":\"https:\\\/\\\/vapaa-ajattelijat.fi\\\/tampere\\\/#website\"},\"datePublished\":\"2020-10-17T10:41:06+00:00\",\"dateModified\":\"2022-08-30T03:24:09+00:00\",\"breadcrumb\":{\"@id\":\"https:\\\/\\\/vapaa-ajattelijat.fi\\\/tampere\\\/historia\\\/2010-2019\\\/#breadcrumb\"},\"inLanguage\":\"fi\",\"potentialAction\":[{\"@type\":\"ReadAction\",\"target\":[\"https:\\\/\\\/vapaa-ajattelijat.fi\\\/tampere\\\/historia\\\/2010-2019\\\/\"]}]},{\"@type\":\"BreadcrumbList\",\"@id\":\"https:\\\/\\\/vapaa-ajattelijat.fi\\\/tampere\\\/historia\\\/2010-2019\\\/#breadcrumb\",\"itemListElement\":[{\"@type\":\"ListItem\",\"position\":1,\"name\":\"Etusivu\",\"item\":\"https:\\\/\\\/vapaa-ajattelijat.fi\\\/tampere\\\/\"},{\"@type\":\"ListItem\",\"position\":2,\"name\":\"Yli 80 vuotta historiaa\",\"item\":\"https:\\\/\\\/vapaa-ajattelijat.fi\\\/tampere\\\/historia\\\/\"},{\"@type\":\"ListItem\",\"position\":3,\"name\":\"2010-2019: Tasaista toimintaa\"}]},{\"@type\":\"WebSite\",\"@id\":\"https:\\\/\\\/vapaa-ajattelijat.fi\\\/tampere\\\/#website\",\"url\":\"https:\\\/\\\/vapaa-ajattelijat.fi\\\/tampere\\\/\",\"name\":\"Tampereen vapaa-ajattelijat\",\"description\":\"\",\"publisher\":{\"@id\":\"https:\\\/\\\/vapaa-ajattelijat.fi\\\/tampere\\\/#organization\"},\"potentialAction\":[{\"@type\":\"SearchAction\",\"target\":{\"@type\":\"EntryPoint\",\"urlTemplate\":\"https:\\\/\\\/vapaa-ajattelijat.fi\\\/tampere\\\/?s={search_term_string}\"},\"query-input\":{\"@type\":\"PropertyValueSpecification\",\"valueRequired\":true,\"valueName\":\"search_term_string\"}}],\"inLanguage\":\"fi\"},{\"@type\":\"Organization\",\"@id\":\"https:\\\/\\\/vapaa-ajattelijat.fi\\\/tampere\\\/#organization\",\"name\":\"Tampereen vapaa-ajattelijat\",\"url\":\"https:\\\/\\\/vapaa-ajattelijat.fi\\\/tampere\\\/\",\"logo\":{\"@type\":\"ImageObject\",\"inLanguage\":\"fi\",\"@id\":\"https:\\\/\\\/vapaa-ajattelijat.fi\\\/tampere\\\/#\\\/schema\\\/logo\\\/image\\\/\",\"url\":\"https:\\\/\\\/vapaa-ajattelijat.fi\\\/tampere\\\/wp-content\\\/uploads\\\/sites\\\/16\\\/2020\\\/10\\\/tava_logo2.jpg\",\"contentUrl\":\"https:\\\/\\\/vapaa-ajattelijat.fi\\\/tampere\\\/wp-content\\\/uploads\\\/sites\\\/16\\\/2020\\\/10\\\/tava_logo2.jpg\",\"width\":965,\"height\":180,\"caption\":\"Tampereen vapaa-ajattelijat\"},\"image\":{\"@id\":\"https:\\\/\\\/vapaa-ajattelijat.fi\\\/tampere\\\/#\\\/schema\\\/logo\\\/image\\\/\"}}]}<\/script>\n<!-- \/ Yoast SEO plugin. -->","yoast_head_json":{"title":"2010-2019: Tasaista toimintaa - Tampereen vapaa-ajattelijat","robots":{"index":"index","follow":"follow","max-snippet":"max-snippet:-1","max-image-preview":"max-image-preview:large","max-video-preview":"max-video-preview:-1"},"canonical":"https:\/\/vapaa-ajattelijat.fi\/tampere\/historia\/2010-2019\/","og_locale":"fi_FI","og_type":"article","og_title":"2010-2019: Tasaista toimintaa - Tampereen vapaa-ajattelijat","og_description":"Eroakirkosta.fi Vuosikymmenen suurin yksitt\u00e4inen tapaus oli lokakuussa 2010 televisiosta tullut Homoilta-ohjelma. Sen antamaa alkusys\u00e4yst\u00e4 k\u00e4ytt\u00e4en eroakirkosta.fi-palvelu sai tiedotuksellaan aikaan positiivisen kierteen niin, ett\u00e4 eroluvuista uutisoiminen tuotti lis\u00e4\u00e4 eroja. Kaikkiaan saatiin ... Lue lis\u00e4\u00e4","og_url":"https:\/\/vapaa-ajattelijat.fi\/tampere\/historia\/2010-2019\/","og_site_name":"Tampereen vapaa-ajattelijat","article_modified_time":"2022-08-30T03:24:09+00:00","og_image":[{"width":600,"height":600,"url":"https:\/\/vapaa-ajattelijat.fi\/tampere\/wp-content\/uploads\/sites\/16\/2020\/10\/tampereen-vaparit.png","type":"image\/png"}],"twitter_card":"summary_large_image","twitter_misc":{"Arvioitu lukuaika":"3 minuuttia"},"schema":{"@context":"https:\/\/schema.org","@graph":[{"@type":"WebPage","@id":"https:\/\/vapaa-ajattelijat.fi\/tampere\/historia\/2010-2019\/","url":"https:\/\/vapaa-ajattelijat.fi\/tampere\/historia\/2010-2019\/","name":"2010-2019: Tasaista toimintaa - Tampereen vapaa-ajattelijat","isPartOf":{"@id":"https:\/\/vapaa-ajattelijat.fi\/tampere\/#website"},"datePublished":"2020-10-17T10:41:06+00:00","dateModified":"2022-08-30T03:24:09+00:00","breadcrumb":{"@id":"https:\/\/vapaa-ajattelijat.fi\/tampere\/historia\/2010-2019\/#breadcrumb"},"inLanguage":"fi","potentialAction":[{"@type":"ReadAction","target":["https:\/\/vapaa-ajattelijat.fi\/tampere\/historia\/2010-2019\/"]}]},{"@type":"BreadcrumbList","@id":"https:\/\/vapaa-ajattelijat.fi\/tampere\/historia\/2010-2019\/#breadcrumb","itemListElement":[{"@type":"ListItem","position":1,"name":"Etusivu","item":"https:\/\/vapaa-ajattelijat.fi\/tampere\/"},{"@type":"ListItem","position":2,"name":"Yli 80 vuotta historiaa","item":"https:\/\/vapaa-ajattelijat.fi\/tampere\/historia\/"},{"@type":"ListItem","position":3,"name":"2010-2019: Tasaista toimintaa"}]},{"@type":"WebSite","@id":"https:\/\/vapaa-ajattelijat.fi\/tampere\/#website","url":"https:\/\/vapaa-ajattelijat.fi\/tampere\/","name":"Tampereen vapaa-ajattelijat","description":"","publisher":{"@id":"https:\/\/vapaa-ajattelijat.fi\/tampere\/#organization"},"potentialAction":[{"@type":"SearchAction","target":{"@type":"EntryPoint","urlTemplate":"https:\/\/vapaa-ajattelijat.fi\/tampere\/?s={search_term_string}"},"query-input":{"@type":"PropertyValueSpecification","valueRequired":true,"valueName":"search_term_string"}}],"inLanguage":"fi"},{"@type":"Organization","@id":"https:\/\/vapaa-ajattelijat.fi\/tampere\/#organization","name":"Tampereen vapaa-ajattelijat","url":"https:\/\/vapaa-ajattelijat.fi\/tampere\/","logo":{"@type":"ImageObject","inLanguage":"fi","@id":"https:\/\/vapaa-ajattelijat.fi\/tampere\/#\/schema\/logo\/image\/","url":"https:\/\/vapaa-ajattelijat.fi\/tampere\/wp-content\/uploads\/sites\/16\/2020\/10\/tava_logo2.jpg","contentUrl":"https:\/\/vapaa-ajattelijat.fi\/tampere\/wp-content\/uploads\/sites\/16\/2020\/10\/tava_logo2.jpg","width":965,"height":180,"caption":"Tampereen vapaa-ajattelijat"},"image":{"@id":"https:\/\/vapaa-ajattelijat.fi\/tampere\/#\/schema\/logo\/image\/"}}]}},"_links":{"self":[{"href":"https:\/\/vapaa-ajattelijat.fi\/tampere\/wp-json\/wp\/v2\/pages\/144","targetHints":{"allow":["GET"]}}],"collection":[{"href":"https:\/\/vapaa-ajattelijat.fi\/tampere\/wp-json\/wp\/v2\/pages"}],"about":[{"href":"https:\/\/vapaa-ajattelijat.fi\/tampere\/wp-json\/wp\/v2\/types\/page"}],"author":[{"embeddable":true,"href":"https:\/\/vapaa-ajattelijat.fi\/tampere\/wp-json\/wp\/v2\/users\/13"}],"replies":[{"embeddable":true,"href":"https:\/\/vapaa-ajattelijat.fi\/tampere\/wp-json\/wp\/v2\/comments?post=144"}],"version-history":[{"count":13,"href":"https:\/\/vapaa-ajattelijat.fi\/tampere\/wp-json\/wp\/v2\/pages\/144\/revisions"}],"predecessor-version":[{"id":714,"href":"https:\/\/vapaa-ajattelijat.fi\/tampere\/wp-json\/wp\/v2\/pages\/144\/revisions\/714"}],"up":[{"embeddable":true,"href":"https:\/\/vapaa-ajattelijat.fi\/tampere\/wp-json\/wp\/v2\/pages\/100"}],"wp:attachment":[{"href":"https:\/\/vapaa-ajattelijat.fi\/tampere\/wp-json\/wp\/v2\/media?parent=144"}],"curies":[{"name":"wp","href":"https:\/\/api.w.org\/{rel}","templated":true}]}}