{"id":114,"date":"2020-10-17T04:58:00","date_gmt":"2020-10-17T02:58:00","guid":{"rendered":"http:\/\/vapaa-ajattelijat.fi\/tampere\/?page_id=114"},"modified":"2022-11-22T11:15:14","modified_gmt":"2022-11-22T09:15:14","slug":"www","status":"publish","type":"page","link":"https:\/\/vapaa-ajattelijat.fi\/tampere\/www\/","title":{"rendered":"Www-sivut"},"content":{"rendered":"<p>Tamperelaiset vapaa-ajattelijat ovat vuosien mittaan olleet mukana laatimassa monia internet-sivuja. Osittain toiminta on tehty muodollisesti toisen toimijan alaisuudessa ja joitakin on sittemmin siirretty toisaalle.<\/p>\n<h2>Yhdistyksen oma sivu<\/h2>\n<p>Yhdistyksen ensimm\u00e4inen www-sivu avattiin vuonna 1998. Se oli aikanaan edistyksellist\u00e4 pienelle paikallisyhdistykselle &#8211; esimerkiksi ensimm\u00e4inen kaikkien hankittavissa oleva nettiyhteys oli tullut Suomeen vain nelj\u00e4 vuotta aiemmin, ja www kaikkiaan oli kehitetty vuosi sit\u00e4 ennen.<\/p>\n<h2>Eroakirkosta.fi<\/h2>\n<p>Edelleen tunnetuin sivustomme lienee <a href=\"https:\/\/eroakirkosta.fi\">eroakirkosta.fi-palvelu<\/a>. Se avattiin marraskuussa 2003 ja alkuaan tarjosi tavan luoda paperille tulostettava ilmoitus kirkosta eroamisesta. Yhdistys maksoi postikulut. Paria vuotta my\u00f6hemmin eroaminen saatiin kokonaan s\u00e4hk\u00f6iseksi, er\u00e4\u00e4nlaisena edell\u00e4k\u00e4vij\u00e4n\u00e4 s\u00e4hk\u00f6isest\u00e4 asioinnista ylip\u00e4\u00e4ns\u00e4.<\/p>\n<p>Vuonna 2020 rikkoutui 750 tuhannen k\u00e4ytt\u00e4j\u00e4n raja. Vuosittainen erom\u00e4\u00e4r\u00e4 palvelun kautta n\u00e4ytt\u00e4\u00e4 vakiintuneen noin 50 tuhanteen. Se on yli kolminkertainen m\u00e4\u00e4r\u00e4 verrattuna aikaan ennen palvelun avaamista.<\/p>\n<h2>Uskonnonvapaus.fi<\/h2>\n<p>J\u00e4senemme on ollut alusta saakka mukana maan laajimman uskonnon ja katsomuksen vapautta k\u00e4sittelev\u00e4n sivun tekemisess\u00e4. <a href=\"https:\/\/uskonnonvapaus.fi\">Sivuston<\/a> noin sata artikkelia ja hakusanaa sek\u00e4 uutiset kertovat laajasti uskonnonvapaudesta paitsi nykyhetken my\u00f6s historian osalta. Sivu avattiin vuonna 2004.<\/p>\n<p>Laajimmin sivu on saanut n\u00e4kyvyytt\u00e4 vuodesta 2007 saakka laadittujen vaalikoneidensa ansioista.<\/p>\n<h2>Et-opetus.fi ja Kantelupukki<\/h2>\n<p>El\u00e4m\u00e4nkatsomustieto on uskonnoille vaihtoehtoinen oppiaine kouluissa. Sit\u00e4 markkinoi ja esittelee laajasti vuonna 2010 avattu <a href=\"https:\/\/et-opetus.fi\">et-opetus.fi<\/a>-sivu. Sivun aktiivisempi kehitt\u00e4minen on lopetettu ja pitk\u00e4lti siirtynyt Kantelupukkiin.<\/p>\n<p><a href=\"https:\/\/kantelupukki.fi\">Kantelupukki.fi<\/a> keskittyy p\u00e4iv\u00e4kotien, peruskoulujen ja osin lukioiden katsomusopetukseen ja uskonnollisiin tapahtumiin. Nimens\u00e4 mukaisesti sivulla voi ilmiantaa esimerkiksi koululaisjumalanpalveluksen, jolle ei ole tarjolla s\u00e4\u00e4d\u00f6sten vaatimaa uskonnotonta vaihtoehtoa, ja sivu tekee kantelun laillisuusvalvojille. Nyky\u00e4\u00e4n monissa tapauksissa riitt\u00e4\u00e4 viitata johonkin sivulta l\u00f6ytyv\u00e4\u00e4n aiemman kantelun ratkaisuun.<\/p>\n<h2>Uskomaton.fi ja pakkouskonto.fi<\/h2>\n<p>Kaikki sivustot eiv\u00e4t ole nousseet yht\u00e4 n\u00e4kyviksi.<\/p>\n<p>Uskomaton.fi suunniteltiin laajaksi vapaa-ajattelijoiden eri teemoja esittelev\u00e4ksi kokonaisuudeksi. Sis\u00e4lt\u00f6\u00e4 ei koskaan tullut kovin paljon ja suosio j\u00e4i vaimeaksi, joten sivu p\u00e4\u00e4tettiin lopettaa.<\/p>\n<p>&#8221;Pakkouskonto&#8221;-termin luomiseksi &#8221;pakkoruotsi&#8221;-sanan rinnalle on tehty oma sivunsa pakkouskonto.fi. My\u00f6s sen kehitys on k\u00e4yt\u00e4nn\u00f6ss\u00e4 pys\u00e4htynyt.<\/p>\n<h2>Muuta<\/h2>\n<p>Yhdenvertainen Suomi oli laaja kansalaisaloite kirkon ja valtion erottamiseksi vuonna 2014. Vuonna 2019 tehtiin yhteen asiaan keskittyv\u00e4 kansalaisaloite jumalanpilkkalain kumoamiseksi. Molempia tuki erillinen sivusto.<\/p>\n<p>J\u00e4seni\u00e4mme on my\u00f6s mukana esimerkiksi <a href=\"http:\/\/pro-seremoniat.fi\">Pro-Seremonioiden<\/a> www-sivuja tekem\u00e4ss\u00e4.<\/p>\n","protected":false},"excerpt":{"rendered":"<p>Tamperelaiset vapaa-ajattelijat ovat vuosien mittaan olleet mukana laatimassa monia internet-sivuja. Osittain toiminta on tehty muodollisesti toisen toimijan alaisuudessa ja joitakin on sittemmin siirretty toisaalle. Yhdistyksen oma sivu Yhdistyksen ensimm\u00e4inen www-sivu &#8230; <a title=\"Www-sivut\" class=\"read-more\" href=\"https:\/\/vapaa-ajattelijat.fi\/tampere\/www\/\" aria-label=\"Lue lis\u00e4\u00e4 aiheesta Www-sivut\">Lue lis\u00e4\u00e4<\/a><\/p>\n","protected":false},"author":13,"featured_media":0,"parent":0,"menu_order":0,"comment_status":"closed","ping_status":"closed","template":"","meta":{"footnotes":""},"class_list":["post-114","page","type-page","status-publish"],"yoast_head":"<!-- This site is optimized with the Yoast SEO plugin v27.4 - https:\/\/yoast.com\/product\/yoast-seo-wordpress\/ -->\n<title>Www-sivut - Tampereen vapaa-ajattelijat<\/title>\n<meta name=\"robots\" content=\"index, follow, max-snippet:-1, max-image-preview:large, max-video-preview:-1\" \/>\n<link rel=\"canonical\" href=\"https:\/\/vapaa-ajattelijat.fi\/tampere\/www\/\" \/>\n<meta property=\"og:locale\" content=\"fi_FI\" \/>\n<meta property=\"og:type\" content=\"article\" \/>\n<meta property=\"og:title\" content=\"Www-sivut - Tampereen vapaa-ajattelijat\" \/>\n<meta property=\"og:description\" content=\"Tamperelaiset vapaa-ajattelijat ovat vuosien mittaan olleet mukana laatimassa monia internet-sivuja. Osittain toiminta on tehty muodollisesti toisen toimijan alaisuudessa ja joitakin on sittemmin siirretty toisaalle. Yhdistyksen oma sivu Yhdistyksen ensimm\u00e4inen www-sivu ... Lue lis\u00e4\u00e4\" \/>\n<meta property=\"og:url\" content=\"https:\/\/vapaa-ajattelijat.fi\/tampere\/www\/\" \/>\n<meta property=\"og:site_name\" content=\"Tampereen vapaa-ajattelijat\" \/>\n<meta property=\"article:modified_time\" content=\"2022-11-22T09:15:14+00:00\" \/>\n<meta property=\"og:image\" content=\"https:\/\/vapaa-ajattelijat.fi\/tampere\/wp-content\/uploads\/sites\/16\/2020\/10\/tampereen-vaparit.png\" \/>\n\t<meta property=\"og:image:width\" content=\"600\" \/>\n\t<meta property=\"og:image:height\" content=\"600\" \/>\n\t<meta property=\"og:image:type\" content=\"image\/png\" \/>\n<meta name=\"twitter:card\" content=\"summary_large_image\" \/>\n<meta name=\"twitter:label1\" content=\"Arvioitu lukuaika\" \/>\n\t<meta name=\"twitter:data1\" content=\"2 minuuttia\" \/>\n<script type=\"application\/ld+json\" class=\"yoast-schema-graph\">{\"@context\":\"https:\\\/\\\/schema.org\",\"@graph\":[{\"@type\":\"WebPage\",\"@id\":\"https:\\\/\\\/vapaa-ajattelijat.fi\\\/tampere\\\/www\\\/\",\"url\":\"https:\\\/\\\/vapaa-ajattelijat.fi\\\/tampere\\\/www\\\/\",\"name\":\"Www-sivut - Tampereen vapaa-ajattelijat\",\"isPartOf\":{\"@id\":\"https:\\\/\\\/vapaa-ajattelijat.fi\\\/tampere\\\/#website\"},\"datePublished\":\"2020-10-17T02:58:00+00:00\",\"dateModified\":\"2022-11-22T09:15:14+00:00\",\"breadcrumb\":{\"@id\":\"https:\\\/\\\/vapaa-ajattelijat.fi\\\/tampere\\\/www\\\/#breadcrumb\"},\"inLanguage\":\"fi\",\"potentialAction\":[{\"@type\":\"ReadAction\",\"target\":[\"https:\\\/\\\/vapaa-ajattelijat.fi\\\/tampere\\\/www\\\/\"]}]},{\"@type\":\"BreadcrumbList\",\"@id\":\"https:\\\/\\\/vapaa-ajattelijat.fi\\\/tampere\\\/www\\\/#breadcrumb\",\"itemListElement\":[{\"@type\":\"ListItem\",\"position\":1,\"name\":\"Etusivu\",\"item\":\"https:\\\/\\\/vapaa-ajattelijat.fi\\\/tampere\\\/\"},{\"@type\":\"ListItem\",\"position\":2,\"name\":\"Www-sivut\"}]},{\"@type\":\"WebSite\",\"@id\":\"https:\\\/\\\/vapaa-ajattelijat.fi\\\/tampere\\\/#website\",\"url\":\"https:\\\/\\\/vapaa-ajattelijat.fi\\\/tampere\\\/\",\"name\":\"Tampereen vapaa-ajattelijat\",\"description\":\"\",\"publisher\":{\"@id\":\"https:\\\/\\\/vapaa-ajattelijat.fi\\\/tampere\\\/#organization\"},\"potentialAction\":[{\"@type\":\"SearchAction\",\"target\":{\"@type\":\"EntryPoint\",\"urlTemplate\":\"https:\\\/\\\/vapaa-ajattelijat.fi\\\/tampere\\\/?s={search_term_string}\"},\"query-input\":{\"@type\":\"PropertyValueSpecification\",\"valueRequired\":true,\"valueName\":\"search_term_string\"}}],\"inLanguage\":\"fi\"},{\"@type\":\"Organization\",\"@id\":\"https:\\\/\\\/vapaa-ajattelijat.fi\\\/tampere\\\/#organization\",\"name\":\"Tampereen vapaa-ajattelijat\",\"url\":\"https:\\\/\\\/vapaa-ajattelijat.fi\\\/tampere\\\/\",\"logo\":{\"@type\":\"ImageObject\",\"inLanguage\":\"fi\",\"@id\":\"https:\\\/\\\/vapaa-ajattelijat.fi\\\/tampere\\\/#\\\/schema\\\/logo\\\/image\\\/\",\"url\":\"https:\\\/\\\/vapaa-ajattelijat.fi\\\/tampere\\\/wp-content\\\/uploads\\\/sites\\\/16\\\/2020\\\/10\\\/tava_logo2.jpg\",\"contentUrl\":\"https:\\\/\\\/vapaa-ajattelijat.fi\\\/tampere\\\/wp-content\\\/uploads\\\/sites\\\/16\\\/2020\\\/10\\\/tava_logo2.jpg\",\"width\":965,\"height\":180,\"caption\":\"Tampereen vapaa-ajattelijat\"},\"image\":{\"@id\":\"https:\\\/\\\/vapaa-ajattelijat.fi\\\/tampere\\\/#\\\/schema\\\/logo\\\/image\\\/\"}}]}<\/script>\n<!-- \/ Yoast SEO plugin. -->","yoast_head_json":{"title":"Www-sivut - Tampereen vapaa-ajattelijat","robots":{"index":"index","follow":"follow","max-snippet":"max-snippet:-1","max-image-preview":"max-image-preview:large","max-video-preview":"max-video-preview:-1"},"canonical":"https:\/\/vapaa-ajattelijat.fi\/tampere\/www\/","og_locale":"fi_FI","og_type":"article","og_title":"Www-sivut - Tampereen vapaa-ajattelijat","og_description":"Tamperelaiset vapaa-ajattelijat ovat vuosien mittaan olleet mukana laatimassa monia internet-sivuja. Osittain toiminta on tehty muodollisesti toisen toimijan alaisuudessa ja joitakin on sittemmin siirretty toisaalle. Yhdistyksen oma sivu Yhdistyksen ensimm\u00e4inen www-sivu ... Lue lis\u00e4\u00e4","og_url":"https:\/\/vapaa-ajattelijat.fi\/tampere\/www\/","og_site_name":"Tampereen vapaa-ajattelijat","article_modified_time":"2022-11-22T09:15:14+00:00","og_image":[{"width":600,"height":600,"url":"https:\/\/vapaa-ajattelijat.fi\/tampere\/wp-content\/uploads\/sites\/16\/2020\/10\/tampereen-vaparit.png","type":"image\/png"}],"twitter_card":"summary_large_image","twitter_misc":{"Arvioitu lukuaika":"2 minuuttia"},"schema":{"@context":"https:\/\/schema.org","@graph":[{"@type":"WebPage","@id":"https:\/\/vapaa-ajattelijat.fi\/tampere\/www\/","url":"https:\/\/vapaa-ajattelijat.fi\/tampere\/www\/","name":"Www-sivut - Tampereen vapaa-ajattelijat","isPartOf":{"@id":"https:\/\/vapaa-ajattelijat.fi\/tampere\/#website"},"datePublished":"2020-10-17T02:58:00+00:00","dateModified":"2022-11-22T09:15:14+00:00","breadcrumb":{"@id":"https:\/\/vapaa-ajattelijat.fi\/tampere\/www\/#breadcrumb"},"inLanguage":"fi","potentialAction":[{"@type":"ReadAction","target":["https:\/\/vapaa-ajattelijat.fi\/tampere\/www\/"]}]},{"@type":"BreadcrumbList","@id":"https:\/\/vapaa-ajattelijat.fi\/tampere\/www\/#breadcrumb","itemListElement":[{"@type":"ListItem","position":1,"name":"Etusivu","item":"https:\/\/vapaa-ajattelijat.fi\/tampere\/"},{"@type":"ListItem","position":2,"name":"Www-sivut"}]},{"@type":"WebSite","@id":"https:\/\/vapaa-ajattelijat.fi\/tampere\/#website","url":"https:\/\/vapaa-ajattelijat.fi\/tampere\/","name":"Tampereen vapaa-ajattelijat","description":"","publisher":{"@id":"https:\/\/vapaa-ajattelijat.fi\/tampere\/#organization"},"potentialAction":[{"@type":"SearchAction","target":{"@type":"EntryPoint","urlTemplate":"https:\/\/vapaa-ajattelijat.fi\/tampere\/?s={search_term_string}"},"query-input":{"@type":"PropertyValueSpecification","valueRequired":true,"valueName":"search_term_string"}}],"inLanguage":"fi"},{"@type":"Organization","@id":"https:\/\/vapaa-ajattelijat.fi\/tampere\/#organization","name":"Tampereen vapaa-ajattelijat","url":"https:\/\/vapaa-ajattelijat.fi\/tampere\/","logo":{"@type":"ImageObject","inLanguage":"fi","@id":"https:\/\/vapaa-ajattelijat.fi\/tampere\/#\/schema\/logo\/image\/","url":"https:\/\/vapaa-ajattelijat.fi\/tampere\/wp-content\/uploads\/sites\/16\/2020\/10\/tava_logo2.jpg","contentUrl":"https:\/\/vapaa-ajattelijat.fi\/tampere\/wp-content\/uploads\/sites\/16\/2020\/10\/tava_logo2.jpg","width":965,"height":180,"caption":"Tampereen vapaa-ajattelijat"},"image":{"@id":"https:\/\/vapaa-ajattelijat.fi\/tampere\/#\/schema\/logo\/image\/"}}]}},"_links":{"self":[{"href":"https:\/\/vapaa-ajattelijat.fi\/tampere\/wp-json\/wp\/v2\/pages\/114","targetHints":{"allow":["GET"]}}],"collection":[{"href":"https:\/\/vapaa-ajattelijat.fi\/tampere\/wp-json\/wp\/v2\/pages"}],"about":[{"href":"https:\/\/vapaa-ajattelijat.fi\/tampere\/wp-json\/wp\/v2\/types\/page"}],"author":[{"embeddable":true,"href":"https:\/\/vapaa-ajattelijat.fi\/tampere\/wp-json\/wp\/v2\/users\/13"}],"replies":[{"embeddable":true,"href":"https:\/\/vapaa-ajattelijat.fi\/tampere\/wp-json\/wp\/v2\/comments?post=114"}],"version-history":[{"count":8,"href":"https:\/\/vapaa-ajattelijat.fi\/tampere\/wp-json\/wp\/v2\/pages\/114\/revisions"}],"predecessor-version":[{"id":784,"href":"https:\/\/vapaa-ajattelijat.fi\/tampere\/wp-json\/wp\/v2\/pages\/114\/revisions\/784"}],"wp:attachment":[{"href":"https:\/\/vapaa-ajattelijat.fi\/tampere\/wp-json\/wp\/v2\/media?parent=114"}],"curies":[{"name":"wp","href":"https:\/\/api.w.org\/{rel}","templated":true}]}}