{"id":100,"date":"2020-10-17T04:27:53","date_gmt":"2020-10-17T02:27:53","guid":{"rendered":"http:\/\/vapaa-ajattelijat.fi\/tampere\/?page_id=100"},"modified":"2025-10-23T15:47:00","modified_gmt":"2025-10-23T12:47:00","slug":"historia","status":"publish","type":"page","link":"https:\/\/vapaa-ajattelijat.fi\/tampere\/historia\/","title":{"rendered":"Yli 80 vuotta historiaa"},"content":{"rendered":"<p>Tampereen kirkostaeronneiden yhdistys perustettiin vuonna 1930, mutta se ehti pit\u00e4\u00e4 vain pari kokousta. T\u00e4m\u00e4n varhaisimman edelt\u00e4j\u00e4mme kohtalo on j\u00e4\u00e4nyt ep\u00e4selv\u00e4ksi. Samoihin aikoihin perustettiin muitakin vastaavia yhdistyksi\u00e4, mutta niist\u00e4 vain <a href=\"https:\/\/vapaa-ajattelijat.fi\/kotka\/yhdistyksen-esittely\/\">Kotkan yhdistys<\/a> j\u00e4i henkiin.<\/p>\n<p>Seuraava yritys oli 1936. Tuolloin syntyi eri puolille maata yhdistyksi\u00e4, nyt siviilirekisteriyhdistysten nimell\u00e4. N\u00e4ist\u00e4 aktiivisin toimi Tampereella, ja se oli my\u00f6s t\u00e4rkein tekij\u00e4 <a href=\"http:\/\/vapaa-ajattelijat.fi\">valtakunnallisen liiton<\/a> perustajana; liiton lehdeksikin otettiin Tampereen yhdistyksen aloittama lehti. T\u00e4m\u00e4 yhdistys kuitenkin lakkautettiin juuri ennen Talvisotaa, liittoa ei. Niinp\u00e4 muodollisesti liitto on yhdistyst\u00e4 vanhempi, todellisuuden ollessa pikemminkin p\u00e4invastoin.<\/p>\n<p>Nykyinen yhdistys perustettiin 28. lokakuuta 1945. Siin\u00e4 toimi heti alkuun osin samoja henkil\u00f6it\u00e4 kuin kuusi vuotta aiemmin lakkautetussa edelt\u00e4j\u00e4ss\u00e4. On l\u00e4hinn\u00e4 makuasia pit\u00e4\u00e4k\u00f6 yhdistyksen oikeana perustamisaikana vuotta 1936 vai 1945.<\/p>\n<p>Yhdistyksen noin 75 vuoden historia voidaan likimain jakaa nelj\u00e4\u00e4n jaksoon.<\/p>\n<p>Vuodet 1945-1956 olivat voimakkaan toiminnan aikaa. Nuori yhdistys toimi aktiivisesti j\u00e4rjest\u00e4en mm. keskustelutilaisuuksia. Yhdistyksen j\u00e4senm\u00e4\u00e4r\u00e4 k\u00e4vi huipussaan t\u00e4m\u00e4n kauden aikana: vuonna 1947 j\u00e4seni\u00e4 oli 400. Aikana ennen televisioita mm. merkittiin p\u00f6yt\u00e4kirjaan pettyneen\u00e4, kun tilaisuudessa oli paikalla &#8221;vain&#8221; 150 ihmist\u00e4.<\/p>\n<p>Vuosien 1956-1975 v\u00e4linen aika oli toiminnallisesti heikompaa, esimerkiksi vuosilta 1968-1969 ja 1971-1973 ei ole kokousp\u00f6yt\u00e4kirjoja lainkaan. Samaan aikaan kirkollisveroakin alettiin peri\u00e4 muun verotuksen yhteydess\u00e4 ik\u00e4\u00e4n kuin salaa. Yhdistyksen j\u00e4senm\u00e4\u00e4r\u00e4kin ehti huonoimmillaan, vuosina -69 ja -71, k\u00e4yd\u00e4 120 j\u00e4seness\u00e4.<\/p>\n<p>Vuodesta 1976 eteenp\u00e4in on j\u00e4lleen vallinnut voimakas nousukausi yhdistyksen toiminnassa. Yhdistyksemme j\u00e4senm\u00e4\u00e4r\u00e4 ehti k\u00e4yd\u00e4 l\u00e4hes kolmessasadassa j\u00e4seness\u00e4 vuonna -82, joskin on siit\u00e4 my\u00f6hemmin v\u00e4hentynyt. Vuodet 1978-88 n\u00e4kyv\u00e4t yhdistyksen j\u00e4rjest\u00e4mien kokousten m\u00e4\u00e4r\u00e4n perusteella olleen aktiivisia. T\u00e4n\u00e4 ajanjaksona nimitt\u00e4in on j\u00e4rjestetty keskim\u00e4\u00e4rin 25 kokousta vuodessa. Tuohon aikaan alkoi my\u00f6s <a href=\"http:\/\/vapaa-ajattelijat.fi\/tampere\/pakanasanomat\/\">Pakanasanomat<\/a>-lehden julkaisu.<\/p>\n<p>Nykyist\u00e4 toimintaa leimaa voimakkaasti internet. T\u00e4m\u00e4 aika alkoi viimeist\u00e4\u00e4n vuonna 2003, jolloin perustettiin <a href=\"https:\/\/eroakirkosta.fi\">eroakirkosta.fi-palvelu<\/a>. Sit\u00e4 seurasi my\u00f6hemmin <a href=\"https:\/\/et-opetus.fi\/\">et-opetus.fi<\/a>, ja nyky\u00e4\u00e4n j\u00e4seni\u00e4mme toimii mm. <a href=\"https:\/\/kantelupukki.fi\">Kantelupukin<\/a> taustalla.<\/p>\n<p>Yhdistyksen toiminta on tuottanut my\u00f6s tulosta. Vuonna 1945 uskontokuntiin kuulumattomia oli 5,4 % tamperelaisista. 1990-luvun puoliv\u00e4liss\u00e4 osuus oli reilut 20 prosenttia, ja vuonna 2020 ollaan jo l\u00e4hell\u00e4 40 prosenttia. Samaan aikaan maallistuminen on edennyt my\u00f6s lains\u00e4\u00e4d\u00e4nn\u00f6ss\u00e4. Yhdistyksell\u00e4 on kaikki syyt olettaa saavuttavansa er\u00e4\u00e4n p\u00e4\u00e4tavoitteensa, kirkon ja valtion erottamisen toisistaan.<\/p>\n<p>Historiasta voit lukea lis\u00e4\u00e4 mm. Pakanasanomien kirjoitussarjasta: <a href=\"http:\/\/vapaa-ajattelijat.fi\/tampere\/pakanasanomat\/2003-3\/eronneiden.htm\">1<\/a>, <a href=\"http:\/\/vapaa-ajattelijat.fi\/tampere\/pakanasanomat\/2003-4\/historiaa.htm\">2<\/a>, <a href=\"http:\/\/vapaa-ajattelijat.fi\/tampere\/pakanasanomat\/2004-1\/historia.htm\">3<\/a>, <a href=\"http:\/\/vapaa-ajattelijat.fi\/tampere\/pakanasanomat\/2004-2\/historia.htm\">4<\/a>, <a href=\"http:\/\/vapaa-ajattelijat.fi\/tampere\/pakanasanomat\/2004-3\/historiaa.htm\">5<\/a>, <a href=\"http:\/\/vapaa-ajattelijat.fi\/tampere\/pakanasanomat\/2004-4\/historiaa.htm\">6<\/a>.<\/p>\n","protected":false},"excerpt":{"rendered":"<p>Tampereen kirkostaeronneiden yhdistys perustettiin vuonna 1930, mutta se ehti pit\u00e4\u00e4 vain pari kokousta. T\u00e4m\u00e4n varhaisimman edelt\u00e4j\u00e4mme kohtalo on j\u00e4\u00e4nyt ep\u00e4selv\u00e4ksi. Samoihin aikoihin perustettiin muitakin vastaavia yhdistyksi\u00e4, mutta niist\u00e4 vain Kotkan &#8230; <a title=\"Yli 80 vuotta historiaa\" class=\"read-more\" href=\"https:\/\/vapaa-ajattelijat.fi\/tampere\/historia\/\" aria-label=\"Lue lis\u00e4\u00e4 aiheesta Yli 80 vuotta historiaa\">Lue lis\u00e4\u00e4<\/a><\/p>\n","protected":false},"author":13,"featured_media":0,"parent":0,"menu_order":0,"comment_status":"closed","ping_status":"closed","template":"","meta":{"footnotes":""},"class_list":["post-100","page","type-page","status-publish"],"yoast_head":"<!-- This site is optimized with the Yoast SEO plugin v27.3 - https:\/\/yoast.com\/product\/yoast-seo-wordpress\/ -->\n<title>Yli 80 vuotta historiaa - Tampereen vapaa-ajattelijat<\/title>\n<meta name=\"robots\" content=\"index, follow, max-snippet:-1, max-image-preview:large, max-video-preview:-1\" \/>\n<link rel=\"canonical\" href=\"https:\/\/vapaa-ajattelijat.fi\/tampere\/historia\/\" \/>\n<meta property=\"og:locale\" content=\"fi_FI\" \/>\n<meta property=\"og:type\" content=\"article\" \/>\n<meta property=\"og:title\" content=\"Yli 80 vuotta historiaa - Tampereen vapaa-ajattelijat\" \/>\n<meta property=\"og:description\" content=\"Tampereen kirkostaeronneiden yhdistys perustettiin vuonna 1930, mutta se ehti pit\u00e4\u00e4 vain pari kokousta. T\u00e4m\u00e4n varhaisimman edelt\u00e4j\u00e4mme kohtalo on j\u00e4\u00e4nyt ep\u00e4selv\u00e4ksi. Samoihin aikoihin perustettiin muitakin vastaavia yhdistyksi\u00e4, mutta niist\u00e4 vain Kotkan ... Lue lis\u00e4\u00e4\" \/>\n<meta property=\"og:url\" content=\"https:\/\/vapaa-ajattelijat.fi\/tampere\/historia\/\" \/>\n<meta property=\"og:site_name\" content=\"Tampereen vapaa-ajattelijat\" \/>\n<meta property=\"article:modified_time\" content=\"2025-10-23T12:47:00+00:00\" \/>\n<meta property=\"og:image\" content=\"https:\/\/vapaa-ajattelijat.fi\/tampere\/wp-content\/uploads\/sites\/16\/2020\/10\/tampereen-vaparit.png\" \/>\n\t<meta property=\"og:image:width\" content=\"600\" \/>\n\t<meta property=\"og:image:height\" content=\"600\" \/>\n\t<meta property=\"og:image:type\" content=\"image\/png\" \/>\n<meta name=\"twitter:card\" content=\"summary_large_image\" \/>\n<meta name=\"twitter:label1\" content=\"Arvioitu lukuaika\" \/>\n\t<meta name=\"twitter:data1\" content=\"3 minuuttia\" \/>\n<script type=\"application\/ld+json\" class=\"yoast-schema-graph\">{\"@context\":\"https:\\\/\\\/schema.org\",\"@graph\":[{\"@type\":\"WebPage\",\"@id\":\"https:\\\/\\\/vapaa-ajattelijat.fi\\\/tampere\\\/historia\\\/\",\"url\":\"https:\\\/\\\/vapaa-ajattelijat.fi\\\/tampere\\\/historia\\\/\",\"name\":\"Yli 80 vuotta historiaa - Tampereen vapaa-ajattelijat\",\"isPartOf\":{\"@id\":\"https:\\\/\\\/vapaa-ajattelijat.fi\\\/tampere\\\/#website\"},\"datePublished\":\"2020-10-17T02:27:53+00:00\",\"dateModified\":\"2025-10-23T12:47:00+00:00\",\"breadcrumb\":{\"@id\":\"https:\\\/\\\/vapaa-ajattelijat.fi\\\/tampere\\\/historia\\\/#breadcrumb\"},\"inLanguage\":\"fi\",\"potentialAction\":[{\"@type\":\"ReadAction\",\"target\":[\"https:\\\/\\\/vapaa-ajattelijat.fi\\\/tampere\\\/historia\\\/\"]}]},{\"@type\":\"BreadcrumbList\",\"@id\":\"https:\\\/\\\/vapaa-ajattelijat.fi\\\/tampere\\\/historia\\\/#breadcrumb\",\"itemListElement\":[{\"@type\":\"ListItem\",\"position\":1,\"name\":\"Etusivu\",\"item\":\"https:\\\/\\\/vapaa-ajattelijat.fi\\\/tampere\\\/\"},{\"@type\":\"ListItem\",\"position\":2,\"name\":\"Yli 80 vuotta historiaa\"}]},{\"@type\":\"WebSite\",\"@id\":\"https:\\\/\\\/vapaa-ajattelijat.fi\\\/tampere\\\/#website\",\"url\":\"https:\\\/\\\/vapaa-ajattelijat.fi\\\/tampere\\\/\",\"name\":\"Tampereen vapaa-ajattelijat\",\"description\":\"\",\"publisher\":{\"@id\":\"https:\\\/\\\/vapaa-ajattelijat.fi\\\/tampere\\\/#organization\"},\"potentialAction\":[{\"@type\":\"SearchAction\",\"target\":{\"@type\":\"EntryPoint\",\"urlTemplate\":\"https:\\\/\\\/vapaa-ajattelijat.fi\\\/tampere\\\/?s={search_term_string}\"},\"query-input\":{\"@type\":\"PropertyValueSpecification\",\"valueRequired\":true,\"valueName\":\"search_term_string\"}}],\"inLanguage\":\"fi\"},{\"@type\":\"Organization\",\"@id\":\"https:\\\/\\\/vapaa-ajattelijat.fi\\\/tampere\\\/#organization\",\"name\":\"Tampereen vapaa-ajattelijat\",\"url\":\"https:\\\/\\\/vapaa-ajattelijat.fi\\\/tampere\\\/\",\"logo\":{\"@type\":\"ImageObject\",\"inLanguage\":\"fi\",\"@id\":\"https:\\\/\\\/vapaa-ajattelijat.fi\\\/tampere\\\/#\\\/schema\\\/logo\\\/image\\\/\",\"url\":\"https:\\\/\\\/vapaa-ajattelijat.fi\\\/tampere\\\/wp-content\\\/uploads\\\/sites\\\/16\\\/2020\\\/10\\\/tava_logo2.jpg\",\"contentUrl\":\"https:\\\/\\\/vapaa-ajattelijat.fi\\\/tampere\\\/wp-content\\\/uploads\\\/sites\\\/16\\\/2020\\\/10\\\/tava_logo2.jpg\",\"width\":965,\"height\":180,\"caption\":\"Tampereen vapaa-ajattelijat\"},\"image\":{\"@id\":\"https:\\\/\\\/vapaa-ajattelijat.fi\\\/tampere\\\/#\\\/schema\\\/logo\\\/image\\\/\"}}]}<\/script>\n<!-- \/ Yoast SEO plugin. -->","yoast_head_json":{"title":"Yli 80 vuotta historiaa - Tampereen vapaa-ajattelijat","robots":{"index":"index","follow":"follow","max-snippet":"max-snippet:-1","max-image-preview":"max-image-preview:large","max-video-preview":"max-video-preview:-1"},"canonical":"https:\/\/vapaa-ajattelijat.fi\/tampere\/historia\/","og_locale":"fi_FI","og_type":"article","og_title":"Yli 80 vuotta historiaa - Tampereen vapaa-ajattelijat","og_description":"Tampereen kirkostaeronneiden yhdistys perustettiin vuonna 1930, mutta se ehti pit\u00e4\u00e4 vain pari kokousta. T\u00e4m\u00e4n varhaisimman edelt\u00e4j\u00e4mme kohtalo on j\u00e4\u00e4nyt ep\u00e4selv\u00e4ksi. Samoihin aikoihin perustettiin muitakin vastaavia yhdistyksi\u00e4, mutta niist\u00e4 vain Kotkan ... Lue lis\u00e4\u00e4","og_url":"https:\/\/vapaa-ajattelijat.fi\/tampere\/historia\/","og_site_name":"Tampereen vapaa-ajattelijat","article_modified_time":"2025-10-23T12:47:00+00:00","og_image":[{"width":600,"height":600,"url":"https:\/\/vapaa-ajattelijat.fi\/tampere\/wp-content\/uploads\/sites\/16\/2020\/10\/tampereen-vaparit.png","type":"image\/png"}],"twitter_card":"summary_large_image","twitter_misc":{"Arvioitu lukuaika":"3 minuuttia"},"schema":{"@context":"https:\/\/schema.org","@graph":[{"@type":"WebPage","@id":"https:\/\/vapaa-ajattelijat.fi\/tampere\/historia\/","url":"https:\/\/vapaa-ajattelijat.fi\/tampere\/historia\/","name":"Yli 80 vuotta historiaa - Tampereen vapaa-ajattelijat","isPartOf":{"@id":"https:\/\/vapaa-ajattelijat.fi\/tampere\/#website"},"datePublished":"2020-10-17T02:27:53+00:00","dateModified":"2025-10-23T12:47:00+00:00","breadcrumb":{"@id":"https:\/\/vapaa-ajattelijat.fi\/tampere\/historia\/#breadcrumb"},"inLanguage":"fi","potentialAction":[{"@type":"ReadAction","target":["https:\/\/vapaa-ajattelijat.fi\/tampere\/historia\/"]}]},{"@type":"BreadcrumbList","@id":"https:\/\/vapaa-ajattelijat.fi\/tampere\/historia\/#breadcrumb","itemListElement":[{"@type":"ListItem","position":1,"name":"Etusivu","item":"https:\/\/vapaa-ajattelijat.fi\/tampere\/"},{"@type":"ListItem","position":2,"name":"Yli 80 vuotta historiaa"}]},{"@type":"WebSite","@id":"https:\/\/vapaa-ajattelijat.fi\/tampere\/#website","url":"https:\/\/vapaa-ajattelijat.fi\/tampere\/","name":"Tampereen vapaa-ajattelijat","description":"","publisher":{"@id":"https:\/\/vapaa-ajattelijat.fi\/tampere\/#organization"},"potentialAction":[{"@type":"SearchAction","target":{"@type":"EntryPoint","urlTemplate":"https:\/\/vapaa-ajattelijat.fi\/tampere\/?s={search_term_string}"},"query-input":{"@type":"PropertyValueSpecification","valueRequired":true,"valueName":"search_term_string"}}],"inLanguage":"fi"},{"@type":"Organization","@id":"https:\/\/vapaa-ajattelijat.fi\/tampere\/#organization","name":"Tampereen vapaa-ajattelijat","url":"https:\/\/vapaa-ajattelijat.fi\/tampere\/","logo":{"@type":"ImageObject","inLanguage":"fi","@id":"https:\/\/vapaa-ajattelijat.fi\/tampere\/#\/schema\/logo\/image\/","url":"https:\/\/vapaa-ajattelijat.fi\/tampere\/wp-content\/uploads\/sites\/16\/2020\/10\/tava_logo2.jpg","contentUrl":"https:\/\/vapaa-ajattelijat.fi\/tampere\/wp-content\/uploads\/sites\/16\/2020\/10\/tava_logo2.jpg","width":965,"height":180,"caption":"Tampereen vapaa-ajattelijat"},"image":{"@id":"https:\/\/vapaa-ajattelijat.fi\/tampere\/#\/schema\/logo\/image\/"}}]}},"_links":{"self":[{"href":"https:\/\/vapaa-ajattelijat.fi\/tampere\/wp-json\/wp\/v2\/pages\/100","targetHints":{"allow":["GET"]}}],"collection":[{"href":"https:\/\/vapaa-ajattelijat.fi\/tampere\/wp-json\/wp\/v2\/pages"}],"about":[{"href":"https:\/\/vapaa-ajattelijat.fi\/tampere\/wp-json\/wp\/v2\/types\/page"}],"author":[{"embeddable":true,"href":"https:\/\/vapaa-ajattelijat.fi\/tampere\/wp-json\/wp\/v2\/users\/13"}],"replies":[{"embeddable":true,"href":"https:\/\/vapaa-ajattelijat.fi\/tampere\/wp-json\/wp\/v2\/comments?post=100"}],"version-history":[{"count":19,"href":"https:\/\/vapaa-ajattelijat.fi\/tampere\/wp-json\/wp\/v2\/pages\/100\/revisions"}],"predecessor-version":[{"id":1588,"href":"https:\/\/vapaa-ajattelijat.fi\/tampere\/wp-json\/wp\/v2\/pages\/100\/revisions\/1588"}],"wp:attachment":[{"href":"https:\/\/vapaa-ajattelijat.fi\/tampere\/wp-json\/wp\/v2\/media?parent=100"}],"curies":[{"name":"wp","href":"https:\/\/api.w.org\/{rel}","templated":true}]}}