{"id":96,"date":"2018-01-22T16:54:00","date_gmt":"2018-01-22T14:54:00","guid":{"rendered":"http:\/\/vapaa-ajattelijat.fi\/satakunta2\/?page_id=96"},"modified":"2026-02-19T09:47:25","modified_gmt":"2026-02-19T07:47:25","slug":"liity-jaseneksi","status":"publish","type":"page","link":"https:\/\/vapaa-ajattelijat.fi\/satakunta\/liity-jaseneksi\/","title":{"rendered":"Liity"},"content":{"rendered":"<p><strong>Vapareihin&#8230;<\/strong><\/p>\n<p><strong>Satakunnan Vapaa-ajattelijat ry<\/strong> on Vapaa-ajattelijoiden liiton alueellinen j\u00e4senyhdistys.<\/p>\n<p><strong>Vapaa-ajattelijoiden liitto<\/strong> toimii uskonnottomien yhteiskunnallisen ja oikeudellisen aseman parantamiseksi tekem\u00e4ll\u00e4 aloitteita valtiovallalle ja kunnille ja toimimalla uskonnottomien puolestapuhujana julkisessa keskustelussa. Liiton tavoitteina on my\u00f6s antaa tietoa uskonnottomien ihmisten oikeuksista ja velvollisuuksista sek\u00e4 uskonnottomasta kulttuurista. Liitto on yleishy\u00f6dyllinen uskonnottomien kulttuuriyhdistys.<\/p>\n<p>Yhdistykseen voi liitty\u00e4 ilman, ett\u00e4 l\u00e4htee aktiivisesti toimintaan mukaan. J\u00e4senetuna yhdistyksen oma kerran vuodessa ilmestyv\u00e4 SataVapari -lehti sek\u00e4 liiton nelj\u00e4sti vuodessa julkaisema Vapaa Ajattelija.<\/p>\n<p>Voit liitty\u00e4 j\u00e4seneksemme kahdella tavalla:<\/p>\n<ul>\n<li>T\u00e4yt\u00e4 j\u00e4senhakemus netiss\u00e4 ja l\u00e4het\u00e4 se. Voit tehd\u00e4 hakemuksen t\u00e4\u00e4ll\u00e4: <a href=\"http:\/\/vapaa-ajattelijat.fi\/liity-jaseneksi\"> j\u00e4senhakemus <\/a><\/li>\n<li>L\u00e4het\u00e4 vapaamuotoinen hakemus yhdistyksemme hallitukselle s\u00e4hk\u00f6postilla. Osoitteemme on: <a href=\"mailto:satakunta@vapaa-ajattelijat.fi\">satakunta@vapaa-ajattelijat.fi<\/a>. Otamme Sinuun yhteytt\u00e4!J\u00e4senmaksumme on 28 euroa\/vuosi ja se sis\u00e4lt\u00e4\u00e4 Vapaa Ajattelija -lehden ja Satavapari-lehden j\u00e4senetuina.<\/li>\n<\/ul>\n","protected":false},"excerpt":{"rendered":"<p>Vapareihin&#8230; Satakunnan Vapaa-ajattelijat ry on Vapaa-ajattelijoiden liiton alueellinen j\u00e4senyhdistys. Vapaa-ajattelijoiden liitto toimii uskonnottomien yhteiskunnallisen ja oikeudellisen aseman parantamiseksi tekem\u00e4ll\u00e4 aloitteita valtiovallalle ja kunnille ja toimimalla uskonnottomien puolestapuhujana julkisessa keskustelussa. Liiton &#8230; <a title=\"Liity\" class=\"read-more\" href=\"https:\/\/vapaa-ajattelijat.fi\/satakunta\/liity-jaseneksi\/\" aria-label=\"Lue lis\u00e4\u00e4 aiheesta Liity\">Lue lis\u00e4\u00e4<\/a><\/p>\n","protected":false},"author":29,"featured_media":0,"parent":0,"menu_order":0,"comment_status":"closed","ping_status":"closed","template":"","meta":{"footnotes":""},"class_list":["post-96","page","type-page","status-publish"],"_links":{"self":[{"href":"https:\/\/vapaa-ajattelijat.fi\/satakunta\/wp-json\/wp\/v2\/pages\/96","targetHints":{"allow":["GET"]}}],"collection":[{"href":"https:\/\/vapaa-ajattelijat.fi\/satakunta\/wp-json\/wp\/v2\/pages"}],"about":[{"href":"https:\/\/vapaa-ajattelijat.fi\/satakunta\/wp-json\/wp\/v2\/types\/page"}],"author":[{"embeddable":true,"href":"https:\/\/vapaa-ajattelijat.fi\/satakunta\/wp-json\/wp\/v2\/users\/29"}],"replies":[{"embeddable":true,"href":"https:\/\/vapaa-ajattelijat.fi\/satakunta\/wp-json\/wp\/v2\/comments?post=96"}],"version-history":[{"count":12,"href":"https:\/\/vapaa-ajattelijat.fi\/satakunta\/wp-json\/wp\/v2\/pages\/96\/revisions"}],"predecessor-version":[{"id":794,"href":"https:\/\/vapaa-ajattelijat.fi\/satakunta\/wp-json\/wp\/v2\/pages\/96\/revisions\/794"}],"wp:attachment":[{"href":"https:\/\/vapaa-ajattelijat.fi\/satakunta\/wp-json\/wp\/v2\/media?parent=96"}],"curies":[{"name":"wp","href":"https:\/\/api.w.org\/{rel}","templated":true}]}}