{"id":63,"date":"2018-01-20T18:48:11","date_gmt":"2018-01-20T16:48:11","guid":{"rendered":"http:\/\/vapaa-ajattelijat.fi\/satakunta2\/?page_id=63"},"modified":"2025-12-17T10:28:23","modified_gmt":"2025-12-17T08:28:23","slug":"ajankohtaista","status":"publish","type":"page","link":"https:\/\/vapaa-ajattelijat.fi\/satakunta\/","title":{"rendered":"Ajankohtaista"},"content":{"rendered":"\n<p><em><strong>Aina<\/strong> <strong>ajankohtaista<\/strong>: \u00c4l\u00e4 suotta vihdo syntien saunassa. Se on turhaa. Ryhdy vapaasti ajattelijaksi! Ajattele mit\u00e4 ajattelet, mutta uskonnon ja kirkon dogmien mukaan \u00e4l\u00e4. Vapaa-ajattelijoiden j\u00e4senen\u00e4 voit vaikuttaa siihen, ett\u00e4 valtio irrottautuu kirkosta lopullisesti ja kirkko j\u00e4\u00e4 asianharrastajien asiaksi.<\/em> <a href=\"https:\/\/vapaa-ajattelijat.fi\/satakunta\/liity-jaseneksi\/\">Liity!<\/a><\/p>\n\n\n\n<hr class=\"wp-block-separator has-alpha-channel-opacity\" \/>\n\n\n\n<p>Vapaa Ajattelijan numero 4\/2025 on luettavissa pdf-muodossa. T\u00e4m\u00e4 oli toistaiseksi viimeinen numero, joka julkaistiin vain netiss\u00e4. Ensi vuonna lehti ilmestyy nelj\u00e4 kertaa vuodessa paperisena, mutta pdf julkaistaan my\u00f6s Vapaa-ajattelijoiden liiton sivuilla.<br><a href=\"https:\/\/vapaa-ajattelijat.fi\/wp-content\/uploads\/2025\/12\/vapaa-ajattelija-2025-4-web.pdf\" target=\"_blank\" rel=\"noreferrer noopener\">https:\/\/vapaa-ajattelijat.fi\/wp-content\/uploads\/2025\/12\/vapaa-ajattelija-2025-4-web.pdf<\/a>\u00a0<\/p>\n\n\n\n<hr class=\"wp-block-separator has-alpha-channel-opacity\" \/>\n\n\n\n<p>Satakunnan vapaa-ajattelijoiden syyskokous vietettiin Nakkilan kunnassa Onnipekka -kaupan yl\u00e4kerran viihtyis\u00e4ss\u00e4 kokoushuoneessa, jossa on my\u00f6s hieno kirjasto.<\/p>\n\n\n\n<p>Yhdistyksen puheenjohtajana jatkaa ansiokkaasti Jukka Kim, joka on luotsannut toimintaa vakaasti ja n\u00e4kemyksellisesti.<br><br>Kokouksessa palkittiin my\u00f6s Yki R\u00e4ikk\u00e4l\u00e4 vuoden satavapari -teosta. R\u00e4ikk\u00e4l\u00e4 on ollut pitk\u00e4\u00e4n yksi yhdistyksen kantavista voimista, sitoutunut, ahkera ja aina valmis edist\u00e4m\u00e4\u00e4n sek\u00e4 yhdistyksen ett\u00e4 liiton tavoitteita. H\u00e4n on toiminut vuosia Satavapari -lehden toimittajana, ja ensi vuoden alussa h\u00e4n aloittaa my\u00f6s Vapaa-ajattelijain liiton lehden p\u00e4\u00e4toimittajana. Vasemmalta: Tauno Perki\u00f6, Jukka Kim, Tanja Laine, Juho Lampikoski, Yki R\u00e4ikk\u00e4l\u00e4. (kuva: Nico Laine)<\/p>\n\n\n\n<figure class=\"wp-block-image size-large\"><img loading=\"lazy\" decoding=\"async\" width=\"923\" height=\"1024\" src=\"https:\/\/vapaa-ajattelijat.fi\/satakunta\/wp-content\/uploads\/sites\/13\/2025\/11\/586255127_823127323765989_8291866260944461724_n-923x1024.jpg\" alt=\"\" class=\"wp-image-784\" srcset=\"https:\/\/vapaa-ajattelijat.fi\/satakunta\/wp-content\/uploads\/sites\/13\/2025\/11\/586255127_823127323765989_8291866260944461724_n-923x1024.jpg 923w, https:\/\/vapaa-ajattelijat.fi\/satakunta\/wp-content\/uploads\/sites\/13\/2025\/11\/586255127_823127323765989_8291866260944461724_n-270x300.jpg 270w, https:\/\/vapaa-ajattelijat.fi\/satakunta\/wp-content\/uploads\/sites\/13\/2025\/11\/586255127_823127323765989_8291866260944461724_n-768x852.jpg 768w, https:\/\/vapaa-ajattelijat.fi\/satakunta\/wp-content\/uploads\/sites\/13\/2025\/11\/586255127_823127323765989_8291866260944461724_n-1385x1536.jpg 1385w, https:\/\/vapaa-ajattelijat.fi\/satakunta\/wp-content\/uploads\/sites\/13\/2025\/11\/586255127_823127323765989_8291866260944461724_n.jpg 1536w\" sizes=\"auto, (max-width: 923px) 100vw, 923px\" \/><\/figure>\n\n\n\n<hr class=\"wp-block-separator has-alpha-channel-opacity\" \/>\n\n\n\n<figure class=\"wp-block-image size-large\"><img loading=\"lazy\" decoding=\"async\" width=\"1024\" height=\"630\" src=\"https:\/\/vapaa-ajattelijat.fi\/satakunta\/wp-content\/uploads\/sites\/13\/2025\/11\/Lepomaen-talkoot-15-11-25-1024x630.jpg\" alt=\"\" class=\"wp-image-779\" srcset=\"https:\/\/vapaa-ajattelijat.fi\/satakunta\/wp-content\/uploads\/sites\/13\/2025\/11\/Lepomaen-talkoot-15-11-25-1024x630.jpg 1024w, https:\/\/vapaa-ajattelijat.fi\/satakunta\/wp-content\/uploads\/sites\/13\/2025\/11\/Lepomaen-talkoot-15-11-25-300x185.jpg 300w, https:\/\/vapaa-ajattelijat.fi\/satakunta\/wp-content\/uploads\/sites\/13\/2025\/11\/Lepomaen-talkoot-15-11-25-768x472.jpg 768w, https:\/\/vapaa-ajattelijat.fi\/satakunta\/wp-content\/uploads\/sites\/13\/2025\/11\/Lepomaen-talkoot-15-11-25.jpg 1476w\" sizes=\"auto, (max-width: 1024px) 100vw, 1024px\" \/><\/figure>\n\n\n\n<hr class=\"wp-block-separator has-alpha-channel-opacity\" \/>\n\n\n\n<figure class=\"wp-block-image size-full is-resized\"><img loading=\"lazy\" decoding=\"async\" width=\"940\" height=\"788\" src=\"https:\/\/vapaa-ajattelijat.fi\/satakunta\/wp-content\/uploads\/sites\/13\/2025\/11\/syyskokouskutsu2025.jpg\" alt=\"\" class=\"wp-image-776\" style=\"width:298px;height:auto\" srcset=\"https:\/\/vapaa-ajattelijat.fi\/satakunta\/wp-content\/uploads\/sites\/13\/2025\/11\/syyskokouskutsu2025.jpg 940w, https:\/\/vapaa-ajattelijat.fi\/satakunta\/wp-content\/uploads\/sites\/13\/2025\/11\/syyskokouskutsu2025-300x251.jpg 300w, https:\/\/vapaa-ajattelijat.fi\/satakunta\/wp-content\/uploads\/sites\/13\/2025\/11\/syyskokouskutsu2025-768x644.jpg 768w\" sizes=\"auto, (max-width: 940px) 100vw, 940px\" \/><\/figure>\n\n\n\n<hr class=\"wp-block-separator has-alpha-channel-opacity\" \/>\n\n\n\n<p>Satakunnan vapaa-ajattelijoiden omalehti, SataVAPARI tapaa ilmesty\u00e4 syksyisin. Niin nytkin. Paperisena se postitetaan j\u00e4senille. Mutta t\u00e4ss\u00e4 <a href=\"https:\/\/vapaa-ajattelijat.fi\/satakunta\/wp-content\/uploads\/sites\/13\/2025\/11\/SataVapari-syksy25.pdf\" data-type=\"attachment\" data-id=\"766\">pdf.<\/a><\/p>\n\n\n\n<figure class=\"wp-block-image size-full\"><a href=\"https:\/\/vapaa-ajattelijat.fi\/satakunta\/wp-content\/uploads\/sites\/13\/2025\/11\/SataVapari-syksy25-1.pdf\"><img loading=\"lazy\" decoding=\"async\" width=\"295\" height=\"397\" src=\"https:\/\/vapaa-ajattelijat.fi\/satakunta\/wp-content\/uploads\/sites\/13\/2025\/11\/Kansi-pieni.jpg\" alt=\"\" class=\"wp-image-773\" srcset=\"https:\/\/vapaa-ajattelijat.fi\/satakunta\/wp-content\/uploads\/sites\/13\/2025\/11\/Kansi-pieni.jpg 295w, https:\/\/vapaa-ajattelijat.fi\/satakunta\/wp-content\/uploads\/sites\/13\/2025\/11\/Kansi-pieni-223x300.jpg 223w\" sizes=\"auto, (max-width: 295px) 100vw, 295px\" \/><\/a><\/figure>\n\n\n\n<hr class=\"wp-block-separator has-alpha-channel-opacity\" \/>\n\n\n\n<figure class=\"wp-block-image size-large\"><img loading=\"lazy\" decoding=\"async\" width=\"442\" height=\"1024\" src=\"https:\/\/vapaa-ajattelijat.fi\/satakunta\/wp-content\/uploads\/sites\/13\/2025\/10\/Tanja-Laineen-kirjoitus-442x1024.png\" alt=\"\" class=\"wp-image-760\" srcset=\"https:\/\/vapaa-ajattelijat.fi\/satakunta\/wp-content\/uploads\/sites\/13\/2025\/10\/Tanja-Laineen-kirjoitus-442x1024.png 442w, https:\/\/vapaa-ajattelijat.fi\/satakunta\/wp-content\/uploads\/sites\/13\/2025\/10\/Tanja-Laineen-kirjoitus-130x300.png 130w, https:\/\/vapaa-ajattelijat.fi\/satakunta\/wp-content\/uploads\/sites\/13\/2025\/10\/Tanja-Laineen-kirjoitus.png 481w\" sizes=\"auto, (max-width: 442px) 100vw, 442px\" \/><\/figure>\n\n\n\n<p>Tanja Laineen kirjoitus El\u00e4kkeensaaja 5\/25 -lehdess\u00e4. Valtakunnallisesti jaossa. Lehden levikki noin 33.500. Kohtuullinen m\u00e4\u00e4r\u00e4 yhdelle j\u00e4senlehdelle.<\/p>\n\n\n\n<hr class=\"wp-block-separator has-alpha-channel-opacity\" \/>\n\n\n\n<p>Yki R\u00e4ikk\u00e4l\u00e4n yleis\u00f6nosaston kirjoitus Satakunnan Kansa\/L\u00e4nsi-Suomi -lehdess\u00e4 18.10.<\/p>\n\n\n\n<figure class=\"wp-block-image size-full\"><img loading=\"lazy\" decoding=\"async\" width=\"568\" height=\"779\" src=\"https:\/\/vapaa-ajattelijat.fi\/satakunta\/wp-content\/uploads\/sites\/13\/2025\/10\/Kirkolliset_etuoikeudet2025-10-18-Satakunnan-Kansa.png\" alt=\"\" class=\"wp-image-758\" srcset=\"https:\/\/vapaa-ajattelijat.fi\/satakunta\/wp-content\/uploads\/sites\/13\/2025\/10\/Kirkolliset_etuoikeudet2025-10-18-Satakunnan-Kansa.png 568w, https:\/\/vapaa-ajattelijat.fi\/satakunta\/wp-content\/uploads\/sites\/13\/2025\/10\/Kirkolliset_etuoikeudet2025-10-18-Satakunnan-Kansa-219x300.png 219w\" sizes=\"auto, (max-width: 568px) 100vw, 568px\" \/><\/figure>\n\n\n\n<hr class=\"wp-block-separator has-alpha-channel-opacity\" \/>\n\n\n\n<p>Yle uutisoi Nakkilan johtohenkil\u00f6iden vastentahtoisuutta kuntalaisaloitteeseen, jossa vaaditaan uskonnollisten tilaisuuksien poistamista koulup\u00e4ivist\u00e4. Kuntalaisaloitteen teki Satakunnan vapaa-ajattelijoiden pj. Jukka Kim.<br><a href=\"https:\/\/yle.fi\/a\/74-20188588\">https:\/\/yle.fi\/a\/74-20188588<\/a><\/p>\n\n\n\n<hr class=\"wp-block-separator has-alpha-channel-opacity\" \/>\n\n\n\n<p>Kes\u00e4p\u00e4iv\u00e4t ovat kaikki luonnollisesti jumalattomia. Erityisesti 26. p\u00e4iv\u00e4 hein\u00e4kuuta.<\/p>\n\n\n\n<figure class=\"wp-block-image size-large is-resized\"><img loading=\"lazy\" decoding=\"async\" width=\"724\" height=\"1024\" src=\"https:\/\/vapaa-ajattelijat.fi\/satakunta\/wp-content\/uploads\/sites\/13\/2025\/06\/kesapaivien-2025-mainos-724x1024.jpg\" alt=\"\" class=\"wp-image-749\" style=\"width:443px;height:auto\" srcset=\"https:\/\/vapaa-ajattelijat.fi\/satakunta\/wp-content\/uploads\/sites\/13\/2025\/06\/kesapaivien-2025-mainos-724x1024.jpg 724w, https:\/\/vapaa-ajattelijat.fi\/satakunta\/wp-content\/uploads\/sites\/13\/2025\/06\/kesapaivien-2025-mainos-212x300.jpg 212w, https:\/\/vapaa-ajattelijat.fi\/satakunta\/wp-content\/uploads\/sites\/13\/2025\/06\/kesapaivien-2025-mainos-768x1086.jpg 768w, https:\/\/vapaa-ajattelijat.fi\/satakunta\/wp-content\/uploads\/sites\/13\/2025\/06\/kesapaivien-2025-mainos-1086x1536.jpg 1086w, https:\/\/vapaa-ajattelijat.fi\/satakunta\/wp-content\/uploads\/sites\/13\/2025\/06\/kesapaivien-2025-mainos-1448x2048.jpg 1448w, https:\/\/vapaa-ajattelijat.fi\/satakunta\/wp-content\/uploads\/sites\/13\/2025\/06\/kesapaivien-2025-mainos.jpg 1476w\" sizes=\"auto, (max-width: 724px) 100vw, 724px\" \/><\/figure>\n\n\n\n<p><\/p>\n\n\n\n<p>Satakunnan vaparit my\u00f6nsiv\u00e4t t\u00e4n\u00e4 vuonna yhden stipendin ET:n opiskelusta. T\u00e4m\u00e4 meni Porin lukiossa ainoalle ET:n kirjoittaneelle. Mielenkiintoinen seikka on se, ett\u00e4 lukion yli 1200 oppilaan joukossa on harvoja ET:n opiskelijoita ja nyt siis vain yksi sen kirjoittanut ylioppilas.<\/p>\n\n\n\n<figure class=\"wp-block-image size-large is-resized\"><img loading=\"lazy\" decoding=\"async\" width=\"741\" height=\"1024\" src=\"https:\/\/vapaa-ajattelijat.fi\/satakunta\/wp-content\/uploads\/sites\/13\/2025\/05\/stipendi-Venla-Rantanen_2025-copy-741x1024.jpg\" alt=\"\" class=\"wp-image-746\" style=\"width:349px;height:auto\" srcset=\"https:\/\/vapaa-ajattelijat.fi\/satakunta\/wp-content\/uploads\/sites\/13\/2025\/05\/stipendi-Venla-Rantanen_2025-copy-741x1024.jpg 741w, https:\/\/vapaa-ajattelijat.fi\/satakunta\/wp-content\/uploads\/sites\/13\/2025\/05\/stipendi-Venla-Rantanen_2025-copy-217x300.jpg 217w, https:\/\/vapaa-ajattelijat.fi\/satakunta\/wp-content\/uploads\/sites\/13\/2025\/05\/stipendi-Venla-Rantanen_2025-copy-768x1061.jpg 768w, https:\/\/vapaa-ajattelijat.fi\/satakunta\/wp-content\/uploads\/sites\/13\/2025\/05\/stipendi-Venla-Rantanen_2025-copy-1112x1536.jpg 1112w, https:\/\/vapaa-ajattelijat.fi\/satakunta\/wp-content\/uploads\/sites\/13\/2025\/05\/stipendi-Venla-Rantanen_2025-copy.jpg 1240w\" sizes=\"auto, (max-width: 741px) 100vw, 741px\" \/><\/figure>\n\n\n\n<hr class=\"wp-block-separator has-alpha-channel-opacity\" \/>\n\n\n\n<p>Vapaa-ajattelijoiden liiton ajankohtainen kannanotto:<br><a href=\"https:\/\/vapaa-ajattelijat.fi\/blog\/onko-maan-johto-aarikristillisyyden-panttivanki\/\">https:\/\/vapaa-ajattelijat.fi\/blog\/onko-maan-johto-aarikristillisyyden-panttivanki\/<\/a><\/p>\n\n\n\n<hr class=\"wp-block-separator has-alpha-channel-opacity\" \/>\n\n\n\n<p>Satakunnan Vapaa-ajattelijoiden kev\u00e4tkokous pidettiin ja vietettiin 26.4.2025 Porin keskustan vieh\u00e4tt\u00e4v\u00e4ss\u00e4 kahvilassa, Petra\u00b4s Cafeessa. Paikalla oli liiton puheenjohtajisto per\u00e4ti kokonaisuudessaan, kun liiton pj. Jori M\u00e4ntysalo kunnioitti kokousta l\u00e4sn\u00e4olollaan.<\/p>\n\n\n\n<p>Kokous sujui varsin konsensusmaisissa merkeiss\u00e4. \u00c4\u00e4nestyksiin ei nytk\u00e4\u00e4n tarvinnut menn\u00e4. Harmi sik\u00e4li, ett\u00e4 \u00e4\u00e4nestyksiss\u00e4 on aina oma j\u00e4nnityksens\u00e4. Mutta vaalij\u00e4nnityst\u00e4 kyll\u00e4 on saatu jo muutenkin, kun juuri on k\u00e4yty kunta- ja aluevaalit. Mukana muuten kokouksessa oli yksi kuntavaaleissa valituksi tullut.<\/p>\n\n\n\n<p>Hallitus sai tili- ja vastuuvapauden hallitukselta. Jos hallitus olisi poistunut paikalta sen p\u00e4\u00e4tt\u00e4misen ajaksi, olisi paikalle j\u00e4\u00e4nyt vain liiton puheenjohtaja, eik\u00e4 h\u00e4n edes ole paikallisyhdistyksemme j\u00e4sen. Mutta hallituksen j\u00e4senet kaikki tiett\u00e4v\u00e4sti ovat j\u00e4seni\u00e4.<\/p>\n\n\n\n<p>Toisessa kuvassa on yksi paikka tyhj\u00e4n\u00e4. H\u00e4n oli varattuna, kuten kyltist\u00e4 havaita voi. Varattuna oleminen p\u00e4\u00e4ttyi onneksi toiseen kuvaan, jossa sitten toisaalta yhdistyksen puheenjohtaja Jukka Kim oli varattuna. Se tosin ei h\u00e4irinnyt kokousta, kun se oli jo paukutettu p\u00e4\u00e4ttyneeksi.<\/p>\n\n\n\n<p>Kolmannessa kuvassa yhdistyksen Erkki Yli-Jokipii tarinoi, joka sai muodollisen kokouksen p\u00e4\u00e4tytty\u00e4 liiton puheenjohtajan ja muutkin vapautuneeseen naureskeluun.<\/p>\n\n\n\n<figure class=\"wp-block-image size-large\"><img loading=\"lazy\" decoding=\"async\" width=\"1024\" height=\"812\" src=\"https:\/\/vapaa-ajattelijat.fi\/satakunta\/wp-content\/uploads\/sites\/13\/2025\/04\/IMG-20250426-WA0003-1024x812.jpg\" alt=\"\" class=\"wp-image-737\" srcset=\"https:\/\/vapaa-ajattelijat.fi\/satakunta\/wp-content\/uploads\/sites\/13\/2025\/04\/IMG-20250426-WA0003-1024x812.jpg 1024w, https:\/\/vapaa-ajattelijat.fi\/satakunta\/wp-content\/uploads\/sites\/13\/2025\/04\/IMG-20250426-WA0003-300x238.jpg 300w, https:\/\/vapaa-ajattelijat.fi\/satakunta\/wp-content\/uploads\/sites\/13\/2025\/04\/IMG-20250426-WA0003-768x609.jpg 768w, https:\/\/vapaa-ajattelijat.fi\/satakunta\/wp-content\/uploads\/sites\/13\/2025\/04\/IMG-20250426-WA0003.jpg 1237w\" sizes=\"auto, (max-width: 1024px) 100vw, 1024px\" \/><\/figure>\n\n\n\n<figure class=\"wp-block-image size-large\"><img loading=\"lazy\" decoding=\"async\" width=\"1024\" height=\"768\" src=\"https:\/\/vapaa-ajattelijat.fi\/satakunta\/wp-content\/uploads\/sites\/13\/2025\/04\/IMG-20250426-WA0005-1024x768.jpg\" alt=\"\" class=\"wp-image-739\" srcset=\"https:\/\/vapaa-ajattelijat.fi\/satakunta\/wp-content\/uploads\/sites\/13\/2025\/04\/IMG-20250426-WA0005-1024x768.jpg 1024w, https:\/\/vapaa-ajattelijat.fi\/satakunta\/wp-content\/uploads\/sites\/13\/2025\/04\/IMG-20250426-WA0005-300x225.jpg 300w, https:\/\/vapaa-ajattelijat.fi\/satakunta\/wp-content\/uploads\/sites\/13\/2025\/04\/IMG-20250426-WA0005-768x576.jpg 768w, https:\/\/vapaa-ajattelijat.fi\/satakunta\/wp-content\/uploads\/sites\/13\/2025\/04\/IMG-20250426-WA0005-1536x1152.jpg 1536w, https:\/\/vapaa-ajattelijat.fi\/satakunta\/wp-content\/uploads\/sites\/13\/2025\/04\/IMG-20250426-WA0005.jpg 2048w\" sizes=\"auto, (max-width: 1024px) 100vw, 1024px\" \/><\/figure>\n\n\n\n<figure class=\"wp-block-image size-large\"><img loading=\"lazy\" decoding=\"async\" width=\"768\" height=\"1024\" src=\"https:\/\/vapaa-ajattelijat.fi\/satakunta\/wp-content\/uploads\/sites\/13\/2025\/04\/IMG-20250426-WA0004-768x1024.jpg\" alt=\"\" class=\"wp-image-738\" srcset=\"https:\/\/vapaa-ajattelijat.fi\/satakunta\/wp-content\/uploads\/sites\/13\/2025\/04\/IMG-20250426-WA0004-768x1024.jpg 768w, https:\/\/vapaa-ajattelijat.fi\/satakunta\/wp-content\/uploads\/sites\/13\/2025\/04\/IMG-20250426-WA0004-225x300.jpg 225w, https:\/\/vapaa-ajattelijat.fi\/satakunta\/wp-content\/uploads\/sites\/13\/2025\/04\/IMG-20250426-WA0004-1152x1536.jpg 1152w, https:\/\/vapaa-ajattelijat.fi\/satakunta\/wp-content\/uploads\/sites\/13\/2025\/04\/IMG-20250426-WA0004.jpg 1530w\" sizes=\"auto, (max-width: 768px) 100vw, 768px\" \/><\/figure>\n\n\n\n<\/p>\r\n<p>Satakunnan vapaa-ajattelijat ry, hallitus<br \/>Lis\u00e4tietoja jukka.kim(at)gmail.com<\/p>\n\n\n\n<p><\/p>\n\n\n\n<p>&nbsp;<\/p>\n","protected":false},"excerpt":{"rendered":"<p>Aina ajankohtaista: \u00c4l\u00e4 suotta vihdo syntien saunassa. Se on turhaa. Ryhdy vapaasti ajattelijaksi! Ajattele mit\u00e4 ajattelet, mutta uskonnon ja kirkon dogmien mukaan \u00e4l\u00e4. Vapaa-ajattelijoiden j\u00e4senen\u00e4 voit vaikuttaa siihen, ett\u00e4 valtio &#8230; <a title=\"Ajankohtaista\" class=\"read-more\" href=\"https:\/\/vapaa-ajattelijat.fi\/satakunta\/\" aria-label=\"Lue lis\u00e4\u00e4 aiheesta Ajankohtaista\">Lue lis\u00e4\u00e4<\/a><\/p>\n","protected":false},"author":29,"featured_media":0,"parent":0,"menu_order":0,"comment_status":"closed","ping_status":"closed","template":"","meta":{"footnotes":""},"class_list":["post-63","page","type-page","status-publish"],"_links":{"self":[{"href":"https:\/\/vapaa-ajattelijat.fi\/satakunta\/wp-json\/wp\/v2\/pages\/63","targetHints":{"allow":["GET"]}}],"collection":[{"href":"https:\/\/vapaa-ajattelijat.fi\/satakunta\/wp-json\/wp\/v2\/pages"}],"about":[{"href":"https:\/\/vapaa-ajattelijat.fi\/satakunta\/wp-json\/wp\/v2\/types\/page"}],"author":[{"embeddable":true,"href":"https:\/\/vapaa-ajattelijat.fi\/satakunta\/wp-json\/wp\/v2\/users\/29"}],"replies":[{"embeddable":true,"href":"https:\/\/vapaa-ajattelijat.fi\/satakunta\/wp-json\/wp\/v2\/comments?post=63"}],"version-history":[{"count":128,"href":"https:\/\/vapaa-ajattelijat.fi\/satakunta\/wp-json\/wp\/v2\/pages\/63\/revisions"}],"predecessor-version":[{"id":788,"href":"https:\/\/vapaa-ajattelijat.fi\/satakunta\/wp-json\/wp\/v2\/pages\/63\/revisions\/788"}],"wp:attachment":[{"href":"https:\/\/vapaa-ajattelijat.fi\/satakunta\/wp-json\/wp\/v2\/media?parent=63"}],"curies":[{"name":"wp","href":"https:\/\/api.w.org\/{rel}","templated":true}]}}