{"id":609,"date":"2022-11-06T21:14:59","date_gmt":"2022-11-06T19:14:59","guid":{"rendered":"https:\/\/vapaa-ajattelijat.fi\/satakunta\/?page_id=609"},"modified":"2022-11-06T21:22:11","modified_gmt":"2022-11-06T19:22:11","slug":"toimintaseminaari-2022-hameenlinnassa","status":"publish","type":"page","link":"https:\/\/vapaa-ajattelijat.fi\/satakunta\/toimintaseminaari-2022-hameenlinnassa\/","title":{"rendered":"Toimintaseminaari 2022 H\u00e4meenlinnassa"},"content":{"rendered":"<p>TOIMINTASEMINAARI 2022<\/p>\n<p>Vapaa-ajattelijain liiton toimintaseminaari pidettiin H\u00e4meenlinnassa 5. ja 6.11. Seminaarissa k\u00e4siteltiin mm. paikallisyhdistysten ongelmia ja toiminnan j\u00e4rjest\u00e4mist\u00e4, tiedotusta ja mediasuhteita. Satakunnan Vapaa-ajattelijoista olivat mukana liittohallituksen j\u00e4sen Yki R\u00e4ikk\u00e4l\u00e4 sek\u00e4 liittovaltuuston j\u00e4sen Tauno Perki\u00f6.<\/p>\n<p><img loading=\"lazy\" decoding=\"async\" class=\"alignnone size-full wp-image-597\" src=\"https:\/\/vapaa-ajattelijat.fi\/satakunta\/wp-content\/uploads\/sites\/13\/2022\/11\/IMG_20221105_124624.jpg\" alt=\"\" width=\"4000\" height=\"2250\" \/><\/p>\n<p>Tauno Perki\u00f6 seminaarin alkuvaiheissa.<\/p>\n<p><img loading=\"lazy\" decoding=\"async\" class=\"alignnone size-full wp-image-598\" src=\"https:\/\/vapaa-ajattelijat.fi\/satakunta\/wp-content\/uploads\/sites\/13\/2022\/11\/IMG_20221105_125202.jpg\" alt=\"\" width=\"4000\" height=\"2250\" \/><\/p>\n<p>Turun Vapaa-ajattelijoiden Ritva Ahonen kertomassa Turun yhdistyksen ongelmista. Liiton puheenjohtaja Jape Loven taustalla.<\/p>\n<p><img loading=\"lazy\" decoding=\"async\" class=\"alignnone size-full wp-image-599\" src=\"https:\/\/vapaa-ajattelijat.fi\/satakunta\/wp-content\/uploads\/sites\/13\/2022\/11\/IMG_20221105_130251.jpg\" alt=\"\" width=\"4000\" height=\"2250\" \/><\/p>\n<p>Tampereen Vapaa-ajattelijoiden osanottajia. Riku Salmisella on asiaa. Vasemmalla liittovaltuuston pj. Kari Pasanen ja oikealla Jori M\u00e4ntysalo, joka on toinen eroakirkosta.fi:n perustajista.<\/p>\n<p><img loading=\"lazy\" decoding=\"async\" class=\"alignnone size-full wp-image-600\" src=\"https:\/\/vapaa-ajattelijat.fi\/satakunta\/wp-content\/uploads\/sites\/13\/2022\/11\/IMG_20221105_153501.jpg\" alt=\"\" width=\"4000\" height=\"2250\" \/><\/p>\n<p>Liiton varapj. ja taloudenhoitaja Antti V\u00e4rri kertomassa muiden pohjoismaiden vastaavien liittojen tilanteista sek\u00e4 oman liittomme tulevaisuudesta talousn\u00e4k\u00f6kulmasta. Taloustilanteen prognoosi ei juuri hurraahymnej\u00e4 nostata. T\u00e4ll\u00e4 tahdilla noin 80 vuoden kuluttua ei liittoa en\u00e4\u00e4 ole. Joten t\u00e4m\u00e4n verran on aikaa toteuttaa tavoitteet eli tehd\u00e4 Vapaa-ajattelijoista jo muutenkin tarpeeton yhteiskunnallinen toimija. Siis saada kirkon ja valtion ero aikaan ja katsomusten yhdenvertaisuus todelliseksi.<\/p>\n<p><img loading=\"lazy\" decoding=\"async\" class=\"alignnone size-full wp-image-602\" src=\"https:\/\/vapaa-ajattelijat.fi\/satakunta\/wp-content\/uploads\/sites\/13\/2022\/11\/IMG_20221106_091519.jpg\" alt=\"\" width=\"4000\" height=\"2250\" \/><\/p>\n<p>6.11. p\u00e4iv\u00e4n aamun avaus. Esa Ylikoski esittelee ty\u00f6ryhm\u00e4ns\u00e4 tuloksia.<\/p>\n<p><img loading=\"lazy\" decoding=\"async\" class=\"alignnone size-full wp-image-603\" src=\"https:\/\/vapaa-ajattelijat.fi\/satakunta\/wp-content\/uploads\/sites\/13\/2022\/11\/IMG_20221106_094800.jpg\" alt=\"\" width=\"3168\" height=\"2166\" \/><\/p>\n<p>Satavaparien hallituksen varaj\u00e4sen, lehden toimittaja sek\u00e4 liittohallituksen j\u00e4sen Yki R\u00e4ikk\u00e4l\u00e4 seuraamassa tapahtumia tai ajatuksissaan.<\/p>\n<p><img loading=\"lazy\" decoding=\"async\" class=\"alignnone size-full wp-image-605\" src=\"https:\/\/vapaa-ajattelijat.fi\/satakunta\/wp-content\/uploads\/sites\/13\/2022\/11\/IMG_20221106_095845.jpg\" alt=\"\" width=\"4000\" height=\"2250\" \/><\/p>\n<p>Hautausty\u00f6ryhm\u00e4 kokoontui my\u00f6s ja sen vet\u00e4j\u00e4 <span class=\"x193iq5w xeuugli x13faqbe x1vvkbs x1xmvt09 x1lliihq x1s928wv xhkezso x1gmr53x x1cpjm7i x1fgarty x1943h6x xudqn12 x3x7a5m x6prxxf xvq8zen xo1l8bm xzsf02u x1yc453h\" dir=\"auto\">Pertti Periniva Kemist\u00e4 referoi ryhm\u00e4n aamuista kokoontumista.<\/span><\/p>\n<p><img loading=\"lazy\" decoding=\"async\" class=\"alignnone size-full wp-image-608\" src=\"https:\/\/vapaa-ajattelijat.fi\/satakunta\/wp-content\/uploads\/sites\/13\/2022\/11\/IMG_20221106_110002.jpg\" alt=\"\" width=\"3080\" height=\"2235\" \/><\/p>\n<p><span class=\"x193iq5w xeuugli x13faqbe x1vvkbs x1xmvt09 x1lliihq x1s928wv xhkezso x1gmr53x x1cpjm7i x1fgarty x1943h6x xudqn12 x3x7a5m x6prxxf xvq8zen xo1l8bm xzsf02u x1yc453h\" dir=\"auto\">ProSeremoniat Oy:n Anneli Aurej\u00e4rvi-Karjalainen esitteli seremoniapalveluiden tilannetta ja tulevaisuutta.<\/span><\/p>\n<p><img loading=\"lazy\" decoding=\"async\" class=\"alignnone size-full wp-image-606\" src=\"https:\/\/vapaa-ajattelijat.fi\/satakunta\/wp-content\/uploads\/sites\/13\/2022\/11\/IMG_20221106_102523.jpg\" alt=\"\" width=\"3308\" height=\"2239\" \/><\/p>\n<p>Riku Salminen poisti virallisesti liittovaltuuston varapj. Robert Brotherukselta t\u00e4m\u00e4n kasteen puhaltamalla. Antikummit ovat avustamassa seremoniaa.<\/p>\n<p><img loading=\"lazy\" decoding=\"async\" class=\"alignnone size-full wp-image-607\" src=\"https:\/\/vapaa-ajattelijat.fi\/satakunta\/wp-content\/uploads\/sites\/13\/2022\/11\/IMG_20221106_102540.jpg\" alt=\"\" width=\"3508\" height=\"2184\" \/><\/p>\n<p>Robert Brotherus voi nyt kantaa ylpe\u00e4sti &#8221;kastamaton&#8221; -badgea rinnassaan.\u00a0\u00a0\u00a0\u00a0\u00a0\u00a0\u00a0\u00a0\u00a0\u00a0\u00a0\u00a0\u00a0\u00a0\u00a0\u00a0\u00a0\u00a0\u00a0\u00a0\u00a0\u00a0\u00a0 (kuvat: Yki R\u00e4ikk\u00e4l\u00e4)<\/p>\n","protected":false},"excerpt":{"rendered":"<p>TOIMINTASEMINAARI 2022 Vapaa-ajattelijain liiton toimintaseminaari pidettiin H\u00e4meenlinnassa 5. ja 6.11. Seminaarissa k\u00e4siteltiin mm. paikallisyhdistysten ongelmia ja toiminnan j\u00e4rjest\u00e4mist\u00e4, tiedotusta ja mediasuhteita. Satakunnan Vapaa-ajattelijoista olivat mukana liittohallituksen j\u00e4sen Yki R\u00e4ikk\u00e4l\u00e4 sek\u00e4 &#8230; <a title=\"Toimintaseminaari 2022 H\u00e4meenlinnassa\" class=\"read-more\" href=\"https:\/\/vapaa-ajattelijat.fi\/satakunta\/toimintaseminaari-2022-hameenlinnassa\/\" aria-label=\"Lue lis\u00e4\u00e4 aiheesta Toimintaseminaari 2022 H\u00e4meenlinnassa\">Lue lis\u00e4\u00e4<\/a><\/p>\n","protected":false},"author":38,"featured_media":0,"parent":0,"menu_order":0,"comment_status":"closed","ping_status":"closed","template":"","meta":{"footnotes":""},"class_list":["post-609","page","type-page","status-publish"],"_links":{"self":[{"href":"https:\/\/vapaa-ajattelijat.fi\/satakunta\/wp-json\/wp\/v2\/pages\/609","targetHints":{"allow":["GET"]}}],"collection":[{"href":"https:\/\/vapaa-ajattelijat.fi\/satakunta\/wp-json\/wp\/v2\/pages"}],"about":[{"href":"https:\/\/vapaa-ajattelijat.fi\/satakunta\/wp-json\/wp\/v2\/types\/page"}],"author":[{"embeddable":true,"href":"https:\/\/vapaa-ajattelijat.fi\/satakunta\/wp-json\/wp\/v2\/users\/38"}],"replies":[{"embeddable":true,"href":"https:\/\/vapaa-ajattelijat.fi\/satakunta\/wp-json\/wp\/v2\/comments?post=609"}],"version-history":[{"count":4,"href":"https:\/\/vapaa-ajattelijat.fi\/satakunta\/wp-json\/wp\/v2\/pages\/609\/revisions"}],"predecessor-version":[{"id":616,"href":"https:\/\/vapaa-ajattelijat.fi\/satakunta\/wp-json\/wp\/v2\/pages\/609\/revisions\/616"}],"wp:attachment":[{"href":"https:\/\/vapaa-ajattelijat.fi\/satakunta\/wp-json\/wp\/v2\/media?parent=609"}],"curies":[{"name":"wp","href":"https:\/\/api.w.org\/{rel}","templated":true}]}}