{"id":560,"date":"2022-05-24T15:37:33","date_gmt":"2022-05-24T12:37:33","guid":{"rendered":"https:\/\/vapaa-ajattelijat.fi\/satakunta\/?page_id=560"},"modified":"2025-04-27T16:04:42","modified_gmt":"2025-04-27T13:04:42","slug":"etusivu","status":"publish","type":"page","link":"https:\/\/vapaa-ajattelijat.fi\/satakunta\/etusivu\/","title":{"rendered":"EKA SIVU"},"content":{"rendered":"<p><strong>Satakunnan vapaa-ajattelijat ry<\/strong> on Vapaa-ajattelijain liiton alueellinen j\u00e4senyhdistys. Yhdistys toimii Satakunnassa edustaen kirkkoihin kuulumattomia ja uskonnottomia henkil\u00f6it\u00e4.<\/p>\n<p>Yhdistys tukee Vapaa-ajattelijoiden liiton strategiaa sek\u00e4 p\u00e4\u00e4tavoitteita, kuten valtion ja kirkon erottaminen toisistaan ja kaikkien katsomusten saattaminen yhdenvertaiseen asemaan ja koulujen uskonnonopetuksen lakkauttaminen sek\u00e4 sen korvaaminen kaikille yhteisell\u00e4 ja neutraalilla katsomusaineella.<\/p>\n<p>Yhdistys on poliittisesti sitoutumaton. J\u00e4senill\u00e4 on erilaisia n\u00e4kemyksi\u00e4, mutta p\u00e4\u00e4asiassa yhteist\u00e4 on maailmankatsomuksen naturalistisuus, humanistisuus, rationaalisuus, tiedepohjaisuus ja joustavuus: tiedon lis\u00e4\u00e4ntyess\u00e4 maailmankatsomustaan voi laajentaa ja mielipidett\u00e4\u00e4n muuttaa.<\/p>\n<p>Satakunnan vapaa-ajattelijat my\u00f6nt\u00e4v\u00e4t vuosittain stipendit ET:n opiskelussa kunnostautuneille yl\u00e4luokkalaisille sek\u00e4 lukiolaisille. Yhdistys julkaisee syksyisin oman lehden nimelt\u00e4\u00e4n SataVAPARI. Kirjoitamme tuolloin t\u00e4ll\u00f6in paikallislehtiin mielipidekirjoituksia uskonnottomuutta koskevista aihealueista.<\/p>\n<p><em>&#8221;Ihminen ei tarvitse jumalia ja kirjoitettuja dogmeja ollakseen moraalinen ja eettinen. Hyv\u00e4n ja pahan k\u00e4site eiv\u00e4t ole absoluuttisia vaan suhteessa ihmiseen. Vapaa-ajattelija ei allekirjoita moraalik\u00e4sityst\u00e4, jossa jokin teko itsess\u00e4\u00e4n on hyv\u00e4 tai paha, seurauksista riippumatta. Ihminen on arvokas riippumatta maailmankatsomuksesta, sukupuolesta, ihonv\u00e4rist\u00e4 tai seksuaalisesta suuntaumisesta. Se, miten kohtelemme muita ihmisi\u00e4, m\u00e4\u00e4rittelee meid\u00e4t itsemme, ei heit\u00e4.<\/em><\/p>\n<p><em>El\u00e4m\u00e4lle ei tarvitse luoda yliluonnollista tarkoitusta. Hyv\u00e4 el\u00e4m\u00e4 on toimimista itsens\u00e4, oman yhteis\u00f6ns\u00e4 ja koko ihmiskunnan parhaaksi. Teoria kuolemanj\u00e4lkeisest\u00e4 palkinnosta ei tarjoa el\u00e4m\u00e4lle tarkoitusta. Jos n\u00e4in olisi, mik\u00e4 sitten olisi kuolemanj\u00e4lkeisen el\u00e4m\u00e4n tarkoitus?&#8221;<\/em> (Liiton sivulta)<\/p>\n","protected":false},"excerpt":{"rendered":"<p>Satakunnan vapaa-ajattelijat ry on Vapaa-ajattelijain liiton alueellinen j\u00e4senyhdistys. Yhdistys toimii Satakunnassa edustaen kirkkoihin kuulumattomia ja uskonnottomia henkil\u00f6it\u00e4. Yhdistys tukee Vapaa-ajattelijoiden liiton strategiaa sek\u00e4 p\u00e4\u00e4tavoitteita, kuten valtion ja kirkon erottaminen toisistaan &#8230; <a title=\"EKA SIVU\" class=\"read-more\" href=\"https:\/\/vapaa-ajattelijat.fi\/satakunta\/etusivu\/\" aria-label=\"Lue lis\u00e4\u00e4 aiheesta EKA SIVU\">Lue lis\u00e4\u00e4<\/a><\/p>\n","protected":false},"author":38,"featured_media":0,"parent":0,"menu_order":0,"comment_status":"closed","ping_status":"closed","template":"","meta":{"footnotes":""},"class_list":["post-560","page","type-page","status-publish"],"_links":{"self":[{"href":"https:\/\/vapaa-ajattelijat.fi\/satakunta\/wp-json\/wp\/v2\/pages\/560","targetHints":{"allow":["GET"]}}],"collection":[{"href":"https:\/\/vapaa-ajattelijat.fi\/satakunta\/wp-json\/wp\/v2\/pages"}],"about":[{"href":"https:\/\/vapaa-ajattelijat.fi\/satakunta\/wp-json\/wp\/v2\/types\/page"}],"author":[{"embeddable":true,"href":"https:\/\/vapaa-ajattelijat.fi\/satakunta\/wp-json\/wp\/v2\/users\/38"}],"replies":[{"embeddable":true,"href":"https:\/\/vapaa-ajattelijat.fi\/satakunta\/wp-json\/wp\/v2\/comments?post=560"}],"version-history":[{"count":5,"href":"https:\/\/vapaa-ajattelijat.fi\/satakunta\/wp-json\/wp\/v2\/pages\/560\/revisions"}],"predecessor-version":[{"id":743,"href":"https:\/\/vapaa-ajattelijat.fi\/satakunta\/wp-json\/wp\/v2\/pages\/560\/revisions\/743"}],"wp:attachment":[{"href":"https:\/\/vapaa-ajattelijat.fi\/satakunta\/wp-json\/wp\/v2\/media?parent=560"}],"curies":[{"name":"wp","href":"https:\/\/api.w.org\/{rel}","templated":true}]}}