{"id":49,"date":"2017-12-25T19:20:12","date_gmt":"2017-12-25T17:20:12","guid":{"rendered":"http:\/\/vapaa-ajattelijat.fi\/satakunta2\/?page_id=49"},"modified":"2023-05-22T08:03:27","modified_gmt":"2023-05-22T05:03:27","slug":"palvelut","status":"publish","type":"page","link":"https:\/\/vapaa-ajattelijat.fi\/satakunta\/palvelut\/","title":{"rendered":"Palvelut"},"content":{"rendered":"<p>Yhdistys tarjoaa puhujapalvelua uskonnottomiin perhejuhliin, kuten nimi\u00e4isiin, aikuistumisjuhliin (rippijuhlien sijaan), h\u00e4ihin ja hautajaisiin.<\/p>\n<p>Puhujapalvelut voidaan j\u00e4rjest\u00e4\u00e4\u00a0<a href=\"http:\/\/www.pro-seremoniat.fi\/\">Pro-seremoniat-palvelukeskuksen<\/a>\u00a0kautta.<\/p>\n<p>Yhdistyksell\u00e4 on omistuksessaan tunnustukseton hautausmaa Lepom\u00e4ki, joka sijaitsee Siikaisissa. Hautausasiat:<br \/>\n<a href=\"mailto:jukka.kim@gmail.com\">jukka.kim(at)gmail.com<\/a><\/p>\n<p>Kirkosta eroamispalvelu (ei yhdistyksen): <a href=\"http:\/\/www.eroakirkosta.fi\/\">eroakirkosta.fi<\/a><\/p>\n<p>Yhdistys julkaisee kerran vuodessa <a href=\"https:\/\/vapaa-ajattelijat.fi\/satakunta\/satavapari-lehti\/\">Satavapari<\/a> -j\u00e4senlehte\u00e4, jonka saa j\u00e4senetuna sen lis\u00e4ksi, ett\u00e4 saa liiton Vapaa Ajattelija -lehden 4 kertaa vuodessa.<\/p>\n<p>Satavaparien <a href=\"http:\/\/www.facebook.com\/people\/Sata-Vaparit\/1832087111\">Facebooksivu<\/a><\/p>\n","protected":false},"excerpt":{"rendered":"<p>Yhdistys tarjoaa puhujapalvelua uskonnottomiin perhejuhliin, kuten nimi\u00e4isiin, aikuistumisjuhliin (rippijuhlien sijaan), h\u00e4ihin ja hautajaisiin. Puhujapalvelut voidaan j\u00e4rjest\u00e4\u00e4\u00a0Pro-seremoniat-palvelukeskuksen\u00a0kautta. Yhdistyksell\u00e4 on omistuksessaan tunnustukseton hautausmaa Lepom\u00e4ki, joka sijaitsee Siikaisissa. Hautausasiat: jukka.kim(at)gmail.com Kirkosta eroamispalvelu (ei &#8230; <a title=\"Palvelut\" class=\"read-more\" href=\"https:\/\/vapaa-ajattelijat.fi\/satakunta\/palvelut\/\" aria-label=\"Lue lis\u00e4\u00e4 aiheesta Palvelut\">Lue lis\u00e4\u00e4<\/a><\/p>\n","protected":false},"author":29,"featured_media":0,"parent":0,"menu_order":0,"comment_status":"closed","ping_status":"closed","template":"","meta":{"footnotes":""},"class_list":["post-49","page","type-page","status-publish"],"_links":{"self":[{"href":"https:\/\/vapaa-ajattelijat.fi\/satakunta\/wp-json\/wp\/v2\/pages\/49","targetHints":{"allow":["GET"]}}],"collection":[{"href":"https:\/\/vapaa-ajattelijat.fi\/satakunta\/wp-json\/wp\/v2\/pages"}],"about":[{"href":"https:\/\/vapaa-ajattelijat.fi\/satakunta\/wp-json\/wp\/v2\/types\/page"}],"author":[{"embeddable":true,"href":"https:\/\/vapaa-ajattelijat.fi\/satakunta\/wp-json\/wp\/v2\/users\/29"}],"replies":[{"embeddable":true,"href":"https:\/\/vapaa-ajattelijat.fi\/satakunta\/wp-json\/wp\/v2\/comments?post=49"}],"version-history":[{"count":7,"href":"https:\/\/vapaa-ajattelijat.fi\/satakunta\/wp-json\/wp\/v2\/pages\/49\/revisions"}],"predecessor-version":[{"id":655,"href":"https:\/\/vapaa-ajattelijat.fi\/satakunta\/wp-json\/wp\/v2\/pages\/49\/revisions\/655"}],"wp:attachment":[{"href":"https:\/\/vapaa-ajattelijat.fi\/satakunta\/wp-json\/wp\/v2\/media?parent=49"}],"curies":[{"name":"wp","href":"https:\/\/api.w.org\/{rel}","templated":true}]}}