{"id":355,"date":"2020-05-30T07:32:10","date_gmt":"2020-05-30T04:32:10","guid":{"rendered":"http:\/\/vapaa-ajattelijat.fi\/satakunta2\/?page_id=355"},"modified":"2023-01-16T09:16:45","modified_gmt":"2023-01-16T07:16:45","slug":"et-stipendit","status":"publish","type":"page","link":"https:\/\/vapaa-ajattelijat.fi\/satakunta\/et-stipendit\/","title":{"rendered":"ET-stipendit"},"content":{"rendered":"<p>Satakunnan vapaa-ajattelijat my\u00f6nt\u00e4v\u00e4t vuosittain kaksi 50 \u20ac suuruista stipendi\u00e4 ET-opinnoissaan menestyneille opiskelijoille. Satakunnan vapaa-ajattelijat kannustavat omalla pienell\u00e4 panostuksellaan nuoria jatko-opinnoissaan m\u00e4\u00e4r\u00e4tietoisuuteen kehitt\u00e4ess\u00e4\u00e4n omaa maailmankatsomustaan sek\u00e4 yhdenvertaisen ja sekulaarin yhteiskunnan rakentamisessa.<\/p>\n","protected":false},"excerpt":{"rendered":"<p>Satakunnan vapaa-ajattelijat my\u00f6nt\u00e4v\u00e4t vuosittain kaksi 50 \u20ac suuruista stipendi\u00e4 ET-opinnoissaan menestyneille opiskelijoille. Satakunnan vapaa-ajattelijat kannustavat omalla pienell\u00e4 panostuksellaan nuoria jatko-opinnoissaan m\u00e4\u00e4r\u00e4tietoisuuteen kehitt\u00e4ess\u00e4\u00e4n omaa maailmankatsomustaan sek\u00e4 yhdenvertaisen ja sekulaarin yhteiskunnan rakentamisessa.<\/p>\n","protected":false},"author":29,"featured_media":0,"parent":0,"menu_order":0,"comment_status":"closed","ping_status":"closed","template":"","meta":{"footnotes":""},"class_list":["post-355","page","type-page","status-publish"],"_links":{"self":[{"href":"https:\/\/vapaa-ajattelijat.fi\/satakunta\/wp-json\/wp\/v2\/pages\/355","targetHints":{"allow":["GET"]}}],"collection":[{"href":"https:\/\/vapaa-ajattelijat.fi\/satakunta\/wp-json\/wp\/v2\/pages"}],"about":[{"href":"https:\/\/vapaa-ajattelijat.fi\/satakunta\/wp-json\/wp\/v2\/types\/page"}],"author":[{"embeddable":true,"href":"https:\/\/vapaa-ajattelijat.fi\/satakunta\/wp-json\/wp\/v2\/users\/29"}],"replies":[{"embeddable":true,"href":"https:\/\/vapaa-ajattelijat.fi\/satakunta\/wp-json\/wp\/v2\/comments?post=355"}],"version-history":[{"count":4,"href":"https:\/\/vapaa-ajattelijat.fi\/satakunta\/wp-json\/wp\/v2\/pages\/355\/revisions"}],"predecessor-version":[{"id":642,"href":"https:\/\/vapaa-ajattelijat.fi\/satakunta\/wp-json\/wp\/v2\/pages\/355\/revisions\/642"}],"wp:attachment":[{"href":"https:\/\/vapaa-ajattelijat.fi\/satakunta\/wp-json\/wp\/v2\/media?parent=355"}],"curies":[{"name":"wp","href":"https:\/\/api.w.org\/{rel}","templated":true}]}}