{"id":187,"date":"2018-03-20T19:36:23","date_gmt":"2018-03-20T17:36:23","guid":{"rendered":"http:\/\/vapaa-ajattelijat.fi\/satakunta2\/?page_id=187"},"modified":"2018-03-20T20:00:43","modified_gmt":"2018-03-20T18:00:43","slug":"lepomaen-hautausmaan-ohjesaanto","status":"publish","type":"page","link":"https:\/\/vapaa-ajattelijat.fi\/satakunta\/lepomaki\/lepomaen-hautausmaan-ohjesaanto\/","title":{"rendered":"Lepom\u00e4en hautausmaan ohjes\u00e4\u00e4nt\u00f6"},"content":{"rendered":"\n<p>1.\tYLEIST\u00c4   <\/p>\n<p>Satakunnan vapaa-ajattelijat omistaa Siikaisten kunnassa Samminmajan kyl\u00e4ss\u00e4 sijaitsevan Lepom\u00e4ki-nimisen 0,50 ha suuruisen uskonnottomien hautausmaan.   <\/p>\n<p>Yhdistys s\u00e4ilytt\u00e4\u00e4 hautausmaan mahdollisimman pitk\u00e4\u00e4n luonnontilassa.<br \/>\nHautausmaa on tarkoitettu yhdistyksemme j\u00e4senille, samoin kuin ateistien ja uskonnottomien viimeiseksi leposijaksi sek\u00e4 niille, jotka haluavat tulla haudatuksi, uurnahaudatuksi tai tuhkansa siroteltavan maailmankatsomuksensa taikka viimeisen tahtonsa mukaisesti uskonnottomaan maaper\u00e4\u00e4n.    <\/p>\n<p>2.\tHALLINTO    <\/p>\n<p>Hautausmaata hallinnoi teht\u00e4v\u00e4\u00e4n nimett\u00e4v\u00e4 Satakunnan vapaa-ajattelijoiden hoitokunta. Yhdistyksen vuosikokous nime\u00e4\u00e4 hoitokuntaan kuuluvat henkil\u00f6t.<br \/>\nHoitokunta voi t\u00e4ydent\u00e4\u00e4 kokoonpanoaan tarpeellisiksi katsomillaan luottamushenkil\u00f6ill\u00e4. Hautausmaan hallinnossa ja k\u00e4yt\u00f6ss\u00e4 tulee noudattaa Suomen laeissa ja asetuksissa olevia s\u00e4\u00e4d\u00f6ksi\u00e4, samoin t\u00e4m\u00e4n ohjes\u00e4\u00e4nn\u00f6n m\u00e4\u00e4r\u00e4yksi\u00e4 ja mahdollisesti annettavia kirjallisia tai suullisia lis\u00e4ohjeita.<br \/>\nJokainen hoitokuntaan kuuluva saa, voi ja on velvollinen vastaanottamaan ilmoituksen ja asiakirjat vainajan omaisilta hautausasian virallistamiseksi maistraatissa.<br \/>\nKaikki vainajan hautapaikkaa koskeva maksuliikenne Satakunnan vapaa-ajattelijat ry:n ja hautapaikan haltijan v\u00e4lill\u00e4 suoritetaan pankkitilin<br \/>\nIBAN-koodi: FI95 1269 3000 6248 15 ja BIC-koodi: NDEAFIHH kautta.   <\/p>\n<p>3.\tHAUTAPAIKAT   <\/p>\n<p>Ennen uskonnottomien Lepom\u00e4en hautausmaan ohjes\u00e4\u00e4nn\u00f6n k\u00e4ytt\u00f6\u00f6nottoa, suoritetaan paikanp\u00e4\u00e4ll\u00e4 hoitokunnan maastokatselmus josta laaditaan muistio kuvaten hautausmaan sen hetkisist\u00e4 olosuhteista.<br \/>\nHoitotoimikunta suorittaa katselmuksen hautausmaalla aina tarvittaessa ja voi valtuuttaa sen tekij\u00e4ksi erikseen nimetyn henkil\u00f6n taikka ty\u00f6ryhm\u00e4n.<br \/>\nLepom\u00e4en hautausmaalle vainaja haudataan arkkuhautaan kooltaan 2,5 m2 (2,5 m*1 m) tai tuhkahautaan kooltaan 1 m2 (1 m*1 m) taikka sirotellaan uurnalehtoon, joka on muusta hautausmaasta erotettu yhteishautaosa.<br \/>\nArkkuhauta avataan 1,5 m syvyyteen maanpinnasta, tuhkauurnan hauta avataan 0,7 m syvyyteen maanpinnasta.<br \/>\nHautausmaksuista p\u00e4\u00e4tt\u00e4\u00e4 hoitokunta vuodeksi kerrallaan. Hautapaikan hinnat ovat j\u00e4ljemp\u00e4n\u00e4. Mik\u00e4li vainaja on ollut yhdistyksen j\u00e4sen nelj\u00e4 vuotta tai sen yli hauta- ja uurnapaikan hinta on alempi kuin muilla haudattavilla.<br \/>\nSiin\u00e4 tapauksessa, ett\u00e4 vainajan j\u00e4senhistoria Satakunnan vapaa-ajattelijoissa ei t\u00e4yty nelj\u00e4n j\u00e4senvuoden osalta, noudatetaan hautapaikan hinnoittelussa \u201dMuut vainajat\u201d -osan tariffia.    Hautapaikat ovat 25-vuoden m\u00e4\u00e4r\u00e4ajaksi luovutettavia kertahautoja. Rinnakkaisia ja sukuhautoja ei luovuteta tai avata.<br \/>\nArkkuhautaan voidaan haudata puoliso tai el\u00e4m\u00e4nkumppani uurnassa arkkuhaudan jalkop\u00e4\u00e4h\u00e4n. <\/p>\n<p>Hautausmaalta ei luovuteta eik\u00e4 sielt\u00e4 voi lunastaa hautapaikkoja etuk\u00e4teen. Hautapaikan hankinnasta solmitaan aina Hautapaikkasopimus Satakunnan vapaa-ajattelijat ry:n ja hautapaikan haltijan kesken.<br \/>\nHaudoilla sijaitsevien hautakivien tai muistomerkkien asentamisesta ja poistamisesta vastaa omalla kustannuksellaan hauta-ajan p\u00e4\u00e4ttymisen j\u00e4lkeen aina hautapaikan haltija. Lepom\u00e4ki on luonnontilassa s\u00e4ilytett\u00e4v\u00e4 hautausmaa, sen alue s\u00e4ilytet\u00e4\u00e4n sellaisenaan.  Lepom\u00e4ell\u00e4 ei sallita hautojen reunuskivi\u00e4, nurmikkoa, istutettuja kukkia, polkuja taikka istutettua puustoa. Arvo Aadolf Mattilan haudalla kasvava pihlaja on poikkeus muusta puustosta.  T\u00e4t\u00e4 asiakirjaa kirjoitettaessa Lepom\u00e4ell\u00e4 on kahden vainajan leposijat, niiden kohdalla tehd\u00e4\u00e4n seuraava poikkeus ja haudoille taataan sadan vuoden koskemattomuus seuraavasti:   <br \/>\n\u2022\tMattila Arvo Adolf (27.7.1907 &#8211; 30.11.1960)  <br \/> <br \/>\n\u2022\tSitomaniemi Frans Olavi (27.8.1912 &#8211; 27.2.1997)   <\/p>\n<p>Hautapaikkojen hinnoiksi Lepom\u00e4elle on vahvistettu 11.11.2017 seuraavat hinnat:<br \/>\n <br \/> <br \/>\nArkkuhauta <br \/> <br \/>\nJ\u00e4senen\u00e4 v\u00e4hint\u00e4\u00e4n nelj\u00e4 vuotta 400 \u20ac <br \/> <br \/>\nMuut vainajat 500 \u20ac   <\/p>\n<p>Tuhkauurnahauta   <br \/> <br \/>\nJ\u00e4senen\u00e4 v\u00e4hint\u00e4\u00e4n nelj\u00e4 vuotta 200 \u20ac  <br \/> <br \/>\nMuut vainajat 300 \u20ac   <\/p>\n<p>4.\tSYMBOLIIKKA     <\/p>\n<p>Hautakiviss\u00e4, muistomerkeiss\u00e4 ja rakennelmissa suositaan ateismiin, vapaa-ajatteluun ja uskonnottomuuteen liittyv\u00e4\u00e4 symboliikkaa ja niihin viittaavia tekstej\u00e4 ja uskonnottomia aiheita.<br \/>\nHautakivet ja muistomerkit ovat pystytt\u00e4misen j\u00e4lkeen hautausmaan omaisuutta.<br \/>\nSotainvalidien ja -veteraanien laatat, tunnukset ja j\u00e4rjest\u00f6symboliikka ovat sallittuja. Uskonnollista symboliikkaa ja muistokirjoituksia ei sallita miss\u00e4\u00e4n muodossa.   <\/p>\n<p>5.\tASIAKIRJAT    <\/p>\n<p>Ohjes\u00e4\u00e4nn\u00f6n liitteen\u00e4 luovutetaan hautapaikan lunastajalle: <br \/> <br \/>\n\u2022\tAjo-ohje Lepom\u00e4elle  <br \/> <br \/>\n\u2022\tHautapaikkasopimus   <br \/> <br \/>\n\u2022\tHoitokunnan j\u00e4senten yhteystiedot <\/p>\n<p>Ohjes\u00e4\u00e4nt\u00f6 on hyv\u00e4ksytty Satakunnan vapaa-ajattelijat ry:n hallituksen kokouksessa<br \/>\n13.10.2017 ja se on hyv\u00e4ksytty yhdistyksen s\u00e4\u00e4nt\u00f6m\u00e4\u00e4r\u00e4isess\u00e4 vuosikokouksessa 11.11.2017. <\/p>\n<p>   \t   \tP\u00e4ivitys 25.2.2018\/Jukka Kim   <\/p>\n","protected":false},"excerpt":{"rendered":"<p>1. YLEIST\u00c4 Satakunnan vapaa-ajattelijat omistaa Siikaisten kunnassa Samminmajan kyl\u00e4ss\u00e4 sijaitsevan Lepom\u00e4ki-nimisen 0,50 ha suuruisen uskonnottomien hautausmaan. Yhdistys s\u00e4ilytt\u00e4\u00e4 hautausmaan mahdollisimman pitk\u00e4\u00e4n luonnontilassa. Hautausmaa on tarkoitettu yhdistyksemme j\u00e4senille, samoin kuin ateistien &#8230; <a title=\"Lepom\u00e4en hautausmaan ohjes\u00e4\u00e4nt\u00f6\" class=\"read-more\" href=\"https:\/\/vapaa-ajattelijat.fi\/satakunta\/lepomaki\/lepomaen-hautausmaan-ohjesaanto\/\" aria-label=\"Lue lis\u00e4\u00e4 aiheesta Lepom\u00e4en hautausmaan ohjes\u00e4\u00e4nt\u00f6\">Lue lis\u00e4\u00e4<\/a><\/p>\n","protected":false},"author":29,"featured_media":0,"parent":184,"menu_order":0,"comment_status":"closed","ping_status":"closed","template":"","meta":{"footnotes":""},"class_list":["post-187","page","type-page","status-publish"],"_links":{"self":[{"href":"https:\/\/vapaa-ajattelijat.fi\/satakunta\/wp-json\/wp\/v2\/pages\/187","targetHints":{"allow":["GET"]}}],"collection":[{"href":"https:\/\/vapaa-ajattelijat.fi\/satakunta\/wp-json\/wp\/v2\/pages"}],"about":[{"href":"https:\/\/vapaa-ajattelijat.fi\/satakunta\/wp-json\/wp\/v2\/types\/page"}],"author":[{"embeddable":true,"href":"https:\/\/vapaa-ajattelijat.fi\/satakunta\/wp-json\/wp\/v2\/users\/29"}],"replies":[{"embeddable":true,"href":"https:\/\/vapaa-ajattelijat.fi\/satakunta\/wp-json\/wp\/v2\/comments?post=187"}],"version-history":[{"count":9,"href":"https:\/\/vapaa-ajattelijat.fi\/satakunta\/wp-json\/wp\/v2\/pages\/187\/revisions"}],"predecessor-version":[{"id":196,"href":"https:\/\/vapaa-ajattelijat.fi\/satakunta\/wp-json\/wp\/v2\/pages\/187\/revisions\/196"}],"up":[{"embeddable":true,"href":"https:\/\/vapaa-ajattelijat.fi\/satakunta\/wp-json\/wp\/v2\/pages\/184"}],"wp:attachment":[{"href":"https:\/\/vapaa-ajattelijat.fi\/satakunta\/wp-json\/wp\/v2\/media?parent=187"}],"curies":[{"name":"wp","href":"https:\/\/api.w.org\/{rel}","templated":true}]}}