{"id":184,"date":"2018-03-20T19:20:19","date_gmt":"2018-03-20T17:20:19","guid":{"rendered":"http:\/\/vapaa-ajattelijat.fi\/satakunta2\/?page_id=184"},"modified":"2026-02-19T09:46:41","modified_gmt":"2026-02-19T07:46:41","slug":"lepomaki","status":"publish","type":"page","link":"https:\/\/vapaa-ajattelijat.fi\/satakunta\/lepomaki\/","title":{"rendered":"Lepom\u00e4ki &#8211; tunnustukseton hautausmaa"},"content":{"rendered":"<p><img loading=\"lazy\" decoding=\"async\" class=\"alignnone wp-image-710\" src=\"https:\/\/vapaa-ajattelijat.fi\/satakunta\/wp-content\/uploads\/sites\/13\/2024\/12\/lepomaen-hautausmaa-portti-ja-vaja-300x168.jpg\" alt=\"\" width=\"328\" height=\"184\" srcset=\"https:\/\/vapaa-ajattelijat.fi\/satakunta\/wp-content\/uploads\/sites\/13\/2024\/12\/lepomaen-hautausmaa-portti-ja-vaja-300x168.jpg 300w, https:\/\/vapaa-ajattelijat.fi\/satakunta\/wp-content\/uploads\/sites\/13\/2024\/12\/lepomaen-hautausmaa-portti-ja-vaja-1024x575.jpg 1024w, https:\/\/vapaa-ajattelijat.fi\/satakunta\/wp-content\/uploads\/sites\/13\/2024\/12\/lepomaen-hautausmaa-portti-ja-vaja-768x431.jpg 768w, https:\/\/vapaa-ajattelijat.fi\/satakunta\/wp-content\/uploads\/sites\/13\/2024\/12\/lepomaen-hautausmaa-portti-ja-vaja.jpg 1354w\" sizes=\"auto, (max-width: 328px) 100vw, 328px\" \/>\u00a0 <a href=\"https:\/\/vapaa-ajattelijat.fi\/satakunta\/wp-content\/uploads\/sites\/13\/2018\/03\/Lepom_kuva.jpg\"><img loading=\"lazy\" decoding=\"async\" class=\"alignnone wp-image-199\" src=\"https:\/\/vapaa-ajattelijat.fi\/satakunta\/wp-content\/uploads\/sites\/13\/2018\/03\/Lepom_kuva-300x195.jpg\" alt=\"\" width=\"268\" height=\"174\" srcset=\"https:\/\/vapaa-ajattelijat.fi\/satakunta\/wp-content\/uploads\/sites\/13\/2018\/03\/Lepom_kuva-300x195.jpg 300w, https:\/\/vapaa-ajattelijat.fi\/satakunta\/wp-content\/uploads\/sites\/13\/2018\/03\/Lepom_kuva-768x498.jpg 768w, https:\/\/vapaa-ajattelijat.fi\/satakunta\/wp-content\/uploads\/sites\/13\/2018\/03\/Lepom_kuva-1024x664.jpg 1024w, https:\/\/vapaa-ajattelijat.fi\/satakunta\/wp-content\/uploads\/sites\/13\/2018\/03\/Lepom_kuva.jpg 1212w\" sizes=\"auto, (max-width: 268px) 100vw, 268px\" \/> <\/a><\/p>\n<p><strong> Satakunnan vapaa-ajattelijat ry <\/strong> omistaa Siikaisten kunnassa Samminmajan kyl\u00e4ss\u00e4 sijaitsevan Lepom\u00e4ki-nimisen 0,50 ha suuruisen tunnustukseton hautausmaan.<\/p>\n<p>Lepom\u00e4ell\u00e4 kasvaa nuorta m\u00e4ntymets\u00e4\u00e4 ja yksi istutettu pihlaja. Yhdistys s\u00e4ilytt\u00e4\u00e4 hautausmaan mahdollisimman luonnontilassa.<\/p>\n<p>Hautausmaa on tarkoitettu yhdistyksen j\u00e4senille, samoin ateistien ja uskonnottomien viimeiseksi leposijaksi sek\u00e4 my\u00f6s kaikille, jotka haluavat tulla haudatuksi, uurnahaudatuksi tai tuhkansa siroteltavan maailmankatsomuksensa taikka viimeisen tahtonsa mukaisesti uskonnottomaan maaper\u00e4\u00e4n.<\/p>\n<p><img loading=\"lazy\" decoding=\"async\" class=\"alignnone size-medium wp-image-711\" src=\"https:\/\/vapaa-ajattelijat.fi\/satakunta\/wp-content\/uploads\/sites\/13\/2024\/12\/Lepomaen-esite-hinnasto-300x198.jpg\" alt=\"\" width=\"300\" height=\"198\" srcset=\"https:\/\/vapaa-ajattelijat.fi\/satakunta\/wp-content\/uploads\/sites\/13\/2024\/12\/Lepomaen-esite-hinnasto-300x198.jpg 300w, https:\/\/vapaa-ajattelijat.fi\/satakunta\/wp-content\/uploads\/sites\/13\/2024\/12\/Lepomaen-esite-hinnasto-768x507.jpg 768w, https:\/\/vapaa-ajattelijat.fi\/satakunta\/wp-content\/uploads\/sites\/13\/2024\/12\/Lepomaen-esite-hinnasto.jpg 950w\" sizes=\"auto, (max-width: 300px) 100vw, 300px\" \/><\/p>\n<div id=\"primary\" class=\"content-area grid-parent mobile-grid-100 grid-75 tablet-grid-75\">\n<article id=\"post-323\" class=\"post-323 page type-page status-publish\">\n<div class=\"inside-article\">\n<header class=\"entry-header\">\n<h3 class=\"entry-title\">Hoitokunta:<\/h3>\n<\/header>\n<div class=\"entry-content\">\n<p>Lepom\u00e4en Siikaisissa sijaitsevan hautausmaan asioiden j\u00e4rjestelyyn ja yll\u00e4pitoon valitaan vuosittain hoitokunta.<br \/>\nVuonna 2026:<\/p>\n<p>Pasi Hiltunen, teknillinen asiantuntija<br \/>\nJukka Kim, puheenjohtaja, 046 811 9074<br \/>\nTauno Perki\u00f6, sihteeri ja taloudenhoitaja, 044 980 2153<br \/>\nJussi Tulonen, j\u00e4sen<\/p>\n<p><a href=\"satakunta@vapaa-ajattelijat.fi\">Lis\u00e4tietoja satakunta(at)vapaa-ajatteljat.fi<\/a><\/p>\n<\/div>\n<\/div>\n<\/article>\n<\/div>\n","protected":false},"excerpt":{"rendered":"<p>\u00a0 Satakunnan vapaa-ajattelijat ry omistaa Siikaisten kunnassa Samminmajan kyl\u00e4ss\u00e4 sijaitsevan Lepom\u00e4ki-nimisen 0,50 ha suuruisen tunnustukseton hautausmaan. Lepom\u00e4ell\u00e4 kasvaa nuorta m\u00e4ntymets\u00e4\u00e4 ja yksi istutettu pihlaja. Yhdistys s\u00e4ilytt\u00e4\u00e4 hautausmaan mahdollisimman luonnontilassa. Hautausmaa &#8230; <a title=\"Lepom\u00e4ki &#8211; tunnustukseton hautausmaa\" class=\"read-more\" href=\"https:\/\/vapaa-ajattelijat.fi\/satakunta\/lepomaki\/\" aria-label=\"Lue lis\u00e4\u00e4 aiheesta Lepom\u00e4ki &#8211; tunnustukseton hautausmaa\">Lue lis\u00e4\u00e4<\/a><\/p>\n","protected":false},"author":29,"featured_media":0,"parent":0,"menu_order":0,"comment_status":"closed","ping_status":"closed","template":"","meta":{"footnotes":""},"class_list":["post-184","page","type-page","status-publish"],"_links":{"self":[{"href":"https:\/\/vapaa-ajattelijat.fi\/satakunta\/wp-json\/wp\/v2\/pages\/184","targetHints":{"allow":["GET"]}}],"collection":[{"href":"https:\/\/vapaa-ajattelijat.fi\/satakunta\/wp-json\/wp\/v2\/pages"}],"about":[{"href":"https:\/\/vapaa-ajattelijat.fi\/satakunta\/wp-json\/wp\/v2\/types\/page"}],"author":[{"embeddable":true,"href":"https:\/\/vapaa-ajattelijat.fi\/satakunta\/wp-json\/wp\/v2\/users\/29"}],"replies":[{"embeddable":true,"href":"https:\/\/vapaa-ajattelijat.fi\/satakunta\/wp-json\/wp\/v2\/comments?post=184"}],"version-history":[{"count":11,"href":"https:\/\/vapaa-ajattelijat.fi\/satakunta\/wp-json\/wp\/v2\/pages\/184\/revisions"}],"predecessor-version":[{"id":793,"href":"https:\/\/vapaa-ajattelijat.fi\/satakunta\/wp-json\/wp\/v2\/pages\/184\/revisions\/793"}],"wp:attachment":[{"href":"https:\/\/vapaa-ajattelijat.fi\/satakunta\/wp-json\/wp\/v2\/media?parent=184"}],"curies":[{"name":"wp","href":"https:\/\/api.w.org\/{rel}","templated":true}]}}