{"id":56,"date":"2023-12-06T20:20:41","date_gmt":"2023-12-06T18:20:41","guid":{"rendered":"https:\/\/vapaa-ajattelijat.fi\/oulu\/?page_id=56"},"modified":"2026-01-13T15:57:39","modified_gmt":"2026-01-13T13:57:39","slug":"poytakirjat","status":"publish","type":"page","link":"https:\/\/vapaa-ajattelijat.fi\/oulu\/yhdistys\/poytakirjat\/","title":{"rendered":"P\u00f6yt\u00e4kirjat"},"content":{"rendered":"<p>Yhdistyksen s\u00e4\u00e4nt\u00f6m\u00e4\u00e4r\u00e4isten kokousten p\u00f6yt\u00e4kirjat.<\/p>\n<p>[Sivu p\u00e4ivittyy pian!]<\/p>\n","protected":false},"excerpt":{"rendered":"<p>Yhdistyksen s\u00e4\u00e4nt\u00f6m\u00e4\u00e4r\u00e4isten kokousten p\u00f6yt\u00e4kirjat. [Sivu p\u00e4ivittyy pian!]<\/p>\n","protected":false},"author":55,"featured_media":0,"parent":44,"menu_order":0,"comment_status":"closed","ping_status":"closed","template":"","meta":{"footnotes":""},"class_list":["post-56","page","type-page","status-publish"],"_links":{"self":[{"href":"https:\/\/vapaa-ajattelijat.fi\/oulu\/wp-json\/wp\/v2\/pages\/56","targetHints":{"allow":["GET"]}}],"collection":[{"href":"https:\/\/vapaa-ajattelijat.fi\/oulu\/wp-json\/wp\/v2\/pages"}],"about":[{"href":"https:\/\/vapaa-ajattelijat.fi\/oulu\/wp-json\/wp\/v2\/types\/page"}],"author":[{"embeddable":true,"href":"https:\/\/vapaa-ajattelijat.fi\/oulu\/wp-json\/wp\/v2\/users\/55"}],"replies":[{"embeddable":true,"href":"https:\/\/vapaa-ajattelijat.fi\/oulu\/wp-json\/wp\/v2\/comments?post=56"}],"version-history":[{"count":3,"href":"https:\/\/vapaa-ajattelijat.fi\/oulu\/wp-json\/wp\/v2\/pages\/56\/revisions"}],"predecessor-version":[{"id":79,"href":"https:\/\/vapaa-ajattelijat.fi\/oulu\/wp-json\/wp\/v2\/pages\/56\/revisions\/79"}],"up":[{"embeddable":true,"href":"https:\/\/vapaa-ajattelijat.fi\/oulu\/wp-json\/wp\/v2\/pages\/44"}],"wp:attachment":[{"href":"https:\/\/vapaa-ajattelijat.fi\/oulu\/wp-json\/wp\/v2\/media?parent=56"}],"curies":[{"name":"wp","href":"https:\/\/api.w.org\/{rel}","templated":true}]}}