{"id":52,"date":"2023-12-06T20:19:10","date_gmt":"2023-12-06T18:19:10","guid":{"rendered":"https:\/\/vapaa-ajattelijat.fi\/oulu\/?page_id=52"},"modified":"2026-01-13T15:57:39","modified_gmt":"2026-01-13T13:57:39","slug":"hallitus","status":"publish","type":"page","link":"https:\/\/vapaa-ajattelijat.fi\/oulu\/yhdistys\/hallitus\/","title":{"rendered":"Hallitus"},"content":{"rendered":"<h3>Hallitus vuodelle 2023<\/h3>\n<p>Yhdistyksen 18.10.2023 pidetty vuosikokous valitsi puheenjohtajan, toimihenkil\u00f6t ja hallituksen j\u00e4senet meneill\u00e4\u00e4n olevalle toimikaudelle.<\/p>\n<p>Toimikausi p\u00e4\u00e4ttyy vuoden 2024 vuosikokoukseen, joka pyrit\u00e4\u00e4n pit\u00e4m\u00e4\u00e4n heti alkuvuodesta.<\/p>\n<h5>Puheenjohtaja<\/h5>\n<p>Antti Rantakokko<\/p>\n<h5>Varapuheenjohtaja<\/h5>\n<p>Timo Karjalainen<\/p>\n<h5>Sihteeri<\/h5>\n<p>Sirpa P\u00f6yh\u00f6nen<\/p>\n<h5>Taloudenhoitaja<\/h5>\n<p>Timo Karjalainen<\/p>\n<h5>Hallituksen j\u00e4senet<\/h5>\n<p>Marko Lakkala, Anne Miettinen, Olli Palokangas, Pasi Perki\u00f6 ja Jouko Saksio.<\/p>\n","protected":false},"excerpt":{"rendered":"<p>Hallitus vuodelle 2023 Yhdistyksen 18.10.2023 pidetty vuosikokous valitsi puheenjohtajan, toimihenkil\u00f6t ja hallituksen j\u00e4senet meneill\u00e4\u00e4n olevalle toimikaudelle. Toimikausi p\u00e4\u00e4ttyy vuoden 2024 vuosikokoukseen, joka pyrit\u00e4\u00e4n pit\u00e4m\u00e4\u00e4n heti alkuvuodesta. Puheenjohtaja Antti Rantakokko Varapuheenjohtaja &#8230; <a title=\"Hallitus\" class=\"read-more\" href=\"https:\/\/vapaa-ajattelijat.fi\/oulu\/yhdistys\/hallitus\/\" aria-label=\"Lue lis\u00e4\u00e4 aiheesta Hallitus\">Lue lis\u00e4\u00e4<\/a><\/p>\n","protected":false},"author":55,"featured_media":0,"parent":44,"menu_order":0,"comment_status":"closed","ping_status":"closed","template":"","meta":{"footnotes":""},"class_list":["post-52","page","type-page","status-publish"],"_links":{"self":[{"href":"https:\/\/vapaa-ajattelijat.fi\/oulu\/wp-json\/wp\/v2\/pages\/52","targetHints":{"allow":["GET"]}}],"collection":[{"href":"https:\/\/vapaa-ajattelijat.fi\/oulu\/wp-json\/wp\/v2\/pages"}],"about":[{"href":"https:\/\/vapaa-ajattelijat.fi\/oulu\/wp-json\/wp\/v2\/types\/page"}],"author":[{"embeddable":true,"href":"https:\/\/vapaa-ajattelijat.fi\/oulu\/wp-json\/wp\/v2\/users\/55"}],"replies":[{"embeddable":true,"href":"https:\/\/vapaa-ajattelijat.fi\/oulu\/wp-json\/wp\/v2\/comments?post=52"}],"version-history":[{"count":4,"href":"https:\/\/vapaa-ajattelijat.fi\/oulu\/wp-json\/wp\/v2\/pages\/52\/revisions"}],"predecessor-version":[{"id":94,"href":"https:\/\/vapaa-ajattelijat.fi\/oulu\/wp-json\/wp\/v2\/pages\/52\/revisions\/94"}],"up":[{"embeddable":true,"href":"https:\/\/vapaa-ajattelijat.fi\/oulu\/wp-json\/wp\/v2\/pages\/44"}],"wp:attachment":[{"href":"https:\/\/vapaa-ajattelijat.fi\/oulu\/wp-json\/wp\/v2\/media?parent=52"}],"curies":[{"name":"wp","href":"https:\/\/api.w.org\/{rel}","templated":true}]}}