{"id":49,"date":"2023-12-06T20:16:21","date_gmt":"2023-12-06T18:16:21","guid":{"rendered":"https:\/\/vapaa-ajattelijat.fi\/oulu\/?page_id=49"},"modified":"2026-01-13T15:57:39","modified_gmt":"2026-01-13T13:57:39","slug":"liity-jaseneksi","status":"publish","type":"page","link":"https:\/\/vapaa-ajattelijat.fi\/oulu\/liity-jaseneksi\/","title":{"rendered":"Liity j\u00e4seneksi"},"content":{"rendered":"<p>Voit liitty\u00e4 j\u00e4seneksemme <a href=\"http:\/\/vapaa-ajattelijat.fi\/liity-jaseneksi\">Vapaa-ajattelijain liiton lomakkeella<\/a>.<\/p>\n<p>J\u00e4senmaksu p\u00e4\u00e4tet\u00e4\u00e4n vuosittain, vuodelle 2023 se on 20 euroa.<\/p>\n<p>J\u00e4senen\u00e4 annat tukesi kirkon ja valtion erottamiselle ja muillekin uskontojen etuoikeuksien poistolle. J\u00e4senyys on kannanotto j\u00e4rjen puolesta uskoa vastaan.<\/p>\n<p>J\u00e4senen\u00e4 saat postilaatikkoosi <a href=\"http:\/\/vapaa-ajattelijat.fi\/va-lehti\">Vapaa Ajattelija -lehden<\/a>.<\/p>\n","protected":false},"excerpt":{"rendered":"<p>Voit liitty\u00e4 j\u00e4seneksemme Vapaa-ajattelijain liiton lomakkeella. J\u00e4senmaksu p\u00e4\u00e4tet\u00e4\u00e4n vuosittain, vuodelle 2023 se on 20 euroa. J\u00e4senen\u00e4 annat tukesi kirkon ja valtion erottamiselle ja muillekin uskontojen etuoikeuksien poistolle. J\u00e4senyys on kannanotto &#8230; <a title=\"Liity j\u00e4seneksi\" class=\"read-more\" href=\"https:\/\/vapaa-ajattelijat.fi\/oulu\/liity-jaseneksi\/\" aria-label=\"Lue lis\u00e4\u00e4 aiheesta Liity j\u00e4seneksi\">Lue lis\u00e4\u00e4<\/a><\/p>\n","protected":false},"author":55,"featured_media":0,"parent":0,"menu_order":0,"comment_status":"closed","ping_status":"closed","template":"","meta":{"footnotes":""},"class_list":["post-49","page","type-page","status-publish"],"_links":{"self":[{"href":"https:\/\/vapaa-ajattelijat.fi\/oulu\/wp-json\/wp\/v2\/pages\/49","targetHints":{"allow":["GET"]}}],"collection":[{"href":"https:\/\/vapaa-ajattelijat.fi\/oulu\/wp-json\/wp\/v2\/pages"}],"about":[{"href":"https:\/\/vapaa-ajattelijat.fi\/oulu\/wp-json\/wp\/v2\/types\/page"}],"author":[{"embeddable":true,"href":"https:\/\/vapaa-ajattelijat.fi\/oulu\/wp-json\/wp\/v2\/users\/55"}],"replies":[{"embeddable":true,"href":"https:\/\/vapaa-ajattelijat.fi\/oulu\/wp-json\/wp\/v2\/comments?post=49"}],"version-history":[{"count":4,"href":"https:\/\/vapaa-ajattelijat.fi\/oulu\/wp-json\/wp\/v2\/pages\/49\/revisions"}],"predecessor-version":[{"id":65,"href":"https:\/\/vapaa-ajattelijat.fi\/oulu\/wp-json\/wp\/v2\/pages\/49\/revisions\/65"}],"wp:attachment":[{"href":"https:\/\/vapaa-ajattelijat.fi\/oulu\/wp-json\/wp\/v2\/media?parent=49"}],"curies":[{"name":"wp","href":"https:\/\/api.w.org\/{rel}","templated":true}]}}