{"id":15,"date":"2023-12-05T23:01:57","date_gmt":"2023-12-05T21:01:57","guid":{"rendered":"https:\/\/vapaa-ajattelijat.fi\/oulu\/?page_id=15"},"modified":"2026-01-13T15:57:39","modified_gmt":"2026-01-13T13:57:39","slug":"yleista","status":"publish","type":"page","link":"https:\/\/vapaa-ajattelijat.fi\/oulu\/","title":{"rendered":"Yleist\u00e4"},"content":{"rendered":"<p>Olemme poliittisesti riippumaton uskontokuntiin kuulumattomien ihmisten etu-, oikeusturva- ja kulttuurij\u00e4rjest\u00f6, joka on osa valtakunnallista vapaa-ajattelijaliikett\u00e4.<\/p>\n<p><a href=\"https:\/\/vapaa-ajattelijat.fi\">Vapaa-ajattelijain liiton<\/a> Oulun toimihaara perustettiin uudestaan 1992, kotisivut vuonna 2002. <a href=\"https:\/\/vapaa-ajattelijat.fi\/oulu\/historia\/\">Kuinka yhdistys sai alkunsa<\/a>.<\/p>\n<p><img loading=\"lazy\" decoding=\"async\" class=\"aligncenter size-medium wp-image-88\" src=\"http:\/\/vapaa-ajattelijat.fi\/oulu\/wp-content\/uploads\/sites\/26\/2023\/12\/castle2-300x218.jpg\" alt=\"\" width=\"300\" height=\"218\" srcset=\"https:\/\/vapaa-ajattelijat.fi\/oulu\/wp-content\/uploads\/sites\/26\/2023\/12\/castle2-300x218.jpg 300w, https:\/\/vapaa-ajattelijat.fi\/oulu\/wp-content\/uploads\/sites\/26\/2023\/12\/castle2.jpg 390w\" sizes=\"auto, (max-width: 300px) 100vw, 300px\" \/><\/p>\n","protected":false},"excerpt":{"rendered":"<p>Olemme poliittisesti riippumaton uskontokuntiin kuulumattomien ihmisten etu-, oikeusturva- ja kulttuurij\u00e4rjest\u00f6, joka on osa valtakunnallista vapaa-ajattelijaliikett\u00e4. Vapaa-ajattelijain liiton Oulun toimihaara perustettiin uudestaan 1992, kotisivut vuonna 2002. Kuinka yhdistys sai alkunsa.<\/p>\n","protected":false},"author":55,"featured_media":0,"parent":0,"menu_order":0,"comment_status":"closed","ping_status":"closed","template":"","meta":{"footnotes":""},"class_list":["post-15","page","type-page","status-publish"],"_links":{"self":[{"href":"https:\/\/vapaa-ajattelijat.fi\/oulu\/wp-json\/wp\/v2\/pages\/15","targetHints":{"allow":["GET"]}}],"collection":[{"href":"https:\/\/vapaa-ajattelijat.fi\/oulu\/wp-json\/wp\/v2\/pages"}],"about":[{"href":"https:\/\/vapaa-ajattelijat.fi\/oulu\/wp-json\/wp\/v2\/types\/page"}],"author":[{"embeddable":true,"href":"https:\/\/vapaa-ajattelijat.fi\/oulu\/wp-json\/wp\/v2\/users\/55"}],"replies":[{"embeddable":true,"href":"https:\/\/vapaa-ajattelijat.fi\/oulu\/wp-json\/wp\/v2\/comments?post=15"}],"version-history":[{"count":6,"href":"https:\/\/vapaa-ajattelijat.fi\/oulu\/wp-json\/wp\/v2\/pages\/15\/revisions"}],"predecessor-version":[{"id":90,"href":"https:\/\/vapaa-ajattelijat.fi\/oulu\/wp-json\/wp\/v2\/pages\/15\/revisions\/90"}],"wp:attachment":[{"href":"https:\/\/vapaa-ajattelijat.fi\/oulu\/wp-json\/wp\/v2\/media?parent=15"}],"curies":[{"name":"wp","href":"https:\/\/api.w.org\/{rel}","templated":true}]}}