{"id":13,"date":"2023-12-05T23:01:41","date_gmt":"2023-12-05T21:01:41","guid":{"rendered":"https:\/\/vapaa-ajattelijat.fi\/oulu\/?page_id=13"},"modified":"2026-01-13T15:57:39","modified_gmt":"2026-01-13T13:57:39","slug":"historia","status":"publish","type":"page","link":"https:\/\/vapaa-ajattelijat.fi\/oulu\/yhdistys\/historia\/","title":{"rendered":"Historia"},"content":{"rendered":"<blockquote>\n<p align=\"center\"><span style=\"color: #800000\"><span style=\"font-family: Courier New\">\u00a0<\/span><span style=\"font-size: small\"> <span style=\"font-family: EngraversGothic BT\"> <b>Toimintakertomus <\/b><\/span><\/span> <b><span style=\"font-family: Comic Sans MS;font-size: small\"> 1992<\/span><\/b><\/span><\/p>\n<p><span style=\"font-family: Arial Unicode MS\"><span style=\"color: #800000\">Oulun seudun Vapaa-ajattelijat on perustettu yhdistyksen\u00e4 jo syksyll\u00e4 1953. Toiminta oli taantunut vuoden 1973 paikkeilla ja vuoden 1992 syksyll\u00e4 kaksi aktiivista oululaista, Jouko Saksio ja Mauno Murtoniemi, olivat olleet yhteydess\u00e4 liittoon ja Kari Saareen, joka organisoi perustavan kokouksen Oulun kaupungin kirjastoon 10.10.1992. Perustavassa kokouksessa oli mukana 15 henkil\u00f6\u00e4, jotka kaikki allekirjoittivat sopimuskirjan yhdistyksen perustamisesta. Emme viel\u00e4 tienneet, ett\u00e4 t\u00e4m\u00e4n kokoisessa kulttuurikaupungissa on jo Vapaa-ajattelijayhdistys.\u00a0<\/span><\/span><\/p>\n<p><span style=\"font-family: Arial Unicode MS\"><span style=\"color: #800000\">Perustavassa kokouksessa valittiin jo yhdistyksen toimihenkil\u00f6t: sihteeri Pirkko Hautam\u00e4ki, taloudenhoitaja Hilkka Laronia. Johtokunnan muiksi j\u00e4seniksi valittiin Mauno Murtoniemi, Jouko Saksio (tiedottaja), Sisko Lehto, P\u00e4ivi\u00f6 Pollari (vpj) ja t\u00e4ydensimme viel\u00e4 johtokuntaa Kaarlo Myllyll\u00e4 seuraavassa kokouksessa. Puheenjohtajaksi valittiin Vaili J\u00e4ms\u00e4. Yhdistyksen el\u00e4v\u00e4n\u00e4 pit\u00e4miseski sovittiin, ett\u00e4 n. puolet johtokunnasta vaihtuu kahden vuoden v\u00e4lein. Tapaamisemme olemme pit\u00e4neet yhdistyksen yhteisin\u00e4 ja launtai-iltap\u00e4ivisin. Vakiinnutimme kokouspaikaksi NUKU:n.\u00a0<\/span><\/span><\/p>\n<p><span style=\"font-family: Arial Unicode MS\"><span style=\"color: #800000\">Alkutaipaleen kokoukset kuluivat paljolti toiminnan alkuunpanemisessa, mutta my\u00f6s yleis\u00f6lle suunnattua toimintaa ehdittiin j\u00e4rjest\u00e4\u00e4, kuten kirjallisuusn\u00e4yttely Oulun kaupungin kirjastoon ja Oulun yliopiston biologian aulaan. Yliopistolle j\u00e4rjestimme my\u00f6s keskustelumahdollisuuden olemalla paikalla ihmisoikeusp\u00e4iv\u00e4n\u00e4.<\/span><\/span><\/p>\n<p><span style=\"font-family: Arial Unicode MS\"><span style=\"color: #800000\">Lis\u00e4ksi jaoimme marraskuun aikana lentolehtisi\u00e4 liittyen kirkosta eroamiseen (tilastojen mukaan siihen menness\u00e4 oli kirkosta eronnut 850 henkil\u00f6\u00e4, mutta pelk\u00e4st\u00e4\u00e4n marraskuun aikana 150 henkil\u00f6\u00e4). Varapuheenjohtaja oli laatinut asiasta kirjoituksen yleis\u00f6nosastolle.<\/span><\/span><\/p>\n<p><span style=\"font-family: Arial Unicode MS\"><span style=\"color: #800000\">Yhdistksemme toiminnan aloittaminen on huomioitu hyvin lehdiss\u00e4. Tiedottaja laati jo toiseen kokoukseemme lehdist\u00f6tiedotteen, mink\u00e4 lis\u00e4ksi toimittaja Timo Myllyniemi Kalevasta soitti puheenjohtajalta lis\u00e4tietoja pient\u00e4 juttua varten (l\u00e4htetti faxilla tekstin tarkastettavaksi). Kansan Tahdon toimittaja Antti Honkonen, haastatteli yliopiston kirjastossa puheenjohtajaa, varapuheenjohtajaa sek\u00e4 tiedottajaa ja kertoi omiakin kokemuksiaan Vapaa-ajattelijataipaleeltaan per\u00e4ti kolme tuntia. My\u00f6s Rauhan Tervehdys oli kai todennut yhdisyksemme.<\/span><\/span><\/p>\n<p><span style=\"font-family: Arial Unicode MS\"><span style=\"color: #800000\">Muutamia erikoisiakin yhteydenottoja on ollut. Vaili ja P\u00e4ivi\u00e4 saivat parapsykologista postia, johon ei voinut vastata, sill\u00e4 siin\u00e4 ei ollut tarkempia yhteystietoja Kauko E Kujalalle. Ylivieskan (?) kirkkoherra oli soittanut P\u00e4ivi\u00f6lle ja halunnut olla erimielt\u00e4 taloudellisten seikkujen vaikuttamisesta seurakuntaan kuulumisessa. Yhdistyksemme linja on hyvin avoin, joskin ei jumalaan uskova, ja n\u00e4in ollen emme halua ahdistaa ihmisi\u00e4 yritt\u00e4m\u00e4ll\u00e4 saada heit\u00e4 uskomaan samaan kuin me.<b> Me olemme olemassa, jotta ne jotka kokevat ajattelevansa samoin kuin me, saisivat virikkeit\u00e4, palveluita ja tukea arkip\u00e4iv\u00e4\u00e4n ja juhliinsa. Sek\u00e4 ennen kaikkea pit\u00e4\u00e4ksemme hauskaa ja nauttiaksemme toistemme seurasta.\u00a0<\/b><\/span><\/span><\/p>\n<p><span style=\"font-family: Arial Unicode MS\"><span style=\"color: #800000\">Liiton j\u00e4rjest\u00e4m\u00e4lle puhujakurssille on yhdistyksess\u00e4mme ainakin kolme innokasta osallistujaa ensi vuonna. Paras olisi saada koulutusta liitolta t\u00e4nne pohjoiseen.<\/span><\/span><\/p>\n<p><span style=\"font-family: Arial Unicode MS\"><span style=\"color: #800000\">Talous on aloittavalla yhdisyksell\u00e4 yksi kulmakivi. P\u00e4\u00e4timme ker\u00e4t\u00e4 40mk (n. 7\u20ac) kirjoittautumismaksua. Lis\u00e4ksi joulu-tammikuun aikana j\u00e4rjest\u00e4mme arpajaiset, joihin Anneli Hellman oli kutonut boutique-villapaidan. Puheenjohtaja on maksanut liiton j\u00e4senmaksun vuodelle 1992. Toimintatukea p\u00e4\u00e4timme hakea heti joulukuussa, kun n\u00e4imme ilmoituksen kulttuurirahan jaosta joulukuun Rumputuksessa.<\/span><\/span><\/p>\n<p><span style=\"font-family: Arial Unicode MS\"><span style=\"color: #800000\">Yhdistyksemme on ilmeisesti j\u00e4senilleen t\u00e4rke\u00e4 ja l\u00e4heinen, sill\u00e4 niin ahkerasti olemme ehtineet kokoontua saadaksemme k\u00e4yt\u00e4nn\u00f6n asiat rullaamaan ja voidaksemme paneutua my\u00f6s kulttuuriohjelmamme toteuttamiseen. Koska yhdistyksemme on aloitannut tyhj\u00e4lt\u00e4 p\u00f6yd\u00e4lt\u00e4 olemme saaneet itse tuoda kokouksiimme aiheita ja virikkeit\u00e4 tulevaa toimintaa luodessamme. Kaikki ideat ker\u00e4t\u00e4\u00e4n yhdistyksen kansioon, josta ne on helppo aktivoida toiminnaksi. T\u00e4rkeit\u00e4 pitk\u00e4 aikav\u00e4lin hankkeita ovat ET-opetuksen yleist\u00e4minen sek\u00e4 kunnallisen hautausmaan perustaminen. Kiire painaa j\u00e4seni\u00e4mme, sill\u00e4 mielemme kaipaa ajatusten arvottamista &#8211; vapaa-ajattelijalle kun ei ole valmiita vastauksia.<\/span><\/span><\/p>\n<p><span style=\"font-family: Arial Unicode MS\"><span style=\"color: #800000\">Oulussa 11.1.1993<\/span><\/span><\/p><\/blockquote>\n<p><span style=\"color: #800000\">\u00a0\u00a0\u00a0\u00a0\u00a0\u00a0\u00a0\u00a0\u00a0 Vaili J\u00e4ms\u00e4 &#8211; Puheenjohtaja<\/span><\/p>\n","protected":false},"excerpt":{"rendered":"<p>\u00a0 Toimintakertomus 1992 Oulun seudun Vapaa-ajattelijat on perustettu yhdistyksen\u00e4 jo syksyll\u00e4 1953. Toiminta oli taantunut vuoden 1973 paikkeilla ja vuoden 1992 syksyll\u00e4 kaksi aktiivista oululaista, Jouko Saksio ja Mauno Murtoniemi, &#8230; <a title=\"Historia\" class=\"read-more\" href=\"https:\/\/vapaa-ajattelijat.fi\/oulu\/yhdistys\/historia\/\" aria-label=\"Lue lis\u00e4\u00e4 aiheesta Historia\">Lue lis\u00e4\u00e4<\/a><\/p>\n","protected":false},"author":55,"featured_media":0,"parent":44,"menu_order":0,"comment_status":"closed","ping_status":"closed","template":"","meta":{"footnotes":""},"class_list":["post-13","page","type-page","status-publish"],"_links":{"self":[{"href":"https:\/\/vapaa-ajattelijat.fi\/oulu\/wp-json\/wp\/v2\/pages\/13","targetHints":{"allow":["GET"]}}],"collection":[{"href":"https:\/\/vapaa-ajattelijat.fi\/oulu\/wp-json\/wp\/v2\/pages"}],"about":[{"href":"https:\/\/vapaa-ajattelijat.fi\/oulu\/wp-json\/wp\/v2\/types\/page"}],"author":[{"embeddable":true,"href":"https:\/\/vapaa-ajattelijat.fi\/oulu\/wp-json\/wp\/v2\/users\/55"}],"replies":[{"embeddable":true,"href":"https:\/\/vapaa-ajattelijat.fi\/oulu\/wp-json\/wp\/v2\/comments?post=13"}],"version-history":[{"count":2,"href":"https:\/\/vapaa-ajattelijat.fi\/oulu\/wp-json\/wp\/v2\/pages\/13\/revisions"}],"predecessor-version":[{"id":87,"href":"https:\/\/vapaa-ajattelijat.fi\/oulu\/wp-json\/wp\/v2\/pages\/13\/revisions\/87"}],"up":[{"embeddable":true,"href":"https:\/\/vapaa-ajattelijat.fi\/oulu\/wp-json\/wp\/v2\/pages\/44"}],"wp:attachment":[{"href":"https:\/\/vapaa-ajattelijat.fi\/oulu\/wp-json\/wp\/v2\/media?parent=13"}],"curies":[{"name":"wp","href":"https:\/\/api.w.org\/{rel}","templated":true}]}}