{"id":9,"date":"2023-12-06T14:52:41","date_gmt":"2023-12-06T14:52:41","guid":{"rendered":"https:\/\/vapaa-ajattelijat.fi\/luoteis-lappi\/?page_id=9"},"modified":"2023-12-06T17:45:26","modified_gmt":"2023-12-06T15:45:26","slug":"yleista","status":"publish","type":"page","link":"https:\/\/vapaa-ajattelijat.fi\/luoteis-lappi\/","title":{"rendered":"Yleist\u00e4"},"content":{"rendered":"<div class=\"content\">\n<div class=\"ac-container ac-adaptiveCard\">\n<div class=\"ac-textBlock\">\n<p>Luoteis-Lapin vapaa-ajattelijat ry on yksi noin kahdestakymmenest\u00e4 j\u00e4senyhdistyksest\u00e4, jotka kuuluvat Vapaa-ajattelijain liittoon. Yhdistys on toiminut vuodesta 2005 l\u00e4htien ja sen aktiivisuus keskittyy hautausmaan toiminnan yll\u00e4pit\u00e4miseen Kolarin Vaattoj\u00e4rvell\u00e4 sijaitsevalla Kotivaaran hautausmaalla.<\/p>\n<p>Yhdistyksen yhteystiedot ovat seuraavat:<\/p>\n<ul>\n<li><strong>S\u00e4hk\u00f6posti<\/strong>: <a href=\"mailto:luoteis-lappi@vapaa-ajattelijat.fi\">luoteis-lappi@vapaa-ajattelijat.fi<\/a><\/li>\n<li><strong>Osoite<\/strong>: Raappanantie 7, 95830 Vaattoj\u00e4rvi<\/li>\n<\/ul>\n<p>Yhdistykseen voi liitty\u00e4 Vapaa-ajattelijoiden <a href=\"http:\/\/vapaa-ajattelijat.fi\/liity-jaseneksi\">sivustolta<\/a>.<\/p>\n<p><a href=\"https:\/\/eroakirkosta.fi\/\">Eroakirkosta.fi-palvelu<\/a>.<\/p>\n<\/div>\n<div class=\"ac-horizontal-separator\" aria-hidden=\"true\">\n<h2>Tavoitteet<\/h2>\n<p>Uskonnonvapauteen kuuluu my\u00f6s valtion neutraali suhde uskontoihin. Evankelis-luterilaisen ja Ortodoksisen valtionkirkon verotusoikeus ja muu erityisasema tulee purkaa.<\/p>\n<p>Pienempi\u00e4 korjauskohteita on paljon: el\u00e4m\u00e4nkatsomustiedon opiskelu pit\u00e4\u00e4 sallia my\u00f6s kirkkoon kuuluville lapsille, eik\u00e4 koulun teht\u00e4v\u00e4 ole vied\u00e4 lapsia hartaustilaisuuksiin. Jumalanpilkkalaki on kumottava, uskonnollinen vala ei kuulu valtion laitoksiin ja j\u00e4ljelle olevat uskontokuntia koskevat poikkeukset verotuksessa on poistettava.<\/p>\n<p>Uskonnonvapaus tarkoittaa toisaalta, ett\u00e4 jokaisella on vapaus uskoa ja lupa omilla rahoillaan rakentaa kirkkoja, painaa Koraaneja ja niin edelleen.<\/p>\n<p>Itse emme usko jumaliin ja pid\u00e4mme aina j\u00e4rke\u00e4 parempana oppaana el\u00e4m\u00e4ss\u00e4 kuin uskoa. Jotain uskontoa tunnustavien m\u00e4\u00e4r\u00e4 Suomessa v\u00e4henee, ja toivomme t\u00e4m\u00e4n kehityksen jatkuvan yh\u00e4 nopeammin.<\/p>\n<\/div>\n<h5>Vapareiden <a href=\"https:\/\/vaparishop.myspreadshop.fi\/\">verkkokauppa<\/a><\/h5>\n<\/div>\n<\/div>\n","protected":false},"excerpt":{"rendered":"<p>Luoteis-Lapin vapaa-ajattelijat ry on yksi noin kahdestakymmenest\u00e4 j\u00e4senyhdistyksest\u00e4, jotka kuuluvat Vapaa-ajattelijain liittoon. Yhdistys on toiminut vuodesta 2005 l\u00e4htien ja sen aktiivisuus keskittyy hautausmaan toiminnan yll\u00e4pit\u00e4miseen Kolarin Vaattoj\u00e4rvell\u00e4 sijaitsevalla Kotivaaran hautausmaalla. &#8230; <a title=\"Yleist\u00e4\" class=\"read-more\" href=\"https:\/\/vapaa-ajattelijat.fi\/luoteis-lappi\/\" aria-label=\"Lue lis\u00e4\u00e4 aiheesta Yleist\u00e4\">Lue lis\u00e4\u00e4<\/a><\/p>\n","protected":false},"author":13,"featured_media":0,"parent":0,"menu_order":0,"comment_status":"closed","ping_status":"closed","template":"","meta":{"footnotes":""},"class_list":["post-9","page","type-page","status-publish"],"_links":{"self":[{"href":"https:\/\/vapaa-ajattelijat.fi\/luoteis-lappi\/wp-json\/wp\/v2\/pages\/9","targetHints":{"allow":["GET"]}}],"collection":[{"href":"https:\/\/vapaa-ajattelijat.fi\/luoteis-lappi\/wp-json\/wp\/v2\/pages"}],"about":[{"href":"https:\/\/vapaa-ajattelijat.fi\/luoteis-lappi\/wp-json\/wp\/v2\/types\/page"}],"author":[{"embeddable":true,"href":"https:\/\/vapaa-ajattelijat.fi\/luoteis-lappi\/wp-json\/wp\/v2\/users\/13"}],"replies":[{"embeddable":true,"href":"https:\/\/vapaa-ajattelijat.fi\/luoteis-lappi\/wp-json\/wp\/v2\/comments?post=9"}],"version-history":[{"count":5,"href":"https:\/\/vapaa-ajattelijat.fi\/luoteis-lappi\/wp-json\/wp\/v2\/pages\/9\/revisions"}],"predecessor-version":[{"id":34,"href":"https:\/\/vapaa-ajattelijat.fi\/luoteis-lappi\/wp-json\/wp\/v2\/pages\/9\/revisions\/34"}],"wp:attachment":[{"href":"https:\/\/vapaa-ajattelijat.fi\/luoteis-lappi\/wp-json\/wp\/v2\/media?parent=9"}],"curies":[{"name":"wp","href":"https:\/\/api.w.org\/{rel}","templated":true}]}}