{"id":18,"date":"2023-12-06T15:01:13","date_gmt":"2023-12-06T15:01:13","guid":{"rendered":"https:\/\/vapaa-ajattelijat.fi\/luoteis-lappi\/?page_id=18"},"modified":"2023-12-06T17:41:11","modified_gmt":"2023-12-06T15:41:11","slug":"hautausmaa","status":"publish","type":"page","link":"https:\/\/vapaa-ajattelijat.fi\/luoteis-lappi\/hautausmaa\/","title":{"rendered":"Hautausmaa"},"content":{"rendered":"<p>Yhdistyksen aktivismin alusta eli vuodesta 2005 l\u00e4htien Luoteis-Lapin vapaa-ajattelijat ry:ss\u00e4 on toimittu hautausmaan toiminnan yll\u00e4pit\u00e4miseksi Kolarin Vaattoj\u00e4rvell\u00e4 sijaitsevalla Kotivaaran hautausmaalla. Teht\u00e4viin on kuulunut muun muassa hautausmaan ymp\u00e4rill\u00e4 olevan aidan kunnon tarkistaminen, k\u00e4yt\u00e4vien siistiminen, vesakon poistaminen ja paikoitusalueen kunnostaminen talvien j\u00e4lkeen p\u00e4\u00e4asiassa kes\u00e4kuulla yhteisin talkoin.<\/p>\n","protected":false},"excerpt":{"rendered":"<p>Yhdistyksen aktivismin alusta eli vuodesta 2005 l\u00e4htien Luoteis-Lapin vapaa-ajattelijat ry:ss\u00e4 on toimittu hautausmaan toiminnan yll\u00e4pit\u00e4miseksi Kolarin Vaattoj\u00e4rvell\u00e4 sijaitsevalla Kotivaaran hautausmaalla. Teht\u00e4viin on kuulunut muun muassa hautausmaan ymp\u00e4rill\u00e4 olevan aidan kunnon &#8230; <a title=\"Hautausmaa\" class=\"read-more\" href=\"https:\/\/vapaa-ajattelijat.fi\/luoteis-lappi\/hautausmaa\/\" aria-label=\"Lue lis\u00e4\u00e4 aiheesta Hautausmaa\">Lue lis\u00e4\u00e4<\/a><\/p>\n","protected":false},"author":13,"featured_media":0,"parent":0,"menu_order":0,"comment_status":"closed","ping_status":"closed","template":"","meta":{"footnotes":""},"class_list":["post-18","page","type-page","status-publish"],"_links":{"self":[{"href":"https:\/\/vapaa-ajattelijat.fi\/luoteis-lappi\/wp-json\/wp\/v2\/pages\/18","targetHints":{"allow":["GET"]}}],"collection":[{"href":"https:\/\/vapaa-ajattelijat.fi\/luoteis-lappi\/wp-json\/wp\/v2\/pages"}],"about":[{"href":"https:\/\/vapaa-ajattelijat.fi\/luoteis-lappi\/wp-json\/wp\/v2\/types\/page"}],"author":[{"embeddable":true,"href":"https:\/\/vapaa-ajattelijat.fi\/luoteis-lappi\/wp-json\/wp\/v2\/users\/13"}],"replies":[{"embeddable":true,"href":"https:\/\/vapaa-ajattelijat.fi\/luoteis-lappi\/wp-json\/wp\/v2\/comments?post=18"}],"version-history":[{"count":3,"href":"https:\/\/vapaa-ajattelijat.fi\/luoteis-lappi\/wp-json\/wp\/v2\/pages\/18\/revisions"}],"predecessor-version":[{"id":33,"href":"https:\/\/vapaa-ajattelijat.fi\/luoteis-lappi\/wp-json\/wp\/v2\/pages\/18\/revisions\/33"}],"wp:attachment":[{"href":"https:\/\/vapaa-ajattelijat.fi\/luoteis-lappi\/wp-json\/wp\/v2\/media?parent=18"}],"curies":[{"name":"wp","href":"https:\/\/api.w.org\/{rel}","templated":true}]}}