{"id":15,"date":"2015-04-26T15:50:31","date_gmt":"2015-04-26T12:50:31","guid":{"rendered":"http:\/\/vapaa-ajattelijat.fi\/lappeenranta\/?page_id=15"},"modified":"2017-06-16T15:26:59","modified_gmt":"2017-06-16T12:26:59","slug":"yhteystiedot","status":"publish","type":"page","link":"https:\/\/vapaa-ajattelijat.fi\/lappeenranta\/yhteystiedot\/","title":{"rendered":"YHTEYSTIEDOT"},"content":{"rendered":"<p><a title=\"\" href=\"http:\/\/vapaa-ajattelijat.fi\/lappeenranta\/wp-content\/uploads\/sites\/7\/2015\/04\/p\u00f6ll\u00f6.jpg\" target=\"\" rel=\"\"><img loading=\"lazy\" decoding=\"async\" class=\"size-medium wp-image-7 aligncenter\" title=\"\" src=\"http:\/\/vapaa-ajattelijat.fi\/lappeenranta\/wp-content\/uploads\/sites\/7\/2015\/04\/p\u00f6ll\u00f6-300x218.jpg\" alt=\"p\u00f6ll\u00f6\" width=\"210\" height=\"153\" srcset=\"https:\/\/vapaa-ajattelijat.fi\/lappeenranta\/wp-content\/uploads\/sites\/7\/2015\/04\/p\u00f6ll\u00f6-300x218.jpg 300w, https:\/\/vapaa-ajattelijat.fi\/lappeenranta\/wp-content\/uploads\/sites\/7\/2015\/04\/p\u00f6ll\u00f6-1024x744.jpg 1024w\" sizes=\"auto, (max-width: 210px) 100vw, 210px\" \/><\/a><\/p>\n<p>&nbsp;<\/p>\n<p class=\"p1\"><span class=\"s1\">Lappeenrannan ja ymp\u00e4rist\u00f6n vapaa-ajattelijoiden hallitus:<\/span><\/p>\n<ul class=\"ul1\">\n<li class=\"li2\"><span class=\"s1\">Mika Aromaa (puheenjohtaja)<\/span><\/li>\n<\/ul>\n<p class=\"li2\" style=\"margin-left: 40px;\"><span class=\"s1\">email: milomi4r(at)gmail.com<\/span><\/p>\n<p class=\"li2\" style=\"margin-left: 40px;\"><span class=\"s1\">puh: 044 976 8477<\/span><\/p>\n<ul class=\"ul1\">\n<li class=\"li2\"><span class=\"s1\">Pekka J\u00e4ppinen (varapuheenjohtaja)<\/span><\/li>\n<\/ul>\n<p class=\"li2\"><span class=\"s1\">\u200b<\/span><\/p>\n<ul class=\"ul1\">\n<li class=\"li2\"><span class=\"s1\">Tomi Pinom\u00e4ki (sihteeri)<br \/>\nemail: tomi.pinomaki(at)gmail.com<\/span><span class=\"s2\"><br \/>\n<\/span><\/li>\n<\/ul>\n<p class=\"li2\"><span class=\"s2\">\u200b<\/span><\/p>\n<ul class=\"ul1\">\n<li class=\"li2\"><span class=\"s1\">Olavi Korhonen (taloudenhoitaja)<\/span><\/li>\n<\/ul>\n<p class=\"li2\"><span class=\"s1\">\u200b<\/span><\/p>\n<p class=\"p1\"><span class=\"s1\">Yhdistyksen s\u00e4hk\u00f6postiosoite:<\/span><br \/>\n<span class=\"s1\">lappeenranta(at)vapaa-ajattelijat.fi<\/span><\/p>\n<p class=\"p1\"><span class=\"s1\">Yhdistyksen tilinumero:<\/span><br \/>\n<span class=\"s1\">FI60 4108 1020 1354 98<\/span><span class=\"s2\">\u00a0<\/span><\/p>\n","protected":false},"excerpt":{"rendered":"<p>&nbsp; Lappeenrannan ja ymp\u00e4rist\u00f6n vapaa-ajattelijoiden hallitus: Mika Aromaa (puheenjohtaja) email: milomi4r(at)gmail.com puh: 044 976 8477 Pekka J\u00e4ppinen (varapuheenjohtaja) \u200b Tomi Pinom\u00e4ki (sihteeri) email: tomi.pinomaki(at)gmail.com \u200b Olavi Korhonen (taloudenhoitaja) \u200b Yhdistyksen [&hellip;]<\/p>\n","protected":false},"author":14,"featured_media":0,"parent":0,"menu_order":0,"comment_status":"open","ping_status":"open","template":"","meta":{"footnotes":""},"class_list":["post-15","page","type-page","status-publish","hentry"],"_links":{"self":[{"href":"https:\/\/vapaa-ajattelijat.fi\/lappeenranta\/wp-json\/wp\/v2\/pages\/15","targetHints":{"allow":["GET"]}}],"collection":[{"href":"https:\/\/vapaa-ajattelijat.fi\/lappeenranta\/wp-json\/wp\/v2\/pages"}],"about":[{"href":"https:\/\/vapaa-ajattelijat.fi\/lappeenranta\/wp-json\/wp\/v2\/types\/page"}],"author":[{"embeddable":true,"href":"https:\/\/vapaa-ajattelijat.fi\/lappeenranta\/wp-json\/wp\/v2\/users\/14"}],"replies":[{"embeddable":true,"href":"https:\/\/vapaa-ajattelijat.fi\/lappeenranta\/wp-json\/wp\/v2\/comments?post=15"}],"version-history":[{"count":7,"href":"https:\/\/vapaa-ajattelijat.fi\/lappeenranta\/wp-json\/wp\/v2\/pages\/15\/revisions"}],"predecessor-version":[{"id":48,"href":"https:\/\/vapaa-ajattelijat.fi\/lappeenranta\/wp-json\/wp\/v2\/pages\/15\/revisions\/48"}],"wp:attachment":[{"href":"https:\/\/vapaa-ajattelijat.fi\/lappeenranta\/wp-json\/wp\/v2\/media?parent=15"}],"curies":[{"name":"wp","href":"https:\/\/api.w.org\/{rel}","templated":true}]}}