{"id":83,"date":"2021-04-15T12:40:27","date_gmt":"2021-04-15T09:40:27","guid":{"rendered":"https:\/\/vapaa-ajattelijat.fi\/lahti\/?page_id=83"},"modified":"2021-04-15T12:41:50","modified_gmt":"2021-04-15T09:41:50","slug":"historiaa","status":"publish","type":"page","link":"https:\/\/vapaa-ajattelijat.fi\/lahti\/yhdistys\/historiaa\/","title":{"rendered":"Historiaa"},"content":{"rendered":"<p>Lahden Vapaa-ajattelijat perustettiin alun perin nimell\u00e4 Lahden Siviilirekisteriin kuuluvien yhdistys ry. Perustamiskokous pidettiin Lahdessa Oy Ty\u00f6v\u00e4entalossa 25.10.1936 suurin juhlallisuuksin. T\u00e4ll\u00f6in yhdistyksen perustajaj\u00e4seniksi ilmoittautui j\u00e4senluettelon mukaan 62 henkil\u00f6\u00e4. Ensimm\u00e4iseksi puheenjohtajaksi valittiin V\u00e4in\u00f6 Lammilla ja johtokunnan j\u00e4seniksi Aili Jokinen, Helvi Virtanen, Emil Makkonen, Lauri Sinkkanen ja Erkki Lehmula.<\/p>\n<p>Perustamiskokouksen esitelm\u00f6ij\u00e4ksi oli lupautunut aikansa tunnettu yhteiskunnallinen vaikuttaja Ernst Lamp\u00e9n, joka kuitenkin oli estynyt saapumasta, joten h\u00e4nen puheensa luettiin kokouksessa. Ajan ilmapiiri\u00e4 kuvaavaa lienee, ett\u00e4 tilaisuuden j\u00e4lkeen poliisi takavarikoi esitelm\u00e4aineiston.<\/p>\n<p>Uskonnottomien valtakunnallinen j\u00e4rjest\u00f6 Suomen Siviilirekisterien Keskusliitto ry perustettiin 25.11.1937.<\/p>\n<p>Sotavuosina yhdistyksen toiminta lamaantui l\u00e4hes t\u00e4ysin, mutta toisen maailmansodan j\u00e4lkeinen j\u00e4lleenrakentamisen aika ja sen luoma yhteis\u00f6llisyyden tarve kohotti my\u00f6s yhdistyksen toiminnan uudelleen. Tuolloin j\u00e4rjestettiin usein ohjelmallisia tilaisuuksia j\u00e4senist\u00f6lle, kuten my\u00f6s yleis\u00f6tilaisuuksia, joissa esiintyi monia tunnettuja yhteiskunnallisia vaikuttajia.<\/p>\n<p>Vuonna 1946 yhdistyksen nimi muutettiin nykyiseen muotoonsa Lahden Vapaa-ajattelijat ry.<\/p>\n<p>J\u00e4senten aktiivisen toiminnan ansiosta yhdistys pystyi hankkimaan viel\u00e4kin k\u00e4ytt\u00e4m\u00e4mme Saimaankadun toimitilan. Vuonna 1946 perustetun naisten k\u00e4sity\u00f6kerhon ja vuonna 1961 perustetun miesten puuty\u00f6kerhon tuotteiden myynti olivat suuressa roolissa hankinnan rahoituksessa. Erityisen kunniamaininnan toiminnasta ansaitsee hankkeen puuhamies Lauri Siev\u00e4nen.<\/p>\n<p>Yhdistyksemme edustajat ovat olleet ja ovat t\u00e4n\u00e4kin p\u00e4iv\u00e4n\u00e4 Vapaa-ajattelijoiden Liiton toiminnassa aktiivisesti mukana liittovaltuustossa, liittohallituksessa ja liiton tilintarkastajana.<\/p>\n<p>2000-luvulle tultaessa voidaan todeta maailman muuttuneen suuresti yhdistyksen perustamisp\u00e4ivist\u00e4. Yhdistystoiminta on yleisesti huomattavasti suppeampaa kuin aiemmin. My\u00f6s uskonnottomien asema on parantunut huomattavasti ja kirkon j\u00e4senm\u00e4\u00e4r\u00e4 v\u00e4henee vuosi vuodelta. Tekemist\u00e4 kuitenkin riitt\u00e4\u00e4 ja ty\u00f6t\u00e4 tehd\u00e4\u00e4n edelleen kirkon ja valtion erottamiseksi toisistaan.<\/p>\n<p>Yhdistys onkin my\u00f6s l\u00e4hihistoriassa toiminut aktiivisesti paikallisten ep\u00e4kohtien korjaamiseksi sek\u00e4 pyrkinyt jakamaan tietoa ja opastusta uskonnottomille alueellamme. Olemme j\u00e4rjest\u00e4neet useita yleis\u00f6- ja keskustelutilaisuuksia mielenkiintoisine puhujineen, sek\u00e4 osallistuneet paikallisiin tapahtumiin kuten Lahti Pride, El\u00e4v\u00e4 kirjasto ja Mahdollisuuksien Tori. Lis\u00e4ksi olemme tehneet kouluvierailuja ja osallistuneet keskustelutilaisuuksiin erilaisissa yhteis\u00f6iss\u00e4 ja radiossa.<\/p>\n<p>Puheenjohtajina ovat t\u00e4h\u00e4n menness\u00e4 toimineet seuraavat henkil\u00f6t:<\/p>\n<ul>\n<li>V\u00e4in\u00f6 Lammila, 1936-1937<\/li>\n<li>Lauri Siev\u00e4nen, 1938-1959<\/li>\n<li>Kalle Sullstr\u00f6m, 1960-1961<\/li>\n<li>Urpo Ruokonen, 1962-1964<\/li>\n<li>Reijo Taipale, 1965-2004<\/li>\n<li>Rauno Toiminen, 2005-2006<\/li>\n<li>Heikki Karjalainen, 2007-2014<\/li>\n<li>Jari Peltonen, 2015-<\/li>\n<\/ul>\n","protected":false},"excerpt":{"rendered":"<p>Lahden Vapaa-ajattelijat perustettiin alun perin nimell\u00e4 Lahden Siviilirekisteriin kuuluvien yhdistys ry. Perustamiskokous pidettiin Lahdessa Oy Ty\u00f6v\u00e4entalossa 25.10.1936 suurin juhlallisuuksin. T\u00e4ll\u00f6in yhdistyksen perustajaj\u00e4seniksi ilmoittautui j\u00e4senluettelon mukaan 62 henkil\u00f6\u00e4. Ensimm\u00e4iseksi puheenjohtajaksi valittiin &#8230; <a title=\"Historiaa\" class=\"read-more\" href=\"https:\/\/vapaa-ajattelijat.fi\/lahti\/yhdistys\/historiaa\/\" aria-label=\"Lue lis\u00e4\u00e4 aiheesta Historiaa\">Lue lis\u00e4\u00e4<\/a><\/p>\n","protected":false},"author":18,"featured_media":0,"parent":13,"menu_order":2,"comment_status":"closed","ping_status":"closed","template":"","meta":{"footnotes":""},"class_list":["post-83","page","type-page","status-publish"],"_links":{"self":[{"href":"https:\/\/vapaa-ajattelijat.fi\/lahti\/wp-json\/wp\/v2\/pages\/83","targetHints":{"allow":["GET"]}}],"collection":[{"href":"https:\/\/vapaa-ajattelijat.fi\/lahti\/wp-json\/wp\/v2\/pages"}],"about":[{"href":"https:\/\/vapaa-ajattelijat.fi\/lahti\/wp-json\/wp\/v2\/types\/page"}],"author":[{"embeddable":true,"href":"https:\/\/vapaa-ajattelijat.fi\/lahti\/wp-json\/wp\/v2\/users\/18"}],"replies":[{"embeddable":true,"href":"https:\/\/vapaa-ajattelijat.fi\/lahti\/wp-json\/wp\/v2\/comments?post=83"}],"version-history":[{"count":10,"href":"https:\/\/vapaa-ajattelijat.fi\/lahti\/wp-json\/wp\/v2\/pages\/83\/revisions"}],"predecessor-version":[{"id":93,"href":"https:\/\/vapaa-ajattelijat.fi\/lahti\/wp-json\/wp\/v2\/pages\/83\/revisions\/93"}],"up":[{"embeddable":true,"href":"https:\/\/vapaa-ajattelijat.fi\/lahti\/wp-json\/wp\/v2\/pages\/13"}],"wp:attachment":[{"href":"https:\/\/vapaa-ajattelijat.fi\/lahti\/wp-json\/wp\/v2\/media?parent=83"}],"curies":[{"name":"wp","href":"https:\/\/api.w.org\/{rel}","templated":true}]}}