{"id":26,"date":"2021-03-21T11:20:01","date_gmt":"2021-03-21T09:20:01","guid":{"rendered":"https:\/\/vapaa-ajattelijat.fi\/lahti\/?page_id=26"},"modified":"2021-04-15T12:44:29","modified_gmt":"2021-04-15T09:44:29","slug":"yhdistyksen-saannot","status":"publish","type":"page","link":"https:\/\/vapaa-ajattelijat.fi\/lahti\/yhdistys\/yhdistyksen-saannot\/","title":{"rendered":"Yhdistyksen s\u00e4\u00e4nn\u00f6t"},"content":{"rendered":"<h1>Lahden Vapaa-ajattelijat ry s\u00e4\u00e4nn\u00f6t<\/h1>\n<div><\/div>\n<h5><b>1<\/b><b> \u00a7 Yhdistyksen nimi ja <\/b><b>kotipaikka<\/b><\/h5>\n<p>Yhdistyksen nimi on Lahden vapaa-ajattelijat ry ja sen kotipaikka on Lahti.<\/p>\n<h5><b>2<\/b><b> \u00a7 Tarkoitus ja toiminnan laatu<\/b><\/h5>\n<div>Yhdistyksen tarkoituksena on edist\u00e4\u00e4 ihmisten yhdenvertaista kohtelua lains\u00e4\u00e4d\u00e4nn\u00f6ss\u00e4 ja yhteiskunnassa riippumatta heid\u00e4n maailmankatsomuksestaan niin, ett\u00e4 heid\u00e4n uskonnon- ja omantunnonvapautensa toteutuu. Yhdistys ajaa tunnustuksetonta julkista valtaa ja sekulaaria eli maallista yhteiskuntaa.<\/div>\n<div><\/div>\n<div>Yhdistys haluaa edist\u00e4\u00e4 ihmisten yksil\u00f6n ja ajatuksen vapautta, suvaitsevaisuutta sek\u00e4 vastuuta muista ihmisist\u00e4, luonnosta ja ymp\u00e4rist\u00f6st\u00e4. Yhdistys tavoittelee uskontoihin sitoutumattoman etiikan muotoutumista ja omaksumista maailmanlaajuisesti. Yhdistyksen aatteellisena tavoitteena on my\u00f6s kriittisyyden lis\u00e4\u00e4minen uskontoja kohtaan.<\/div>\n<div><\/div>\n<div>Tarkoituksensa toteuttamiseksi yhdistys<\/div>\n<ul>\n<li>\n<div>toimii alueensa uskonnottomien ihmisten yhdyssiteen\u00e4;<\/div>\n<\/li>\n<li>\n<div>neuvoo, opastaa ja tukee j\u00e4seni\u00e4\u00e4n ja muita henkil\u00f6it\u00e4 tilanteissa, joissa heit\u00e4 ei ole kohdeltu yhdenvertaisesti tai joissa heid\u00e4n omantunnonvapauttaan on loukattu;<\/div>\n<\/li>\n<li>\n<div>j\u00e4rjest\u00e4\u00e4 kokouksia, juhlia, puhe- ja esitelm\u00e4tilaisuuksia;<\/div>\n<\/li>\n<li>\n<div>harjoittaa yhdistyksen tarkoitusta tukevaa julkaisutoimintaa;<\/div>\n<\/li>\n<li>\n<div>neuvoo uskontokuntiin kuulumattomia henkil\u00f6it\u00e4 avioliiton solmimisessa, nimenantotilaisuuksien j\u00e4rjest\u00e4misess\u00e4, hautausmenojen suorittamisessa, hautapaikkojen hankkimisessa sek\u00e4 muissa yhteiskunnan maallistumiseen liittyviss\u00e4 kulttuurisissa kysymyksiss\u00e4.<\/div>\n<\/li>\n<\/ul>\n<div><\/div>\n<div>Toimintansa tukemiseksi yhdistys voi omistaa ja hallita kiinte\u00e4t\u00e4 sek\u00e4 irtainta omaisuutta. Yhdistys voi omistaa hautausmaan saatuaan siihen asianmukaisen luvan. Yhdistys voi vastaanottaa lahjoituksia ja testamentteja sek\u00e4 toimeenpanna arpajaisia ja myyj\u00e4isi\u00e4, joihin se tarvittaessa hankkii asianmukaiset luvat.<\/div>\n<div><\/div>\n<div>Yhdistys on Vapaa-ajattelijain Liitto ry:n j\u00e4sen. Yhdistys voi kuulua muihinkin tarkoitustaan edist\u00e4viin ja toimintaansa tukeviin yhdistyksiin.P\u00e4\u00e4t\u00f6ksen yhdistyksiin liittymisest\u00e4 tai niist\u00e4 eroamisesta tekee yhdistyksen kokous.<\/div>\n<div><\/div>\n<h5><\/h5>\n<p>&nbsp;<\/p>\n<h5><b>3 \u00a7 J\u00e4senet<\/b><\/h5>\n<div>J\u00e4senet hyv\u00e4ksyy hakemuksesta yhdistyksen hallitus. J\u00e4seneksi voidaan hyv\u00e4ksy\u00e4 viisitoista (15) vuotta t\u00e4ytt\u00e4nyt yksityinen henkil\u00f6, joka hyv\u00e4ksyy yhdistyksen tarkoituksen.<\/div>\n<div><\/div>\n<h5><\/h5>\n<p>&nbsp;<\/p>\n<h5><b>4 \u00a7 J\u00e4senen eroaminen ja <\/b><b>erottaminen<\/b><\/h5>\n<div><\/div>\n<div>J\u00e4senell\u00e4 on oikeus erota yhdistyksest\u00e4 ilmoittamalla siit\u00e4 kirjallisesti hallitukselle tai sen puheenjohtajalle taikka ilmoittamalla erosta yhdistyksen kokouksessa merkitt\u00e4v\u00e4ksi p\u00f6yt\u00e4kirjaan.J\u00e4sen voidaan erottaa yhdistyksest\u00e4<\/div>\n<div>a) jos h\u00e4n on j\u00e4tt\u00e4nyt er\u00e4\u00e4ntyneen j\u00e4senmaksunsa maksamatta;<\/div>\n<div>b) jos h\u00e4n ei t\u00e4yt\u00e4 s\u00e4\u00e4nn\u00f6iss\u00e4 mainittuja j\u00e4senyyden ehtoja tai toimii yhdistyksen tarkoitusta vastaan; tai<\/div>\n<div>c) jos h\u00e4n aiheuttaa yhdistyksen toiminnalle tai maineelle merkitt\u00e4v\u00e4\u00e4 vahinkoa k\u00e4ytt\u00e4ytym\u00e4ll\u00e4 asiattomasti tai toimimalla omavaltaisesti yhdistyksen nimiss\u00e4 tai edustajana.<\/div>\n<div><\/div>\n<div>Kohdassa a) mainitussa tapauksessa erottamisoikeus on hallituksella. Kohdissa b) ja c) mainituissa tapauksissa p\u00e4\u00e4t\u00f6ksen j\u00e4senen erottamisesta tekee yhdistyksen kokous hallituksen ehdotuksesta.<\/div>\n<div><\/div>\n<div>Eronneella tai erotetulla j\u00e4senell\u00e4 ei ole oikeutta saada suorittamiaan maksuja takaisin.<\/div>\n<div><\/div>\n<p>&nbsp;<\/p>\n<h5><\/h5>\n<h5><b>5<\/b><b> \u00a7 Liittymis- ja <\/b><b>j\u00e4senmaksu<\/b><\/h5>\n<div><\/div>\n<div>\n<p>J\u00e4senilt\u00e4 peritt\u00e4v\u00e4n liittymismaksun ja vuotuisen j\u00e4senmaksun suuruudesta p\u00e4\u00e4tt\u00e4\u00e4 yhdistyksen vuosikokous.Hallitus on oikeutettu vapauttamaan j\u00e4senen j\u00e4senmaksunsa suorittamisesta tai alentamaan j\u00e4senmaksua kunakin maksukautena erikseen tekem\u00e4ll\u00e4\u00e4n p\u00e4\u00e4t\u00f6ksell\u00e4 seuraavilla sosiaalisilla perusteilla: ty\u00f6tt\u00f6myys, sairaus, ty\u00f6kyvytt\u00f6myys, opiskelu tai muu vastaavasta syyst\u00e4 johtuva v\u00e4liaikainen ansiotason lasku.<\/p>\n<h5><\/h5>\n<h5><\/h5>\n<p>&nbsp;<\/p>\n<h5><b>6 \u00a7 Hallitus<\/b><\/h5>\n<\/div>\n<div><i>Kokoonpano,<\/i><i> <\/i><i>toimikausi,<\/i><i> <\/i><i>toimihenkil\u00f6t<\/i><\/div>\n<div><\/div>\n<div>Yhdistyksen asioita hoitaa hallitus, johon kuuluu puheenjohtaja ja v\u00e4hint\u00e4\u00e4n kaksi (2) tai enint\u00e4\u00e4n kahdeksan (8) varsinaista j\u00e4sent\u00e4 sek\u00e4 varaj\u00e4seni\u00e4 enint\u00e4\u00e4n puolet varsinaisten j\u00e4senten lukum\u00e4\u00e4r\u00e4st\u00e4.<\/div>\n<div><\/div>\n<div>\n<p>Valittaessa useampi kuin yksi varaj\u00e4sen heille m\u00e4\u00e4ritell\u00e4\u00e4n sijaluku, jonka mukaisessa j\u00e4rjestyksess\u00e4 he toimivat hallituksen kokouksessa estyneiden varsinaisten j\u00e4senten tilalla.<\/p>\n<p>Hallituksen toimikausi on yksi vuosi, ja se alkaa valinnan tekev\u00e4st\u00e4 yhdistyksen kokouksesta.<\/p>\n<\/div>\n<div>Hallitus valitsee keskuudestaan varapuheenjohtajan sek\u00e4 ottaa keskuudestaan tai ulkopuoleltaan sihteerin, taloudenhoitajan ja muut tarvittavat toimihenkil\u00f6t.<i>Kokoontuminen, p\u00e4\u00e4t\u00f6svaltaisuus, p\u00e4\u00e4t\u00f6ksenteko<\/i><\/div>\n<div><\/div>\n<div>\n<p>Hallitus kokoontuu puheenjohtajan tai h\u00e4nen estyneen\u00e4 ollessaan varapuheenjohtajan kutsusta, kun he katsovat siihen olevan aihetta tai kun v\u00e4hint\u00e4\u00e4n puolet hallituksen j\u00e4senist\u00e4 sit\u00e4 vaatii.<\/p>\n<p>Hallitus on p\u00e4\u00e4t\u00f6svaltainen, kun v\u00e4hint\u00e4\u00e4n puolet sen j\u00e4senist\u00e4, puheenjohtaja tai varapuheenjohtaja mukaan luettuna, on l\u00e4sn\u00e4. P\u00e4\u00e4t\u00f6kset tehd\u00e4\u00e4n yksinkertaisella \u00e4\u00e4nten enemmist\u00f6ll\u00e4. \u00c4\u00e4nten menness\u00e4 tasan ratkaisee puheenjohtajan \u00e4\u00e4ni, vaaleissa arpa.<\/p>\n<\/div>\n<div><\/div>\n<div><i>Teht\u00e4v\u00e4t<\/i><\/div>\n<div>Hallituksen teht\u00e4v\u00e4n\u00e4 on<\/div>\n<div>a) valmistella yhdistyksen kokoukselle esitett\u00e4v\u00e4t s\u00e4\u00e4nt\u00f6m\u00e4\u00e4r\u00e4iset ja mahdolliset muut asiat sek\u00e4 kutsua yhdistyksen kokoukset koolle ja esitell\u00e4 asiat kokoukselle;<\/div>\n<div>b) pit\u00e4\u00e4 j\u00e4senluetteloa ja tehd\u00e4 liitolle j\u00e4senselvitys vuosittain viimeist\u00e4\u00e4n liittomaksun maksamisen yhteydess\u00e4;<\/div>\n<div>c) valvoa yhdistyksen toimihenkil\u00f6iden ja mahdollisesti hallitukselle kuuluvien teht\u00e4vien toteuttamista varten asettamiensa toimikuntien toimintaa;<\/div>\n<div>d) huolehtia yhdistyksen talouden- ja omaisuudenhoidosta sek\u00e4 toimintakertomuksista ja -suunnitelmista;<\/div>\n<div>e) toimeenpanna yhdistyksen kokouksen p\u00e4\u00e4t\u00f6kset sek\u00e4 hoitaa muutkin toiminnan ja s\u00e4\u00e4nt\u00f6jen edellytt\u00e4m\u00e4t asiat.<\/div>\n<div><\/div>\n<h5><\/h5>\n<p>&nbsp;<\/p>\n<h5><b>7 \u00a7 Yhdistyksen nimen kirjoittaminen<\/b><\/h5>\n<div><\/div>\n<div>\n<p>Yhdistyksen nimen kirjoittavat puheenjohtaja tai varapuheenjohtaja, jompikumpi heist\u00e4 yhdess\u00e4 sihteerin tai taloudenhoitajan kanssa.<\/p>\n<\/div>\n<h5><\/h5>\n<p>&nbsp;<\/p>\n<div>\n<h5><b>8 \u00a7 Tilikausi ja toiminnantarkastus tai tilintarkastus<\/b><\/h5>\n<\/div>\n<div>\n<p>Yhdistyksen tilikausi on kalenterivuosi.<\/p>\n<p>Tilinp\u00e4\u00e4t\u00f6s tarvittavine asiakirjoineen ja hallituksen laatima toimintakertomus on annettava toiminnantarkastajille tai tilintarkastajille viimeist\u00e4\u00e4n kuukausi ennen vuosikokousta. Toiminnantarkastajien tai tilintarkastajien tulee antaa kirjallinen lausuntonsa viimeist\u00e4\u00e4n kaksi viikkoa ennen vuosikokousta hallitukselle.<\/p>\n<\/div>\n<div><\/div>\n<h5><\/h5>\n<p>&nbsp;<\/p>\n<h5><b>9 \u00a7 Yhdistyksen kokoukset<\/b><\/h5>\n<div><\/div>\n<div>Yhdistys pit\u00e4\u00e4 vuosittain yhden varsinaisen kokouksen eli vuosikokouksen. Yhdistyksen vuosikokous pidet\u00e4\u00e4n maalis\u2013toukokuussa hallituksen m\u00e4\u00e4r\u00e4\u00e4m\u00e4n\u00e4 p\u00e4iv\u00e4n\u00e4.Ylim\u00e4\u00e4r\u00e4inen kokous pidet\u00e4\u00e4n, kun yhdistyksen kokous niin p\u00e4\u00e4tt\u00e4\u00e4 tai kun hallitus katsoo siihen olevan aihetta tai kun v\u00e4hint\u00e4\u00e4n yksi kymmenesosa (1\/10) yhdistyksen \u00e4\u00e4nioikeutetuista j\u00e4senist\u00e4 sit\u00e4 hallitukselta erityisesti ilmoitettua asiaa varten kirjallisesti vaatii. Kokous on pidett\u00e4v\u00e4 kolmenkymmenen (30) vuorokauden kuluessa siit\u00e4, kun vaatimus sen pit\u00e4misest\u00e4 on esitetty hallitukselle.<\/div>\n<div><\/div>\n<div>Yhdistyksen kokouksissa on jokaisella j\u00e4senell\u00e4 yksi \u00e4\u00e4ni. Yhdistyksen kokouksissa ei voi k\u00e4ytt\u00e4\u00e4 \u00e4\u00e4nestysvaltakirjaa.<br \/>\nYhdistyksen kokouksen p\u00e4\u00e4t\u00f6kseksi tulee, ellei s\u00e4\u00e4nn\u00f6iss\u00e4 ole toisin m\u00e4\u00e4r\u00e4tty, se mielipide, jota on kannattanut yli puolet annetuista \u00e4\u00e4nist\u00e4. \u00c4\u00e4nten menness\u00e4 tasan ratkaisee kokouksen puheenjohtajan \u00e4\u00e4ni, vaaleissa kuitenkin arpa.<\/div>\n<div><\/div>\n<h5><\/h5>\n<p>&nbsp;<\/p>\n<h5><b>10<\/b><b> \u00a7 Yhdistyksen kokousten <\/b><b>koollekutsuminen<\/b><\/h5>\n<div><\/div>\n<div>Hallituksen on kutsuttava yhdistyksen kokoukset koolle v\u00e4hint\u00e4\u00e4n seitsem\u00e4n vuorokautta ennen kokousta j\u00e4senille postitetuilla kirjeill\u00e4 tai s\u00e4hk\u00f6postina niille j\u00e4senille, jotka ovat antaneet siihen luvan ja ilmoittaneet s\u00e4hk\u00f6postiosoit\u00adteensa hallitukselle. Kokouskutsussa on mainittava k\u00e4sitelt\u00e4v\u00e4ksi tulevat asiat.<\/div>\n<div><\/div>\n<h5><\/h5>\n<p>&nbsp;<\/p>\n<h5><b>11 \u00a7 Varsinainen <\/b><b>kokous<\/b><\/h5>\n<div><\/div>\n<div>Yhdistyksen vuosikokouksessa k\u00e4sitell\u00e4\u00e4n ainakin seuraavat asiat:<\/div>\n<div><\/div>\n<div>1. Esitet\u00e4\u00e4n tilinp\u00e4\u00e4t\u00f6s ja toimintakertomus sek\u00e4 toiminnan- tai tilintarkastajien lausunnot.<\/div>\n<div>2. P\u00e4\u00e4tet\u00e4\u00e4n tilinp\u00e4\u00e4t\u00f6ksen vahvistamisesta ja vastuuvapauden my\u00f6nt\u00e4misest\u00e4 hallitukselle ja muille vastuuvelvollisille.<\/div>\n<div>3. Vahvistetaan toiminta suunnitelma sek\u00e4 tulo- ja menoarvio seuraavalle vuodelle.<\/div>\n<div>4. P\u00e4\u00e4tet\u00e4\u00e4n liittymis- ja j\u00e4senmaksujen suuruus seuraavalle vuodelle.<\/div>\n<div>5. P\u00e4\u00e4tet\u00e4\u00e4n luottamus- ja toimihenkil\u00f6iden palkkioista.<\/div>\n<div>6. P\u00e4\u00e4tet\u00e4\u00e4n hallituksen j\u00e4senten lukum\u00e4\u00e4r\u00e4.<\/div>\n<div>7. Valitaan yhdistyksen hallituksen puheenjohtaja, varsinaiset j\u00e4senet ja varaj\u00e4senet.<\/div>\n<div>8. Valitaan yksi tai kaksi toiminnantarkastajaa tai tilintarkastajaa, ja heille varahenkil\u00f6t.<\/div>\n<div>9. Liittokokousvuonna valitaan yhdistyksen edustajat liittokokoukseen.<\/div>\n<div><\/div>\n<h5><\/h5>\n<p>&nbsp;<\/p>\n<h5><b>12<\/b><b> \u00a7 S\u00e4\u00e4nt\u00f6jen <\/b><b>muuttaminen<\/b><\/h5>\n<div><\/div>\n<div>\n<p>N\u00e4ihin s\u00e4\u00e4nt\u00f6ihin voidaan tehd\u00e4 muutoksia ja lis\u00e4yksi\u00e4 yhdistyksen kokouksessa, jos v\u00e4hint\u00e4\u00e4n kaksi kolmasosaa (2\/3) kokouksessa annetuista \u00e4\u00e4nist\u00e4 kannattaa s\u00e4\u00e4nt\u00f6jen muuttamista. S\u00e4\u00e4nt\u00f6jen muuttamisesta on ilmoitettava kokouskutsussa.<\/p>\n<h5><\/h5>\n<p>&nbsp;<\/p>\n<h5><b>13<\/b><b> \u00a7 Yhdistyksen <\/b><b>purkaminen<\/b><\/h5>\n<p>P\u00e4\u00e4t\u00f6s yhdistyksen purkamisesta on teht\u00e4v\u00e4 yhdistyksen kokouksessa v\u00e4hint\u00e4\u00e4n kolmen nelj\u00e4sosan (3\/4) enemmist\u00f6ll\u00e4 annetuista \u00e4\u00e4nist\u00e4. Kokouskutsussa on mainittava yhdistyksen purkamisesta.<\/p>\n<p>Yhdistyksen purkautuessa k\u00e4ytet\u00e4\u00e4n yhdistyksen varat yhdistyksen tarkoituksen edist\u00e4miseen purkamisesta p\u00e4\u00e4tt\u00e4v\u00e4n kokouksen m\u00e4\u00e4r\u00e4\u00e4m\u00e4ll\u00e4 tavalla. Yhdistyksen tullessa lakkautetuksi k\u00e4ytet\u00e4\u00e4n sen varat samaan tarkoitukseen.<\/p>\n<\/div>\n<div><\/div>\n<h5><\/h5>\n<p>&nbsp;<\/p>\n<h5><b>14 \u00a7 Saavutetut j\u00e4senoikeudet s\u00e4ilyv\u00e4t.<\/b><\/h5>\n","protected":false},"excerpt":{"rendered":"<p>Lahden Vapaa-ajattelijat ry s\u00e4\u00e4nn\u00f6t 1 \u00a7 Yhdistyksen nimi ja kotipaikka Yhdistyksen nimi on Lahden vapaa-ajattelijat ry ja sen kotipaikka on Lahti. 2 \u00a7 Tarkoitus ja toiminnan laatu Yhdistyksen tarkoituksena on &#8230; <a title=\"Yhdistyksen s\u00e4\u00e4nn\u00f6t\" class=\"read-more\" href=\"https:\/\/vapaa-ajattelijat.fi\/lahti\/yhdistys\/yhdistyksen-saannot\/\" aria-label=\"Lue lis\u00e4\u00e4 aiheesta Yhdistyksen s\u00e4\u00e4nn\u00f6t\">Lue lis\u00e4\u00e4<\/a><\/p>\n","protected":false},"author":18,"featured_media":0,"parent":13,"menu_order":0,"comment_status":"closed","ping_status":"closed","template":"","meta":{"footnotes":""},"class_list":["post-26","page","type-page","status-publish"],"_links":{"self":[{"href":"https:\/\/vapaa-ajattelijat.fi\/lahti\/wp-json\/wp\/v2\/pages\/26","targetHints":{"allow":["GET"]}}],"collection":[{"href":"https:\/\/vapaa-ajattelijat.fi\/lahti\/wp-json\/wp\/v2\/pages"}],"about":[{"href":"https:\/\/vapaa-ajattelijat.fi\/lahti\/wp-json\/wp\/v2\/types\/page"}],"author":[{"embeddable":true,"href":"https:\/\/vapaa-ajattelijat.fi\/lahti\/wp-json\/wp\/v2\/users\/18"}],"replies":[{"embeddable":true,"href":"https:\/\/vapaa-ajattelijat.fi\/lahti\/wp-json\/wp\/v2\/comments?post=26"}],"version-history":[{"count":9,"href":"https:\/\/vapaa-ajattelijat.fi\/lahti\/wp-json\/wp\/v2\/pages\/26\/revisions"}],"predecessor-version":[{"id":95,"href":"https:\/\/vapaa-ajattelijat.fi\/lahti\/wp-json\/wp\/v2\/pages\/26\/revisions\/95"}],"up":[{"embeddable":true,"href":"https:\/\/vapaa-ajattelijat.fi\/lahti\/wp-json\/wp\/v2\/pages\/13"}],"wp:attachment":[{"href":"https:\/\/vapaa-ajattelijat.fi\/lahti\/wp-json\/wp\/v2\/media?parent=26"}],"curies":[{"name":"wp","href":"https:\/\/api.w.org\/{rel}","templated":true}]}}