{"id":22,"date":"2021-03-21T11:04:20","date_gmt":"2021-03-21T09:04:20","guid":{"rendered":"https:\/\/vapaa-ajattelijat.fi\/lahti\/?page_id=22"},"modified":"2024-02-15T19:48:03","modified_gmt":"2024-02-15T17:48:03","slug":"hyodyllisia-linkkeja","status":"publish","type":"page","link":"https:\/\/vapaa-ajattelijat.fi\/lahti\/hyodyllisia-linkkeja\/","title":{"rendered":"Linkkej\u00e4"},"content":{"rendered":"<p><a href=\"http:\/\/www.facebook.com\/LahdenVapaaAjattelijat\" target=\"_blank\" rel=\"noopener\">www.facebook.com\/LahdenVapaaAjattelijat<\/a> &#8211; Yhdistyksen facebook sivusto<\/p>\n<p><a href=\"http:\/\/www.eroakirkosta.fi\/\" target=\"_blank\" rel=\"noopener\">www.eroakirkosta.fi<\/a> &#8211; Helppo ja nopea tapa erota kirkosta<\/p>\n<p><a href=\"http:\/\/www.vapaa-ajattelijat.fi\/\" target=\"_blank\" rel=\"noopener\">www.vapaa-ajattelijat.fi<\/a> &#8211; Vapaa-ajattelijoiden liiton kotisivut<\/p>\n<p><a href=\"http:\/\/www.kantelupukki.fi\/\" target=\"_blank\" rel=\"noopener\">www.kantelupukki.fi<\/a>\u00a0&#8211; Kantelupukki auttaa kaikkia, joiden mielest\u00e4 p\u00e4iv\u00e4koti, koulu tai iltap\u00e4iv\u00e4kerho loukkaa lasten tai oppilaiden uskonnonvapautta tai yhdenvertaisuutta<\/p>\n<p><a href=\"http:\/\/www.protu.fi\/\" target=\"_blank\" rel=\"noopener\">www.protu.fi <\/a>&#8211; Prometheus leirin tuki ry j\u00e4rjest\u00e4\u00e4 katsomuksiin sitoutumattomia aikuistumisleirej\u00e4. Todella hyv\u00e4 rippileirin korvike!<\/p>\n<p><a href=\"http:\/\/www.et-opetus.fi\/\" target=\"_blank\" rel=\"noopener\">www.et-opetus.fi<\/a> &#8211; Tietoa el\u00e4m\u00e4nkatsomustiedon opetuksesta<\/p>\n<p><a href=\"http:\/\/www.pro-seremoniat.fi\/\" target=\"_blank\" rel=\"noopener\">www.pro-seremoniat.fi<\/a> &#8211; Pro-seremoniat tarjoaa tietoa ja palvelua uskontokuntiin sitoutumattomien perheitten juhliin. H\u00e4\u00e4t, nimi\u00e4iset, aikuistuminen, hautajaiset ja paljon muuta!<\/p>\n<p><a href=\"http:\/\/www.siviilihautajaiset.fi\/\" target=\"_blank\" rel=\"noopener\">www.siviilihautajaiset.fi<\/a> &#8211; Miten haluat omat hautajaisesi j\u00e4rjestett\u00e4v\u00e4n?<\/p>\n<p><a href=\"http:\/\/www.uskonnonvapaus.fi\/\" target=\"_blank\" rel=\"noopener\">www.uskonnonvapaus.fi<\/a> &#8211; Tietoa uskonnon- ja vakaumuksenvapaudesta<\/p>\n","protected":false},"excerpt":{"rendered":"<p>www.facebook.com\/LahdenVapaaAjattelijat &#8211; Yhdistyksen facebook sivusto www.eroakirkosta.fi &#8211; Helppo ja nopea tapa erota kirkosta www.vapaa-ajattelijat.fi &#8211; Vapaa-ajattelijoiden liiton kotisivut www.kantelupukki.fi\u00a0&#8211; Kantelupukki auttaa kaikkia, joiden mielest\u00e4 p\u00e4iv\u00e4koti, koulu tai iltap\u00e4iv\u00e4kerho loukkaa lasten &#8230; <a title=\"Linkkej\u00e4\" class=\"read-more\" href=\"https:\/\/vapaa-ajattelijat.fi\/lahti\/hyodyllisia-linkkeja\/\" aria-label=\"Lue lis\u00e4\u00e4 aiheesta Linkkej\u00e4\">Lue lis\u00e4\u00e4<\/a><\/p>\n","protected":false},"author":18,"featured_media":0,"parent":0,"menu_order":0,"comment_status":"closed","ping_status":"closed","template":"","meta":{"footnotes":""},"class_list":["post-22","page","type-page","status-publish"],"_links":{"self":[{"href":"https:\/\/vapaa-ajattelijat.fi\/lahti\/wp-json\/wp\/v2\/pages\/22","targetHints":{"allow":["GET"]}}],"collection":[{"href":"https:\/\/vapaa-ajattelijat.fi\/lahti\/wp-json\/wp\/v2\/pages"}],"about":[{"href":"https:\/\/vapaa-ajattelijat.fi\/lahti\/wp-json\/wp\/v2\/types\/page"}],"author":[{"embeddable":true,"href":"https:\/\/vapaa-ajattelijat.fi\/lahti\/wp-json\/wp\/v2\/users\/18"}],"replies":[{"embeddable":true,"href":"https:\/\/vapaa-ajattelijat.fi\/lahti\/wp-json\/wp\/v2\/comments?post=22"}],"version-history":[{"count":5,"href":"https:\/\/vapaa-ajattelijat.fi\/lahti\/wp-json\/wp\/v2\/pages\/22\/revisions"}],"predecessor-version":[{"id":147,"href":"https:\/\/vapaa-ajattelijat.fi\/lahti\/wp-json\/wp\/v2\/pages\/22\/revisions\/147"}],"wp:attachment":[{"href":"https:\/\/vapaa-ajattelijat.fi\/lahti\/wp-json\/wp\/v2\/media?parent=22"}],"curies":[{"name":"wp","href":"https:\/\/api.w.org\/{rel}","templated":true}]}}