{"id":17,"date":"2021-03-21T11:01:35","date_gmt":"2021-03-21T09:01:35","guid":{"rendered":"https:\/\/vapaa-ajattelijat.fi\/lahti\/?page_id=17"},"modified":"2021-03-22T10:38:55","modified_gmt":"2021-03-22T08:38:55","slug":"liity-jaseneksi","status":"publish","type":"page","link":"https:\/\/vapaa-ajattelijat.fi\/lahti\/liity-jaseneksi\/","title":{"rendered":"Liity j\u00e4seneksi"},"content":{"rendered":"<p>Yhdistyksen j\u00e4seneksi voi liitty\u00e4 jokainen, joka hyv\u00e4ksyy yhdistyksen tarkoituksen ja <a href=\"https:\/\/vapaa-ajattelijat.fi\/lahti\/yhdistys\/yhdistyksen-saannot\/\" target=\"_blank\" rel=\"noopener\">s\u00e4\u00e4nn\u00f6t<\/a> ja on uskonnollisiin j\u00e4rjest\u00f6ihin kuulumaton ja mit\u00e4\u00e4n uskontoa tunnustamaton viisitoista (15) vuotta t\u00e4ytt\u00e4nyt henkil\u00f6. J\u00e4senet hyv\u00e4ksyy hakemuksesta yhdistyksen hallitus.<\/p>\n<p><b>Helpoiten j\u00e4senhakemuksen teko onnistuu Vapaa-ajattelijoiden liiton sivujen kautta t\u00e4ytt\u00e4m\u00e4ll\u00e4 <a href=\"http:\/\/vapaa-ajattelijat.fi\/liity-jaseneksi\/\" target=\"_blank\" rel=\"noopener\">j\u00e4senhakemus<\/a>.<\/b><\/p>\n<p>Lahden Vapaa-ajattelijoiden vuotuinen j\u00e4senmaksu on 25 euroa ja liittymismaksu on 5 euroa.<\/p>\n<p>Yhdistyksen j\u00e4senen\u00e4 saat 4 kertaa vuodessa ilmestyv\u00e4n Vapaa Ajattelija -lehden kotiisi toimitettuna, voit osallistua kokouksiin ja tapahtumiin sek\u00e4 k\u00e4ytt\u00e4\u00e4 toimistomme pient\u00e4 kirjastoa. Lis\u00e4ksi saat liittymislahjana valita haluamasi tuotteen toimistollamme olevista k\u00e4sity\u00f6kerhon tuotteista.<\/p>\n","protected":false},"excerpt":{"rendered":"<p>Yhdistyksen j\u00e4seneksi voi liitty\u00e4 jokainen, joka hyv\u00e4ksyy yhdistyksen tarkoituksen ja s\u00e4\u00e4nn\u00f6t ja on uskonnollisiin j\u00e4rjest\u00f6ihin kuulumaton ja mit\u00e4\u00e4n uskontoa tunnustamaton viisitoista (15) vuotta t\u00e4ytt\u00e4nyt henkil\u00f6. J\u00e4senet hyv\u00e4ksyy hakemuksesta yhdistyksen hallitus. &#8230; <a title=\"Liity j\u00e4seneksi\" class=\"read-more\" href=\"https:\/\/vapaa-ajattelijat.fi\/lahti\/liity-jaseneksi\/\" aria-label=\"Lue lis\u00e4\u00e4 aiheesta Liity j\u00e4seneksi\">Lue lis\u00e4\u00e4<\/a><\/p>\n","protected":false},"author":18,"featured_media":0,"parent":0,"menu_order":0,"comment_status":"closed","ping_status":"closed","template":"","meta":{"footnotes":""},"class_list":["post-17","page","type-page","status-publish"],"_links":{"self":[{"href":"https:\/\/vapaa-ajattelijat.fi\/lahti\/wp-json\/wp\/v2\/pages\/17","targetHints":{"allow":["GET"]}}],"collection":[{"href":"https:\/\/vapaa-ajattelijat.fi\/lahti\/wp-json\/wp\/v2\/pages"}],"about":[{"href":"https:\/\/vapaa-ajattelijat.fi\/lahti\/wp-json\/wp\/v2\/types\/page"}],"author":[{"embeddable":true,"href":"https:\/\/vapaa-ajattelijat.fi\/lahti\/wp-json\/wp\/v2\/users\/18"}],"replies":[{"embeddable":true,"href":"https:\/\/vapaa-ajattelijat.fi\/lahti\/wp-json\/wp\/v2\/comments?post=17"}],"version-history":[{"count":5,"href":"https:\/\/vapaa-ajattelijat.fi\/lahti\/wp-json\/wp\/v2\/pages\/17\/revisions"}],"predecessor-version":[{"id":70,"href":"https:\/\/vapaa-ajattelijat.fi\/lahti\/wp-json\/wp\/v2\/pages\/17\/revisions\/70"}],"wp:attachment":[{"href":"https:\/\/vapaa-ajattelijat.fi\/lahti\/wp-json\/wp\/v2\/media?parent=17"}],"curies":[{"name":"wp","href":"https:\/\/api.w.org\/{rel}","templated":true}]}}