{"id":13,"date":"2021-03-21T10:54:05","date_gmt":"2021-03-21T08:54:05","guid":{"rendered":"https:\/\/vapaa-ajattelijat.fi\/lahti\/?page_id=13"},"modified":"2023-05-20T08:18:40","modified_gmt":"2023-05-20T05:18:40","slug":"yhdistys","status":"publish","type":"page","link":"https:\/\/vapaa-ajattelijat.fi\/lahti\/yhdistys\/","title":{"rendered":"Yhdistys"},"content":{"rendered":"<p>Lahden Vapaa-ajattelijat ry on vuodesta 1936 l\u00e4htien toiminut kirkkoon kuulumattomien ja uskonnottomien ihmisten etu-, oikeusturva- ja kulttuurij\u00e4rjest\u00f6, joka kuuluu j\u00e4senj\u00e4rjest\u00f6n\u00e4 Vapaa-ajattelijain liittoon. Yhdistyksen tarkoituksena on edist\u00e4\u00e4 ihmisten yhdenvertaista kohtelua lains\u00e4\u00e4d\u00e4nn\u00f6ss\u00e4 ja yhteiskunnassa riippumatta heid\u00e4n maailmankatsomuksestaan niin, ett\u00e4 heid\u00e4n uskonnon- ja omantunnonvapautensa toteutuu. Yhdistys ajaa tunnustuksetonta julkista valtaa ja sekulaaria eli maallista yhteiskuntaa.<\/p>\n<p>Yhdistyksen toimisto sijaitsee osoitteessa Saimaankatu 3-5 B 34. Hallitus kokoontuu toimistolla kes\u00e4kautta lukuunottamatta yleens\u00e4 kuun alussa. Voit varmistaa toimiston aukiolon ottamalla meihin yhteytt\u00e4.<\/p>\n<h3>Hallitus 2023:<\/h3>\n<p><strong>Puheenjohtaja:<\/strong> Jari Peltonen, p. 050-3065604<\/p>\n<p><strong>Varapuheenjohtaja \/ j\u00e4senasiat:<\/strong> Mila Palmia<\/p>\n<p><strong>Taloudenhoitaja:<\/strong> Hannu Korhonen<\/p>\n<p><strong>Sihteeri:<\/strong> Tapio Pilli<\/p>\n<p><strong>Muut j\u00e4senet:<\/strong> Helena Rantanen, Aarre P\u00e4ri<\/p>\n<p><strong>\u00a0<\/strong><\/p>\n<p>&nbsp;<\/p>\n","protected":false},"excerpt":{"rendered":"<p>Lahden Vapaa-ajattelijat ry on vuodesta 1936 l\u00e4htien toiminut kirkkoon kuulumattomien ja uskonnottomien ihmisten etu-, oikeusturva- ja kulttuurij\u00e4rjest\u00f6, joka kuuluu j\u00e4senj\u00e4rjest\u00f6n\u00e4 Vapaa-ajattelijain liittoon. Yhdistyksen tarkoituksena on edist\u00e4\u00e4 ihmisten yhdenvertaista kohtelua lains\u00e4\u00e4d\u00e4nn\u00f6ss\u00e4 &#8230; <a title=\"Yhdistys\" class=\"read-more\" href=\"https:\/\/vapaa-ajattelijat.fi\/lahti\/yhdistys\/\" aria-label=\"Lue lis\u00e4\u00e4 aiheesta Yhdistys\">Lue lis\u00e4\u00e4<\/a><\/p>\n","protected":false},"author":18,"featured_media":0,"parent":0,"menu_order":0,"comment_status":"closed","ping_status":"closed","template":"","meta":{"footnotes":""},"class_list":["post-13","page","type-page","status-publish"],"_links":{"self":[{"href":"https:\/\/vapaa-ajattelijat.fi\/lahti\/wp-json\/wp\/v2\/pages\/13","targetHints":{"allow":["GET"]}}],"collection":[{"href":"https:\/\/vapaa-ajattelijat.fi\/lahti\/wp-json\/wp\/v2\/pages"}],"about":[{"href":"https:\/\/vapaa-ajattelijat.fi\/lahti\/wp-json\/wp\/v2\/types\/page"}],"author":[{"embeddable":true,"href":"https:\/\/vapaa-ajattelijat.fi\/lahti\/wp-json\/wp\/v2\/users\/18"}],"replies":[{"embeddable":true,"href":"https:\/\/vapaa-ajattelijat.fi\/lahti\/wp-json\/wp\/v2\/comments?post=13"}],"version-history":[{"count":10,"href":"https:\/\/vapaa-ajattelijat.fi\/lahti\/wp-json\/wp\/v2\/pages\/13\/revisions"}],"predecessor-version":[{"id":134,"href":"https:\/\/vapaa-ajattelijat.fi\/lahti\/wp-json\/wp\/v2\/pages\/13\/revisions\/134"}],"wp:attachment":[{"href":"https:\/\/vapaa-ajattelijat.fi\/lahti\/wp-json\/wp\/v2\/media?parent=13"}],"curies":[{"name":"wp","href":"https:\/\/api.w.org\/{rel}","templated":true}]}}