{"id":8,"date":"2021-11-23T09:58:05","date_gmt":"2021-11-23T09:58:05","guid":{"rendered":"https:\/\/vapaa-ajattelijat.fi\/testipalloks\/?page_id=8"},"modified":"2025-11-28T09:20:45","modified_gmt":"2025-11-28T07:20:45","slug":"etusivu","status":"publish","type":"page","link":"https:\/\/vapaa-ajattelijat.fi\/ks\/","title":{"rendered":"Etusivu"},"content":{"rendered":"\n<figure class=\"wp-block-image alignwide size-full has-custom-border is-style-rounded\"><img loading=\"lazy\" decoding=\"async\" width=\"1280\" height=\"305\" src=\"https:\/\/vapaa-ajattelijat.fi\/ks-testaus\/wp-content\/uploads\/sites\/21\/2025\/03\/flowers-7875532_1280-e1742890433891.jpg\" alt=\"\" class=\"wp-image-164\" style=\"border-radius:13px\" srcset=\"https:\/\/vapaa-ajattelijat.fi\/ks\/wp-content\/uploads\/sites\/21\/2025\/03\/flowers-7875532_1280-e1742890433891.jpg 1280w, https:\/\/vapaa-ajattelijat.fi\/ks\/wp-content\/uploads\/sites\/21\/2025\/03\/flowers-7875532_1280-e1742890433891-300x71.jpg 300w, https:\/\/vapaa-ajattelijat.fi\/ks\/wp-content\/uploads\/sites\/21\/2025\/03\/flowers-7875532_1280-e1742890433891-1024x244.jpg 1024w, https:\/\/vapaa-ajattelijat.fi\/ks\/wp-content\/uploads\/sites\/21\/2025\/03\/flowers-7875532_1280-e1742890433891-768x183.jpg 768w\" sizes=\"auto, (max-width: 1280px) 100vw, 1280px\" \/><\/figure>\n\n\n\n<p><\/p>\n\n\n\n<h5 class=\"wp-block-heading\">Keski-Suomen vapaa-ajattelijat ry on vuonna 1964 perustettu Vapaa-ajattelijain liiton j\u00e4senyhdistys, jonka tavoitteena on toimia vapaa-ajattelun periaatteiden mukaisesti Keski-Suomen alueella.<br><\/h5>\n\n\n\n<p>&#8221;Jaloa on etsi\u00e4 totuutta, olla rehellinen aatteellisessa el\u00e4m\u00e4ss\u00e4mme, antaa toisille todellinen kuva mielest\u00e4mme, ajatuksistamme, rehellisin sanoin. El\u00e4k\u00e4\u00e4mme ihmisten hyv\u00e4ksi, t\u00e4lle maailmalle. Kehitt\u00e4k\u00e4\u00e4mme aivojamme ja sivist\u00e4k\u00e4\u00e4mme syd\u00e4nt\u00e4mme.&#8221;<br>Robert Ingersoll, USA, 1833-1899<\/p>\n\n\n\n<hr class=\"wp-block-separator has-alpha-channel-opacity is-style-wide\" \/>\n\n\n\n<p><a href=\"https:\/\/vapaa-ajattelijat.fi\/ks\/risto-puumalainen-uskomatonta-elamaa-suomessa\/\"><strong>Risto Puumalaisen uusi kirja \u201dUskomatonta el\u00e4m\u00e4\u00e4 Suomessa\u201d nyt myynniss\u00e4!<\/strong><\/a><br><img loading=\"lazy\" decoding=\"async\" width=\"1091\" height=\"1690\" class=\"wp-image-331\" style=\"width: 150px\" src=\"http:\/\/vapaa-ajattelijat.fi\/ks\/wp-content\/uploads\/sites\/21\/2025\/03\/uskomatonta-elamaa.png\" alt=\"\" srcset=\"https:\/\/vapaa-ajattelijat.fi\/ks\/wp-content\/uploads\/sites\/21\/2025\/03\/uskomatonta-elamaa.png 1091w, https:\/\/vapaa-ajattelijat.fi\/ks\/wp-content\/uploads\/sites\/21\/2025\/03\/uskomatonta-elamaa-194x300.png 194w, https:\/\/vapaa-ajattelijat.fi\/ks\/wp-content\/uploads\/sites\/21\/2025\/03\/uskomatonta-elamaa-661x1024.png 661w, https:\/\/vapaa-ajattelijat.fi\/ks\/wp-content\/uploads\/sites\/21\/2025\/03\/uskomatonta-elamaa-768x1190.png 768w, https:\/\/vapaa-ajattelijat.fi\/ks\/wp-content\/uploads\/sites\/21\/2025\/03\/uskomatonta-elamaa-992x1536.png 992w\" sizes=\"auto, (max-width: 1091px) 100vw, 1091px\" \/> <\/p>\n\n\n\n<hr class=\"wp-block-separator has-alpha-channel-opacity is-style-wide\" \/>\n\n\n\n<p>Keski-Suomen vapaa-ajattelijat pyrkii edist\u00e4m\u00e4\u00e4n uskonnotonta tapakulttuuria ja tieteellisen maailmankuvan levi\u00e4mist\u00e4.&nbsp;<b>Tervetuloa mukaan toimintaan!<\/b> <br>Toivomme my\u00f6s nuoria mukaan vaikuttamaan, kritisoimaan, pohtimaan ja v\u00e4ittelem\u00e4\u00e4n!<\/p>\n\n\n\n<p>Ota <a href=\"https:\/\/vapaa-ajattelijat.fi\/ks-testaus\/yhteystiedot\/\">yhteytt\u00e4!<\/a><\/p>\n\n\n\n<p><\/p>\n","protected":false},"excerpt":{"rendered":"<p>Keski-Suomen vapaa-ajattelijat ry on vuonna 1964 perustettu Vapaa-ajattelijain liiton j\u00e4senyhdistys, jonka tavoitteena on toimia vapaa-ajattelun periaatteiden mukaisesti Keski-Suomen alueella. &#8221;Jaloa on etsi\u00e4 totuutta, olla rehellinen aatteellisessa el\u00e4m\u00e4ss\u00e4mme, antaa toisille todellinen [&hellip;]<\/p>\n","protected":false},"author":46,"featured_media":0,"parent":0,"menu_order":0,"comment_status":"closed","ping_status":"closed","template":"","meta":{"site-sidebar-layout":"default","site-content-layout":"","ast-site-content-layout":"","site-content-style":"default","site-sidebar-style":"default","ast-global-header-display":"","ast-banner-title-visibility":"","ast-main-header-display":"","ast-hfb-above-header-display":"","ast-hfb-below-header-display":"","ast-hfb-mobile-header-display":"","site-post-title":"disabled","ast-breadcrumbs-content":"","ast-featured-img":"","footer-sml-layout":"","ast-disable-related-posts":"","theme-transparent-header-meta":"","adv-header-id-meta":"","stick-header-meta":"","header-above-stick-meta":"","header-main-stick-meta":"","header-below-stick-meta":"","astra-migrate-meta-layouts":"default","ast-page-background-enabled":"default","ast-page-background-meta":{"desktop":{"background-color":"var(--ast-global-color-5)","background-image":"","background-repeat":"repeat","background-position":"center center","background-size":"auto","background-attachment":"scroll","background-type":"","background-media":"","overlay-type":"","overlay-color":"","overlay-opacity":"","overlay-gradient":""},"tablet":{"background-color":"","background-image":"","background-repeat":"repeat","background-position":"center center","background-size":"auto","background-attachment":"scroll","background-type":"","background-media":"","overlay-type":"","overlay-color":"","overlay-opacity":"","overlay-gradient":""},"mobile":{"background-color":"","background-image":"","background-repeat":"repeat","background-position":"center center","background-size":"auto","background-attachment":"scroll","background-type":"","background-media":"","overlay-type":"","overlay-color":"","overlay-opacity":"","overlay-gradient":""}},"ast-content-background-meta":{"desktop":{"background-color":"var(--ast-global-color-4)","background-image":"","background-repeat":"repeat","background-position":"center center","background-size":"auto","background-attachment":"scroll","background-type":"","background-media":"","overlay-type":"","overlay-color":"","overlay-opacity":"","overlay-gradient":""},"tablet":{"background-color":"var(--ast-global-color-4)","background-image":"","background-repeat":"repeat","background-position":"center center","background-size":"auto","background-attachment":"scroll","background-type":"","background-media":"","overlay-type":"","overlay-color":"","overlay-opacity":"","overlay-gradient":""},"mobile":{"background-color":"var(--ast-global-color-4)","background-image":"","background-repeat":"repeat","background-position":"center center","background-size":"auto","background-attachment":"scroll","background-type":"","background-media":"","overlay-type":"","overlay-color":"","overlay-opacity":"","overlay-gradient":""}},"footnotes":""},"class_list":["post-8","page","type-page","status-publish","hentry"],"jetpack_sharing_enabled":true,"_links":{"self":[{"href":"https:\/\/vapaa-ajattelijat.fi\/ks\/wp-json\/wp\/v2\/pages\/8","targetHints":{"allow":["GET"]}}],"collection":[{"href":"https:\/\/vapaa-ajattelijat.fi\/ks\/wp-json\/wp\/v2\/pages"}],"about":[{"href":"https:\/\/vapaa-ajattelijat.fi\/ks\/wp-json\/wp\/v2\/types\/page"}],"author":[{"embeddable":true,"href":"https:\/\/vapaa-ajattelijat.fi\/ks\/wp-json\/wp\/v2\/users\/46"}],"replies":[{"embeddable":true,"href":"https:\/\/vapaa-ajattelijat.fi\/ks\/wp-json\/wp\/v2\/comments?post=8"}],"version-history":[{"count":34,"href":"https:\/\/vapaa-ajattelijat.fi\/ks\/wp-json\/wp\/v2\/pages\/8\/revisions"}],"predecessor-version":[{"id":439,"href":"https:\/\/vapaa-ajattelijat.fi\/ks\/wp-json\/wp\/v2\/pages\/8\/revisions\/439"}],"wp:attachment":[{"href":"https:\/\/vapaa-ajattelijat.fi\/ks\/wp-json\/wp\/v2\/media?parent=8"}],"curies":[{"name":"wp","href":"https:\/\/api.w.org\/{rel}","templated":true}]}}