{"id":55,"date":"2021-11-23T12:58:36","date_gmt":"2021-11-23T10:58:36","guid":{"rendered":"https:\/\/vapaa-ajattelijat.fi\/testipalloks\/?page_id=55"},"modified":"2025-03-25T11:46:25","modified_gmt":"2025-03-25T09:46:25","slug":"yhdistyksen-saannot","status":"publish","type":"page","link":"https:\/\/vapaa-ajattelijat.fi\/ks\/yhdistyksen-saannot\/","title":{"rendered":"Yhdistyksen s\u00e4\u00e4nn\u00f6t"},"content":{"rendered":"<header class=\"entry-header\">\n<h1 class=\"entry-title\">Yhdistyksen s\u00e4\u00e4nn\u00f6t<\/h1>\n<\/header>\n<div class=\"entry-content\">\n<h2>Keski-Suomen vapaa-ajattelijat ry:n s\u00e4\u00e4nn\u00f6t<\/h2>\n<h3>1 \u00a7 Yhdistyksen nimi ja kotipaikka<\/h3>\n<p>Yhdistyksen nimi on Keski-Suomen vapaa-ajattelijat ry ja sen kotipaikka on Jyv\u00e4skyl\u00e4.<\/p>\n<h3>2 \u00a7 Tarkoitus ja toiminnan laatu<\/h3>\n<p>Yhdistyksen tarkoituksena on koota vapaa-ajatuksellisen maailmankatsomuksen omaavat ja uskontokuntiin kuulumattomat henkil\u00f6t yhdistyksen j\u00e4senyyteen toimimaan yhteiskunnallisen ja oikeudellisen asemansa parantamiseksi. Se on poliittisesti sitoutumaton ja ajaa uskonnottomien etuja, oikeuksia ja oikeusturvaa sek\u00e4 edist\u00e4\u00e4 uskonnottoman todellisuusk\u00e4sityksen levi\u00e4mist\u00e4. Yhdistys on Vapaa-ajattelijain Liitto ry:n j\u00e4sen.<\/p>\n<p>Tarkoituksensa toteuttamiseksi yhdistys j\u00e4rjest\u00e4\u00e4 kokouksia, juhlia, puhe- ja esitelm\u00e4tilaisuuksia, kustantaa ja levitt\u00e4\u00e4 lehti\u00e4 sek\u00e4 muita julkaisuja, jotka edist\u00e4v\u00e4t ja tukevat yhdistyksen tarkoitusta. Yhdistys neuvoo uskontokuntiin kuulumattomia henkil\u00f6it\u00e4 avioliittojen solmimisessa, nimenantotilaisuuksien j\u00e4rjest\u00e4misess\u00e4, hautausmenojen suorittamisessa, hautapaikkojen hankkimisessa, sek\u00e4 muissa samanlaisissa yhdistyksen toimintamuotoihin soveltuvissa kysymyksiss\u00e4. Yhdistys voi omistaa hautausmaan. Yhdistys valvoo uskontokuntiin kuulumattomien j\u00e4sentens\u00e4 oikeuksien toteutumista.<\/p>\n<p>Toimintansa tukemiseksi yhdistys voi omistaa ja hallita kiinte\u00e4t\u00e4 ja irtainta omaisuutta, sek\u00e4 sellaisia maa- ja vesialueita, joiden k\u00e4ytt\u00f6 tukee yhdistyksen toiminnan tarkoitusta. Yhdistys voi my\u00f6s vastaanottaa lahjoituksia ja testamentteja sek\u00e4 toimeenpanna arpajaisia ja myyj\u00e4isi\u00e4. Tarvittaessa yhdistys hankkii toimintaansa varten asianomaiset luvat.<\/p>\n<p>Yhdistys voi kuulua toimintaansa tukeviin yhdistyksiin. P\u00e4\u00e4t\u00f6ksen yhdistyksiin liittymisest\u00e4 tai niist\u00e4 eroamisesta tekee yhdistyksen kokous.<\/p>\n<h3>3 \u00a7 J\u00e4senet<\/h3>\n<p>Yhdistyksen varsinaiseksi j\u00e4seneksi voi hallitus hyv\u00e4ksy\u00e4 uskonnollisiin j\u00e4rjest\u00f6ihin kuulumattoman ja mit\u00e4\u00e4n uskontoa tunnustamattoman viisitoista (15) t\u00e4ytt\u00e4neen henkil\u00f6n.<\/p>\n<p>J\u00e4senet hyv\u00e4ksyy hakemuksesta yhdistyksen hallitus.<\/p>\n<h3>4 \u00a7 J\u00e4senen eroaminen ja erottaminen<\/h3>\n<p>J\u00e4senell\u00e4 on oikeus erota yhdistyksest\u00e4 ilmoittamalla siit\u00e4 kirjallisesti hallitukselle tai sen puheenjohtajalle taikka ilmoittamalla erosta yhdistyksen kokouksessa merkitt\u00e4v\u00e4ksi p\u00f6yt\u00e4kirjaan.<\/p>\n<p>J\u00e4sen voidaan erottaa yhdistyksest\u00e4<\/p>\n<ol type=\"a\">\n<li>jos h\u00e4n j\u00e4tt\u00e4nyt er\u00e4\u00e4ntyneen j\u00e4senmaksunsa maksamatta;<\/li>\n<li>jos h\u00e4n tahallisesti rikkoo yhdistyksen s\u00e4\u00e4nt\u00f6j\u00e4, tai kielt\u00e4ytyy noudattamasta hallituksen tai muun p\u00e4\u00e4tt\u00e4v\u00e4n elimen antamia s\u00e4\u00e4nt\u00f6ihin ja p\u00e4\u00e4t\u00f6ksiin perustuvia ohjeita, tai ei t\u00e4yt\u00e4 s\u00e4\u00e4nn\u00f6iss\u00e4 mainittuja j\u00e4senyyden ehtoja tai muuten toimii yhdistyksen tarkoitusta vastaan;<\/li>\n<li>jos h\u00e4n aiheuttaa yhdistyksen toiminnalle tai maineelle merkitt\u00e4v\u00e4\u00e4 vahinkoa k\u00e4ytt\u00e4ytym\u00e4ll\u00e4 asiattomasti tai toimimalla omavaltaisesti yhdistyksen nimiss\u00e4 tai edustajana.<\/li>\n<\/ol>\n<p>Kohdassa a mainitussa tapauksessa erottamisoikeus on hallituksella.<\/p>\n<p>Kohdissa b ja c mainituissa tapauksissa p\u00e4\u00e4t\u00f6ksen j\u00e4senen erottamisesta tekee yhdistyksen kokous hallituksen ehdotuksesta.<\/p>\n<p>Eronneella tai erotetulla j\u00e4senell\u00e4 ei ole oikeutta saada suorittamiaan maksuja takaisin.<\/p>\n<h3>5 \u00a7 Liittymis- ja j\u00e4senmaksu<\/h3>\n<p>J\u00e4senilt\u00e4 peritt\u00e4v\u00e4n liittymismaksun ja vuotuisen j\u00e4senmaksujen suuruudesta p\u00e4\u00e4tt\u00e4\u00e4 syyskokous.<\/p>\n<p>Hallitus on oikeutettu harkintansa mukaan vapauttamaan j\u00e4senen j\u00e4senmaksunsa suorittamisesta tai alentamaan j\u00e4senmaksua kunakin maksukautena erikseen tekem\u00e4ll\u00e4\u00e4n p\u00e4\u00e4t\u00f6ksell\u00e4 (esim. sosiaaliset perusteet kuten ty\u00f6tt\u00f6myys, sairaus, ty\u00f6kyvytt\u00f6myys tai muu vastaava).<\/p>\n<h3>6 \u00a7 Hallitus<\/h3>\n<p>Yhdistyksen asioita hoitaa hallitus, johon kuuluu syyskokouksessa valitut puheenjohtaja ja v\u00e4hint\u00e4\u00e4n kaksi (2) tai enint\u00e4\u00e4n kahdeksan (8) varsinaista j\u00e4sent\u00e4 sek\u00e4 v\u00e4hint\u00e4\u00e4n kaksi (2) tai enint\u00e4\u00e4n nelj\u00e4 (4) varaj\u00e4sent\u00e4. Varaj\u00e4seni\u00e4 valittaessa heille m\u00e4\u00e4ritell\u00e4\u00e4n sijaluku, jonka mukaisessa j\u00e4rjestyksess\u00e4 he astuvat hallituksen ty\u00f6skentelyst\u00e4 pysyv\u00e4sti tai tilap\u00e4isesti estyneiden varsinaisten j\u00e4senten tilalle.<\/p>\n<p>Hallituksen toimikausi alkaa syyskokouksen p\u00e4\u00e4ttymisest\u00e4 ja kest\u00e4\u00e4 seuraavan syyskokouksen p\u00e4\u00e4ttymiseen.<\/p>\n<p>Hallitus valitsee keskuudestaan varapuheenjohtajan sek\u00e4 ottaa keskuudestaan tai ulkopuoleltaan sihteerin, taloudenhoitajan ja muut tarvittavat toimihenkil\u00f6t.<\/p>\n<p>Hallitus kokoontuu puheenjohtajan tai h\u00e4nen estyneen\u00e4 ollessaan varapuheenjohtajan kutsusta, kun he katsovat siihen olevan aihetta tai kun v\u00e4hint\u00e4\u00e4n puolet hallituksen j\u00e4senist\u00e4 sit\u00e4 vaatii.<\/p>\n<p>Hallitus on p\u00e4\u00e4t\u00f6svaltainen, kun v\u00e4hint\u00e4\u00e4n puolet sen j\u00e4senist\u00e4, puheenjohtaja tai varapuheenjohtaja mukaan luettuna on l\u00e4sn\u00e4. \u00c4\u00e4nestykset ratkaistaan yksinkertaisella \u00e4\u00e4nten enemmist\u00f6ll\u00e4. \u00c4\u00e4nten menness\u00e4 tasan ratkaisee puheenjohtajan \u00e4\u00e4ni, vaaleissa kuitenkin arpa.<\/p>\n<p>Hallituksen teht\u00e4v\u00e4n\u00e4 on:<\/p>\n<ol type=\"a\">\n<li>valmistella yhdistyksen kokoukselle esitett\u00e4v\u00e4t s\u00e4\u00e4nt\u00f6m\u00e4\u00e4r\u00e4iset ja mahdolliset muut asiat sek\u00e4 kutsua yhdistyksen kokoukset koolle ja esitell\u00e4 asiat kokoukselle;<\/li>\n<li>pit\u00e4\u00e4 j\u00e4senluetteloa ja tehd\u00e4 j\u00e4senselvitys liitolle viimeist\u00e4\u00e4n liittomaksun yhteydess\u00e4;<\/li>\n<li>valvoa yhdistyksen edustajien, toimihenkil\u00f6iden ja toimikuntien toimintaa;<\/li>\n<li>huolehtia yhdistyksen talouden- ja omaisuudenhoidosta sek\u00e4 toimintakertomuksista ja -suunnitelmista.<\/li>\n<\/ol>\n<h3>7 \u00a7 Yhdistyksen nimen kirjoittaminen<\/h3>\n<p>Yhdistyksen nimen kirjoittavat puheenjohtaja tai varapuheenjohtaja, jompikumpi heist\u00e4 yhdess\u00e4 sihteerin tai taloudenhoitajan kanssa.<\/p>\n<h3>8 \u00a7 Tilikausi ja tilin- ja toiminnantarkastus<\/h3>\n<p>Yhdistyksen tilikausi on kalenterivuosi.<\/p>\n<p>Tilinp\u00e4\u00e4t\u00f6s tarvittavine asiakirjoineen ja hallituksen laatima vuosikertomus on annettava toiminnantarkastajille viimeist\u00e4\u00e4n kolme viikkoa ennen kev\u00e4tkokousta. Toiminnantarkastajien tulee antaa kirjallinen lausuntonsa viimeist\u00e4\u00e4n kaksi viikkoa ennen kev\u00e4tkokousta hallitukselle.<\/p>\n<p>Yhdistyksen toiminnan laajuuden sit\u00e4 vaatiessa tilintarkastuksen suorittaa tilintarkastaja (KHT tai HTM). Mit\u00e4 edell\u00e4 on sanottu asiakirjojen ja lausunnon m\u00e4\u00e4r\u00e4ajoista, koskee silloin my\u00f6s tilintarkastajaa.<\/p>\n<h3>9 \u00a7 Yhdistyksen kokoukset<\/h3>\n<p>Yhdistys pit\u00e4\u00e4 vuosittain kaksi varsinaista kokousta.<\/p>\n<p>Yhdistyksen kev\u00e4tkokous pidet\u00e4\u00e4n helmi-toukokuussa ja syyskokous loka-joulukuussa hallituksen m\u00e4\u00e4r\u00e4\u00e4m\u00e4n\u00e4 p\u00e4iv\u00e4n\u00e4.<\/p>\n<p>Ylim\u00e4\u00e4r\u00e4inen kokous pidet\u00e4\u00e4n, kun yhdistyksen kokous niin p\u00e4\u00e4tt\u00e4\u00e4 tai kun hallitus katsoo siihen olevan aihetta tai kun v\u00e4hint\u00e4\u00e4n yksi kymmenesosa (1\/10) yhdistyksen \u00e4\u00e4nioikeutetuista j\u00e4senist\u00e4 sit\u00e4 hallitukselta erityisesti ilmoitettua asiaa varten kirjallisesti vaatii. Kokous on pidett\u00e4v\u00e4 kolmenkymmenen (30) vuorokauden kuluessa siit\u00e4, kun vaatimus sen pit\u00e4misest\u00e4 on esitetty hallitukselle.<\/p>\n<p>Yhdistyksen kokouksissa on jokaisella j\u00e4senell\u00e4 yksi \u00e4\u00e4ni. Yhdistyksen kokouksissa ei voi k\u00e4ytt\u00e4\u00e4 \u00e4\u00e4nestysvaltakirjaa.<\/p>\n<p>Yhdistyksen kokouksen p\u00e4\u00e4t\u00f6kseksi tulee, ellei s\u00e4\u00e4nn\u00f6iss\u00e4 ole toisin m\u00e4\u00e4r\u00e4tty, se mielipide, jota on kannattanut yli puolet annetuista \u00e4\u00e4nist\u00e4. \u00c4\u00e4nten menness\u00e4 tasan ratkaisee kokouksen puheenjohtajan \u00e4\u00e4ni, vaaleissa kuitenkin arpa.<\/p>\n<h3>10 \u00a7 Yhdistyksen kokousten koollekutsuminen<\/h3>\n<p>Hallituksen on kutsuttava yhdistyksen kokoukset koolle v\u00e4hint\u00e4\u00e4n seitsem\u00e4n vuorokautta ennen kokousta j\u00e4senille postitetuilla kirjeill\u00e4. Kokouskutsussa on mainittava k\u00e4sitelt\u00e4v\u00e4ksi tulevat asiat.<\/p>\n<p>Kokouskutsu voidaan vaihtoehtoisesti l\u00e4hett\u00e4\u00e4 s\u00e4hk\u00f6postina niille j\u00e4senille, jotka ovat antaneet siihen luvan ja ilmoittaneet s\u00e4hk\u00f6postiosoitteensa hallitukselle.<\/p>\n<h3>11 \u00a7 Varsinaiset kokoukset<\/h3>\n<p>Yhdistyksen kev\u00e4tkokouksessa k\u00e4sitell\u00e4\u00e4n ainakin seuraavat asiat:<\/p>\n<ol type=\"1\">\n<li>esitet\u00e4\u00e4n tilinp\u00e4\u00e4t\u00f6s, vuosikertomus ja toiminnantarkastajien lausunto;<\/li>\n<li>p\u00e4\u00e4tet\u00e4\u00e4n tilinp\u00e4\u00e4t\u00f6ksen vahvistamisesta ja vastuuvapauden my\u00f6nt\u00e4misest\u00e4 hallitukselle ja muille vastuuvelvollisille.<\/li>\n<\/ol>\n<p>Yhdistyksen syyskokouksessa k\u00e4sitell\u00e4\u00e4n ainakin seuraavat asiat:<\/p>\n<ol type=\"1\">\n<li>vahvistetaan toimintasuunnitelma sek\u00e4 tulo- ja menoarvio seuraavalle vuodelle;<\/li>\n<li>p\u00e4\u00e4tet\u00e4\u00e4n liittymis- ja j\u00e4senmaksujen suuruus seuraavalle vuodelle;<\/li>\n<li>p\u00e4\u00e4tet\u00e4\u00e4n luottamus- ja toimihenkil\u00f6iden palkkioista;<\/li>\n<li>p\u00e4\u00e4tet\u00e4\u00e4n hallituksen j\u00e4senten lukum\u00e4\u00e4r\u00e4;<\/li>\n<li>valitaan yhdistyksen hallituksen puheenjohtaja, varsinaiset j\u00e4senet ja varaj\u00e4senet;<\/li>\n<li>valitaan yksi tai kaksi toiminnantarkastajaa ja heille varahenkil\u00f6t;<\/li>\n<li>yhdistyksen toiminnan laajuuden sit\u00e4 vaatiessa valitaan tilintarkastaja (KHT tai HTM) ja h\u00e4nelle varahenkil\u00f6.<\/li>\n<\/ol>\n<h3>12 \u00a7 S\u00e4\u00e4nt\u00f6jen muuttaminen<\/h3>\n<p>N\u00e4ihin s\u00e4\u00e4nt\u00f6ihin voidaan tehd\u00e4 muutoksia ja lis\u00e4yksi\u00e4 yhdistyksen kokouksessa, jos v\u00e4hint\u00e4\u00e4n kaksi kolmasosaa (2\/3) annetuista \u00e4\u00e4nist\u00e4 kokouksessa kannattaa s\u00e4\u00e4nt\u00f6jen muuttamista. S\u00e4\u00e4nt\u00f6jen muuttamisesta on ilmoitettava kokouskutsussa.<\/p>\n<h3>13 \u00a7 Yhdistyksen purkaminen<\/h3>\n<p>P\u00e4\u00e4t\u00f6s yhdistyksen purkamisesta on teht\u00e4v\u00e4 yhdistyksen kokouksessa v\u00e4hint\u00e4\u00e4n kolmen nelj\u00e4sosan (3\/4) enemmist\u00f6ll\u00e4 annetuista \u00e4\u00e4nist\u00e4. Kokouskutsussa on mainittava yhdistyksen purkamisesta.<\/p>\n<p>Yhdistyksen purkautuessa k\u00e4ytet\u00e4\u00e4n yhdistyksen varat yhdistyksen tarkoituksen edist\u00e4miseen purkamisesta p\u00e4\u00e4tt\u00e4v\u00e4n kokouksen m\u00e4\u00e4r\u00e4\u00e4m\u00e4ll\u00e4 tavalla. Yhdistyksen tullessa lakkautetuksi k\u00e4ytet\u00e4\u00e4n sen varat samaan tarkoitukseen.<\/p>\n<h3>14 \u00a7 Saavutetut j\u00e4senoikeudet s\u00e4ilyv\u00e4t.<\/h3>\n<\/div>\n","protected":false},"excerpt":{"rendered":"<p>Yhdistyksen s\u00e4\u00e4nn\u00f6t Keski-Suomen vapaa-ajattelijat ry:n s\u00e4\u00e4nn\u00f6t 1 \u00a7 Yhdistyksen nimi ja kotipaikka Yhdistyksen nimi on Keski-Suomen vapaa-ajattelijat ry ja sen kotipaikka on Jyv\u00e4skyl\u00e4. 2 \u00a7 Tarkoitus ja toiminnan laatu Yhdistyksen [&hellip;]<\/p>\n","protected":false},"author":46,"featured_media":0,"parent":0,"menu_order":0,"comment_status":"closed","ping_status":"closed","template":"","meta":{"site-sidebar-layout":"default","site-content-layout":"","ast-site-content-layout":"default","site-content-style":"default","site-sidebar-style":"default","ast-global-header-display":"","ast-banner-title-visibility":"","ast-main-header-display":"","ast-hfb-above-header-display":"","ast-hfb-below-header-display":"","ast-hfb-mobile-header-display":"","site-post-title":"","ast-breadcrumbs-content":"","ast-featured-img":"","footer-sml-layout":"","ast-disable-related-posts":"","theme-transparent-header-meta":"","adv-header-id-meta":"","stick-header-meta":"","header-above-stick-meta":"","header-main-stick-meta":"","header-below-stick-meta":"","astra-migrate-meta-layouts":"default","ast-page-background-enabled":"default","ast-page-background-meta":{"desktop":{"background-color":"var(--ast-global-color-5)","background-image":"","background-repeat":"repeat","background-position":"center center","background-size":"auto","background-attachment":"scroll","background-type":"","background-media":"","overlay-type":"","overlay-color":"","overlay-opacity":"","overlay-gradient":""},"tablet":{"background-color":"","background-image":"","background-repeat":"repeat","background-position":"center center","background-size":"auto","background-attachment":"scroll","background-type":"","background-media":"","overlay-type":"","overlay-color":"","overlay-opacity":"","overlay-gradient":""},"mobile":{"background-color":"","background-image":"","background-repeat":"repeat","background-position":"center center","background-size":"auto","background-attachment":"scroll","background-type":"","background-media":"","overlay-type":"","overlay-color":"","overlay-opacity":"","overlay-gradient":""}},"ast-content-background-meta":{"desktop":{"background-color":"var(--ast-global-color-4)","background-image":"","background-repeat":"repeat","background-position":"center center","background-size":"auto","background-attachment":"scroll","background-type":"","background-media":"","overlay-type":"","overlay-color":"","overlay-opacity":"","overlay-gradient":""},"tablet":{"background-color":"var(--ast-global-color-4)","background-image":"","background-repeat":"repeat","background-position":"center center","background-size":"auto","background-attachment":"scroll","background-type":"","background-media":"","overlay-type":"","overlay-color":"","overlay-opacity":"","overlay-gradient":""},"mobile":{"background-color":"var(--ast-global-color-4)","background-image":"","background-repeat":"repeat","background-position":"center center","background-size":"auto","background-attachment":"scroll","background-type":"","background-media":"","overlay-type":"","overlay-color":"","overlay-opacity":"","overlay-gradient":""}},"footnotes":""},"class_list":["post-55","page","type-page","status-publish","hentry"],"jetpack_sharing_enabled":true,"_links":{"self":[{"href":"https:\/\/vapaa-ajattelijat.fi\/ks\/wp-json\/wp\/v2\/pages\/55","targetHints":{"allow":["GET"]}}],"collection":[{"href":"https:\/\/vapaa-ajattelijat.fi\/ks\/wp-json\/wp\/v2\/pages"}],"about":[{"href":"https:\/\/vapaa-ajattelijat.fi\/ks\/wp-json\/wp\/v2\/types\/page"}],"author":[{"embeddable":true,"href":"https:\/\/vapaa-ajattelijat.fi\/ks\/wp-json\/wp\/v2\/users\/46"}],"replies":[{"embeddable":true,"href":"https:\/\/vapaa-ajattelijat.fi\/ks\/wp-json\/wp\/v2\/comments?post=55"}],"version-history":[{"count":2,"href":"https:\/\/vapaa-ajattelijat.fi\/ks\/wp-json\/wp\/v2\/pages\/55\/revisions"}],"predecessor-version":[{"id":266,"href":"https:\/\/vapaa-ajattelijat.fi\/ks\/wp-json\/wp\/v2\/pages\/55\/revisions\/266"}],"wp:attachment":[{"href":"https:\/\/vapaa-ajattelijat.fi\/ks\/wp-json\/wp\/v2\/media?parent=55"}],"curies":[{"name":"wp","href":"https:\/\/api.w.org\/{rel}","templated":true}]}}