{"id":449,"date":"2026-02-06T04:17:14","date_gmt":"2026-02-06T02:17:14","guid":{"rendered":"https:\/\/vapaa-ajattelijat.fi\/ks\/?page_id=449"},"modified":"2026-02-07T04:01:46","modified_gmt":"2026-02-07T02:01:46","slug":"tietoja-uskonnottomien-hautajaisten-jarjestamiseen-jyvaskylassa","status":"publish","type":"page","link":"https:\/\/vapaa-ajattelijat.fi\/ks\/tietoja-uskonnottomien-hautajaisten-jarjestamiseen-jyvaskylassa\/","title":{"rendered":"Uskonnottomien hautajaisten j\u00e4rjest\u00e4misest\u00e4"},"content":{"rendered":"\n<p><strong>Uurnan \u00e4\u00e4rell\u00e4 saatto- ja muistotilaisuuden voi j\u00e4rjest\u00e4\u00e4 melkein miss\u00e4 vain<\/strong>,<br>esimerkiksi kotona, pitopalvelupaikoissa, ravintoloissa, kabineteissa tai luonnossa.<\/p>\n\n\n\n<p>Hautaustoimilain mukaan tuhka on <strong>vuoden kuluessa<\/strong> tuhkaamisesta haudattava tai muulla tavoin sijoitettava pysyv\u00e4sti yhteen paikkaan.<br><\/p>\n\n\n\n<p><strong>Uskonnottomien arkkuhautajaisten j\u00e4rjest\u00e4minen<\/strong> on Jyv\u00e4skyl\u00e4ss\u00e4 hankalampaa kuin kirkkoon kuuluvilla, koska seurakunta ei anna kappelia k\u00e4ytt\u00f6\u00f6n.<\/p>\n\n\n\n<p>Muutamia paikkoja kuitenkin l\u00f6ytyy.<br>HUOM! Hinnat ja yhteystiedot ovat vuodelta 2024. Tarkasta muutokset.<\/p>\n\n\n\n<p><strong>Kyll\u00f6n terveysaseman kappeli<\/strong><br>vain terveysasemalla kuolleille<br>istumapaikkoja kahdeksan<br>ilmainen<\/p>\n\n\n\n<p><strong>Sairaala Novan kappeli<\/strong><br>vain Novan kylmi\u00f6ss\u00e4 olevat (Novassa ja muualla kuin sairaalassa kuolleet)<br>istumapaikkoja kaksitoista<br>ilmainen<\/p>\n\n\n\n<p><strong>Jyv\u00e4l\u00e4n Setlementti ry<\/strong><br>Palokunnankatu 16<br>040 5225 448<br>helena.huovila@jyvala.fi<br>sali 1+ aula + aulakeitti\u00f6 + soppi (tarjoilujen esille laittamista varten)<br>istumapaikkoja max 50<br>Alkaen 60 \u20ac tunti (alviton toimija)<br>Ruokailu\/kahvitukset aulassa, ei omaa pitopalvelua<\/p>\n\n\n\n<p><strong>Vaajakosken urheilutalo<\/strong><br>Savonm\u00e4entie 9<br>044 235 2285<br>varaukset@urkka.fi<br>istumapaikkoja noin 250<br>50\u20ac tunti (alviton toimija)<br>pitopalvelu erikseen<br>perussiivous ja roskat roskiin\/vuokraaja<\/p>\n\n\n\n<p><strong>Palokan pelimannitalo<\/strong><br>Saarij\u00e4rventie 71<br>044 270 4250<br>jkl.kamu@gmail.com<br>istumapaikkoja 110 + parvi 20<br>150 \u20ac ensimm\u00e4inen tunti, seuraavat 50 \u20ac (alviton toimija)<br>varaustilanteen tarkistus: jkl.kamu@gmail.com<br>keitti\u00f6 kuuluu hintaan<br>pitopalvelu tilattava erikseen<br>perussiivous vuokraaja tai 200 \u20ac\/pelimannitalo<\/p>\n\n\n\n<p><strong>Aalto-sali<\/strong><br>010 231 4400<br>mika.kelander@jty.fi<br>istumapaikkoja 250 + parvi 60<br>istumapaikkoja max. 160, jos p\u00f6yd\u00e4t ja tuolit<br>leve\u00e4t portaat yhden kerroksen verran, tilaan on esteet\u00f6n sis\u00e4\u00e4nk\u00e4ynti<br>lyhin aika 4 h, 890 \u20ac (sis alv.)<br>varauskalenteri netiss\u00e4<br>samassa tilassa on mahdollista my\u00f6s muistotilaisuus,<br>cateringista vastaa Juurikka Catering Oy<br>valkokangas, videotykki, piano yms.<\/p>\n\n\n\n<p><strong>Uskonnottoman muistopuheen pit\u00e4j\u00e4 tilataan Pro-Seremoniasta<\/strong><br>09 850 20 460 tai 050 590 4390<br>Arkisin klo 9-17,<br>muina aikoina tekstiviestill\u00e4 tai s\u00e4hk\u00f6postilla.<br><a href=\"mailto:posti@pro-seremoniat.fi\">posti@pro-seremoniat.fi<\/a><br><strong>Sielt\u00e4 saa my\u00f6s opastusta uskonnottomien hautajaisten j\u00e4rjest\u00e4miseen.<\/strong><\/p>\n\n\n\n<p><\/p>\n\n\n\n<p><\/p>\n\n\n\n<p><strong>Vainajan tuhkan sirottelu luontoon<\/strong><\/p>\n\n\n\n<p>Tuhkan sirottelu muualle kuin hautausmaille on yleistynyt kymmeness\u00e4 vuodessa kaksikymmenkertaisesti. <strong>Siihen tarvitaan aina maan tai vesist\u00f6n omistajan lupa<\/strong>. Useat kaupungit ovat antaneet pysyv\u00e4n luvan vesialueilleen.<\/p>\n\n\n\n<p>a) Mets\u00e4hallituksen alueet<br>Lupa haetaan osoitteesta kirjaamo@metsa.fi tai kirjeen\u00e4 osoitteeseen Mets\u00e4hallitus \/ kirjaamo, PL 94, 01301 Vantaa. <br>Hakemuksessa on ilmoitettava hautausj\u00e4rjestelyist\u00e4 vastaavan henkil\u00f6n nimi ja yhteystiedot, vainajan nimi ja sosiaaliturvatunnus sek\u00e4 tieto halutusta sijoituspaikasta (esim. karttaliitteen\u00e4). Mets\u00e4hallitus antaa suostumukset kirjallisina.<\/p>\n\n\n\n<p>b) Jyv\u00e4skyl\u00e4n kaupungin varaamat vesialueet<br>JKL:n kaupunkirakenteen toimialan p\u00e4\u00e4t\u00f6s 49\/2015:<br>\u201dVainajien tuhkien sirottelu sallitaan ilman erillist\u00e4, tapauskohtausta lupaa, liitteen\u00e4 olevan kartan mukaisilla rajatuilla alueilla Jyv\u00e4skyl\u00e4n kaupungin omistamilla kiinteist\u00f6ill\u00e4 179-401-5-116 ja 179-406-2-598. Lupa koskee vainajan tuhkan vesist\u00f6\u00f6n sirottelua.<br>Vainajien tuhkan sirottelu ei ole sallittua maa-alueille (kiinteist\u00f6 179-406-2-598), sirottelu rannasta veteen sallitaan. Sirottelualueelle ei saa pystytt\u00e4\u00e4 muistokive\u00e4 tai laittaa muitakaan muistomerkkej\u00e4.<br>Sirottelu on sallittu ainoastaan sulanveden aikaan. Alueet ovat normaalia vesialuetta, jolla jokainen voi liikkua, eik\u00e4 niiden k\u00e4ytt\u00f6 ole rajattu vain vainajien tuhkan sirotteluun. Vainajan tuhkan sirottelusta ei saa aiheuttaa haittaa alueiden muulle virkistysk\u00e4yt\u00f6lle.\u201d<\/p>\n\n\n\n<p>Huom!<\/p>\n\n\n\n<p>Varassaaressa sijaitseva vainajan tuhkan sirottelualue on hoitamaton ja merkitsem\u00e4t\u00f6n.<\/p>\n\n\n\n<p>Katso erillinen opaskartta <a href=\"http:\/\/vapaa-ajattelijat.fi\/ks\/wp-content\/uploads\/sites\/21\/2026\/02\/Tuhkansirottelu-Jyvaskylan-vesialueille.pdf\" data-type=\"link\" data-id=\"http:\/\/vapaa-ajattelijat.fi\/ks\/wp-content\/uploads\/sites\/21\/2026\/02\/Tuhkansirottelu-Jyvaskylan-vesialueille.pdf\">Tuhkan sirottelu Jyv\u00e4skyl\u00e4n vesialueille (pdf<\/a>) tuhkan sirottelusta Jyv\u00e4skyl\u00e4n kaupungin vesialueille.<\/p>\n\n\n\n<p>c) My\u00f6s kalastuskunnat antavat p\u00e4\u00e4s\u00e4\u00e4nt\u00f6isesti luvan vainajan tuhkan sirotteluun vesialueilleen.<\/p>\n\n\n\n<p><\/p>\n","protected":false},"excerpt":{"rendered":"<p>Uurnan \u00e4\u00e4rell\u00e4 saatto- ja muistotilaisuuden voi j\u00e4rjest\u00e4\u00e4 melkein miss\u00e4 vain,esimerkiksi kotona, pitopalvelupaikoissa, ravintoloissa, kabineteissa tai luonnossa. Hautaustoimilain mukaan tuhka on vuoden kuluessa tuhkaamisesta haudattava tai muulla tavoin sijoitettava pysyv\u00e4sti yhteen [&hellip;]<\/p>\n","protected":false},"author":46,"featured_media":0,"parent":0,"menu_order":0,"comment_status":"closed","ping_status":"closed","template":"","meta":{"site-sidebar-layout":"default","site-content-layout":"","ast-site-content-layout":"default","site-content-style":"default","site-sidebar-style":"default","ast-global-header-display":"","ast-banner-title-visibility":"","ast-main-header-display":"","ast-hfb-above-header-display":"","ast-hfb-below-header-display":"","ast-hfb-mobile-header-display":"","site-post-title":"","ast-breadcrumbs-content":"","ast-featured-img":"","footer-sml-layout":"","ast-disable-related-posts":"","theme-transparent-header-meta":"","adv-header-id-meta":"","stick-header-meta":"","header-above-stick-meta":"","header-main-stick-meta":"","header-below-stick-meta":"","astra-migrate-meta-layouts":"default","ast-page-background-enabled":"default","ast-page-background-meta":{"desktop":{"background-color":"var(--ast-global-color-5)","background-image":"","background-repeat":"repeat","background-position":"center center","background-size":"auto","background-attachment":"scroll","background-type":"","background-media":"","overlay-type":"","overlay-color":"","overlay-opacity":"","overlay-gradient":""},"tablet":{"background-color":"","background-image":"","background-repeat":"repeat","background-position":"center center","background-size":"auto","background-attachment":"scroll","background-type":"","background-media":"","overlay-type":"","overlay-color":"","overlay-opacity":"","overlay-gradient":""},"mobile":{"background-color":"","background-image":"","background-repeat":"repeat","background-position":"center center","background-size":"auto","background-attachment":"scroll","background-type":"","background-media":"","overlay-type":"","overlay-color":"","overlay-opacity":"","overlay-gradient":""}},"ast-content-background-meta":{"desktop":{"background-color":"var(--ast-global-color-4)","background-image":"","background-repeat":"repeat","background-position":"center center","background-size":"auto","background-attachment":"scroll","background-type":"","background-media":"","overlay-type":"","overlay-color":"","overlay-opacity":"","overlay-gradient":""},"tablet":{"background-color":"var(--ast-global-color-4)","background-image":"","background-repeat":"repeat","background-position":"center center","background-size":"auto","background-attachment":"scroll","background-type":"","background-media":"","overlay-type":"","overlay-color":"","overlay-opacity":"","overlay-gradient":""},"mobile":{"background-color":"var(--ast-global-color-4)","background-image":"","background-repeat":"repeat","background-position":"center center","background-size":"auto","background-attachment":"scroll","background-type":"","background-media":"","overlay-type":"","overlay-color":"","overlay-opacity":"","overlay-gradient":""}},"footnotes":""},"class_list":["post-449","page","type-page","status-publish","hentry"],"jetpack_sharing_enabled":true,"_links":{"self":[{"href":"https:\/\/vapaa-ajattelijat.fi\/ks\/wp-json\/wp\/v2\/pages\/449","targetHints":{"allow":["GET"]}}],"collection":[{"href":"https:\/\/vapaa-ajattelijat.fi\/ks\/wp-json\/wp\/v2\/pages"}],"about":[{"href":"https:\/\/vapaa-ajattelijat.fi\/ks\/wp-json\/wp\/v2\/types\/page"}],"author":[{"embeddable":true,"href":"https:\/\/vapaa-ajattelijat.fi\/ks\/wp-json\/wp\/v2\/users\/46"}],"replies":[{"embeddable":true,"href":"https:\/\/vapaa-ajattelijat.fi\/ks\/wp-json\/wp\/v2\/comments?post=449"}],"version-history":[{"count":4,"href":"https:\/\/vapaa-ajattelijat.fi\/ks\/wp-json\/wp\/v2\/pages\/449\/revisions"}],"predecessor-version":[{"id":458,"href":"https:\/\/vapaa-ajattelijat.fi\/ks\/wp-json\/wp\/v2\/pages\/449\/revisions\/458"}],"wp:attachment":[{"href":"https:\/\/vapaa-ajattelijat.fi\/ks\/wp-json\/wp\/v2\/media?parent=449"}],"curies":[{"name":"wp","href":"https:\/\/api.w.org\/{rel}","templated":true}]}}